{"id":68255848,"date":"2021-09-25T12:56:32","date_gmt":"2021-09-25T10:56:32","guid":{"rendered":"https:\/\/kraftwerk-gruppe.de\/?post_type=product&#038;p=68255848"},"modified":"2026-02-15T00:05:27","modified_gmt":"2026-02-14T23:05:27","slug":"discos-de-freno-ebc-premium-d7386","status":"publish","type":"product","link":"https:\/\/kraftwerk-shop.cc\/es\/produkt\/ebc-premium-bremsscheiben-d7386\/","title":{"rendered":"Discos de Freno EBC Premium D7386"},"content":{"rendered":"<h1>Discos de freno EBC Premium para Jeep Grand Cherokee 6.1 SRT8 (eje trasero)<\/h1>\n<p>&nbsp;<\/p>\n<p>EBC ofrece los mejores discos de freno como recambios de equipo original. EBC tambi\u00e9n concede gran importancia a la fabricaci\u00f3n de productos de alta calidad en el sector de los recambios de equipo original para garantizar su seguridad.<\/p>\n<p>Todos los discos de freno EBC Premium est\u00e1n fabricados en fundici\u00f3n gris y tienen una resistencia a la tracci\u00f3n de 150N\/m2 con una desviaci\u00f3n en la dureza superficial de m\u00e1x. 20HB.<\/p>\n<p>Los discos de freno EBC Premium se fresan mediante CNC con una tolerancia de superficie de 0,01 mm.<\/p>\n<p>Por lo tanto, no se trata de un producto barato importado, sino de una pieza de recambio de equipo original de alta calidad que no tiene nada que envidiar a la calidad de los discos de freno originales.<\/p>\n<p>El recubrimiento en polvo negro de los discos de freno proporciona la mejor protecci\u00f3n posible contra la corrosi\u00f3n y es especialmente adecuado para veh\u00edculos con dise\u00f1o de llanta abierta.<\/p>\n<p>&nbsp;<\/p>\n<p><strong>Caracter\u00edsticas del producto:<\/strong><\/p>\n<p>350x29mm \/ altura: 68mm \/ n\u00famero de agujeros: 5 \/ c\u00edrculo de pernos: 127mm \/ ventilado \/ montado: trasero<br \/>\nHomologaci\u00f3n: libre de registro<\/p>\n<p>N\u00famero de equipo original (s\u00f3lo a efectos comparativos): 5290731AB<\/p>\n<p>&nbsp;<\/p>\n<p><strong>Adecuado para:<br \/>\n<\/strong><\/p>\n<table width=\"0\">\n<tbody>\n<tr>\n<td width=\"64\">Jeep<\/td>\n<td width=\"117\">Grand Cherokee<\/td>\n<td width=\"137\">6.1<\/td>\n<td width=\"391\">todos los a\u00f1os de construcci\u00f3n<\/td>\n<\/tr>\n<\/tbody>\n<\/table>\n<p><strong><br \/>\nVolumen de suministro: <\/strong><\/p>\n<p>- 2 discos de freno EBC Premium (D7386) para el eje trasero<\/p>\n<p><strong>Nota:<\/strong><\/p>\n<p>Antes de realizar el pedido, compruebe si su veh\u00edculo est\u00e1 equipado con discos de freno ventilados o no ventilados.<br \/>\nS\u00f3lo muy pocos veh\u00edculos tienen discos de freno no ventilados en la parte trasera. Estos veh\u00edculos suelen tener los peque\u00f1os discos de freno de 320 mm en el eje delantero.<\/p>","protected":false},"excerpt":{"rendered":"<p>EBC Premium Bremsscheiben f\u00fcr Jeep Grand Cherokee 6.1 SRT8 (Hinterachse) &nbsp; Die Premium Bremsscheiben bietet EBC als OE-Ersatzteil an. Auch<\/p>","protected":false},"featured_media":68274258,"comment_status":"open","ping_status":"closed","template":"","meta":{"_acf_changed":false},"product_brand":[16875],"product_cat":[17959],"product_tag":[18237,2085,92,795,796,2080,964,2442,16877,16876,16878,692,56,798,799,50,4425,36,794,797,96,216,673],"class_list":{"0":"post-68255848","1":"product","2":"type-product","3":"status-publish","4":"has-post-thumbnail","6":"product_brand-ebc-brakes","7":"product_cat-grand-cherokee-61-bremsscheiben-hinten","8":"product_tag-05290731ab","9":"product_tag-5290731ab","10":"product_tag-6-1","11":"product_tag-bremse","12":"product_tag-bremsscheibe","13":"product_tag-d7386","14":"product_tag-ebc","15":"product_tag-ebc-brakes","16":"product_tag-ebc-bremsbelaege","17":"product_tag-ebc-bremsen","18":"product_tag-ebc-bremsscheiben","19":"product_tag-ersatzteil","20":"product_tag-grand-cherokee","21":"product_tag-hinten","22":"product_tag-hinterachse","23":"product_tag-jeep","24":"product_tag-jeep-grand-cherokee","25":"product_tag-kraftwerk","26":"product_tag-premium","27":"product_tag-sportbremsscheibe","28":"product_tag-srt","29":"product_tag-upgrade","30":"product_tag-zubehoer","32":"first","33":"onbackorder","34":"taxable","35":"shipping-taxable","36":"purchasable","37":"product-type-simple"},"bundled_by":[],"bundle_stock_status":"onbackorder","bundle_stock_quantity":0,"bundle_virtual":false,"bundle_layout":"","bundle_add_to_cart_form_location":"","bundle_editable_in_cart":false,"bundle_sold_individually_context":"","bundle_item_grouping":"","bundle_min_size":"","bundle_max_size":"","bundle_price":[],"bundled_items":[],"bundle_sell_ids":[],"exclude_global_add_ons":[],"addons":[],"acf":[],"_links":{"self":[{"href":"https:\/\/kraftwerk-shop.cc\/es\/wp-json\/wp\/v2\/product\/68255848","targetHints":{"allow":["GET"]}}],"collection":[{"href":"https:\/\/kraftwerk-shop.cc\/es\/wp-json\/wp\/v2\/product"}],"about":[{"href":"https:\/\/kraftwerk-shop.cc\/es\/wp-json\/wp\/v2\/types\/product"}],"replies":[{"embeddable":true,"href":"https:\/\/kraftwerk-shop.cc\/es\/wp-json\/wp\/v2\/comments?post=68255848"}],"version-history":[{"count":0,"href":"https:\/\/kraftwerk-shop.cc\/es\/wp-json\/wp\/v2\/product\/68255848\/revisions"}],"wp:featuredmedia":[{"embeddable":true,"href":"https:\/\/kraftwerk-shop.cc\/es\/wp-json\/wp\/v2\/media\/68274258"}],"wp:attachment":[{"href":"https:\/\/kraftwerk-shop.cc\/es\/wp-json\/wp\/v2\/media?parent=68255848"}],"wp:term":[{"taxonomy":"product_brand","embeddable":true,"href":"https:\/\/kraftwerk-shop.cc\/es\/wp-json\/wp\/v2\/product_brand?post=68255848"},{"taxonomy":"product_cat","embeddable":true,"href":"https:\/\/kraftwerk-shop.cc\/es\/wp-json\/wp\/v2\/product_cat?post=68255848"},{"taxonomy":"product_tag","embeddable":true,"href":"https:\/\/kraftwerk-shop.cc\/es\/wp-json\/wp\/v2\/product_tag?post=68255848"}],"curies":[{"name":"wp","href":"https:\/\/api.w.org\/{rel}","templated":true}]}}