{"id":68255850,"date":"2021-09-25T12:57:06","date_gmt":"2021-09-25T10:57:06","guid":{"rendered":"https:\/\/kraftwerk-gruppe.de\/?post_type=product&#038;p=68255850"},"modified":"2026-02-15T00:05:39","modified_gmt":"2026-02-14T23:05:39","slug":"discos-de-freno-ebc-premium-d7520","status":"publish","type":"product","link":"https:\/\/kraftwerk-shop.cc\/es\/produkt\/ebc-premium-bremsscheiben-d7520\/","title":{"rendered":"Discos de Freno EBC Premium D7520"},"content":{"rendered":"<h1>Discos de freno EBC Premium para Chevrolet Camaro SS LS3 y L99 de 2010 a 2015 (eje delantero)<\/h1>\n<p>&nbsp;<\/p>\n<p>EBC ofrece los mejores discos de freno como recambios de equipo original. EBC tambi\u00e9n concede gran importancia a la fabricaci\u00f3n de productos de alta calidad en el sector de los recambios de equipo original para garantizar su seguridad.<\/p>\n<p>Todos los discos de freno EBC Premium est\u00e1n fabricados en fundici\u00f3n gris y tienen una resistencia a la tracci\u00f3n de 150N\/m2 con una desviaci\u00f3n en la dureza superficial de m\u00e1x. 20HB.<\/p>\n<p>Los discos de freno EBC Premium se fresan mediante CNC con una tolerancia de superficie de 0,01 mm.<\/p>\n<p>Por lo tanto, no se trata de un producto barato importado, sino de una pieza de recambio de equipo original de alta calidad que no tiene nada que envidiar a la calidad de los discos de freno originales.<\/p>\n<p>El recubrimiento en polvo negro de los discos de freno proporciona la mejor protecci\u00f3n posible contra la corrosi\u00f3n y es especialmente adecuado para veh\u00edculos con dise\u00f1o de llanta abierta.<\/p>\n<p>&nbsp;<\/p>\n<p><strong>Caracter\u00edsticas del producto:<\/strong><\/p>\n<p>355x32mm \/ altura: 50mm \/ n\u00famero de agujeros: 5 \/ c\u00edrculo de pernos: 120mm \/ ventilado \/ montado: frontal<br \/>\nHomologaci\u00f3n: libre de registro<\/p>\n<p>N\u00famero de equipo original (s\u00f3lo a efectos comparativos): 92245928<\/p>\n<p>&nbsp;<\/p>\n<p><strong>Adecuado para:<br \/>\n<\/strong><\/p>\n<table width=\"0\">\n<tbody>\n<tr>\n<td width=\"66\">Chevrolet<\/td>\n<td width=\"100\">Camaro<\/td>\n<td width=\"163\">6.2 L99 (405 CV)<\/td>\n<\/tr>\n<tr>\n<td width=\"66\">Chevrolet<\/td>\n<td width=\"100\">Camaro<\/td>\n<td width=\"163\">6.2 LS3 (432 CV)<\/td>\n<\/tr>\n<\/tbody>\n<\/table>\n<p><strong><br \/>\nVolumen de suministro: <\/strong><\/p>\n<p>- 2 discos de freno EBC Premium (D7520) para el eje delantero<\/p>","protected":false},"excerpt":{"rendered":"<p>EBC Premium Bremsscheiben f\u00fcr Chevrolet Camaro SS LS3 und L99 von 2010 bis 2015 (Vorderachse) &nbsp; Die Premium Bremsscheiben bietet<\/p>","protected":false},"featured_media":68274205,"comment_status":"open","ping_status":"closed","template":"","meta":{"_acf_changed":false},"product_brand":[16875],"product_cat":[2679],"product_tag":[2089,795,796,191,189,190,2082,964,2442,16877,16876,16878,692,36,192,193,794,797,216,842,841,673],"class_list":{"0":"post-68255850","1":"product","2":"type-product","3":"status-publish","4":"has-post-thumbnail","6":"product_brand-ebc-brakes","7":"product_cat-camaro-62-2010-2015-bremsen-vorne","8":"product_tag-2089","9":"product_tag-bremse","10":"product_tag-bremsscheibe","11":"product_tag-camaro","12":"product_tag-chevrolet","13":"product_tag-chevy","14":"product_tag-d7520","15":"product_tag-ebc","16":"product_tag-ebc-brakes","17":"product_tag-ebc-bremsbelaege","18":"product_tag-ebc-bremsen","19":"product_tag-ebc-bremsscheiben","20":"product_tag-ersatzteil","21":"product_tag-kraftwerk","22":"product_tag-l99","23":"product_tag-ls3","24":"product_tag-premium","25":"product_tag-sportbremsscheibe","26":"product_tag-upgrade","27":"product_tag-vorderachse","28":"product_tag-vorne","29":"product_tag-zubehoer","31":"first","32":"onbackorder","33":"taxable","34":"shipping-taxable","35":"purchasable","36":"product-type-simple"},"bundled_by":[],"bundle_stock_status":"onbackorder","bundle_stock_quantity":0,"bundle_virtual":false,"bundle_layout":"","bundle_add_to_cart_form_location":"","bundle_editable_in_cart":false,"bundle_sold_individually_context":"","bundle_item_grouping":"","bundle_min_size":"","bundle_max_size":"","bundle_price":[],"bundled_items":[],"bundle_sell_ids":[],"exclude_global_add_ons":[],"addons":[],"acf":[],"_links":{"self":[{"href":"https:\/\/kraftwerk-shop.cc\/es\/wp-json\/wp\/v2\/product\/68255850","targetHints":{"allow":["GET"]}}],"collection":[{"href":"https:\/\/kraftwerk-shop.cc\/es\/wp-json\/wp\/v2\/product"}],"about":[{"href":"https:\/\/kraftwerk-shop.cc\/es\/wp-json\/wp\/v2\/types\/product"}],"replies":[{"embeddable":true,"href":"https:\/\/kraftwerk-shop.cc\/es\/wp-json\/wp\/v2\/comments?post=68255850"}],"version-history":[{"count":0,"href":"https:\/\/kraftwerk-shop.cc\/es\/wp-json\/wp\/v2\/product\/68255850\/revisions"}],"wp:featuredmedia":[{"embeddable":true,"href":"https:\/\/kraftwerk-shop.cc\/es\/wp-json\/wp\/v2\/media\/68274205"}],"wp:attachment":[{"href":"https:\/\/kraftwerk-shop.cc\/es\/wp-json\/wp\/v2\/media?parent=68255850"}],"wp:term":[{"taxonomy":"product_brand","embeddable":true,"href":"https:\/\/kraftwerk-shop.cc\/es\/wp-json\/wp\/v2\/product_brand?post=68255850"},{"taxonomy":"product_cat","embeddable":true,"href":"https:\/\/kraftwerk-shop.cc\/es\/wp-json\/wp\/v2\/product_cat?post=68255850"},{"taxonomy":"product_tag","embeddable":true,"href":"https:\/\/kraftwerk-shop.cc\/es\/wp-json\/wp\/v2\/product_tag?post=68255850"}],"curies":[{"name":"wp","href":"https:\/\/api.w.org\/{rel}","templated":true}]}}