{"id":68255853,"date":"2021-09-25T12:57:53","date_gmt":"2021-09-25T10:57:53","guid":{"rendered":"https:\/\/kraftwerk-gruppe.de\/?post_type=product&#038;p=68255853"},"modified":"2026-02-15T00:50:47","modified_gmt":"2026-02-14T23:50:47","slug":"discos-de-freno-ebc-premium-d7597","status":"publish","type":"product","link":"https:\/\/kraftwerk-shop.cc\/es\/produkt\/ebc-premium-bremsscheiben-d7597\/","title":{"rendered":"Discos de Freno EBC Premium D7597"},"content":{"rendered":"<h1>Discos de freno EBC Premium para Dodge Durango 6.4 SRT y Jeep Grand Cherokee 6.4 SRT (eje delantero)<\/h1>\n<p>&nbsp;<\/p>\n<p>EBC ofrece los mejores discos de freno como recambios de equipo original. EBC tambi\u00e9n concede gran importancia a la fabricaci\u00f3n de productos de alta calidad en el sector de los recambios de equipo original para garantizar su seguridad.<\/p>\n<p>Todos los discos de freno EBC Premium est\u00e1n fabricados en fundici\u00f3n gris y tienen una resistencia a la tracci\u00f3n de 150N\/m2 con una desviaci\u00f3n en la dureza superficial de m\u00e1x. 20HB.<\/p>\n<p>Los discos de freno EBC Premium se fresan mediante CNC con una tolerancia de superficie de 0,01 mm.<\/p>\n<p>Por lo tanto, no se trata de un producto barato importado, sino de una pieza de recambio de equipo original de alta calidad que no tiene nada que envidiar a la calidad de los discos de freno originales.<\/p>\n<p>El recubrimiento en polvo negro de los discos de freno proporciona la mejor protecci\u00f3n posible contra la corrosi\u00f3n y es especialmente adecuado para veh\u00edculos con dise\u00f1o de llanta abierta.<\/p>\n<p>&nbsp;<\/p>\n<p><strong>Caracter\u00edsticas del producto:<\/strong><\/p>\n<p>380x34mm \/ altura: 55mm \/ n\u00famero de agujeros: 5 \/ ventilado \/ montaje: frontal<br \/>\nHomologaci\u00f3n: libre de registro<\/p>\n<p>N\u00famero OE (s\u00f3lo a efectos comparativos): 5181513AA, 5181513AB, 5181513ABC, 5181513AD<\/p>\n<p>&nbsp;<\/p>\n<p><strong>Adecuado para:<br \/>\n<\/strong><\/p>\n<table width=\"0\">\n<tbody>\n<tr>\n<td width=\"64\">Jeep<\/td>\n<td width=\"115\">Grand Cherokee<\/td>\n<td width=\"85\">6.4 SRT<\/td>\n<td width=\"375\">Todos los modelos con discos de freno de una pieza de 380 mm<\/td>\n<\/tr>\n<tr>\n<td width=\"64\">Dodge<\/td>\n<td width=\"115\">Durango<\/td>\n<td width=\"85\">6.4 SRT<\/td>\n<td width=\"375\">Todos los modelos con discos de freno de una pieza de 380 mm<\/td>\n<\/tr>\n<\/tbody>\n<\/table>\n<p><strong><br \/>\nVolumen de suministro: <\/strong><\/p>\n<p>- 2 discos de freno EBC Premium (D7597) para el eje delantero<\/p>","protected":false},"excerpt":{"rendered":"<p>Discos de freno de 380 mm<\/p>","protected":false},"featured_media":68274202,"comment_status":"open","ping_status":"closed","template":"","meta":{"_acf_changed":false},"product_brand":[16875],"product_cat":[17934,17968],"product_tag":[18235,18173,18236,18175,217,802,803,2104,805,93,795,796,10804,2103,49,95,964,2442,16877,16876,16878,692,56,126,50,4425,36,794,797,96,216,842,841,673],"class_list":{"0":"post-68255853","1":"product","2":"type-product","3":"status-publish","4":"has-post-thumbnail","6":"product_brand-ebc-brakes","7":"product_cat-durango-64-bremsscheiben-vorne","8":"product_cat-grand-cherokee-64-bremsscheiben-vorne","9":"product_tag-05181513aa","10":"product_tag-05181513ab","11":"product_tag-05181513abc","12":"product_tag-05181513ad","13":"product_tag-217","14":"product_tag-5181513aa","15":"product_tag-5181513ab","16":"product_tag-5181513abc","17":"product_tag-5181513ad","18":"product_tag-6-4","19":"product_tag-bremse","20":"product_tag-bremsscheibe","21":"product_tag-bremsscheiben-fuer-jeep-grand-cherokee-6-4-srt","22":"product_tag-d7597","23":"product_tag-dodge","24":"product_tag-durango","25":"product_tag-ebc","26":"product_tag-ebc-brakes","27":"product_tag-ebc-bremsbelaege","28":"product_tag-ebc-bremsen","29":"product_tag-ebc-bremsscheiben","30":"product_tag-ersatzteil","31":"product_tag-grand-cherokee","32":"product_tag-hemi","33":"product_tag-jeep","34":"product_tag-jeep-grand-cherokee","35":"product_tag-kraftwerk","36":"product_tag-premium","37":"product_tag-sportbremsscheibe","38":"product_tag-srt","39":"product_tag-upgrade","40":"product_tag-vorderachse","41":"product_tag-vorne","42":"product_tag-zubehoer","44":"first","45":"onbackorder","46":"taxable","47":"shipping-taxable","48":"purchasable","49":"product-type-simple"},"bundled_by":[],"bundle_stock_status":"onbackorder","bundle_stock_quantity":0,"bundle_virtual":false,"bundle_layout":"","bundle_add_to_cart_form_location":"","bundle_editable_in_cart":false,"bundle_sold_individually_context":"","bundle_item_grouping":"","bundle_min_size":"","bundle_max_size":"","bundle_price":[],"bundled_items":[],"bundle_sell_ids":[],"exclude_global_add_ons":[],"addons":[],"acf":[],"_links":{"self":[{"href":"https:\/\/kraftwerk-shop.cc\/es\/wp-json\/wp\/v2\/product\/68255853","targetHints":{"allow":["GET"]}}],"collection":[{"href":"https:\/\/kraftwerk-shop.cc\/es\/wp-json\/wp\/v2\/product"}],"about":[{"href":"https:\/\/kraftwerk-shop.cc\/es\/wp-json\/wp\/v2\/types\/product"}],"replies":[{"embeddable":true,"href":"https:\/\/kraftwerk-shop.cc\/es\/wp-json\/wp\/v2\/comments?post=68255853"}],"version-history":[{"count":0,"href":"https:\/\/kraftwerk-shop.cc\/es\/wp-json\/wp\/v2\/product\/68255853\/revisions"}],"wp:featuredmedia":[{"embeddable":true,"href":"https:\/\/kraftwerk-shop.cc\/es\/wp-json\/wp\/v2\/media\/68274202"}],"wp:attachment":[{"href":"https:\/\/kraftwerk-shop.cc\/es\/wp-json\/wp\/v2\/media?parent=68255853"}],"wp:term":[{"taxonomy":"product_brand","embeddable":true,"href":"https:\/\/kraftwerk-shop.cc\/es\/wp-json\/wp\/v2\/product_brand?post=68255853"},{"taxonomy":"product_cat","embeddable":true,"href":"https:\/\/kraftwerk-shop.cc\/es\/wp-json\/wp\/v2\/product_cat?post=68255853"},{"taxonomy":"product_tag","embeddable":true,"href":"https:\/\/kraftwerk-shop.cc\/es\/wp-json\/wp\/v2\/product_tag?post=68255853"}],"curies":[{"name":"wp","href":"https:\/\/api.w.org\/{rel}","templated":true}]}}