{"id":68255874,"date":"2021-09-25T15:47:10","date_gmt":"2021-09-25T13:47:10","guid":{"rendered":"https:\/\/kraftwerk-gruppe.de\/?post_type=product&#038;p=68255874"},"modified":"2026-03-13T14:21:17","modified_gmt":"2026-03-13T13:21:17","slug":"discos-de-freno-ebc-premium-gd7241","status":"publish","type":"product","link":"https:\/\/kraftwerk-shop.cc\/es\/produkt\/ebc-premium-bremsscheiben-gd7241\/","title":{"rendered":"Discos de freno deportivos EBC Turbo Groove GD7241"},"content":{"rendered":"<h1>Discos de freno EBC Turbo Groove para Chrysler 300C, Dodge Challenger, Charger, Magnum y Lancia Thema 3.0 CRD, 3.5, 3.6 y 5.7 (eje delantero)<\/h1>\n<p>&nbsp;<\/p>\n<p>La superficie de fricci\u00f3n del disco de freno deportivo Turbo Groove es estriada y ranurada.<\/p>\n<p>Las ranuras de estos discos de freno est\u00e1n fresadas hasta el borde exterior.<br \/>\nDe este modo, los gases de frenado, la abrasi\u00f3n, la suciedad y el agua pueden eliminarse casi por completo de la superficie de fricci\u00f3n de los discos de freno.<\/p>\n<p>Adem\u00e1s, se suministra aire \"m\u00e1s fr\u00edo\" a trav\u00e9s de las ranuras para contrarrestar de forma \u00f3ptima el sobrecalentamiento de las pastillas y los discos de freno.<\/p>\n<p>Las ranuras adicionales en los pelda\u00f1os mejoran considerablemente esta propiedad.<br \/>\nDe este modo se consiguen todas las ventajas de un disco de freno deportivo taladrado, pero sin el riesgo de las conocidas fisuras por calor asociadas a los discos de freno totalmente taladrados.<\/p>\n<p>Gracias al ranurado, las pastillas de freno se desgastan uniformemente y en paralelo durante toda su vida \u00fatil.<\/p>\n<p>El recubrimiento de polvo negro de los discos Black Dash proporciona la mejor protecci\u00f3n posible contra la corrosi\u00f3n y es especialmente adecuado para veh\u00edculos con un dise\u00f1o de llanta abierta.<\/p>\n<p>&nbsp;<\/p>\n<p><strong>Ventajas e inconvenientes de un vistazo:<\/strong><\/p>\n<p>+ La mejor refrigeraci\u00f3n posible a trav\u00e9s de ranuras y hendiduras<br \/>\n+ La mejor eliminaci\u00f3n posible de gases, suciedad, agua, etc.<br \/>\n+ Protecci\u00f3n contra la corrosi\u00f3n gracias al revestimiento dorado<br \/>\n+ Sin riesgo de grietas por calor al no estar perforado<br \/>\n+ Desgaste uniforme de las pastillas de freno durante toda la vida \u00fatil<\/p>\n<p>- Mayor nivel de ruido que los discos de freno Black Dash<\/p>\n<p>&nbsp;<\/p>\n<p><strong>Caracter\u00edsticas del producto:<\/strong><\/p>\n<p>345x28mm \/ altura: 55mm \/ n\u00famero de agujeros: 5 \/ c\u00edrculo de pernos: 114.3mm \/ ventilado \/ lugar de montaje: frontal<br \/>\nAutorizaci\u00f3n: s\u00ed<\/p>\n<p>N\u00famero OE (s\u00f3lo a efectos comparativos): 4779197AA, 4779197AB, 4779197AC, 4779197AD, 4779197AE, 4779197AF, 4779197AG, 5154118AA, 5154118AB, 5154118AC, 5154118AD, 68368065AA<\/p>\n<p>&nbsp;<\/p>\n<p><strong>Adecuado para:<br \/>\n<\/strong><\/p>\n<table width=\"0\">\n<tbody>\n<tr>\n<td width=\"64\">Chrysler<\/td>\n<td width=\"100\">300C<\/td>\n<td width=\"163\">3.0 CRD, 3.5, 3.6, 5.7<\/td>\n<td width=\"305\">Todos los modelos con discos de freno de 345 mm<\/td>\n<\/tr>\n<tr>\n<td width=\"64\">Dodge<\/td>\n<td width=\"100\">Challenger<\/td>\n<td width=\"163\">3.5, 3.6, 5.7<\/td>\n<td width=\"305\">Todos los modelos con discos de freno de 345 mm<\/td>\n<\/tr>\n<tr>\n<td width=\"64\">Dodge<\/td>\n<td width=\"100\">Charger<\/td>\n<td width=\"163\">3.5, 3.6, 5.7<\/td>\n<td width=\"305\">Todos los modelos con discos de freno de 345 mm<\/td>\n<\/tr>\n<tr>\n<td width=\"64\">Dodge<\/td>\n<td width=\"100\">Magnum<\/td>\n<td width=\"163\">3.5, 5.7<\/td>\n<td width=\"305\">Todos los modelos con discos de freno de 345 mm<\/td>\n<\/tr>\n<tr>\n<td width=\"64\">Lancia<\/td>\n<td width=\"100\">Tema<\/td>\n<td width=\"163\">3.0 MultiJet, 3.6<\/td>\n<td width=\"305\">Todos los modelos con discos de freno de 345 mm<\/td>\n<\/tr>\n<\/tbody>\n<\/table>\n<p><strong><br \/>\nVolumen de suministro: <\/strong><\/p>\n<p>- 2 discos de freno EBC Turbo Groove (GD7241) para el eje delantero<\/p>\n<p><strong>Nota:<\/strong><\/p>\n<p>Antes de realizar el pedido, compruebe si en la parte delantera de su veh\u00edculo se montan discos de freno de 345 mm o de 320 mm.<br \/>\nPuede comparar el tama\u00f1o de los discos de freno delantero y trasero para orientarse.<br \/>\nLos discos de freno traseros tienen siempre un di\u00e1metro de 320 mm.<\/p>","protected":false},"excerpt":{"rendered":"<p>Discos de freno de 345 mm<\/p>","protected":false},"featured_media":68274135,"comment_status":"open","ping_status":"closed","template":"","meta":{"_acf_changed":false},"product_brand":[16875],"product_cat":[17714,17717,17721,17725,17729,17707,17705,17699,17741,17745,17749,17753,17769,17773],"product_tag":[18199,18200,18201,18202,18203,18204,18205,18206,18207,18208,18209,87,572,88,52,2055,2056,2057,2058,2059,17568,17569,91,2060,17570,17571,17572,17573,795,796,54,53,48,536,49,3853,3854,964,2442,16877,16876,16878,692,2112,942,2111,941,126,36,173,55,797,174,2110,216,842,841,673],"class_list":{"0":"post-68255874","1":"product","2":"type-product","3":"status-publish","4":"has-post-thumbnail","6":"product_brand-ebc-brakes","7":"product_cat-300c-30-diesel-bremsscheiben-vorne","8":"product_cat-300c-35-bremsscheiben-vorne","9":"product_cat-300c-36-bremsscheiben-vorne","10":"product_cat-300c-57-2005-2010-bremsscheiben-vorne","11":"product_cat-300c-57-2011-2023-bremsscheiben-vorne","12":"product_cat-challenger-35-bremsscheiben-vorne","13":"product_cat-challenger-36-bremsscheiben-vorne","14":"product_cat-challenger-57-bremsscheiben-vorne","15":"product_cat-charger-35-bremsscheiben-vorne","16":"product_cat-charger-36-bremsscheiben-vorne","17":"product_cat-charger-57-bremsscheiben-vorne","18":"product_cat-charger-57-2011-2023-bremsscheiben-vorne","19":"product_cat-magnum-35-bremsscheiben-vorne","20":"product_cat-magnum-57-bremsscheiben-vorne","21":"product_tag-04779197aa","22":"product_tag-04779197ab","23":"product_tag-04779197ac","24":"product_tag-04779197ad","25":"product_tag-04779197ae","26":"product_tag-04779197af","27":"product_tag-04779197ag","28":"product_tag-05154118aa","29":"product_tag-05154118ab","30":"product_tag-05154118ac","31":"product_tag-05154118ad","32":"product_tag-2-7","33":"product_tag-3-0-crd","34":"product_tag-3-5","35":"product_tag-300c","36":"product_tag-4779197aa","37":"product_tag-4779197ab","38":"product_tag-4779197ac","39":"product_tag-4779197ad","40":"product_tag-4779197ae","41":"product_tag-4779197af","42":"product_tag-4779197ag","43":"product_tag-5-7","44":"product_tag-5154118aa","45":"product_tag-5154118ab","46":"product_tag-5154118ac","47":"product_tag-5154118ad","48":"product_tag-68368065aa","49":"product_tag-bremse","50":"product_tag-bremsscheibe","51":"product_tag-challenger","52":"product_tag-charger","53":"product_tag-chrysler","54":"product_tag-chrysler-300c","55":"product_tag-dodge","56":"product_tag-dodge-challenger","57":"product_tag-dodge-charger","58":"product_tag-ebc","59":"product_tag-ebc-brakes","60":"product_tag-ebc-bremsbelaege","61":"product_tag-ebc-bremsen","62":"product_tag-ebc-bremsscheiben","63":"product_tag-ersatzteil","64":"product_tag-gd7241","65":"product_tag-gelocht","66":"product_tag-genutet","67":"product_tag-geschlitzt","68":"product_tag-hemi","69":"product_tag-kraftwerk","70":"product_tag-lancia","71":"product_tag-magnum","72":"product_tag-sportbremsscheibe","73":"product_tag-thema","74":"product_tag-turbo-groove","75":"product_tag-upgrade","76":"product_tag-vorderachse","77":"product_tag-vorne","78":"product_tag-zubehoer","79":"product_shipping_class-deutschlandohne","81":"first","82":"instock","83":"taxable","84":"shipping-taxable","85":"purchasable","86":"product-type-simple"},"bundled_by":[],"bundle_stock_status":"instock","bundle_stock_quantity":1,"bundle_virtual":false,"bundle_layout":"","bundle_add_to_cart_form_location":"","bundle_editable_in_cart":false,"bundle_sold_individually_context":"","bundle_item_grouping":"","bundle_min_size":"","bundle_max_size":"","bundle_price":[],"bundled_items":[],"bundle_sell_ids":[],"exclude_global_add_ons":[],"addons":[],"acf":[],"_links":{"self":[{"href":"https:\/\/kraftwerk-shop.cc\/es\/wp-json\/wp\/v2\/product\/68255874","targetHints":{"allow":["GET"]}}],"collection":[{"href":"https:\/\/kraftwerk-shop.cc\/es\/wp-json\/wp\/v2\/product"}],"about":[{"href":"https:\/\/kraftwerk-shop.cc\/es\/wp-json\/wp\/v2\/types\/product"}],"replies":[{"embeddable":true,"href":"https:\/\/kraftwerk-shop.cc\/es\/wp-json\/wp\/v2\/comments?post=68255874"}],"version-history":[{"count":0,"href":"https:\/\/kraftwerk-shop.cc\/es\/wp-json\/wp\/v2\/product\/68255874\/revisions"}],"wp:featuredmedia":[{"embeddable":true,"href":"https:\/\/kraftwerk-shop.cc\/es\/wp-json\/wp\/v2\/media\/68274135"}],"wp:attachment":[{"href":"https:\/\/kraftwerk-shop.cc\/es\/wp-json\/wp\/v2\/media?parent=68255874"}],"wp:term":[{"taxonomy":"product_brand","embeddable":true,"href":"https:\/\/kraftwerk-shop.cc\/es\/wp-json\/wp\/v2\/product_brand?post=68255874"},{"taxonomy":"product_cat","embeddable":true,"href":"https:\/\/kraftwerk-shop.cc\/es\/wp-json\/wp\/v2\/product_cat?post=68255874"},{"taxonomy":"product_tag","embeddable":true,"href":"https:\/\/kraftwerk-shop.cc\/es\/wp-json\/wp\/v2\/product_tag?post=68255874"}],"curies":[{"name":"wp","href":"https:\/\/api.w.org\/{rel}","templated":true}]}}