{"id":68255917,"date":"2021-09-25T17:43:37","date_gmt":"2021-09-25T15:43:37","guid":{"rendered":"https:\/\/kraftwerk-gruppe.de\/?post_type=product&#038;p=68255917"},"modified":"2026-04-17T00:44:34","modified_gmt":"2026-04-16T22:44:34","slug":"discos-de-freno-ebc-slotted-disc-sport-usr7243","status":"publish","type":"product","link":"https:\/\/kraftwerk-shop.cc\/es\/produkt\/ebc-slotted-disc-sportbremsscheiben-usr7243\/","title":{"rendered":"Discos de freno EBC Slotted Disc Sport USR7243"},"content":{"rendered":"<h1>Discos de freno EBC Slotted Disc para Chrysler 300C, Dodge Challenger, Charger, Magnum y Lancia Thema 3.0 CRD, 3.5, 3.6 y 5.7 (eje trasero)<\/h1>\n<p>&nbsp;<\/p>\n<p>La superficie de fricci\u00f3n del rotor de freno de disco ranurado est\u00e1 ranurada.<\/p>\n<p>La ranura adicional se omiti\u00f3 para poder ofrecer un disco de freno deportivo con caracter\u00edsticas de funcionamiento silencioso.<\/p>\n<p>Las ranuras fresadas permiten eliminar casi por completo los gases de frenado, la abrasi\u00f3n, la suciedad y el agua de la superficie de fricci\u00f3n de los discos de freno.<\/p>\n<p>Las ranuras tambi\u00e9n garantizan un desgaste uniforme y paralelo de las pastillas de freno durante toda su vida \u00fatil.<\/p>\n<p>&nbsp;<\/p>\n<p><strong>Ventajas e inconvenientes de un vistazo:<br \/>\n<\/strong><br \/>\n+ Muy buena refrigeraci\u00f3n gracias a las ranuras fresadas<br \/>\n+ Muy buena eliminaci\u00f3n de gases, suciedad, agua, etc.<br \/>\n+ La mejor protecci\u00f3n posible contra la corrosi\u00f3n gracias al recubrimiento en polvo<br \/>\n+ Sin riesgo de grietas por calor, ya que no est\u00e1 perforado<br \/>\n+ Desgaste uniforme de las pastillas de freno durante toda la vida \u00fatil<br \/>\n+ Menor nivel de ruido<\/p>\n<p>- Menos refrigeraci\u00f3n que el Turbo Groove Disc, ya que no est\u00e1 ranurado<\/p>\n<p>&nbsp;<\/p>\n<p><strong>Caracter\u00edsticas del producto:<\/strong><\/p>\n<p>320x22mm \/ altura: 67mm \/ n\u00famero de agujeros: 5 \/ c\u00edrculo de pernos: 114.3mm \/ ventilado \/ montado: trasero<br \/>\nAutorizaci\u00f3n: s\u00ed<\/p>\n<p>N\u00famero OE (s\u00f3lo a efectos comparativos): 4779209AB, 4779209AC, 4779209AD, 4779209AE, 4779209AF, 4779209AG, 68241042AA, 68241042AB, 68368072AA, 68368071AA<\/p>\n<p>&nbsp;<\/p>\n<p><strong>Adecuado para:<\/strong><\/p>\n<table width=\"0\">\n<tbody>\n<tr>\n<td width=\"64\">Chrysler<\/td>\n<td width=\"100\">300C<\/td>\n<td width=\"163\">3.0 CRD, 3.5, 3.6, 5.7<\/td>\n<td width=\"305\">Todos los modelos con discos de freno ventilados<\/td>\n<\/tr>\n<tr>\n<td width=\"64\">Dodge<\/td>\n<td width=\"100\">Challenger<\/td>\n<td width=\"163\">3.5, 3.6, 5.7<\/td>\n<td width=\"305\">Todos los modelos con discos de freno ventilados<\/td>\n<\/tr>\n<tr>\n<td width=\"64\">Dodge<\/td>\n<td width=\"100\">Charger<\/td>\n<td width=\"163\">3.5, 3.6, 5.7<\/td>\n<td width=\"305\">Todos los modelos con discos de freno ventilados<\/td>\n<\/tr>\n<tr>\n<td width=\"64\">Dodge<\/td>\n<td width=\"100\">Magnum<\/td>\n<td width=\"163\">3.5, 5.7<\/td>\n<td width=\"305\">Todos los modelos con discos de freno ventilados<\/td>\n<\/tr>\n<tr>\n<td width=\"64\">Lancia<\/td>\n<td width=\"100\">Tema<\/td>\n<td width=\"163\">3.0 MultiJet, 3.6<\/td>\n<td width=\"305\">Todos los modelos con discos de freno ventilados<\/td>\n<\/tr>\n<\/tbody>\n<\/table>\n<p><strong><br \/>\nVolumen de suministro: <\/strong><\/p>\n<p>- 2 discos de freno EBC Slotted Disc (USR7243) para el eje trasero<\/p>\n<p>&nbsp;<\/p>\n<p><strong>Nota:<\/strong><\/p>\n<p>Antes de realizar el pedido, compruebe si su veh\u00edculo est\u00e1 equipado con discos de freno ventilados o no ventilados.<br \/>\nS\u00f3lo muy pocos veh\u00edculos tienen discos de freno no ventilados en la parte trasera. Estos veh\u00edculos suelen tener los peque\u00f1os discos de freno de 320 mm en el eje delantero.<\/p>","protected":false},"excerpt":{"rendered":"<p>Discos de freno ventilados<\/p>","protected":false},"featured_media":68359352,"comment_status":"open","ping_status":"closed","template":"","meta":{"_acf_changed":false},"product_brand":[16875],"product_cat":[17713,17718,17722,17726,17730,17708,17706,17700,17742,17746,17750,17754,17770,17774],"product_tag":[18193,18194,18195,18196,18197,18198,87,572,88,52,2071,2072,2074,2073,2075,2077,91,2060,17574,17575,17577,17576,2125,795,796,54,53,48,536,49,3853,3854,964,2442,16877,16876,16878,692,942,2111,941,126,2076,36,173,55,21217,797,174,216,2126,842,841,673],"class_list":{"0":"post-68255917","1":"product","2":"type-product","3":"status-publish","4":"has-post-thumbnail","6":"product_brand-ebc-brakes","7":"product_cat-300c-30-diesel-bremsscheiben-hinten","8":"product_cat-300c-35-bremsscheiben-hinten","9":"product_cat-300c-36-bremsscheiben-hinten","10":"product_cat-300c-57-2005-2010-bremsscheiben-hinten","11":"product_cat-300c-57-2011-2023-bremsscheiben-hinten","12":"product_cat-challenger-35-bremsscheiben-hinten","13":"product_cat-challenger-36-bremsscheiben-hinten","14":"product_cat-challenger-57-bremsscheiben-hinten","15":"product_cat-charger-35-bremsscheiben-hinten","16":"product_cat-charger-36-bremsscheiben-hinten","17":"product_cat-charger-57-bremsscheiben-hinten","18":"product_cat-charger-57-2011-2023-bremsscheiben-hinten","19":"product_cat-magnum-35-bremsscheiben-hinten","20":"product_cat-magnum-57-bremsscheiben-hinten","21":"product_tag-04779209ab","22":"product_tag-04779209ac","23":"product_tag-04779209ad","24":"product_tag-04779209ae","25":"product_tag-04779209af","26":"product_tag-04779209ag","27":"product_tag-2-7","28":"product_tag-3-0-crd","29":"product_tag-3-5","30":"product_tag-300c","31":"product_tag-4779209ab","32":"product_tag-4779209ac","33":"product_tag-4779209ad","34":"product_tag-4779209ae","35":"product_tag-4779209af","36":"product_tag-4779209ag","37":"product_tag-5-7","38":"product_tag-5154118aa","39":"product_tag-68241042aa","40":"product_tag-68241042ab","41":"product_tag-68368071aa","42":"product_tag-68368072aa","43":"product_tag-black-dash","44":"product_tag-bremse","45":"product_tag-bremsscheibe","46":"product_tag-challenger","47":"product_tag-charger","48":"product_tag-chrysler","49":"product_tag-chrysler-300c","50":"product_tag-dodge","51":"product_tag-dodge-challenger","52":"product_tag-dodge-charger","53":"product_tag-ebc","54":"product_tag-ebc-brakes","55":"product_tag-ebc-bremsbelaege","56":"product_tag-ebc-bremsen","57":"product_tag-ebc-bremsscheiben","58":"product_tag-ersatzteil","59":"product_tag-gelocht","60":"product_tag-genutet","61":"product_tag-geschlitzt","62":"product_tag-hemi","63":"product_tag-k04779209aa","64":"product_tag-kraftwerk","65":"product_tag-lancia","66":"product_tag-magnum","67":"product_tag-slotted-disc","68":"product_tag-sportbremsscheibe","69":"product_tag-thema","70":"product_tag-upgrade","71":"product_tag-usr7243","72":"product_tag-vorderachse","73":"product_tag-vorne","74":"product_tag-zubehoer","75":"product_shipping_class-deutschlandohne","77":"first","78":"instock","79":"taxable","80":"shipping-taxable","81":"purchasable","82":"product-type-simple"},"bundled_by":[],"bundle_stock_status":"instock","bundle_stock_quantity":1,"bundle_virtual":false,"bundle_layout":"","bundle_add_to_cart_form_location":"","bundle_editable_in_cart":false,"bundle_sold_individually_context":"","bundle_item_grouping":"","bundle_min_size":"","bundle_max_size":"","bundle_price":[],"bundled_items":[],"bundle_sell_ids":[],"exclude_global_add_ons":[],"addons":[],"acf":[],"_links":{"self":[{"href":"https:\/\/kraftwerk-shop.cc\/es\/wp-json\/wp\/v2\/product\/68255917","targetHints":{"allow":["GET"]}}],"collection":[{"href":"https:\/\/kraftwerk-shop.cc\/es\/wp-json\/wp\/v2\/product"}],"about":[{"href":"https:\/\/kraftwerk-shop.cc\/es\/wp-json\/wp\/v2\/types\/product"}],"replies":[{"embeddable":true,"href":"https:\/\/kraftwerk-shop.cc\/es\/wp-json\/wp\/v2\/comments?post=68255917"}],"version-history":[{"count":0,"href":"https:\/\/kraftwerk-shop.cc\/es\/wp-json\/wp\/v2\/product\/68255917\/revisions"}],"wp:featuredmedia":[{"embeddable":true,"href":"https:\/\/kraftwerk-shop.cc\/es\/wp-json\/wp\/v2\/media\/68359352"}],"wp:attachment":[{"href":"https:\/\/kraftwerk-shop.cc\/es\/wp-json\/wp\/v2\/media?parent=68255917"}],"wp:term":[{"taxonomy":"product_brand","embeddable":true,"href":"https:\/\/kraftwerk-shop.cc\/es\/wp-json\/wp\/v2\/product_brand?post=68255917"},{"taxonomy":"product_cat","embeddable":true,"href":"https:\/\/kraftwerk-shop.cc\/es\/wp-json\/wp\/v2\/product_cat?post=68255917"},{"taxonomy":"product_tag","embeddable":true,"href":"https:\/\/kraftwerk-shop.cc\/es\/wp-json\/wp\/v2\/product_tag?post=68255917"}],"curies":[{"name":"wp","href":"https:\/\/api.w.org\/{rel}","templated":true}]}}