{"id":68255920,"date":"2021-09-25T17:43:58","date_gmt":"2021-09-25T15:43:58","guid":{"rendered":"https:\/\/kraftwerk-gruppe.de\/?post_type=product&#038;p=68255920"},"modified":"2026-02-15T00:05:39","modified_gmt":"2026-02-14T23:05:39","slug":"discos-de-freno-ebc-black-dash-sport-usr7385","status":"publish","type":"product","link":"https:\/\/kraftwerk-shop.cc\/es\/produkt\/ebc-black-dash-sportbremsscheiben-usr7385\/","title":{"rendered":"Discos de freno deportivos EBC Black Dash USR7385"},"content":{"rendered":"<h1>Discos de freno EBC Black Dash para Jeep Grand Cherokee 6.1 SRT8 (eje delantero)<\/h1>\n<p>&nbsp;<\/p>\n<p>La superficie de fricci\u00f3n del disco de freno Black Dash es ranurada.<\/p>\n<p>La ranura adicional se omiti\u00f3 para poder ofrecer un disco de freno deportivo con caracter\u00edsticas de funcionamiento silencioso.<\/p>\n<p>Las ranuras fresadas permiten eliminar casi por completo los gases de frenado, la abrasi\u00f3n, la suciedad y el agua de la superficie de fricci\u00f3n de los discos de freno.<\/p>\n<p>Las ranuras tambi\u00e9n garantizan un desgaste uniforme y paralelo de las pastillas de freno durante toda su vida \u00fatil.<\/p>\n<p>El recubrimiento de polvo negro de los discos Black Dash proporciona la mejor protecci\u00f3n posible contra la corrosi\u00f3n y es especialmente adecuado para veh\u00edculos con un dise\u00f1o de llanta abierta.<\/p>\n<p>&nbsp;<\/p>\n<p><strong>Ventajas e inconvenientes de un vistazo:<br \/>\n<\/strong><br \/>\n+ Muy buena refrigeraci\u00f3n gracias a las ranuras fresadas<br \/>\n+ Muy buena eliminaci\u00f3n de gases, suciedad, agua, etc.<br \/>\n+ La mejor protecci\u00f3n posible contra la corrosi\u00f3n gracias al recubrimiento en polvo<br \/>\n+ Sin riesgo de grietas por calor, ya que no est\u00e1 perforado<br \/>\n+ Desgaste uniforme de las pastillas de freno durante toda la vida \u00fatil<br \/>\n+ Menor nivel de ruido<\/p>\n<p>- Menos refrigeraci\u00f3n que el Turbo Groove Disc, ya que no est\u00e1 ranurado<\/p>\n<p>&nbsp;<\/p>\n<p><strong>Caracter\u00edsticas del producto:<\/strong><\/p>\n<p>360x33mm \/ altura: 53mm \/ n\u00famero de agujeros: 5 \/ c\u00edrculo de pernos: 126.8mm \/ ventilado \/ montado: frontal<\/p>\n<p>Autorizaci\u00f3n: en preparaci\u00f3n<\/p>\n<p>N\u00famero OE (s\u00f3lo a efectos comparativos): 5290733AA , 5290733AB<\/p>\n<p>&nbsp;<\/p>\n<p><strong>Adecuado para:<br \/>\n<\/strong><\/p>\n<table width=\"0\">\n<tbody>\n<tr>\n<td width=\"64\">Jeep<\/td>\n<td width=\"117\">Grand Cherokee<\/td>\n<td width=\"137\">6.1<\/td>\n<td width=\"391\">todos los a\u00f1os de construcci\u00f3n<\/td>\n<\/tr>\n<\/tbody>\n<\/table>\n<p><strong><br \/>\nVolumen de suministro:<br \/>\n<\/strong><br \/>\n- 2 discos de freno EBC Black Dash (USR7385) para el eje delantero<\/p>\n<p><strong>Nota:<\/strong><\/p>\n<p>Antes de realizar el pedido, compruebe si en la parte delantera de su veh\u00edculo se montan discos de freno de 345 mm o de 320 mm.<br \/>\nPuede comparar el tama\u00f1o de los discos de freno delantero y trasero para orientarse.<br \/>\nLos discos de freno traseros tienen siempre un di\u00e1metro de 320 mm.<\/p>","protected":false},"excerpt":{"rendered":"<p>EBC Black Dash Bremsscheiben f\u00fcr Jeep Grand Cherokee 6.1 SRT8 (Vorderachse) &nbsp; Die Reibfl\u00e4che der Black Dash Bremsscheibe ist geschlitzt.<\/p>","protected":false},"featured_media":68274162,"comment_status":"open","ping_status":"closed","template":"","meta":{"_acf_changed":false},"product_brand":[16875],"product_cat":[17958],"product_tag":[18187,18188,2083,2084,92,2125,795,796,964,2442,16877,16876,16878,692,942,2111,941,56,126,50,4425,36,797,96,216,2129,842,841,673],"class_list":{"0":"post-68255920","1":"product","2":"type-product","3":"status-publish","4":"has-post-thumbnail","6":"product_brand-ebc-brakes","7":"product_cat-grand-cherokee-61-bremsscheiben-vorne","8":"product_tag-05290733aa","9":"product_tag-05290733ab","10":"product_tag-5290733aa","11":"product_tag-5290733ab","12":"product_tag-6-1","13":"product_tag-black-dash","14":"product_tag-bremse","15":"product_tag-bremsscheibe","16":"product_tag-ebc","17":"product_tag-ebc-brakes","18":"product_tag-ebc-bremsbelaege","19":"product_tag-ebc-bremsen","20":"product_tag-ebc-bremsscheiben","21":"product_tag-ersatzteil","22":"product_tag-gelocht","23":"product_tag-genutet","24":"product_tag-geschlitzt","25":"product_tag-grand-cherokee","26":"product_tag-hemi","27":"product_tag-jeep","28":"product_tag-jeep-grand-cherokee","29":"product_tag-kraftwerk","30":"product_tag-sportbremsscheibe","31":"product_tag-srt","32":"product_tag-upgrade","33":"product_tag-usr7385","34":"product_tag-vorderachse","35":"product_tag-vorne","36":"product_tag-zubehoer","38":"first","39":"onbackorder","40":"taxable","41":"shipping-taxable","42":"purchasable","43":"product-type-simple"},"bundled_by":[],"bundle_stock_status":"onbackorder","bundle_stock_quantity":0,"bundle_virtual":false,"bundle_layout":"","bundle_add_to_cart_form_location":"","bundle_editable_in_cart":false,"bundle_sold_individually_context":"","bundle_item_grouping":"","bundle_min_size":"","bundle_max_size":"","bundle_price":[],"bundled_items":[],"bundle_sell_ids":[],"exclude_global_add_ons":[],"addons":[],"acf":[],"_links":{"self":[{"href":"https:\/\/kraftwerk-shop.cc\/es\/wp-json\/wp\/v2\/product\/68255920","targetHints":{"allow":["GET"]}}],"collection":[{"href":"https:\/\/kraftwerk-shop.cc\/es\/wp-json\/wp\/v2\/product"}],"about":[{"href":"https:\/\/kraftwerk-shop.cc\/es\/wp-json\/wp\/v2\/types\/product"}],"replies":[{"embeddable":true,"href":"https:\/\/kraftwerk-shop.cc\/es\/wp-json\/wp\/v2\/comments?post=68255920"}],"version-history":[{"count":0,"href":"https:\/\/kraftwerk-shop.cc\/es\/wp-json\/wp\/v2\/product\/68255920\/revisions"}],"wp:featuredmedia":[{"embeddable":true,"href":"https:\/\/kraftwerk-shop.cc\/es\/wp-json\/wp\/v2\/media\/68274162"}],"wp:attachment":[{"href":"https:\/\/kraftwerk-shop.cc\/es\/wp-json\/wp\/v2\/media?parent=68255920"}],"wp:term":[{"taxonomy":"product_brand","embeddable":true,"href":"https:\/\/kraftwerk-shop.cc\/es\/wp-json\/wp\/v2\/product_brand?post=68255920"},{"taxonomy":"product_cat","embeddable":true,"href":"https:\/\/kraftwerk-shop.cc\/es\/wp-json\/wp\/v2\/product_cat?post=68255920"},{"taxonomy":"product_tag","embeddable":true,"href":"https:\/\/kraftwerk-shop.cc\/es\/wp-json\/wp\/v2\/product_tag?post=68255920"}],"curies":[{"name":"wp","href":"https:\/\/api.w.org\/{rel}","templated":true}]}}