{"id":68255965,"date":"2021-09-26T13:32:01","date_gmt":"2021-09-26T11:32:01","guid":{"rendered":"https:\/\/kraftwerk-gruppe.de\/?post_type=product&#038;p=68255965"},"modified":"2026-02-15T00:05:42","modified_gmt":"2026-02-14T23:05:42","slug":"pastillas-de-freno-ebc-greenstuff-dp21723","status":"publish","type":"product","link":"https:\/\/kraftwerk-shop.cc\/es\/produkt\/ebc-greenstuff-bremsbelaege-dp21723\/","title":{"rendered":"Pastillas de freno EBC Greenstuff DP21723"},"content":{"rendered":"<h1>Pastillas de freno EBC Greenstuff para Chrysler 300C, Dodge Challenger, Charger y Magnum 3.5 y 5.7 hasta 2010 (eje delantero)<\/h1>\n<p>&nbsp;<\/p>\n<p>El nuevo compuesto de pastillas Greenstuff consigue una mejora significativa de la potencia de frenado.<br \/>\nLa pastilla de freno deportiva Greenstuff desarrolla un excelente rendimiento de deceleraci\u00f3n\/frenado incluso cuando el sistema de frenado est\u00e1 fr\u00edo.<br \/>\nEl rango de trabajo efectivo de este revestimiento se extiende hasta una temperatura de 650\u00b0C.<br \/>\nComo todas las pastillas de freno EBC del sector de la automoci\u00f3n, todas las pastillas de freno deportivas EBC Greenstuff tienen un revestimiento de rodaje, bordes rotos, una ranura t\u00e9rmica y un revestimiento en polvo.<\/p>\n<p>&nbsp;<\/p>\n<p>Caracter\u00edsticas:<\/p>\n<p>- Reducci\u00f3n del polvo de los frenos<br \/>\n- Vida media<br \/>\n- Cuidado con los discos de freno<br \/>\n- Mejora rentable de las prestaciones de frenado<\/p>\n<p>&nbsp;<\/p>\n<div id=\"attachment_68255968\" style=\"width: 460px\" class=\"wp-caption alignnone\"><img decoding=\"async\" aria-describedby=\"caption-attachment-68255968\" class=\"wp-image-68255968\" src=\"https:\/\/kraftwerk-shop.cc\/wp-content\/uploads\/2021\/09\/EBC_Greenstuff_Info-300x229.png\" alt=\"Caracter\u00edsticas de las pastillas de freno EBC Greenstuff para Chrysler, Dodge y Jeep\" width=\"450\" height=\"343\" \/><p id=\"caption-attachment-68255968\" class=\"wp-caption-text\">Caracter\u00edsticas de las pastillas de freno EBC Greenstuff<\/p><\/div>\n<p>&nbsp;<\/p>\n<p>N\u00famero OE (s\u00f3lo para fines de comparaci\u00f3n): -<br \/>\nAprobaci\u00f3n: REG90<\/p>\n<p>Lugar de montaje: Eje delantero<\/p>\n<p>&nbsp;<\/p>\n<p><strong>Adecuado para:<\/strong><\/p>\n<table width=\"0\">\n<tbody>\n<tr>\n<td width=\"64\">Chrysler<\/td>\n<td width=\"97\">300C<\/td>\n<td width=\"137\">3.5, 5.7<\/td>\n<td width=\"391\">hasta el a\u00f1o de fabricaci\u00f3n 2010 con discos de freno de 320 mm<\/td>\n<\/tr>\n<tr>\n<td width=\"64\">Dodge<\/td>\n<td width=\"97\">Challenger<\/td>\n<td width=\"137\">3.5, 5.7<\/td>\n<td width=\"391\">hasta el a\u00f1o de fabricaci\u00f3n 2010 con discos de freno de 320 mm<\/td>\n<\/tr>\n<tr>\n<td width=\"64\">Dodge<\/td>\n<td width=\"97\">Charger<\/td>\n<td width=\"137\">3.5, 5.7<\/td>\n<td width=\"391\">hasta el a\u00f1o de fabricaci\u00f3n 2010 con discos de freno de 320 mm<\/td>\n<\/tr>\n<tr>\n<td width=\"64\">Dodge<\/td>\n<td width=\"97\">Magnum<\/td>\n<td width=\"137\">3.5, 5.7<\/td>\n<td width=\"391\">hasta el a\u00f1o de fabricaci\u00f3n 2010 con discos de freno de 320 mm<\/td>\n<\/tr>\n<\/tbody>\n<\/table>\n<p><strong>\u00a0<\/strong><\/p>\n<p><strong>Volumen de suministro: <\/strong><\/p>\n<p>- 1 juego de pastillas de freno EBC Greenstuff (DP21723) para el eje delantero<\/p>\n<p>&nbsp;<\/p>\n<p><strong>Nota:<\/strong><\/p>\n<p>Antes de realizar el pedido, compruebe si en la parte delantera de su veh\u00edculo se montan discos de freno de 345 mm o de 320 mm.<br \/>\nPuede comparar el tama\u00f1o de los discos de freno delantero y trasero para orientarse.<br \/>\nLos discos de freno traseros tienen siempre un di\u00e1metro de 320 mm.<\/p>","protected":false},"excerpt":{"rendered":"<p>Adecuado para discos de freno de 320 mm hasta 2010<\/p>","protected":false},"featured_media":68274365,"comment_status":"open","ping_status":"closed","template":"","meta":{"_acf_changed":false},"product_brand":[16875],"product_cat":[17712,17715,17719,17723,17709,17701,17739,17747,17767,17771],"product_tag":[87,572,2136,88,169,52,2166,91,1046,590,795,840,54,53,48,536,49,3853,3854,2167,964,2442,16877,16876,16878,971,126,36,173,55,2138,970,174,2139,842,841,673,2135,2137],"class_list":{"0":"post-68255965","1":"product","2":"type-product","3":"status-publish","4":"has-post-thumbnail","6":"product_brand-ebc-brakes","7":"product_cat-300c-30-diesel-bremsbelaege-vorne","8":"product_cat-300c-35-bremsbelaege-vorne","9":"product_cat-300c-36-bremsbelaege-vorne","10":"product_cat-300c-57-2005-2010-bremsbelaege-vorne","11":"product_cat-challenger-35-bremsbelaege-vorne","12":"product_cat-challenger-57-bremsbelaege-vorne","13":"product_cat-charger-35-bremsbelaege-vorne","14":"product_cat-charger-57-bremsbelaege-vorne","15":"product_cat-magnum-35-bremsbelaege-vorne","16":"product_cat-magnum-57-bremsbelaege-vorne","17":"product_tag-2-7","18":"product_tag-3-0-crd","19":"product_tag-3-0-multijet","20":"product_tag-3-5","21":"product_tag-3-6","22":"product_tag-300c","23":"product_tag-320-mm","24":"product_tag-5-7","25":"product_tag-abe","26":"product_tag-bremsbelaege","27":"product_tag-bremse","28":"product_tag-bremskloetze","29":"product_tag-challenger","30":"product_tag-charger","31":"product_tag-chrysler","32":"product_tag-chrysler-300c","33":"product_tag-dodge","34":"product_tag-dodge-challenger","35":"product_tag-dodge-charger","36":"product_tag-dp21723","37":"product_tag-ebc","38":"product_tag-ebc-brakes","39":"product_tag-ebc-bremsbelaege","40":"product_tag-ebc-bremsen","41":"product_tag-ebc-bremsscheiben","42":"product_tag-greenstuff","43":"product_tag-hemi","44":"product_tag-kraftwerk","45":"product_tag-lancia","46":"product_tag-magnum","47":"product_tag-reg90","48":"product_tag-sportbremsbelaege","49":"product_tag-thema","50":"product_tag-tuev","51":"product_tag-vorderachse","52":"product_tag-vorne","53":"product_tag-zubehoer","54":"product_tag-zubehoerbremsbelaege","55":"product_tag-zulassung","56":"product_shipping_class-deutschlandohne","58":"first","59":"instock","60":"taxable","61":"shipping-taxable","62":"purchasable","63":"product-type-simple"},"bundled_by":[],"bundle_stock_status":"instock","bundle_stock_quantity":3,"bundle_virtual":false,"bundle_layout":"","bundle_add_to_cart_form_location":"","bundle_editable_in_cart":false,"bundle_sold_individually_context":"","bundle_item_grouping":"","bundle_min_size":"","bundle_max_size":"","bundle_price":[],"bundled_items":[],"bundle_sell_ids":[],"exclude_global_add_ons":[],"addons":[],"acf":[],"_links":{"self":[{"href":"https:\/\/kraftwerk-shop.cc\/es\/wp-json\/wp\/v2\/product\/68255965","targetHints":{"allow":["GET"]}}],"collection":[{"href":"https:\/\/kraftwerk-shop.cc\/es\/wp-json\/wp\/v2\/product"}],"about":[{"href":"https:\/\/kraftwerk-shop.cc\/es\/wp-json\/wp\/v2\/types\/product"}],"replies":[{"embeddable":true,"href":"https:\/\/kraftwerk-shop.cc\/es\/wp-json\/wp\/v2\/comments?post=68255965"}],"version-history":[{"count":0,"href":"https:\/\/kraftwerk-shop.cc\/es\/wp-json\/wp\/v2\/product\/68255965\/revisions"}],"wp:featuredmedia":[{"embeddable":true,"href":"https:\/\/kraftwerk-shop.cc\/es\/wp-json\/wp\/v2\/media\/68274365"}],"wp:attachment":[{"href":"https:\/\/kraftwerk-shop.cc\/es\/wp-json\/wp\/v2\/media?parent=68255965"}],"wp:term":[{"taxonomy":"product_brand","embeddable":true,"href":"https:\/\/kraftwerk-shop.cc\/es\/wp-json\/wp\/v2\/product_brand?post=68255965"},{"taxonomy":"product_cat","embeddable":true,"href":"https:\/\/kraftwerk-shop.cc\/es\/wp-json\/wp\/v2\/product_cat?post=68255965"},{"taxonomy":"product_tag","embeddable":true,"href":"https:\/\/kraftwerk-shop.cc\/es\/wp-json\/wp\/v2\/product_tag?post=68255965"}],"curies":[{"name":"wp","href":"https:\/\/api.w.org\/{rel}","templated":true}]}}