{"id":68256003,"date":"2021-09-26T16:59:33","date_gmt":"2021-09-26T14:59:33","guid":{"rendered":"https:\/\/kraftwerk-gruppe.de\/?post_type=product&#038;p=68256003"},"modified":"2026-02-15T00:46:13","modified_gmt":"2026-02-14T23:46:13","slug":"pastillas-de-freno-ebc-redstuff-dp32014c","status":"publish","type":"product","link":"https:\/\/kraftwerk-shop.cc\/es\/produkt\/ebc-redstuff-bremsbelaege-dp32014c\/","title":{"rendered":"EBC Redstuff pastillas de freno DP32014C"},"content":{"rendered":"<h1>EBC Redstuff pastillas de freno para Chevrolet Camaro 3.6 V6 de 2010 a 2015 (eje delantero)<\/h1>\n<p>&nbsp;<\/p>\n<p>Redstuff es la 2\u00aa categor\u00eda de pastillas de freno deportivas EBC.<\/p>\n<p>Esta pastilla de freno de alto rendimiento se compone de fibras Kevlar\u00ae y part\u00edculas cer\u00e1micas y se ha desarrollado especialmente para veh\u00edculos de carretera muy motorizados. La formaci\u00f3n de polvo de freno es m\u00ednima y el polvo de freno producido puede lavarse f\u00e1cilmente de las llantas con agua. No se necesitan limpiadores de llantas agresivos y ya no hay riesgo de da\u00f1ar las llantas con el polvo de freno.<\/p>\n<p>A pesar del material relativamente duro de la pastilla de freno, nuestra pastilla Redstuff alcanza un coeficiente de fricci\u00f3n muy alto (0,5) y, por lo tanto, garantiza una mayor potencia de frenado y una desaceleraci\u00f3n m\u00e1s r\u00e1pida de su veh\u00edculo sin ejercer una tensi\u00f3n excesiva sobre el disco de freno. Se consigue un excelente rendimiento de frenado incluso cuando los frenos est\u00e1n fr\u00edos. Esto mejora cada vez m\u00e1s a medida que aumenta la temperatura de las pastillas de freno. El rango de funcionamiento sin restricciones de esta pastilla llega hasta los 750\u00b0C.<br \/>\nComo todas las pastillas de freno EBC del sector de la automoci\u00f3n, todas las pastillas de freno deportivas EBC Greenstuff tienen un revestimiento de rodaje, bordes rotos, una ranura t\u00e9rmica y un revestimiento en polvo.<\/p>\n<p>&nbsp;<\/p>\n<p>Caracter\u00edsticas:<\/p>\n<p>- Reducci\u00f3n del polvo de los frenos<br \/>\n- Vida media<br \/>\n- Cuidado con los discos de freno<br \/>\n- Mejora rentable de las prestaciones de frenado<\/p>\n<div id=\"attachment_68255994\" style=\"width: 460px\" class=\"wp-caption alignnone\"><img decoding=\"async\" aria-describedby=\"caption-attachment-68255994\" class=\"wp-image-68255994\" src=\"https:\/\/kraftwerk-shop.cc\/wp-content\/uploads\/2021\/09\/EBC_Redstuff_Info-300x229.jpg\" alt=\"EBC Redstuff Chrysler, Dodge, Jeep\" width=\"450\" height=\"343\" \/><p id=\"caption-attachment-68255994\" class=\"wp-caption-text\">Caracter\u00edsticas de las pastillas de freno EBC Redstuff<\/p><\/div>\n<p>&nbsp;<\/p>\n<p>N\u00famero OE (s\u00f3lo a efectos comparativos): 13237751, 92230269<br \/>\nAprobaci\u00f3n: REG90<\/p>\n<p>Lugar de montaje: Eje delantero<\/p>\n<p>&nbsp;<\/p>\n<p><strong>Adecuado para:<br \/>\n<\/strong><\/p>\n<table width=\"0\">\n<tbody>\n<tr>\n<td width=\"66\">Chevrolet<\/td>\n<td width=\"97\">Camaro<\/td>\n<td width=\"137\">3,6 hasta 2015<\/td>\n<\/tr>\n<\/tbody>\n<\/table>\n<p><strong>\u00a0<\/strong><\/p>\n<p><strong>Volumen de suministro: <\/strong><\/p>\n<p>- 1 juego de pastillas de freno EBC Redstuff (DP32014C) para el eje delantero<\/p>","protected":false},"excerpt":{"rendered":"<p>EBC Redstuff pastillas de freno para Chevrolet Camaro 3.6 V6 de 2010 a 2015 (eje delantero) Redstuff es la 2 \u00aa categor\u00eda de la<\/p>","protected":false},"featured_media":68274374,"comment_status":"open","ping_status":"closed","template":"","meta":{"_acf_changed":false},"product_brand":[16875],"product_cat":[2677],"product_tag":[2189,169,2190,1046,590,795,840,191,189,190,2188,964,2442,16877,16876,16878,36,972,2138,970,2139,198,842,841,673,2135,2137],"class_list":{"0":"post-68256003","1":"product","2":"type-product","3":"status-publish","4":"has-post-thumbnail","6":"product_brand-ebc-brakes","7":"product_cat-camaro-36-2010-2015-bremsen-vorne","8":"product_tag-2189","9":"product_tag-3-6","10":"product_tag-2190","11":"product_tag-abe","12":"product_tag-bremsbelaege","13":"product_tag-bremse","14":"product_tag-bremskloetze","15":"product_tag-camaro","16":"product_tag-chevrolet","17":"product_tag-chevy","18":"product_tag-dp32014c","19":"product_tag-ebc","20":"product_tag-ebc-brakes","21":"product_tag-ebc-bremsbelaege","22":"product_tag-ebc-bremsen","23":"product_tag-ebc-bremsscheiben","24":"product_tag-kraftwerk","25":"product_tag-redstuff","26":"product_tag-reg90","27":"product_tag-sportbremsbelaege","28":"product_tag-tuev","29":"product_tag-v6","30":"product_tag-vorderachse","31":"product_tag-vorne","32":"product_tag-zubehoer","33":"product_tag-zubehoerbremsbelaege","34":"product_tag-zulassung","36":"first","37":"onbackorder","38":"taxable","39":"shipping-taxable","40":"purchasable","41":"product-type-simple"},"bundled_by":[],"bundle_stock_status":"onbackorder","bundle_stock_quantity":0,"bundle_virtual":false,"bundle_layout":"","bundle_add_to_cart_form_location":"","bundle_editable_in_cart":false,"bundle_sold_individually_context":"","bundle_item_grouping":"","bundle_min_size":"","bundle_max_size":"","bundle_price":[],"bundled_items":[],"bundle_sell_ids":[],"exclude_global_add_ons":[],"addons":[],"acf":[],"_links":{"self":[{"href":"https:\/\/kraftwerk-shop.cc\/es\/wp-json\/wp\/v2\/product\/68256003","targetHints":{"allow":["GET"]}}],"collection":[{"href":"https:\/\/kraftwerk-shop.cc\/es\/wp-json\/wp\/v2\/product"}],"about":[{"href":"https:\/\/kraftwerk-shop.cc\/es\/wp-json\/wp\/v2\/types\/product"}],"replies":[{"embeddable":true,"href":"https:\/\/kraftwerk-shop.cc\/es\/wp-json\/wp\/v2\/comments?post=68256003"}],"version-history":[{"count":0,"href":"https:\/\/kraftwerk-shop.cc\/es\/wp-json\/wp\/v2\/product\/68256003\/revisions"}],"wp:featuredmedia":[{"embeddable":true,"href":"https:\/\/kraftwerk-shop.cc\/es\/wp-json\/wp\/v2\/media\/68274374"}],"wp:attachment":[{"href":"https:\/\/kraftwerk-shop.cc\/es\/wp-json\/wp\/v2\/media?parent=68256003"}],"wp:term":[{"taxonomy":"product_brand","embeddable":true,"href":"https:\/\/kraftwerk-shop.cc\/es\/wp-json\/wp\/v2\/product_brand?post=68256003"},{"taxonomy":"product_cat","embeddable":true,"href":"https:\/\/kraftwerk-shop.cc\/es\/wp-json\/wp\/v2\/product_cat?post=68256003"},{"taxonomy":"product_tag","embeddable":true,"href":"https:\/\/kraftwerk-shop.cc\/es\/wp-json\/wp\/v2\/product_tag?post=68256003"}],"curies":[{"name":"wp","href":"https:\/\/api.w.org\/{rel}","templated":true}]}}