{"id":68256004,"date":"2021-09-26T16:59:35","date_gmt":"2021-09-26T14:59:35","guid":{"rendered":"https:\/\/kraftwerk-gruppe.de\/?post_type=product&#038;p=68256004"},"modified":"2026-04-06T13:20:34","modified_gmt":"2026-04-06T11:20:34","slug":"pastillas-de-freno-ebc-redstuff-dp32139c","status":"publish","type":"product","link":"https:\/\/kraftwerk-shop.cc\/es\/produkt\/ebc-redstuff-bremsbelaege-dp32139c\/","title":{"rendered":"EBC Redstuff pastillas de freno DP32139C"},"content":{"rendered":"<h1>EBC Redstuff pastillas de freno para Chrysler 300C, Dodge Challenger, Charger y Lancia Thema 3.0 MultiJet, 3.6 y 5.7 a partir de 2011 (eje delantero)<\/h1>\n<p>&nbsp;<\/p>\n<p>Redstuff es la 2\u00aa categor\u00eda de pastillas de freno deportivas EBC.<\/p>\n<p>Esta pastilla de freno de alto rendimiento se compone de fibras Kevlar\u00ae y part\u00edculas cer\u00e1micas y se ha desarrollado especialmente para veh\u00edculos de carretera muy motorizados. La formaci\u00f3n de polvo de freno es m\u00ednima y el polvo de freno producido puede lavarse f\u00e1cilmente de las llantas con agua. No se necesitan limpiadores de llantas agresivos y ya no hay riesgo de da\u00f1ar las llantas con el polvo de freno.<\/p>\n<p>A pesar del material relativamente duro de la pastilla de freno, nuestra pastilla Redstuff alcanza un coeficiente de fricci\u00f3n muy alto (0,5) y, por lo tanto, garantiza una mayor potencia de frenado y una desaceleraci\u00f3n m\u00e1s r\u00e1pida de su veh\u00edculo sin ejercer una tensi\u00f3n excesiva sobre el disco de freno. Se consigue un excelente rendimiento de frenado incluso cuando los frenos est\u00e1n fr\u00edos. Esto mejora cada vez m\u00e1s a medida que aumenta la temperatura de las pastillas de freno. El rango de funcionamiento sin restricciones de esta pastilla llega hasta los 750\u00b0C.<br \/>\nComo todas las pastillas de freno EBC del sector de la automoci\u00f3n, todas las pastillas de freno deportivas EBC Greenstuff tienen un revestimiento de rodaje, bordes rotos, una ranura t\u00e9rmica y un revestimiento en polvo.<\/p>\n<p>&nbsp;<\/p>\n<p>Caracter\u00edsticas:<\/p>\n<p>- Reducci\u00f3n del polvo de los frenos<br \/>\n- Vida media<br \/>\n- Cuidado con los discos de freno<br \/>\n- Mejora rentable de las prestaciones de frenado<\/p>\n<div id=\"attachment_68255994\" style=\"width: 460px\" class=\"wp-caption alignnone\"><img decoding=\"async\" aria-describedby=\"caption-attachment-68255994\" class=\"wp-image-68255994\" src=\"https:\/\/kraftwerk-shop.cc\/wp-content\/uploads\/2021\/09\/EBC_Redstuff_Info-300x229.jpg\" alt=\"EBC Redstuff Chrysler, Dodge, Jeep\" width=\"450\" height=\"343\" \/><p id=\"caption-attachment-68255994\" class=\"wp-caption-text\">Caracter\u00edsticas de las pastillas de freno EBC Redstuff<\/p><\/div>\n<p>&nbsp;<\/p>\n<p>N\u00famero OE (s\u00f3lo a efectos comparativos):  5142559AA, 5142559AB, 68147681AA, 68147681AB<br \/>\nAprobaci\u00f3n: REG90<\/p>\n<p>Lugar de montaje: Eje delantero<\/p>\n<p>&nbsp;<\/p>\n<p><strong>Adecuado para:<br \/>\n<\/strong><\/p>\n<table width=\"0\">\n<tbody>\n<tr>\n<td width=\"64\">Chrysler<\/td>\n<td width=\"115\">300C<\/td>\n<td width=\"152\">3.0 CRD, 3.6, 5.7<\/td>\n<td width=\"301\">A partir del modelo 2011 con discos de freno de 345 mm<\/td>\n<\/tr>\n<tr>\n<td width=\"64\">Dodge<\/td>\n<td width=\"115\">Challenger<\/td>\n<td width=\"152\">3.6, 5.7<\/td>\n<td width=\"301\">A partir del modelo 2011 con discos de freno de 345 mm<\/td>\n<\/tr>\n<tr>\n<td width=\"64\">Dodge<\/td>\n<td width=\"115\">Charger<\/td>\n<td width=\"152\">3.6, 5.7<\/td>\n<td width=\"301\">A partir del modelo 2011 con discos de freno de 345 mm<\/td>\n<\/tr>\n<tr>\n<td width=\"64\">Lancia<\/td>\n<td width=\"115\">Tema<\/td>\n<td width=\"152\">3.0 MultiJet, 3.6<\/td>\n<td width=\"301\">A partir del modelo 2011 con discos de freno de 345 mm<\/td>\n<\/tr>\n<\/tbody>\n<\/table>\n<p><strong>\u00a0<\/strong><\/p>\n<p><strong>Volumen de suministro: <\/strong><\/p>\n<p>- 1 juego de pastillas de freno EBC Redstuff (DP32139C) para el eje delantero<\/p>\n<p>&nbsp;<\/p>\n<p><strong>Nota:<\/strong><\/p>\n<p>Antes de realizar el pedido, compruebe si en la parte delantera de su veh\u00edculo se montan discos de freno de 345 mm o de 320 mm.<br \/>\nPuede comparar el tama\u00f1o de los discos de freno delantero y trasero para orientarse.<br \/>\nLos discos de freno traseros tienen siempre un di\u00e1metro de 320 mm.<\/p>","protected":false},"excerpt":{"rendered":"<p>Apto para discos de freno de 345 mm a partir de 2011<\/p>","protected":false},"featured_media":68274371,"comment_status":"open","ping_status":"closed","template":"","meta":{"_acf_changed":false},"product_brand":[16875],"product_cat":[17712,17715,17719,17723,17727,17709,17703,17701,17739,17743,17747,17751],"product_tag":[2481,2482,87,2192,572,2136,88,169,52,91,2170,2171,2153,2172,1046,590,795,840,54,53,48,536,49,3853,3854,2191,964,2442,16877,16876,16878,126,36,173,55,972,2138,970,174,2139,842,841,673,2135,2137],"class_list":{"0":"post-68256004","1":"product","2":"type-product","3":"status-publish","4":"has-post-thumbnail","6":"product_brand-ebc-brakes","7":"product_cat-300c-30-diesel-bremsbelaege-vorne","8":"product_cat-300c-35-bremsbelaege-vorne","9":"product_cat-300c-36-bremsbelaege-vorne","10":"product_cat-300c-57-2005-2010-bremsbelaege-vorne","11":"product_cat-300c-57-2011-2023-bremsbelaege-vorne","12":"product_cat-challenger-35-bremsbelaege-vorne","13":"product_cat-challenger-36-bremsbelaege-vorne","14":"product_cat-challenger-57-bremsbelaege-vorne","15":"product_cat-charger-35-bremsbelaege-vorne","16":"product_cat-charger-36-bremsbelaege-vorne","17":"product_cat-charger-57-bremsbelaege-vorne","18":"product_cat-charger-57-2011-2023-bremsbelaege-vorne","19":"product_tag-05142559aa","20":"product_tag-05142559ab","21":"product_tag-2-7","22":"product_tag-245-mm","23":"product_tag-3-0-crd","24":"product_tag-3-0-multijet","25":"product_tag-3-5","26":"product_tag-3-6","27":"product_tag-300c","28":"product_tag-5-7","29":"product_tag-5142559aa","30":"product_tag-5142559ab","31":"product_tag-68147681aa","32":"product_tag-68147681ab","33":"product_tag-abe","34":"product_tag-bremsbelaege","35":"product_tag-bremse","36":"product_tag-bremskloetze","37":"product_tag-challenger","38":"product_tag-charger","39":"product_tag-chrysler","40":"product_tag-chrysler-300c","41":"product_tag-dodge","42":"product_tag-dodge-challenger","43":"product_tag-dodge-charger","44":"product_tag-dp32139c","45":"product_tag-ebc","46":"product_tag-ebc-brakes","47":"product_tag-ebc-bremsbelaege","48":"product_tag-ebc-bremsen","49":"product_tag-ebc-bremsscheiben","50":"product_tag-hemi","51":"product_tag-kraftwerk","52":"product_tag-lancia","53":"product_tag-magnum","54":"product_tag-redstuff","55":"product_tag-reg90","56":"product_tag-sportbremsbelaege","57":"product_tag-thema","58":"product_tag-tuev","59":"product_tag-vorderachse","60":"product_tag-vorne","61":"product_tag-zubehoer","62":"product_tag-zubehoerbremsbelaege","63":"product_tag-zulassung","65":"first","66":"onbackorder","67":"taxable","68":"shipping-taxable","69":"purchasable","70":"product-type-simple"},"bundled_by":[],"bundle_stock_status":"onbackorder","bundle_stock_quantity":0,"bundle_virtual":false,"bundle_layout":"","bundle_add_to_cart_form_location":"","bundle_editable_in_cart":false,"bundle_sold_individually_context":"","bundle_item_grouping":"","bundle_min_size":"","bundle_max_size":"","bundle_price":[],"bundled_items":[],"bundle_sell_ids":[],"exclude_global_add_ons":[],"addons":[],"acf":[],"_links":{"self":[{"href":"https:\/\/kraftwerk-shop.cc\/es\/wp-json\/wp\/v2\/product\/68256004","targetHints":{"allow":["GET"]}}],"collection":[{"href":"https:\/\/kraftwerk-shop.cc\/es\/wp-json\/wp\/v2\/product"}],"about":[{"href":"https:\/\/kraftwerk-shop.cc\/es\/wp-json\/wp\/v2\/types\/product"}],"replies":[{"embeddable":true,"href":"https:\/\/kraftwerk-shop.cc\/es\/wp-json\/wp\/v2\/comments?post=68256004"}],"version-history":[{"count":0,"href":"https:\/\/kraftwerk-shop.cc\/es\/wp-json\/wp\/v2\/product\/68256004\/revisions"}],"wp:featuredmedia":[{"embeddable":true,"href":"https:\/\/kraftwerk-shop.cc\/es\/wp-json\/wp\/v2\/media\/68274371"}],"wp:attachment":[{"href":"https:\/\/kraftwerk-shop.cc\/es\/wp-json\/wp\/v2\/media?parent=68256004"}],"wp:term":[{"taxonomy":"product_brand","embeddable":true,"href":"https:\/\/kraftwerk-shop.cc\/es\/wp-json\/wp\/v2\/product_brand?post=68256004"},{"taxonomy":"product_cat","embeddable":true,"href":"https:\/\/kraftwerk-shop.cc\/es\/wp-json\/wp\/v2\/product_cat?post=68256004"},{"taxonomy":"product_tag","embeddable":true,"href":"https:\/\/kraftwerk-shop.cc\/es\/wp-json\/wp\/v2\/product_tag?post=68256004"}],"curies":[{"name":"wp","href":"https:\/\/api.w.org\/{rel}","templated":true}]}}