{"id":68256026,"date":"2021-09-26T19:21:48","date_gmt":"2021-09-26T17:21:48","guid":{"rendered":"https:\/\/kraftwerk-gruppe.de\/?post_type=product&#038;p=68256026"},"modified":"2026-02-15T00:49:22","modified_gmt":"2026-02-14T23:49:22","slug":"pastillas-de-freno-ebc-yellowstuff-dp41724r","status":"publish","type":"product","link":"https:\/\/kraftwerk-shop.cc\/es\/produkt\/ebc-yellowstuff-bremsbelaege-dp41724r\/","title":{"rendered":"EBC Yellowstuff pastillas de freno DP41724R"},"content":{"rendered":"<h1>EBC Yellowstuff pastillas de freno para Chrysler 300C, Dodge Challenger, Charger y Magnum 3.0 CRD, 3.5 y 5.7 hasta 2010 (eje delantero)<\/h1>\n<p>&nbsp;<\/p>\n<p>Yellowstuff es la 3\u00aa categor\u00eda de pastillas de freno deportivas EBC.<\/p>\n<p>Este compuesto para pastillas de freno se basa en fibras de aramida.<br \/>\nEl enorme rango de funcionamiento (hasta 900 \u00b0C) permite su uso tanto en el tr\u00e1fico rodado como en los circuitos de carreras.<br \/>\nGracias a sus propiedades, esta superficie tambi\u00e9n es ideal para veh\u00edculos muy pesados o que circulan con cargas adicionales (por ejemplo, remolques).<\/p>\n<p>Esta pastilla de freno ofrece excelentes valores de deceleraci\u00f3n incluso cuando los frenos est\u00e1n fr\u00edos.<br \/>\nSin embargo, a medida que aumenta la temperatura, la \"mordida\" de esta pastilla de freno deportiva se vuelve significativamente m\u00e1s agresiva, lo que se traduce en unos valores de deceleraci\u00f3n a\u00fan mejores.<br \/>\nGracias al compuesto \"blando\" de las pastillas, las pastillas de freno deportivas Yellowstuff se pueden rodar r\u00e1pidamente y son extremadamente cuidadosas con los discos de freno.<\/p>\n<p>A pesar de su larga vida \u00fatil, esta pastilla de freno deportiva produce un alto nivel de polvo de freno, pero como con todas las pastillas de freno EBC, no se produce polvo de freno agresivo.<\/p>\n<p>Como todas las pastillas de freno EBC del sector de la automoci\u00f3n, todas las pastillas de freno deportivas EBC Greenstuff tienen un revestimiento de rodaje, bordes rotos, una ranura t\u00e9rmica y un revestimiento en polvo.<\/p>\n<p>&nbsp;<\/p>\n<div id=\"attachment_68256022\" style=\"width: 460px\" class=\"wp-caption alignnone\"><img decoding=\"async\" aria-describedby=\"caption-attachment-68256022\" class=\"wp-image-68256022\" src=\"https:\/\/kraftwerk-shop.cc\/wp-content\/uploads\/2021\/09\/EBC_Yellowstuff_Info-300x229.jpg\" alt=\"EBC Yellowstuff Chrysler, Dodge, Jeep\" width=\"450\" height=\"343\" \/><p id=\"caption-attachment-68256022\" class=\"wp-caption-text\">Caracter\u00edsticas de las pastillas de freno EBC Yellowstuff<\/p><\/div>\n<p>&nbsp;<\/p>\n<p>N\u00famero OE (s\u00f3lo a efectos comparativos): 05142555AA, 05174001AA, 05174001AB, 05174001AC, 68147681AA<br \/>\nAprobaci\u00f3n: REG90<\/p>\n<p>Lugar de montaje: Eje delantero<\/p>\n<p>&nbsp;<\/p>\n<p><strong>Adecuado para:<br \/>\n<\/strong><\/p>\n<table width=\"0\">\n<tbody>\n<tr>\n<td width=\"64\">Chrysler<\/td>\n<td width=\"115\">300C<\/td>\n<td width=\"115\">3.0 CRD, 3.5, 5.7<\/td>\n<td width=\"301\">hasta el a\u00f1o de fabricaci\u00f3n 2010 con discos de freno de 345 mm<\/td>\n<\/tr>\n<tr>\n<td width=\"64\">Dodge<\/td>\n<td width=\"115\">Challenger<\/td>\n<td width=\"115\">3.5, 5.7<\/td>\n<td width=\"301\">hasta el a\u00f1o de fabricaci\u00f3n 2010 con discos de freno de 345 mm<\/td>\n<\/tr>\n<tr>\n<td width=\"64\">Dodge<\/td>\n<td width=\"115\">Charger<\/td>\n<td width=\"115\">3.5, 5.7<\/td>\n<td width=\"301\">hasta el a\u00f1o de fabricaci\u00f3n 2010 con discos de freno de 345 mm<\/td>\n<\/tr>\n<tr>\n<td width=\"64\">Dodge<\/td>\n<td width=\"115\">Magnum<\/td>\n<td width=\"115\">3.5, 5.7<\/td>\n<td width=\"301\">hasta el a\u00f1o de fabricaci\u00f3n 2010 con discos de freno de 345 mm<\/td>\n<\/tr>\n<\/tbody>\n<\/table>\n<p><strong>\u00a0<\/strong><\/p>\n<p><strong>Volumen de suministro: <\/strong><\/p>\n<p>- 1 juego de pastillas de freno EBC Yellowstuff (DP41724R) para el eje delantero<\/p>\n<p>&nbsp;<\/p>\n<p><strong>Nota:<\/strong><\/p>\n<p>Antes de realizar el pedido, compruebe si en la parte delantera de su veh\u00edculo se montan discos de freno de 345 mm o de 320 mm.<br \/>\nPuede comparar el tama\u00f1o de los discos de freno delantero y trasero para orientarse.<br \/>\nLos discos de freno traseros tienen siempre un di\u00e1metro de 320 mm.<\/p>","protected":false},"excerpt":{"rendered":"<p>Adecuado para discos de freno de 345 mm hasta 2010<\/p>","protected":false},"featured_media":68274434,"comment_status":"open","ping_status":"closed","template":"","meta":{"_acf_changed":false},"product_brand":[16875],"product_cat":[17712,17715,17719,17723,17709,17701,17739,17747,17767,17771],"product_tag":[2149,2150,2151,2152,87,572,2136,88,169,52,2154,91,18215,18216,18217,18218,2153,1046,590,795,840,54,53,48,536,49,3853,3854,2196,964,2442,16877,16876,16878,126,36,173,55,2138,970,174,2139,842,841,974,673,2135,2137],"class_list":{"0":"post-68256026","1":"product","2":"type-product","3":"status-publish","4":"has-post-thumbnail","6":"product_brand-ebc-brakes","7":"product_cat-300c-30-diesel-bremsbelaege-vorne","8":"product_cat-300c-35-bremsbelaege-vorne","9":"product_cat-300c-36-bremsbelaege-vorne","10":"product_cat-300c-57-2005-2010-bremsbelaege-vorne","11":"product_cat-challenger-35-bremsbelaege-vorne","12":"product_cat-challenger-57-bremsbelaege-vorne","13":"product_cat-charger-35-bremsbelaege-vorne","14":"product_cat-charger-57-bremsbelaege-vorne","15":"product_cat-magnum-35-bremsbelaege-vorne","16":"product_cat-magnum-57-bremsbelaege-vorne","17":"product_tag-05142555aa","18":"product_tag-05174001aa","19":"product_tag-05174001ab","20":"product_tag-05174001ac","21":"product_tag-2-7","22":"product_tag-3-0-crd","23":"product_tag-3-0-multijet","24":"product_tag-3-5","25":"product_tag-3-6","26":"product_tag-300c","27":"product_tag-345-mm","28":"product_tag-5-7","29":"product_tag-5142555aa","30":"product_tag-5174001aa","31":"product_tag-5174001ab","32":"product_tag-5174001ac","33":"product_tag-68147681aa","34":"product_tag-abe","35":"product_tag-bremsbelaege","36":"product_tag-bremse","37":"product_tag-bremskloetze","38":"product_tag-challenger","39":"product_tag-charger","40":"product_tag-chrysler","41":"product_tag-chrysler-300c","42":"product_tag-dodge","43":"product_tag-dodge-challenger","44":"product_tag-dodge-charger","45":"product_tag-dp41724r","46":"product_tag-ebc","47":"product_tag-ebc-brakes","48":"product_tag-ebc-bremsbelaege","49":"product_tag-ebc-bremsen","50":"product_tag-ebc-bremsscheiben","51":"product_tag-hemi","52":"product_tag-kraftwerk","53":"product_tag-lancia","54":"product_tag-magnum","55":"product_tag-reg90","56":"product_tag-sportbremsbelaege","57":"product_tag-thema","58":"product_tag-tuev","59":"product_tag-vorderachse","60":"product_tag-vorne","61":"product_tag-yellowstuff","62":"product_tag-zubehoer","63":"product_tag-zubehoerbremsbelaege","64":"product_tag-zulassung","66":"first","67":"instock","68":"taxable","69":"shipping-taxable","70":"purchasable","71":"product-type-simple"},"bundled_by":[],"bundle_stock_status":"instock","bundle_stock_quantity":2,"bundle_virtual":false,"bundle_layout":"","bundle_add_to_cart_form_location":"","bundle_editable_in_cart":false,"bundle_sold_individually_context":"","bundle_item_grouping":"","bundle_min_size":"","bundle_max_size":"","bundle_price":[],"bundled_items":[],"bundle_sell_ids":[],"exclude_global_add_ons":[],"addons":[],"acf":[],"_links":{"self":[{"href":"https:\/\/kraftwerk-shop.cc\/es\/wp-json\/wp\/v2\/product\/68256026","targetHints":{"allow":["GET"]}}],"collection":[{"href":"https:\/\/kraftwerk-shop.cc\/es\/wp-json\/wp\/v2\/product"}],"about":[{"href":"https:\/\/kraftwerk-shop.cc\/es\/wp-json\/wp\/v2\/types\/product"}],"replies":[{"embeddable":true,"href":"https:\/\/kraftwerk-shop.cc\/es\/wp-json\/wp\/v2\/comments?post=68256026"}],"version-history":[{"count":0,"href":"https:\/\/kraftwerk-shop.cc\/es\/wp-json\/wp\/v2\/product\/68256026\/revisions"}],"wp:featuredmedia":[{"embeddable":true,"href":"https:\/\/kraftwerk-shop.cc\/es\/wp-json\/wp\/v2\/media\/68274434"}],"wp:attachment":[{"href":"https:\/\/kraftwerk-shop.cc\/es\/wp-json\/wp\/v2\/media?parent=68256026"}],"wp:term":[{"taxonomy":"product_brand","embeddable":true,"href":"https:\/\/kraftwerk-shop.cc\/es\/wp-json\/wp\/v2\/product_brand?post=68256026"},{"taxonomy":"product_cat","embeddable":true,"href":"https:\/\/kraftwerk-shop.cc\/es\/wp-json\/wp\/v2\/product_cat?post=68256026"},{"taxonomy":"product_tag","embeddable":true,"href":"https:\/\/kraftwerk-shop.cc\/es\/wp-json\/wp\/v2\/product_tag?post=68256026"}],"curies":[{"name":"wp","href":"https:\/\/api.w.org\/{rel}","templated":true}]}}