{"id":68256027,"date":"2021-09-26T19:21:50","date_gmt":"2021-09-26T17:21:50","guid":{"rendered":"https:\/\/kraftwerk-gruppe.de\/?post_type=product&#038;p=68256027"},"modified":"2026-03-30T15:59:49","modified_gmt":"2026-03-30T13:59:49","slug":"pastillas-de-freno-ebc-yellowstuff-dp41764r","status":"publish","type":"product","link":"https:\/\/kraftwerk-shop.cc\/es\/produkt\/ebc-yellowstuff-bremsbelaege-dp41764r\/","title":{"rendered":"Pastillas de freno EBC Yellowstuff DP41764R"},"content":{"rendered":"<h1>EBC Yellowstuff pastillas de freno para Chrysler 300C, Dodge Challenger, Charger, Magnum, Jeep Grand Cherokee 6.1 SRT8 y 6.4 SRT (eje delantero)<\/h1>\n<p>&nbsp;<\/p>\n<p>Yellowstuff es la 3\u00aa categor\u00eda de pastillas de freno deportivas EBC.<\/p>\n<p>Este compuesto para pastillas de freno se basa en fibras de aramida.<br \/>\nEl enorme rango de funcionamiento (hasta 900 \u00b0C) permite su uso tanto en el tr\u00e1fico rodado como en los circuitos de carreras.<br \/>\nGracias a sus propiedades, esta superficie tambi\u00e9n es ideal para veh\u00edculos muy pesados o que circulan con cargas adicionales (por ejemplo, remolques).<\/p>\n<p>Esta pastilla de freno ofrece excelentes valores de deceleraci\u00f3n incluso cuando los frenos est\u00e1n fr\u00edos.<br \/>\nSin embargo, a medida que aumenta la temperatura, la \"mordida\" de esta pastilla de freno deportiva se vuelve significativamente m\u00e1s agresiva, lo que se traduce en unos valores de deceleraci\u00f3n a\u00fan mejores.<br \/>\nGracias al compuesto \"blando\" de las pastillas, las pastillas de freno deportivas Yellowstuff se pueden rodar r\u00e1pidamente y son extremadamente cuidadosas con los discos de freno.<\/p>\n<p>A pesar de su larga vida \u00fatil, esta pastilla de freno deportiva produce un alto nivel de polvo de freno, pero como con todas las pastillas de freno EBC, no se produce polvo de freno agresivo.<\/p>\n<p>Como todas las pastillas de freno EBC del sector de la automoci\u00f3n, todas las pastillas de freno deportivas EBC Greenstuff tienen un revestimiento de rodaje, bordes rotos, una ranura t\u00e9rmica y un revestimiento en polvo.<\/p>\n<p>&nbsp;<\/p>\n<div id=\"attachment_68256022\" style=\"width: 460px\" class=\"wp-caption alignnone\"><img decoding=\"async\" aria-describedby=\"caption-attachment-68256022\" class=\"wp-image-68256022\" src=\"https:\/\/kraftwerk-shop.cc\/wp-content\/uploads\/2021\/09\/EBC_Yellowstuff_Info-300x229.jpg\" alt=\"EBC Yellowstuff Chrysler, Dodge, Jeep\" width=\"450\" height=\"343\" \/><p id=\"caption-attachment-68256022\" class=\"wp-caption-text\">Caracter\u00edsticas de las pastillas de freno EBC Yellowstuff<\/p><\/div>\n<p>&nbsp;<\/p>\n<p>N\u00famero OE (s\u00f3lo a efectos comparativos): 5174311AA, 5174311AB, 5174311AC, 05174311AA, 05174311AB, 05174311AC, 68144213AA, 68144213AB, 68144213AC, 68002193AA<br \/>\nAprobaci\u00f3n: REG90<\/p>\n<p>Lugar de montaje: Eje delantero<\/p>\n<p>&nbsp;<\/p>\n<p><strong>Adecuado para:<br \/>\n<\/strong><\/p>\n<table width=\"0\">\n<tbody>\n<tr>\n<td width=\"64\">Chrysler<\/td>\n<td width=\"117\">300C<\/td>\n<td width=\"137\">6.1, 6.4<\/td>\n<td width=\"391\">Todos los modelos con discos de freno de 360 mm<\/td>\n<\/tr>\n<tr>\n<td width=\"64\">Dodge<\/td>\n<td width=\"117\">Challenger<\/td>\n<td width=\"137\">6.1, 6.4<\/td>\n<td width=\"391\">Todos los modelos con discos de freno de 360 mm<\/td>\n<\/tr>\n<tr>\n<td width=\"64\">Dodge<\/td>\n<td width=\"117\">Charger<\/td>\n<td width=\"137\">6.1, 6.4<\/td>\n<td width=\"391\">Todos los modelos con discos de freno de 360 mm<\/td>\n<\/tr>\n<tr>\n<td width=\"64\">Dodge<\/td>\n<td width=\"117\">Magnum<\/td>\n<td width=\"137\">6.1<\/td>\n<td width=\"391\">Todos los modelos con discos de freno de 360 mm<\/td>\n<\/tr>\n<tr>\n<td width=\"64\">Jeep<\/td>\n<td width=\"117\">Grand Cherokee<\/td>\n<td width=\"137\">6.1<\/td>\n<td width=\"391\">todos los a\u00f1os de construcci\u00f3n<\/td>\n<\/tr>\n<\/tbody>\n<\/table>\n<p><strong>\u00a0<\/strong><\/p>\n<p><strong>Volumen de suministro: <\/strong><\/p>\n<p>- 1 juego de pastillas de freno EBC Yellowstuff (DP41764R) para el eje delantero<\/p>","protected":false},"excerpt":{"rendered":"<p>Adecuado para discos de freno de 360 mm<\/p>","protected":false},"featured_media":68274432,"comment_status":"open","ping_status":"closed","template":"","meta":{"_acf_changed":false},"product_brand":[16875],"product_cat":[17731,17735,17695,17687,17755,17763,17775,17956],"product_tag":[836,837,960,52,2156,217,834,835,833,92,93,17915,17993,17994,17995,1046,590,10803,795,840,54,53,48,536,49,3853,3854,2197,964,2442,16877,16876,16878,56,126,50,4425,36,55,2138,970,96,164,2139,842,841,974,673,2135,2137],"class_list":{"0":"post-68256027","1":"product","2":"type-product","3":"status-publish","4":"has-post-thumbnail","6":"product_brand-ebc-brakes","7":"product_cat-300c-61-bremsbelaege-vorne","8":"product_cat-300c-64-bremsbelaege-vorne","9":"product_cat-challenger-61-bremsbelaege-vorne","10":"product_cat-challenger-64-bremsbelaege-vorne","11":"product_cat-charger-61-bremsbelaege-vorne","12":"product_cat-charger-64-bremsbelaege-vorne","13":"product_cat-magnum-61-bremsbelaege-vorne","14":"product_cat-grand-cherokee-61-bremsbelaege-vorne","15":"product_tag-05174311aa","16":"product_tag-05174311ab","17":"product_tag-05174311ac","18":"product_tag-300c","19":"product_tag-360-mm","20":"product_tag-217","21":"product_tag-5174311aa","22":"product_tag-5174311ab","23":"product_tag-5174311ac","24":"product_tag-6-1","25":"product_tag-6-4","26":"product_tag-68002193aa","27":"product_tag-68144213aa","28":"product_tag-68144213ab","29":"product_tag-68144213ac","30":"product_tag-abe","31":"product_tag-bremsbelaege","32":"product_tag-bremsbelaege-fuer-dodge-challenger-6-4","33":"product_tag-bremse","34":"product_tag-bremskloetze","35":"product_tag-challenger","36":"product_tag-charger","37":"product_tag-chrysler","38":"product_tag-chrysler-300c","39":"product_tag-dodge","40":"product_tag-dodge-challenger","41":"product_tag-dodge-charger","42":"product_tag-dp41764r","43":"product_tag-ebc","44":"product_tag-ebc-brakes","45":"product_tag-ebc-bremsbelaege","46":"product_tag-ebc-bremsen","47":"product_tag-ebc-bremsscheiben","48":"product_tag-grand-cherokee","49":"product_tag-hemi","50":"product_tag-jeep","51":"product_tag-jeep-grand-cherokee","52":"product_tag-kraftwerk","53":"product_tag-magnum","54":"product_tag-reg90","55":"product_tag-sportbremsbelaege","56":"product_tag-srt","57":"product_tag-srt8","58":"product_tag-tuev","59":"product_tag-vorderachse","60":"product_tag-vorne","61":"product_tag-yellowstuff","62":"product_tag-zubehoer","63":"product_tag-zubehoerbremsbelaege","64":"product_tag-zulassung","66":"first","67":"onbackorder","68":"taxable","69":"shipping-taxable","70":"purchasable","71":"product-type-simple"},"bundled_by":[],"bundle_stock_status":"onbackorder","bundle_stock_quantity":0,"bundle_virtual":false,"bundle_layout":"","bundle_add_to_cart_form_location":"","bundle_editable_in_cart":false,"bundle_sold_individually_context":"","bundle_item_grouping":"","bundle_min_size":"","bundle_max_size":"","bundle_price":[],"bundled_items":[],"bundle_sell_ids":[],"exclude_global_add_ons":[],"addons":[],"acf":[],"_links":{"self":[{"href":"https:\/\/kraftwerk-shop.cc\/es\/wp-json\/wp\/v2\/product\/68256027","targetHints":{"allow":["GET"]}}],"collection":[{"href":"https:\/\/kraftwerk-shop.cc\/es\/wp-json\/wp\/v2\/product"}],"about":[{"href":"https:\/\/kraftwerk-shop.cc\/es\/wp-json\/wp\/v2\/types\/product"}],"replies":[{"embeddable":true,"href":"https:\/\/kraftwerk-shop.cc\/es\/wp-json\/wp\/v2\/comments?post=68256027"}],"version-history":[{"count":0,"href":"https:\/\/kraftwerk-shop.cc\/es\/wp-json\/wp\/v2\/product\/68256027\/revisions"}],"wp:featuredmedia":[{"embeddable":true,"href":"https:\/\/kraftwerk-shop.cc\/es\/wp-json\/wp\/v2\/media\/68274432"}],"wp:attachment":[{"href":"https:\/\/kraftwerk-shop.cc\/es\/wp-json\/wp\/v2\/media?parent=68256027"}],"wp:term":[{"taxonomy":"product_brand","embeddable":true,"href":"https:\/\/kraftwerk-shop.cc\/es\/wp-json\/wp\/v2\/product_brand?post=68256027"},{"taxonomy":"product_cat","embeddable":true,"href":"https:\/\/kraftwerk-shop.cc\/es\/wp-json\/wp\/v2\/product_cat?post=68256027"},{"taxonomy":"product_tag","embeddable":true,"href":"https:\/\/kraftwerk-shop.cc\/es\/wp-json\/wp\/v2\/product_tag?post=68256027"}],"curies":[{"name":"wp","href":"https:\/\/api.w.org\/{rel}","templated":true}]}}