{"id":68256074,"date":"2021-09-28T13:29:59","date_gmt":"2021-09-28T11:29:59","guid":{"rendered":"https:\/\/kraftwerk-gruppe.de\/?post_type=product&#038;p=68256074"},"modified":"2026-02-15T00:50:47","modified_gmt":"2026-02-14T23:50:47","slug":"magnaflow-19235-dodge-charger","status":"publish","type":"product","link":"https:\/\/kraftwerk-shop.cc\/es\/produkt\/magnaflow-19235-dodge-charger\/","title":{"rendered":"MagnaFlow Race Series Dodge Charger"},"content":{"rendered":"<h1>Serie MagnaFlow Race para Dodge Charger<\/h1>\n<p>&nbsp;<\/p>\n<p>El compromiso de MagnaFlow de dise\u00f1ar y fabricar los mejores sistemas de escape deportivos garantiza un sonido y una experiencia de conducci\u00f3n superiores. Fabricados con materiales de alta calidad, dise\u00f1ados para un ajuste y rendimiento \u00f3ptimos.<\/p>\n<p>El sistema de escape de acero inoxidable de la serie RACE est\u00e1 dise\u00f1ado de tal manera que se omite el silenciador trasero para evitar la contrapresi\u00f3n no deseada. El resultado es un sonido fuerte y muy agresivo de coche de carreras.<\/p>\n<p><img decoding=\"async\" class=\"alignnone size-medium wp-image-68256076\" src=\"https:\/\/kraftwerk-shop.cc\/wp-content\/uploads\/2021\/09\/19235-Charger-Race-300x128.jpg\" alt=\"MagnaFlow 19235 Charger\" width=\"300\" height=\"128\" \/><\/p>\n<p><span style=\"color: #800000;\"><a style=\"color: #800000;\" href=\"https:\/\/kraftwerk-shop.cc\/wp-content\/uploads\/2021\/09\/19235.pdf\" target=\"_blank\" rel=\"noopener\">Descargar instrucciones de instalaci\u00f3n<\/a><\/span><\/p>\n<p>El MagnaFlow Race Series 19235 se adapta a los siguientes modelos:<\/p>\n<p>2021 Charger V8 6.4L<br \/>\n2021 Charger V8 6.2L<br \/>\n2020 Charger V8 6.4L<br \/>\n2020 Charger V8 6.2L<br \/>\n2019 Charger V8 6.4L<br \/>\n2019 Charger V8 6.2L<br \/>\n2018 Charger V8 6.4L<br \/>\n2018 Charger V8 6.2L<br \/>\n2017 Charger V8 6.4L<br \/>\n2017 Charger V8 6.2L<br \/>\n2016 Charger V8 6.4L<br \/>\n2016 Charger V8 6.2L<br \/>\n2015 Charger V8 6.2L<br \/>\n2015 Charger V8 6.4L<\/p>\n<p>&nbsp;<\/p>\n<p><strong>Nota importante para veh\u00edculos con desactivaci\u00f3n de cilindros:<\/strong><\/p>\n<p>Debido a la desactivaci\u00f3n de cilindros, el sonido en el modo de 4 cilindros junto con un escape deportivo (independientemente del fabricante) suele percibirse como \"inadecuado\".<br \/>\nPodemos remediarlo desactivando electr\u00f3nicamente la desactivaci\u00f3n de cilindros.<br \/>\nEl veh\u00edculo siempre funciona con los 8 cilindros y siempre tiene el sonido V8 deseado.<\/p>\n<p>Para los clientes que nos compren este sistema de escape MagnaFlow, ofrecemos la desactivaci\u00f3n de la desactivaci\u00f3n de cilindros para este modelo a un precio especial de 179 euros (en lugar de 279 euros) IVA incluido.<\/p>","protected":false},"excerpt":{"rendered":"<p>2015-2021<\/p>","protected":false},"featured_media":68267011,"comment_status":"open","ping_status":"closed","template":"","meta":{"_acf_changed":false},"product_brand":[18925],"product_cat":[6596,6558,3024],"product_tag":[2214,249,250,251,252,419,420,217,93,1046,1035,1036,546,1037,1047,2210,53,429,49,3854,662,1043,1039,1042,2212,2934,100,532,529,441,20273,2211,2208,2062,1044,783,1181,787,1045,547,1034,1038,96,164,233,2137],"class_list":{"0":"post-68256074","1":"product","2":"type-product","3":"status-publish","4":"has-post-thumbnail","6":"product_brand-magnaflow","7":"product_cat-charger-hellcat-abgasanlage-catback","8":"product_cat-charger-64-catback","9":"product_cat-nicht-nach-eu","10":"product_tag-2214","11":"product_tag-249","12":"product_tag-250","13":"product_tag-251","14":"product_tag-252","15":"product_tag-419","16":"product_tag-420","17":"product_tag-217","18":"product_tag-6-4","19":"product_tag-abe","20":"product_tag-abgasanlage","21":"product_tag-abgassystem","22":"product_tag-auspuff","23":"product_tag-auspuffsystem","24":"product_tag-cat-back","25":"product_tag-catback","26":"product_tag-charger","27":"product_tag-deutschland","28":"product_tag-dodge","29":"product_tag-dodge-charger","30":"product_tag-edelstahl","31":"product_tag-endrohr","32":"product_tag-endschalldaempfer","33":"product_tag-endtopf","34":"product_tag-gutachten","35":"product_tag-harder","36":"product_tag-hellcat","37":"product_tag-kat","38":"product_tag-katalysator","39":"product_tag-kaufen","40":"product_tag-keintuev","41":"product_tag-klang","42":"product_tag-lauter","43":"product_tag-magnaflow","44":"product_tag-mittelschalldaempfer","45":"product_tag-r-t","46":"product_tag-race","47":"product_tag-rt","48":"product_tag-sound","49":"product_tag-sportauspuff","50":"product_tag-sportauspuffanlage","51":"product_tag-sportendschalldaempfer","52":"product_tag-srt","53":"product_tag-srt8","54":"product_tag-tuning","55":"product_tag-zulassung","56":"product_shipping_class-paket-xl","58":"first","59":"onbackorder","60":"taxable","61":"shipping-taxable","62":"purchasable","63":"product-type-simple"},"bundled_by":[],"bundle_stock_status":"onbackorder","bundle_stock_quantity":0,"bundle_virtual":false,"bundle_layout":"","bundle_add_to_cart_form_location":"","bundle_editable_in_cart":false,"bundle_sold_individually_context":"","bundle_item_grouping":"","bundle_min_size":"","bundle_max_size":"","bundle_price":[],"bundled_items":[],"bundle_sell_ids":[],"exclude_global_add_ons":[],"addons":[],"acf":[],"_links":{"self":[{"href":"https:\/\/kraftwerk-shop.cc\/es\/wp-json\/wp\/v2\/product\/68256074","targetHints":{"allow":["GET"]}}],"collection":[{"href":"https:\/\/kraftwerk-shop.cc\/es\/wp-json\/wp\/v2\/product"}],"about":[{"href":"https:\/\/kraftwerk-shop.cc\/es\/wp-json\/wp\/v2\/types\/product"}],"replies":[{"embeddable":true,"href":"https:\/\/kraftwerk-shop.cc\/es\/wp-json\/wp\/v2\/comments?post=68256074"}],"version-history":[{"count":0,"href":"https:\/\/kraftwerk-shop.cc\/es\/wp-json\/wp\/v2\/product\/68256074\/revisions"}],"wp:featuredmedia":[{"embeddable":true,"href":"https:\/\/kraftwerk-shop.cc\/es\/wp-json\/wp\/v2\/media\/68267011"}],"wp:attachment":[{"href":"https:\/\/kraftwerk-shop.cc\/es\/wp-json\/wp\/v2\/media?parent=68256074"}],"wp:term":[{"taxonomy":"product_brand","embeddable":true,"href":"https:\/\/kraftwerk-shop.cc\/es\/wp-json\/wp\/v2\/product_brand?post=68256074"},{"taxonomy":"product_cat","embeddable":true,"href":"https:\/\/kraftwerk-shop.cc\/es\/wp-json\/wp\/v2\/product_cat?post=68256074"},{"taxonomy":"product_tag","embeddable":true,"href":"https:\/\/kraftwerk-shop.cc\/es\/wp-json\/wp\/v2\/product_tag?post=68256074"}],"curies":[{"name":"wp","href":"https:\/\/api.w.org\/{rel}","templated":true}]}}