{"id":68256079,"date":"2021-09-28T15:35:03","date_gmt":"2021-09-28T13:35:03","guid":{"rendered":"https:\/\/kraftwerk-gruppe.de\/?post_type=product&#038;p=68256079"},"modified":"2026-02-15T00:01:23","modified_gmt":"2026-02-14T23:01:23","slug":"magnaflow-street-series-jeep-grand-cherokee-srt","status":"publish","type":"product","link":"https:\/\/kraftwerk-shop.cc\/es\/produkt\/magnaflow-street-serie-jeep-grand-cherokee-srt\/","title":{"rendered":"MagnaFlow Street Series Jeep Grand Cherokee SRT"},"content":{"rendered":"<h1>MagnaFlow Street series para Jeep Grand Cherokee SRT<\/h1>\n<p>&nbsp;<\/p>\n<p>El compromiso de MagnaFlow de dise\u00f1ar y fabricar los mejores sistemas de escape deportivos garantiza un sonido y una experiencia de conducci\u00f3n superiores. Fabricados con materiales de alta calidad, dise\u00f1ados para un ajuste y rendimiento \u00f3ptimos.<\/p>\n<p>El sistema de escape de alto rendimiento Street Series de acero inoxidable proporciona un aumento de rendimiento probado en banco de potencia con un sonido agradable en el interior y un sonido potente en el exterior.<\/p>\n<p><img decoding=\"async\" class=\"alignnone size-medium wp-image-68256080\" src=\"https:\/\/kraftwerk-shop.cc\/wp-content\/uploads\/2021\/09\/15064_Jeep_Street-300x132.jpg\" alt=\"MagnaFlow 15064 Jeep SRT Street\" width=\"300\" height=\"132\" \/><\/p>\n<p><span style=\"color: #800000;\"><a style=\"color: #800000;\" href=\"https:\/\/kraftwerk-shop.cc\/wp-content\/uploads\/2021\/09\/15064.pdf\" target=\"_blank\" rel=\"noopener\">Descargar instrucciones de instalaci\u00f3n<\/a><\/span><\/p>\n<p>El MagnaFlow Street Series 15064 se adapta a los siguientes modelos:<\/p>\n<p>2021 Grand Cherokee V8 6.4L<br \/>\n2021 Grand Cherokee V8 6.2L<br \/>\n2020 Grand Cherokee V8 6.4L<br \/>\n2020 Grand Cherokee V8 6.2L<br \/>\n2019 Grand Cherokee V8 6.4L<br \/>\n2019 Grand Cherokee V8 6.2L<br \/>\n2018 Grand Cherokee V8 6.4L<br \/>\n2018 Grand Cherokee V8 6.2L<br \/>\n2017 Grand Cherokee V8 6.4L<br \/>\n2016 Grand Cherokee V8 6.4L<br \/>\n2015 Grand Cherokee V8 6.4L<br \/>\n2014 Grand Cherokee V8 6.4L<br \/>\n2013 Grand Cherokee V8 6.4L<br \/>\n2012 Grand Cherokee V8 6.4L<\/p>\n<p>&nbsp;<\/p>\n<p><strong>Nota importante para veh\u00edculos con desactivaci\u00f3n de cilindros:<\/strong><\/p>\n<p>Debido a la desactivaci\u00f3n de cilindros, el sonido en el modo de 4 cilindros junto con un escape deportivo (independientemente del fabricante) suele percibirse como \"inadecuado\".<br \/>\nPodemos remediarlo desactivando electr\u00f3nicamente la desactivaci\u00f3n de cilindros.<br \/>\nEl veh\u00edculo siempre funciona con los 8 cilindros y siempre tiene el sonido V8 deseado.<\/p>\n<p>Para los clientes que nos compren este sistema de escape MagnaFlow, ofrecemos la desactivaci\u00f3n de la desactivaci\u00f3n de cilindros para este modelo a un precio especial de 179 euros (en lugar de 279 euros) IVA incluido.<\/p>","protected":false},"excerpt":{"rendered":"<p>2012-2021<\/p>","protected":false},"featured_media":68256082,"comment_status":"open","ping_status":"closed","template":"","meta":{"_acf_changed":false},"product_brand":[18925],"product_cat":[6632,6589,3024],"product_tag":[2216,2214,177,165,248,249,250,251,252,419,420,217,91,93,1046,1035,1036,546,1037,1047,2210,53,429,49,662,1043,1039,1042,2212,2934,100,50,4425,532,529,441,20273,2211,1040,2208,2062,1044,783,1181,787,1045,1041,547,1034,1038,96,164,2215,1057,102,233,2139,2137],"class_list":{"0":"post-68256079","1":"product","2":"type-product","3":"status-publish","4":"has-post-thumbnail","6":"product_brand-magnaflow","7":"product_cat-trackhawk-abgasanlage-catback","8":"product_cat-grand-cherokee-64-abgasanlage-catback","9":"product_cat-nicht-nach-eu","10":"product_tag-2216","11":"product_tag-2214","12":"product_tag-177","13":"product_tag-165","14":"product_tag-248","15":"product_tag-249","16":"product_tag-250","17":"product_tag-251","18":"product_tag-252","19":"product_tag-419","20":"product_tag-420","21":"product_tag-217","22":"product_tag-5-7","23":"product_tag-6-4","24":"product_tag-abe","25":"product_tag-abgasanlage","26":"product_tag-abgassystem","27":"product_tag-auspuff","28":"product_tag-auspuffsystem","29":"product_tag-cat-back","30":"product_tag-catback","31":"product_tag-charger","32":"product_tag-deutschland","33":"product_tag-dodge","34":"product_tag-edelstahl","35":"product_tag-endrohr","36":"product_tag-endschalldaempfer","37":"product_tag-endtopf","38":"product_tag-gutachten","39":"product_tag-harder","40":"product_tag-hellcat","41":"product_tag-jeep","42":"product_tag-jeep-grand-cherokee","43":"product_tag-kat","44":"product_tag-katalysator","45":"product_tag-kaufen","46":"product_tag-keintuev","47":"product_tag-klang","48":"product_tag-laut","49":"product_tag-lauter","50":"product_tag-magnaflow","51":"product_tag-mittelschalldaempfer","52":"product_tag-r-t","53":"product_tag-race","54":"product_tag-rt","55":"product_tag-sound","56":"product_tag-sport","57":"product_tag-sportauspuff","58":"product_tag-sportauspuffanlage","59":"product_tag-sportendschalldaempfer","60":"product_tag-srt","61":"product_tag-srt8","62":"product_tag-street","63":"product_tag-touring","64":"product_tag-trackhawk","65":"product_tag-tuning","66":"product_tag-tuev","67":"product_tag-zulassung","68":"product_shipping_class-spedition-1","70":"first","71":"onbackorder","72":"taxable","73":"shipping-taxable","74":"purchasable","75":"product-type-simple"},"bundled_by":[],"bundle_stock_status":"onbackorder","bundle_stock_quantity":0,"bundle_virtual":false,"bundle_layout":"","bundle_add_to_cart_form_location":"","bundle_editable_in_cart":false,"bundle_sold_individually_context":"","bundle_item_grouping":"","bundle_min_size":"","bundle_max_size":"","bundle_price":[],"bundled_items":[],"bundle_sell_ids":[],"exclude_global_add_ons":[],"addons":[],"acf":[],"_links":{"self":[{"href":"https:\/\/kraftwerk-shop.cc\/es\/wp-json\/wp\/v2\/product\/68256079","targetHints":{"allow":["GET"]}}],"collection":[{"href":"https:\/\/kraftwerk-shop.cc\/es\/wp-json\/wp\/v2\/product"}],"about":[{"href":"https:\/\/kraftwerk-shop.cc\/es\/wp-json\/wp\/v2\/types\/product"}],"replies":[{"embeddable":true,"href":"https:\/\/kraftwerk-shop.cc\/es\/wp-json\/wp\/v2\/comments?post=68256079"}],"version-history":[{"count":0,"href":"https:\/\/kraftwerk-shop.cc\/es\/wp-json\/wp\/v2\/product\/68256079\/revisions"}],"wp:featuredmedia":[{"embeddable":true,"href":"https:\/\/kraftwerk-shop.cc\/es\/wp-json\/wp\/v2\/media\/68256082"}],"wp:attachment":[{"href":"https:\/\/kraftwerk-shop.cc\/es\/wp-json\/wp\/v2\/media?parent=68256079"}],"wp:term":[{"taxonomy":"product_brand","embeddable":true,"href":"https:\/\/kraftwerk-shop.cc\/es\/wp-json\/wp\/v2\/product_brand?post=68256079"},{"taxonomy":"product_cat","embeddable":true,"href":"https:\/\/kraftwerk-shop.cc\/es\/wp-json\/wp\/v2\/product_cat?post=68256079"},{"taxonomy":"product_tag","embeddable":true,"href":"https:\/\/kraftwerk-shop.cc\/es\/wp-json\/wp\/v2\/product_tag?post=68256079"}],"curies":[{"name":"wp","href":"https:\/\/api.w.org\/{rel}","templated":true}]}}