{"id":68256684,"date":"2021-10-08T19:54:27","date_gmt":"2021-10-08T17:54:27","guid":{"rendered":"https:\/\/kraftwerk-gruppe.de\/?post_type=product&#038;p=68256684"},"modified":"2026-04-06T15:19:05","modified_gmt":"2026-04-06T13:19:05","slug":"mopar-filtro-de-aceite-5038041aa","status":"publish","type":"product","link":"https:\/\/kraftwerk-shop.cc\/es\/produkt\/mopar-oelfilter-5038041aa\/","title":{"rendered":"Filtro de aceite Mopar SRT (5038041AA)"},"content":{"rendered":"<h1>Filtro de aceite original Mopar SRT Performance 5038041AA (MO-041)<strong><br \/>\n<\/strong><\/h1>\n<p>&nbsp;<\/p>\n<p>Este filtro de aceite de repuesto Mopar fue desarrollado originalmente para el Dodge Viper, pero tambi\u00e9n se utiliza en otros veh\u00edculos que utilizan el filtro de aceite con n\u00famero de pieza 4884899AC de f\u00e1brica debido a sus mejores propiedades de filtrado.<br \/>\nAdem\u00e1s del mejor material filtrante, el bypass interno est\u00e1 dise\u00f1ado para que se abra m\u00e1s tarde que el filtro de aceite 4884899AC.<br \/>\nEsto significa que, en general, el aceite del motor est\u00e1 mejor filtrado.<\/p>\n<p>Nota: Aunque este filtro de aceite tiene mejores propiedades que el filtro de aceite 4884899AC, s\u00f3lo est\u00e1 aprobado oficialmente para el Dodge Viper.<br \/>\nAunque desde el punto de vista t\u00e9cnico pueda instalarse sin problemas, no podemos decir c\u00f3mo lo valorar\u00e1 el fabricante en caso de reclamaci\u00f3n de la garant\u00eda.<\/p>\n<p>&nbsp;<\/p>\n<p><strong>Adecuado para:<\/strong><\/p>\n<table width=\"449\">\n<tbody>\n<tr>\n<td width=\"115\"><strong>Marca<\/strong><\/td>\n<td width=\"145\"><strong>Modelo<\/strong><\/td>\n<td width=\"106\"><strong>Motor<\/strong><\/td>\n<td width=\"83\"><strong>A\u00f1o de construcci\u00f3n<\/strong><\/td>\n<\/tr>\n<tr>\n<td>Chrysler<\/td>\n<td>300C<\/td>\n<td>5.7<\/td>\n<td>2008-2023<\/td>\n<\/tr>\n<tr>\n<td>Chrysler<\/td>\n<td>300C<\/td>\n<td>6.1<\/td>\n<td>2008-2010<\/td>\n<\/tr>\n<tr>\n<td width=\"115\">Chrysler<\/td>\n<td width=\"145\">300C<\/td>\n<td>6.4<\/td>\n<td width=\"83\">2011-2023<\/td>\n<\/tr>\n<tr>\n<td>Dodge<\/td>\n<td>Challenger<\/td>\n<td>5.7<\/td>\n<td>2008-2023<\/td>\n<\/tr>\n<tr>\n<td>Dodge<\/td>\n<td>Challenger<\/td>\n<td>6.1<\/td>\n<td>2008-2010<\/td>\n<\/tr>\n<tr>\n<td width=\"115\">Dodge<\/td>\n<td width=\"145\">Challenger<\/td>\n<td width=\"106\">6.2 Hellcat<\/td>\n<td width=\"83\">2015-2023<\/td>\n<\/tr>\n<tr>\n<td width=\"115\">Dodge<\/td>\n<td width=\"145\">Challenger<\/td>\n<td>6.4<\/td>\n<td width=\"83\">2011-2023<\/td>\n<\/tr>\n<tr>\n<td>Dodge<\/td>\n<td>Charger<\/td>\n<td>5.7<\/td>\n<td>2008-2023<\/td>\n<\/tr>\n<tr>\n<td>Dodge<\/td>\n<td>Charger<\/td>\n<td>6.1<\/td>\n<td>2008-2010<\/td>\n<\/tr>\n<tr>\n<td width=\"115\">Dodge<\/td>\n<td width=\"145\">Charger<\/td>\n<td width=\"106\">6.2 Hellcat<\/td>\n<td width=\"83\">2015-2023<\/td>\n<\/tr>\n<tr>\n<td width=\"115\">Dodge<\/td>\n<td width=\"145\">Charger<\/td>\n<td>6.4<\/td>\n<td width=\"83\">2011-2023<\/td>\n<\/tr>\n<tr>\n<td>Dodge<\/td>\n<td>Durango<\/td>\n<td>5.7<\/td>\n<td>2013-2025<\/td>\n<\/tr>\n<tr>\n<td width=\"115\">Dodge<\/td>\n<td width=\"145\">Durango<\/td>\n<td width=\"106\">6.2 Hellcat<\/td>\n<td width=\"83\">2021-2025<\/td>\n<\/tr>\n<tr>\n<td>Dodge<\/td>\n<td>Durango<\/td>\n<td>6.4<\/td>\n<td>2018-2024<\/td>\n<\/tr>\n<tr>\n<td>Dodge<\/td>\n<td>Magnum<\/td>\n<td>6.1<\/td>\n<td>2008<\/td>\n<\/tr>\n<tr>\n<td>Dodge<\/td>\n<td>Magnum<\/td>\n<td>5.7<\/td>\n<td>2008<\/td>\n<\/tr>\n<tr>\n<td>Jeep<\/td>\n<td>Commander<\/td>\n<td>5.7<\/td>\n<td>2008-2010<\/td>\n<\/tr>\n<tr>\n<td>Jeep<\/td>\n<td>Grand Cherokee<\/td>\n<td>5.7<\/td>\n<td>2008-2023<\/td>\n<\/tr>\n<tr>\n<td>Jeep<\/td>\n<td>Grand Cherokee<\/td>\n<td>6.1<\/td>\n<td>2008-2010<\/td>\n<\/tr>\n<tr>\n<td width=\"115\">Jeep<\/td>\n<td width=\"145\">Grand Cherokee<\/td>\n<td width=\"106\">6,2 Trackhawk<\/td>\n<td width=\"83\">2018-2021<\/td>\n<\/tr>\n<tr>\n<td>Jeep<\/td>\n<td>Grand Cherokee<\/td>\n<td>6.4<\/td>\n<td>2011-2021<\/td>\n<\/tr>\n<tr>\n<td>Jeep<\/td>\n<td>Wrangler<\/td>\n<td>6.4<\/td>\n<td>2021-2023<\/td>\n<\/tr>\n<tr>\n<td>RAM<\/td>\n<td>1500<\/td>\n<td>5.7<\/td>\n<td>2009-2024<\/td>\n<\/tr>\n<tr>\n<td width=\"115\">RAM<\/td>\n<td width=\"145\">1500<\/td>\n<td width=\"106\">6.2 TRX<\/td>\n<td width=\"83\">2021-2024<\/td>\n<\/tr>\n<tr>\n<td>RAM<\/td>\n<td>2500<\/td>\n<td>6.4<\/td>\n<td>2014-2025<\/td>\n<\/tr>\n<\/tbody>\n<\/table>\n<p>&nbsp;<\/p>\n<p>No apto para veh\u00edculos m\u00e1s antiguos. Estos tienen una rosca diferente en el filtro de aceite.<\/p>","protected":false},"excerpt":{"rendered":"<p>Pieza original Mopar<\/p>","protected":false},"featured_media":68271395,"comment_status":"open","ping_status":"closed","template":"","meta":{"_acf_changed":false},"product_brand":[16270],"product_cat":[1590,1695,1703,1630,1638,2710,1663,8049,1767,1775,2963,2706],"product_tag":[4989,4993,18239,52,217,4991,685,91,2404,92,93,54,53,48,536,94,49,3853,3854,95,2321,648,56,126,675,50,4425,4427,4426,2405,31,7221,404,2320,647,2453,655,34,35,86,674,96,164,38,102,2353,37,673],"class_list":{"0":"post-68256684","1":"product","2":"type-product","3":"status-publish","4":"has-post-thumbnail","6":"product_brand-mopar","7":"product_cat-300c-64-wartung","8":"product_cat-challenger-hellcat-wartung","9":"product_cat-challenger-64-wartung","10":"product_cat-charger-hellcat-wartung","11":"product_cat-charger-64-wartung","12":"product_cat-durango-hellcat-wartung","13":"product_cat-durango-64-wartung","14":"product_cat-viper-84-wartung","15":"product_cat-trackhawk-wartung","16":"product_cat-grand-cherokee-64-wartung","17":"product_cat-wrangler-64-wartung","18":"product_cat-trx-wartung","19":"product_tag-04884899ab","20":"product_tag-04884899ac","21":"product_tag-05038041aa","22":"product_tag-300c","23":"product_tag-217","24":"product_tag-4884899ab","25":"product_tag-4884899ac","26":"product_tag-5-7","27":"product_tag-5038041aa","28":"product_tag-6-1","29":"product_tag-6-4","30":"product_tag-challenger","31":"product_tag-charger","32":"product_tag-chrysler","33":"product_tag-chrysler-300c","34":"product_tag-commander","35":"product_tag-dodge","36":"product_tag-dodge-challenger","37":"product_tag-dodge-charger","38":"product_tag-durango","39":"product_tag-erstausruester","40":"product_tag-filter","41":"product_tag-grand-cherokee","42":"product_tag-hemi","43":"product_tag-inspektion","44":"product_tag-jeep","45":"product_tag-jeep-grand-cherokee","46":"product_tag-jeep-grand-cherokee-trackhawk","47":"product_tag-jeep-trackhawk","48":"product_tag-mo-041","49":"product_tag-mopar","50":"product_tag-mopar10","51":"product_tag-motoroel","52":"product_tag-motoroelfilter","53":"product_tag-oelfilter","54":"product_tag-oelfilter10","55":"product_tag-oelwechsel","56":"product_tag-original","57":"product_tag-originalersatzteil","58":"product_tag-ram","59":"product_tag-service","60":"product_tag-srt","61":"product_tag-srt8","62":"product_tag-teile","63":"product_tag-trackhawk","64":"product_tag-trx","65":"product_tag-wartung","66":"product_tag-zubehoer","68":"first","69":"outofstock","70":"taxable","71":"shipping-taxable","72":"purchasable","73":"product-type-simple"},"bundled_by":[],"bundle_stock_status":"outofstock","bundle_stock_quantity":0,"bundle_virtual":false,"bundle_layout":"","bundle_add_to_cart_form_location":"","bundle_editable_in_cart":false,"bundle_sold_individually_context":"","bundle_item_grouping":"","bundle_min_size":"","bundle_max_size":"","bundle_price":[],"bundled_items":[],"bundle_sell_ids":[],"exclude_global_add_ons":[],"addons":[],"acf":[],"_links":{"self":[{"href":"https:\/\/kraftwerk-shop.cc\/es\/wp-json\/wp\/v2\/product\/68256684","targetHints":{"allow":["GET"]}}],"collection":[{"href":"https:\/\/kraftwerk-shop.cc\/es\/wp-json\/wp\/v2\/product"}],"about":[{"href":"https:\/\/kraftwerk-shop.cc\/es\/wp-json\/wp\/v2\/types\/product"}],"replies":[{"embeddable":true,"href":"https:\/\/kraftwerk-shop.cc\/es\/wp-json\/wp\/v2\/comments?post=68256684"}],"version-history":[{"count":0,"href":"https:\/\/kraftwerk-shop.cc\/es\/wp-json\/wp\/v2\/product\/68256684\/revisions"}],"wp:featuredmedia":[{"embeddable":true,"href":"https:\/\/kraftwerk-shop.cc\/es\/wp-json\/wp\/v2\/media\/68271395"}],"wp:attachment":[{"href":"https:\/\/kraftwerk-shop.cc\/es\/wp-json\/wp\/v2\/media?parent=68256684"}],"wp:term":[{"taxonomy":"product_brand","embeddable":true,"href":"https:\/\/kraftwerk-shop.cc\/es\/wp-json\/wp\/v2\/product_brand?post=68256684"},{"taxonomy":"product_cat","embeddable":true,"href":"https:\/\/kraftwerk-shop.cc\/es\/wp-json\/wp\/v2\/product_cat?post=68256684"},{"taxonomy":"product_tag","embeddable":true,"href":"https:\/\/kraftwerk-shop.cc\/es\/wp-json\/wp\/v2\/product_tag?post=68256684"}],"curies":[{"name":"wp","href":"https:\/\/api.w.org\/{rel}","templated":true}]}}