{"id":68256690,"date":"2021-10-09T13:26:13","date_gmt":"2021-10-09T11:26:13","guid":{"rendered":"https:\/\/kraftwerk-gruppe.de\/?post_type=product&#038;p=68256690"},"modified":"2026-02-15T00:49:59","modified_gmt":"2026-02-14T23:49:59","slug":"jlt-cold-air-intake-dodge-durango-hellcat","status":"publish","type":"product","link":"https:\/\/kraftwerk-shop.cc\/es\/produkt\/jlt-cold-air-intake-dodge-durango-hellcat\/","title":{"rendered":"JLT Admisi\u00f3n de aire fr\u00edo Dodge Durango Hellcat"},"content":{"rendered":"<h1>JLT Sistema de admisi\u00f3n de aire fr\u00edo \/ filtro de aire deportivo para Dodge Durango Hellcat<\/h1>\n<p>&nbsp;<\/p>\n<p><strong>Filtro de aire grande<\/strong><br \/>\nEl filtro de aire de generosas dimensiones permite un mayor flujo de aire que el filtro est\u00e1ndar.<br \/>\nEl elemento filtrante del aire est\u00e1 compuesto por material filtrante de algod\u00f3n, que se humedece con un aceite filtrante especial y puede lavarse. Esto maximiza la capacidad y el rendimiento del filtro.<\/p>\n<p><strong>Colector de admisi\u00f3n<\/strong><br \/>\nEl tubo de admisi\u00f3n est\u00e1 hecho de pl\u00e1stico rotomoldeado con una enorme abertura de filtro de 5\u2033 para un flujo de aire superior y SIN acumulaci\u00f3n de calor como con los tubos de metal.<br \/>\nCon una abertura de 4,5\u2033 en el extremo de la v\u00e1lvula de mariposa, tambi\u00e9n es adecuado para v\u00e1lvulas de mariposa m\u00e1s grandes.<\/p>\n<p><strong>Carcasa del filtro de aire<\/strong><br \/>\nIncluye nuestro gran escudo t\u00e9rmico de pl\u00e1stico ABS para aislar el aire de admisi\u00f3n del calor del motor al ralent\u00ed y a bajas revoluciones.<br \/>\nUtiliza una gran superficie para garantizar que el filtro reciba abundante aire fr\u00edo y aprovecha la entrada de aire fresco de f\u00e1brica del parachoques para mantener las temperaturas lo m\u00e1s bajas posible.<\/p>\n<p>&nbsp;<\/p>\n<p><strong>Material de instalaci\u00f3n de alta calidad<\/strong><\/p>\n<ul>\n<li>Colector de admisi\u00f3n de pl\u00e1stico moldeado JLT Roto<\/li>\n<li>Reductor de silicona<\/li>\n<li>Filtro de aire 5\u00d77 S&amp;B Powerstack<\/li>\n<li>Escudo t\u00e9rmico ABS<\/li>\n<li>Abrazaderas HD, todas las piezas necesarias<\/li>\n<li>Cubierta contra la lluvia para la abertura de ventilaci\u00f3n del cap\u00f3<\/li>\n<li>Instrucciones de instalaci\u00f3n en alem\u00e1n<\/li>\n<\/ul>\n<p>&nbsp;<\/p>\n<p><strong>detalles<\/strong><\/p>\n<p>- + 35 CV, + 35 NM de aumento m\u00e1ximo de potencia (especificaci\u00f3n del fabricante)<br \/>\n- Carcasa del filtro de aire con soportes para montaje directo<br \/>\n- Filtro de aire Pro 10R preengrasado, lavable y reutilizable para un rendimiento m\u00e1ximo<\/p>\n<p>&nbsp;<\/p>\n<p><strong>Adecuado para:<\/strong><\/p>\n<table width=\"584\">\n<tbody>\n<tr>\n<td width=\"97\"><strong>A\u00f1o de construcci\u00f3n<\/strong><\/td>\n<td width=\"158\"><strong>Marca<\/strong><\/td>\n<td width=\"134\"><strong>Modelo<\/strong><\/td>\n<td width=\"112\"><strong>Variante<\/strong><\/td>\n<td width=\"83\"><strong>Motor<\/strong><\/td>\n<\/tr>\n<tr>\n<td width=\"97\">2021-2025<\/td>\n<td width=\"158\">Dodge<\/td>\n<td width=\"134\">Durango<\/td>\n<td width=\"112\">Hellcat<\/td>\n<td width=\"83\">V8 6.2 L<\/td>\n<\/tr>\n<\/tbody>\n<\/table>\n<p>&nbsp;<\/p>\n<p><iframe loading=\"lazy\" title=\"JLT Admisi\u00f3n para 2021 Hellcat Durango Instalar\" width=\"500\" height=\"281\" src=\"https:\/\/www.youtube.com\/embed\/7n3ZIQWI5PU?feature=oembed\" frameborder=\"0\" allow=\"accelerometer; autoplay; clipboard-write; encrypted-media; gyroscope; picture-in-picture; web-share\" referrerpolicy=\"strict-origin-when-cross-origin\" allowfullscreen><\/iframe><\/p>","protected":false},"excerpt":{"rendered":"<p>JLT Cold Air Intake System \/ Sportluftfilter f\u00fcr Dodge Durango Hellcat &nbsp; Gro\u00dfer Luftfilter Der gro\u00dfz\u00fcgig dimensionierte Luftfilter erlaubt mehr<\/p>","protected":false},"featured_media":68277442,"comment_status":"open","ping_status":"closed","template":"","meta":{"_acf_changed":false},"product_brand":[17168],"product_cat":[2711],"product_tag":[2066,2373,4526,826,824,2406,825,49,95,100,1094,1093,2444,20273,57,500,102],"class_list":{"0":"post-68256690","1":"product","2":"type-product","3":"status-publish","4":"has-post-thumbnail","6":"product_brand-jlt","7":"product_cat-durango-hellcat-ansaugung","8":"product_tag-2066","9":"product_tag-2373","10":"product_tag-4526","11":"product_tag-ansaugung","12":"product_tag-cai","13":"product_tag-cai-ddhc-21","14":"product_tag-cold-air-intake","15":"product_tag-dodge","16":"product_tag-durango","17":"product_tag-hellcat","18":"product_tag-intake","19":"product_tag-jlt","20":"product_tag-jlt-performance","21":"product_tag-keintuev","22":"product_tag-luftfilter","23":"product_tag-sportluftfilter","24":"product_tag-trackhawk","25":"product_shipping_class-deutschlandohne","27":"first","28":"instock","29":"taxable","30":"shipping-taxable","31":"purchasable","32":"product-type-simple"},"bundled_by":[],"bundle_stock_status":"instock","bundle_stock_quantity":2,"bundle_virtual":false,"bundle_layout":"","bundle_add_to_cart_form_location":"","bundle_editable_in_cart":false,"bundle_sold_individually_context":"","bundle_item_grouping":"","bundle_min_size":"","bundle_max_size":"","bundle_price":[],"bundled_items":[],"bundle_sell_ids":[],"exclude_global_add_ons":[],"addons":[],"acf":[],"_links":{"self":[{"href":"https:\/\/kraftwerk-shop.cc\/es\/wp-json\/wp\/v2\/product\/68256690","targetHints":{"allow":["GET"]}}],"collection":[{"href":"https:\/\/kraftwerk-shop.cc\/es\/wp-json\/wp\/v2\/product"}],"about":[{"href":"https:\/\/kraftwerk-shop.cc\/es\/wp-json\/wp\/v2\/types\/product"}],"replies":[{"embeddable":true,"href":"https:\/\/kraftwerk-shop.cc\/es\/wp-json\/wp\/v2\/comments?post=68256690"}],"version-history":[{"count":0,"href":"https:\/\/kraftwerk-shop.cc\/es\/wp-json\/wp\/v2\/product\/68256690\/revisions"}],"wp:featuredmedia":[{"embeddable":true,"href":"https:\/\/kraftwerk-shop.cc\/es\/wp-json\/wp\/v2\/media\/68277442"}],"wp:attachment":[{"href":"https:\/\/kraftwerk-shop.cc\/es\/wp-json\/wp\/v2\/media?parent=68256690"}],"wp:term":[{"taxonomy":"product_brand","embeddable":true,"href":"https:\/\/kraftwerk-shop.cc\/es\/wp-json\/wp\/v2\/product_brand?post=68256690"},{"taxonomy":"product_cat","embeddable":true,"href":"https:\/\/kraftwerk-shop.cc\/es\/wp-json\/wp\/v2\/product_cat?post=68256690"},{"taxonomy":"product_tag","embeddable":true,"href":"https:\/\/kraftwerk-shop.cc\/es\/wp-json\/wp\/v2\/product_tag?post=68256690"}],"curies":[{"name":"wp","href":"https:\/\/api.w.org\/{rel}","templated":true}]}}