{"id":68256711,"date":"2021-10-09T20:27:39","date_gmt":"2021-10-09T18:27:39","guid":{"rendered":"https:\/\/kraftwerk-gruppe.de\/?post_type=product&#038;p=68256711"},"modified":"2026-03-12T00:01:40","modified_gmt":"2026-03-11T23:01:40","slug":"jlt-cold-air-intake-rain-deflector-challenger-hellcat","status":"publish","type":"product","link":"https:\/\/kraftwerk-shop.cc\/es\/produkt\/jlt-cold-air-intake-regenabweiser-challenger-hellcat\/","title":{"rendered":"Deflector de lluvia JLT Cold Air Intake Challenger Hellcat 2015 - 2018"},"content":{"rendered":"<h1>JLT Dodge Challenger Hellcat Deflector de lluvia para filtro de aire abierto<\/h1>\n<p>&nbsp;<\/p>\n<p>\u00bfLe molesta que su filtro de aire abierto est\u00e9 directamente expuesto a la lluvia?<br \/>\nPuede encontrar la soluci\u00f3n aqu\u00ed.<\/p>\n<p>La cubierta antilluvia JLT se ha desarrollado especialmente para las tomas abiertas JLT con el fin de evitar que el agua de lluvia llegue al filtro.<br \/>\nFabricados en Lexan, soportan las temperaturas bajo el cap\u00f3, son casi invisibles y no se rompen.<\/p>\n<p>&nbsp;<\/p>\n<p><strong>NOTA<\/strong><\/p>\n<p>Estos dispositivos de protecci\u00f3n no impiden la entrada de toda el agua. Est\u00e1n dise\u00f1ados para desviar el agua alrededor del sistema de admisi\u00f3n JLT.<br \/>\nNo se garantiza la compatibilidad con otros sistemas de admisi\u00f3n o su configuraci\u00f3n espec\u00edfica.<br \/>\nEn el volumen de suministro s\u00f3lo se incluye una tapa de ventilaci\u00f3n. Si desea cubrir las dos salidas de aire del cap\u00f3, deber\u00e1 pedir dos.<\/p>\n<p>&nbsp;<\/p>\n<p><strong>Adecuado para:<\/strong><\/p>\n<table class=\"cke_show_border\" border=\"0\" width=\"468\" cellspacing=\"0\" cellpadding=\"0\">\n<colgroup>\n<col \/>\n<col span=\"4\" \/><\/colgroup>\n<tbody>\n<tr>\n<td height=\"19\">A\u00f1o de construcci\u00f3n<\/td>\n<td>Marca<\/td>\n<td>Modelo<\/td>\n<td>Variante<\/td>\n<td>Motor<\/td>\n<\/tr>\n<tr>\n<td height=\"19\">2015 - 2018<\/td>\n<td>Dodge<\/td>\n<td>Challenger<\/td>\n<td>Hellcat<\/td>\n<td>V8 6.2 L<\/td>\n<\/tr>\n<\/tbody>\n<\/table>\n<p>&nbsp;<\/p>\n<p>No apto para cap\u00f3s Redeye y para Challenger Hellcat a partir de 2019.<\/p>","protected":false},"excerpt":{"rendered":"<p>Cubierta antilluvia para filtros de aire abiertos<\/p>","protected":false},"featured_media":68271325,"comment_status":"open","ping_status":"closed","template":"","meta":{"_acf_changed":false},"product_brand":[17168],"product_cat":[1790],"product_tag":[249,250,251,252,864,54,863,49,3853,100,1094,1093,2444,2416,36,57,1088,581,2411,2417,881,2414,2413,2415,2412],"class_list":{"0":"post-68256711","1":"product","2":"type-product","3":"status-publish","4":"has-post-thumbnail","6":"product_brand-jlt","7":"product_cat-challenger-hellcat-ansaugung","8":"product_tag-249","9":"product_tag-250","10":"product_tag-251","11":"product_tag-252","12":"product_tag-abdeckung","13":"product_tag-challenger","14":"product_tag-cover","15":"product_tag-dodge","16":"product_tag-dodge-challenger","17":"product_tag-hellcat","18":"product_tag-intake","19":"product_tag-jlt","20":"product_tag-jlt-performance","21":"product_tag-jlthcrs-l","22":"product_tag-kraftwerk","23":"product_tag-luftfilter","24":"product_tag-motorhaube","25":"product_tag-offen","26":"product_tag-regen","27":"product_tag-regenabweiser","28":"product_tag-regenschutz","29":"product_tag-regenwasser","30":"product_tag-schutz","31":"product_tag-spritzwasser","32":"product_tag-wasser","34":"first","35":"outofstock","36":"taxable","37":"shipping-taxable","38":"purchasable","39":"product-type-simple"},"bundled_by":[],"bundle_stock_status":"outofstock","bundle_stock_quantity":0,"bundle_virtual":false,"bundle_layout":"","bundle_add_to_cart_form_location":"","bundle_editable_in_cart":false,"bundle_sold_individually_context":"","bundle_item_grouping":"","bundle_min_size":"","bundle_max_size":"","bundle_price":[],"bundled_items":[],"bundle_sell_ids":[],"exclude_global_add_ons":[],"addons":[],"acf":[],"_links":{"self":[{"href":"https:\/\/kraftwerk-shop.cc\/es\/wp-json\/wp\/v2\/product\/68256711","targetHints":{"allow":["GET"]}}],"collection":[{"href":"https:\/\/kraftwerk-shop.cc\/es\/wp-json\/wp\/v2\/product"}],"about":[{"href":"https:\/\/kraftwerk-shop.cc\/es\/wp-json\/wp\/v2\/types\/product"}],"replies":[{"embeddable":true,"href":"https:\/\/kraftwerk-shop.cc\/es\/wp-json\/wp\/v2\/comments?post=68256711"}],"version-history":[{"count":0,"href":"https:\/\/kraftwerk-shop.cc\/es\/wp-json\/wp\/v2\/product\/68256711\/revisions"}],"wp:featuredmedia":[{"embeddable":true,"href":"https:\/\/kraftwerk-shop.cc\/es\/wp-json\/wp\/v2\/media\/68271325"}],"wp:attachment":[{"href":"https:\/\/kraftwerk-shop.cc\/es\/wp-json\/wp\/v2\/media?parent=68256711"}],"wp:term":[{"taxonomy":"product_brand","embeddable":true,"href":"https:\/\/kraftwerk-shop.cc\/es\/wp-json\/wp\/v2\/product_brand?post=68256711"},{"taxonomy":"product_cat","embeddable":true,"href":"https:\/\/kraftwerk-shop.cc\/es\/wp-json\/wp\/v2\/product_cat?post=68256711"},{"taxonomy":"product_tag","embeddable":true,"href":"https:\/\/kraftwerk-shop.cc\/es\/wp-json\/wp\/v2\/product_tag?post=68256711"}],"curies":[{"name":"wp","href":"https:\/\/api.w.org\/{rel}","templated":true}]}}