{"id":68256885,"date":"2024-09-25T21:19:29","date_gmt":"2024-09-25T19:19:29","guid":{"rendered":"https:\/\/kraftwerk-gruppe.de\/?post_type=product&#038;p=68256885"},"modified":"2026-02-15T00:57:44","modified_gmt":"2026-02-14T23:57:44","slug":"6-2-bloque-corto-hellcat","status":"publish","type":"product","link":"https:\/\/kraftwerk-shop.cc\/es\/produkt\/6-2-hellcat-shortblock\/","title":{"rendered":"6.2 Bloque corto Hellcat"},"content":{"rendered":"<h1>6.2 Bloque corto Hellcat<\/h1>\n<p>Disponible como recambio original o con pistones forjados Mahle, bielas forjadas Molnar y cojinetes revestidos como versi\u00f3n reforzada.<\/p>\n<p>&nbsp;<\/p>\n<p>Este art\u00edculo se vende exclusivamente a clientes comerciales \/ empresarios en el sentido del art\u00edculo 14 del C\u00f3digo Civil alem\u00e1n (BGB).<br \/>\nNo se vende a particulares.<\/p>\n<p>Los motores est\u00e1n sujetos a requisitos t\u00e9cnicos especiales. Dado que los clientes particulares no pueden garantizar ni verificar una instalaci\u00f3n correcta, lo que da lugar a riesgos de garant\u00eda, s\u00f3lo suministramos a clientes comerciales como talleres, fabricantes de motores y empresas de veh\u00edculos.<br \/>\nSe requiere una licencia comercial para la compra.<\/p>\n<p>Los precios de este art\u00edculo s\u00f3lo son visibles para los clientes comerciales.<br \/>\nPara ver los precios y hacer pedidos, cree una cuenta de cliente en nuestra tienda y env\u00edenos una prueba de su actividad comercial (por ejemplo, CIF, extracto del registro mercantil o inscripci\u00f3n en el registro de empresas).<br \/>\nUna vez verificada correctamente su cuenta de empresa, se activar\u00e1 su acceso y los precios ser\u00e1n visibles.<\/p>\n<p>&nbsp;<\/p>\n<p>&nbsp;<\/p>\n<p><strong>Nota sobre el funcionamiento con GLP\/autog\u00e1s:<\/strong><\/p>\n<p>Este motor no est\u00e1 homologado por el fabricante para funcionar con sistemas de GLP\/autog\u00e1s.<br \/>\nEl uso con GLP puede provocar un aumento de las cargas t\u00e9rmicas, lo que puede favorecer da\u00f1os en los asientos de las v\u00e1lvulas, los pistones, las culatas o el tren de v\u00e1lvulas.<br \/>\nAdem\u00e1s, en el caso de los sistemas de gas instalados posteriormente, la instalaci\u00f3n profesional, la puesta a punto y la fiabilidad funcional no pueden ser verificadas o comprobadas por nosotros, ya que estos sistemas no forman parte de la configuraci\u00f3n del motor de f\u00e1brica.<br \/>\nEsto crea un riesgo t\u00e9cnico y jur\u00eddico incalculable para nosotros como proveedores, del que no podemos hacernos responsables.<br \/>\nPor esta raz\u00f3n, la garant\u00eda queda completamente excluida cuando se utiliza este motor con sistemas de GLP\/autog\u00e1s.<\/p>\n<p>&nbsp;<\/p>","protected":false},"excerpt":{"rendered":"<p>Venta exclusivamente al comercio.<br \/>\nPara ver el precio, necesita una cuenta de comerciante.<\/p>","protected":false},"featured_media":68278281,"comment_status":"open","ping_status":"closed","template":"","meta":{"_acf_changed":false},"product_brand":[],"product_cat":[19319,19320,19321,19322,19318],"product_tag":[2472,203,1021,54,53,48,49,204,1022,100,50,411,1020,2463,1023,86,64,2471,407,2469,2473,1024],"class_list":{"0":"post-68256885","1":"product","2":"type-product","3":"status-publish","4":"has-post-thumbnail","6":"product_cat-charger-62-shortblock-longblock-komplettmotor","7":"product_cat-durango-62-shortblock-longblock-komplettmotor","8":"product_cat-trackhawk-62-shortblock-longblock-komplettmotor","9":"product_cat-trx-62-shortblock-longblock-komplettmotor","10":"product_cat-challenger-62-shortblock-longblock-komplettmotor","11":"product_tag-68262362aa","12":"product_tag-austausch","13":"product_tag-austauschmotor","14":"product_tag-challenger","15":"product_tag-charger","16":"product_tag-chrysler","17":"product_tag-dodge","18":"product_tag-ersatz","19":"product_tag-ersatzmotor","20":"product_tag-hellcat","21":"product_tag-jeep","22":"product_tag-mahle","23":"product_tag-motor","24":"product_tag-motorreparatur","25":"product_tag-motorschaden","26":"product_tag-ram","27":"product_tag-reparatur","28":"product_tag-rumpfmotor","29":"product_tag-schmiedekolben","30":"product_tag-shortblock","31":"product_tag-tausch","32":"product_tag-tauschmotor","33":"product_shipping_class-speditionsversand-1","35":"first","36":"onbackorder","37":"taxable","38":"shipping-taxable","39":"purchasable","40":"product-type-variable"},"bundled_by":[],"bundle_stock_status":"onbackorder","bundle_stock_quantity":0,"bundle_virtual":false,"bundle_layout":"","bundle_add_to_cart_form_location":"","bundle_editable_in_cart":false,"bundle_sold_individually_context":"","bundle_item_grouping":"","bundle_min_size":"","bundle_max_size":"","bundle_price":[],"bundled_items":[],"bundle_sell_ids":[],"exclude_global_add_ons":[],"addons":[],"acf":[],"_links":{"self":[{"href":"https:\/\/kraftwerk-shop.cc\/es\/wp-json\/wp\/v2\/product\/68256885","targetHints":{"allow":["GET"]}}],"collection":[{"href":"https:\/\/kraftwerk-shop.cc\/es\/wp-json\/wp\/v2\/product"}],"about":[{"href":"https:\/\/kraftwerk-shop.cc\/es\/wp-json\/wp\/v2\/types\/product"}],"replies":[{"embeddable":true,"href":"https:\/\/kraftwerk-shop.cc\/es\/wp-json\/wp\/v2\/comments?post=68256885"}],"version-history":[{"count":0,"href":"https:\/\/kraftwerk-shop.cc\/es\/wp-json\/wp\/v2\/product\/68256885\/revisions"}],"wp:featuredmedia":[{"embeddable":true,"href":"https:\/\/kraftwerk-shop.cc\/es\/wp-json\/wp\/v2\/media\/68278281"}],"wp:attachment":[{"href":"https:\/\/kraftwerk-shop.cc\/es\/wp-json\/wp\/v2\/media?parent=68256885"}],"wp:term":[{"taxonomy":"product_brand","embeddable":true,"href":"https:\/\/kraftwerk-shop.cc\/es\/wp-json\/wp\/v2\/product_brand?post=68256885"},{"taxonomy":"product_cat","embeddable":true,"href":"https:\/\/kraftwerk-shop.cc\/es\/wp-json\/wp\/v2\/product_cat?post=68256885"},{"taxonomy":"product_tag","embeddable":true,"href":"https:\/\/kraftwerk-shop.cc\/es\/wp-json\/wp\/v2\/product_tag?post=68256885"}],"curies":[{"name":"wp","href":"https:\/\/api.w.org\/{rel}","templated":true}]}}