{"id":68256907,"date":"2024-09-25T21:19:32","date_gmt":"2024-09-25T19:19:32","guid":{"rendered":"https:\/\/kraftwerk-gruppe.de\/?post_type=product&#038;p=68256907"},"modified":"2026-02-15T00:59:30","modified_gmt":"2026-02-14T23:59:30","slug":"6-2-hellcat-longblock","status":"publish","type":"product","link":"https:\/\/kraftwerk-shop.cc\/es\/produkt\/6-2-hellcat-longblock\/","title":{"rendered":"6.2 Hellcat Bloque largo"},"content":{"rendered":"<h1>6.2 Hellcat Bloque largo<\/h1>\n<p>&nbsp;<\/p>\n<p><strong>Disponible en 2 variantes:<\/strong><\/p>\n<ul>\n<li>Sustituci\u00f3n original<br \/>\nTodas las piezas corresponden al estado de la serie<\/li>\n<li>Reforzado, para motores de mayor rendimiento<br \/>\nPiezas de mejora instaladas: Pistones forjados Mahle, bielas Molnar, cojinetes revestidos, varillas de empuje reforzadas, \u00e1rbol de levas personalizado, muelles de v\u00e1lvula mejorados, limitador phaser, tornillos de culata ARP, juntas de culata multicapa Cometic.<\/li>\n<\/ul>\n<p>&nbsp;<\/p>\n<p>Este art\u00edculo se vende exclusivamente a clientes comerciales \/ empresarios en el sentido del art\u00edculo 14 del C\u00f3digo Civil alem\u00e1n (BGB).<br \/>\nNo se vende a particulares.<\/p>\n<p>Los motores est\u00e1n sujetos a requisitos t\u00e9cnicos especiales. Dado que los clientes particulares no pueden garantizar ni verificar una instalaci\u00f3n correcta, lo que da lugar a riesgos de garant\u00eda, s\u00f3lo suministramos a clientes comerciales como talleres, fabricantes de motores y empresas de veh\u00edculos.<br \/>\nSe requiere una licencia comercial para la compra.<\/p>\n<p>Los precios de este art\u00edculo s\u00f3lo son visibles para los clientes comerciales.<br \/>\nPara ver los precios y hacer pedidos, cree una cuenta de cliente en nuestra tienda y env\u00edenos una prueba de su actividad comercial (por ejemplo, CIF, extracto del registro mercantil o inscripci\u00f3n en el registro de empresas).<br \/>\nUna vez verificada correctamente su cuenta de empresa, se activar\u00e1 su acceso y los precios ser\u00e1n visibles.<\/p>\n<p>&nbsp;<\/p>\n<p>&nbsp;<\/p>\n<p><strong>Nota sobre el funcionamiento con GLP\/autog\u00e1s:<\/strong><\/p>\n<p>Este motor no est\u00e1 homologado por el fabricante para funcionar con sistemas de GLP\/autog\u00e1s.<br \/>\nEl uso con GLP puede provocar un aumento de las cargas t\u00e9rmicas, lo que puede favorecer da\u00f1os en los asientos de las v\u00e1lvulas, los pistones, las culatas o el tren de v\u00e1lvulas.<br \/>\nAdem\u00e1s, en el caso de los sistemas de gas instalados posteriormente, la instalaci\u00f3n profesional, la puesta a punto y la fiabilidad funcional no pueden ser verificadas o comprobadas por nosotros, ya que estos sistemas no forman parte de la configuraci\u00f3n del motor de f\u00e1brica.<br \/>\nEsto crea un riesgo t\u00e9cnico y jur\u00eddico incalculable para nosotros como proveedores, del que no podemos hacernos responsables.<br \/>\nPor esta raz\u00f3n, la garant\u00eda queda completamente excluida cuando se utiliza este motor con sistemas de GLP\/autog\u00e1s.<\/p>\n<p>&nbsp;<\/p>","protected":false},"excerpt":{"rendered":"<p>Venta exclusivamente al comercio.<br \/>\nPara ver el precio, necesita una cuenta de comerciante.<\/p>","protected":false},"featured_media":68278276,"comment_status":"open","ping_status":"closed","template":"","meta":{"_acf_changed":false},"product_brand":[],"product_cat":[19322,19318,19319,19320,19321],"product_tag":[2470,101,203,1021,54,53,49,95,204,1022,100,50,1029,411,1020,2463,1023,86,64,2471,407,96,2473,1024,102,2353],"class_list":{"0":"post-68256907","1":"product","2":"type-product","3":"status-publish","4":"has-post-thumbnail","6":"product_cat-trx-62-shortblock-longblock-komplettmotor","7":"product_cat-challenger-62-shortblock-longblock-komplettmotor","8":"product_cat-charger-62-shortblock-longblock-komplettmotor","9":"product_cat-durango-62-shortblock-longblock-komplettmotor","10":"product_cat-trackhawk-62-shortblock-longblock-komplettmotor","11":"product_tag-2470","12":"product_tag-6-2","13":"product_tag-austausch","14":"product_tag-austauschmotor","15":"product_tag-challenger","16":"product_tag-charger","17":"product_tag-dodge","18":"product_tag-durango","19":"product_tag-ersatz","20":"product_tag-ersatzmotor","21":"product_tag-hellcat","22":"product_tag-jeep","23":"product_tag-longblock","24":"product_tag-mahle","25":"product_tag-motor","26":"product_tag-motorreparatur","27":"product_tag-motorschaden","28":"product_tag-ram","29":"product_tag-reparatur","30":"product_tag-rumpfmotor","31":"product_tag-schmiedekolben","32":"product_tag-srt","33":"product_tag-tausch","34":"product_tag-tauschmotor","35":"product_tag-trackhawk","36":"product_tag-trx","37":"product_shipping_class-speditionsversand-2","39":"first","40":"onbackorder","41":"taxable","42":"shipping-taxable","43":"purchasable","44":"product-type-variable"},"bundled_by":[],"bundle_stock_status":"onbackorder","bundle_stock_quantity":0,"bundle_virtual":false,"bundle_layout":"","bundle_add_to_cart_form_location":"","bundle_editable_in_cart":false,"bundle_sold_individually_context":"","bundle_item_grouping":"","bundle_min_size":"","bundle_max_size":"","bundle_price":[],"bundled_items":[],"bundle_sell_ids":[],"exclude_global_add_ons":[],"addons":[],"acf":[],"_links":{"self":[{"href":"https:\/\/kraftwerk-shop.cc\/es\/wp-json\/wp\/v2\/product\/68256907","targetHints":{"allow":["GET"]}}],"collection":[{"href":"https:\/\/kraftwerk-shop.cc\/es\/wp-json\/wp\/v2\/product"}],"about":[{"href":"https:\/\/kraftwerk-shop.cc\/es\/wp-json\/wp\/v2\/types\/product"}],"replies":[{"embeddable":true,"href":"https:\/\/kraftwerk-shop.cc\/es\/wp-json\/wp\/v2\/comments?post=68256907"}],"version-history":[{"count":0,"href":"https:\/\/kraftwerk-shop.cc\/es\/wp-json\/wp\/v2\/product\/68256907\/revisions"}],"wp:featuredmedia":[{"embeddable":true,"href":"https:\/\/kraftwerk-shop.cc\/es\/wp-json\/wp\/v2\/media\/68278276"}],"wp:attachment":[{"href":"https:\/\/kraftwerk-shop.cc\/es\/wp-json\/wp\/v2\/media?parent=68256907"}],"wp:term":[{"taxonomy":"product_brand","embeddable":true,"href":"https:\/\/kraftwerk-shop.cc\/es\/wp-json\/wp\/v2\/product_brand?post=68256907"},{"taxonomy":"product_cat","embeddable":true,"href":"https:\/\/kraftwerk-shop.cc\/es\/wp-json\/wp\/v2\/product_cat?post=68256907"},{"taxonomy":"product_tag","embeddable":true,"href":"https:\/\/kraftwerk-shop.cc\/es\/wp-json\/wp\/v2\/product_tag?post=68256907"}],"curies":[{"name":"wp","href":"https:\/\/api.w.org\/{rel}","templated":true}]}}