{"id":68256915,"date":"2024-09-25T21:19:33","date_gmt":"2024-09-25T19:19:33","guid":{"rendered":"https:\/\/kraftwerk-gruppe.de\/?post_type=product&#038;p=68256915"},"modified":"2026-02-15T00:48:04","modified_gmt":"2026-02-14T23:48:04","slug":"5-7-hemi-vvt-camion-longblock","status":"publish","type":"product","link":"https:\/\/kraftwerk-shop.cc\/es\/produkt\/5-7-hemi-vvt-truck-longblock\/","title":{"rendered":"Bloque largo de cami\u00f3n 5.7 Hemi VVT"},"content":{"rendered":"<h1>5.7 VVT Hemi Longblock (sin MDS)<\/h1>\n<p>&nbsp;<\/p>\n<p>Adecuado para modelos a partir de 2009 con avance del \u00e1rbol de levas (VVT).<br \/>\n<strong>No <\/strong>apto para modelos anteriores a 2009.<\/p>\n<p>Esta es la versi\u00f3n para cami\u00f3n, adecuada para el RAM 1500 de 2009 a 2019.<br \/>\nEl bloque largo tambi\u00e9n puede utilizarse en los modelos Jeep Grand Cherokee, Dodge Durango, Charger, Challenger y Chrysler 300C.<br \/>\nSin embargo, la unidad de control del motor debe adaptarse para ello, ya que el \u00e1rbol de levas es diferente.<\/p>\n<p>&nbsp;<\/p>\n<p>Este art\u00edculo se vende exclusivamente a clientes comerciales \/ empresarios en el sentido del art\u00edculo 14 del C\u00f3digo Civil alem\u00e1n (BGB).<br \/>\nNo se vende a particulares.<\/p>\n<p>Los motores est\u00e1n sujetos a requisitos t\u00e9cnicos especiales. Dado que los clientes particulares no pueden garantizar ni verificar una instalaci\u00f3n correcta, lo que da lugar a riesgos de garant\u00eda, s\u00f3lo suministramos a clientes comerciales como talleres, fabricantes de motores y empresas de veh\u00edculos.<br \/>\nSe requiere una licencia comercial para la compra.<\/p>\n<p>Los precios de este art\u00edculo s\u00f3lo son visibles para los clientes comerciales.<br \/>\nPara ver los precios y hacer pedidos, cree una cuenta de cliente en nuestra tienda y env\u00edenos una prueba de su actividad comercial (por ejemplo, CIF, extracto del registro mercantil o inscripci\u00f3n en el registro de empresas).<br \/>\nUna vez verificada correctamente su cuenta de empresa, se activar\u00e1 su acceso y los precios ser\u00e1n visibles.<\/p>\n<p>&nbsp;<\/p>\n<p>&nbsp;<\/p>\n<p><strong>Nota sobre el funcionamiento con GLP\/autog\u00e1s:<\/strong><\/p>\n<p>Este motor no est\u00e1 homologado por el fabricante para funcionar con sistemas de GLP\/autog\u00e1s.<br \/>\nEl uso con GLP puede provocar un aumento de las cargas t\u00e9rmicas, lo que puede favorecer da\u00f1os en los asientos de las v\u00e1lvulas, los pistones, las culatas o el tren de v\u00e1lvulas.<br \/>\nAdem\u00e1s, en el caso de los sistemas de gas instalados posteriormente, la instalaci\u00f3n profesional, la puesta a punto y la fiabilidad funcional no pueden ser verificadas o comprobadas por nosotros, ya que estos sistemas no forman parte de la configuraci\u00f3n del motor de f\u00e1brica.<br \/>\nEsto crea un riesgo t\u00e9cnico y jur\u00eddico incalculable para nosotros como proveedores, del que no podemos hacernos responsables.<br \/>\nPor esta raz\u00f3n, la garant\u00eda queda completamente excluida cuando se utiliza este motor con sistemas de GLP\/autog\u00e1s.<\/p>\n<p>&nbsp;<\/p>\n<p>&nbsp;<\/p>","protected":false},"excerpt":{"rendered":"<p>Venta exclusivamente al comercio.<br \/>\nPara ver el precio, necesita una cuenta de comerciante.<\/p>","protected":false},"featured_media":68278273,"comment_status":"open","ping_status":"closed","template":"","meta":{"_acf_changed":false},"product_brand":[],"product_cat":[19332,19333,19334],"product_tag":[91,1021,48,536,49,3853,3854,1022,1025,1026,126,50,4425,1029,328,1020,1023,1028,86,64,1024,356,329],"class_list":{"0":"post-68256915","1":"product","2":"type-product","3":"status-publish","4":"has-post-thumbnail","6":"product_cat-ram-57-shortblock-longblock-komplettmotor","7":"product_cat-ram-57-dt-shortblock-longblock-komplettmotor","8":"product_cat-ram-2500-3500-57-shortblock-longblock-komplettmotor","9":"product_tag-5-7","10":"product_tag-austauschmotor","11":"product_tag-chrysler","12":"product_tag-chrysler-300c","13":"product_tag-dodge","14":"product_tag-dodge-challenger","15":"product_tag-dodge-charger","16":"product_tag-ersatzmotor","17":"product_tag-gebraucht","18":"product_tag-gebrauchtmotor","19":"product_tag-hemi","20":"product_tag-jeep","21":"product_tag-jeep-grand-cherokee","22":"product_tag-longblock","23":"product_tag-mds","24":"product_tag-motor","25":"product_tag-motorschaden","26":"product_tag-neu","27":"product_tag-ram","28":"product_tag-reparatur","29":"product_tag-tauschmotor","30":"product_tag-vvt","31":"product_tag-zylinderabschaltung","32":"product_shipping_class-speditionsversand-2","34":"first","35":"onbackorder","36":"taxable","37":"shipping-taxable","38":"purchasable","39":"product-type-simple"},"bundled_by":[],"bundle_stock_status":"onbackorder","bundle_stock_quantity":0,"bundle_virtual":false,"bundle_layout":"","bundle_add_to_cart_form_location":"","bundle_editable_in_cart":false,"bundle_sold_individually_context":"","bundle_item_grouping":"","bundle_min_size":"","bundle_max_size":"","bundle_price":[],"bundled_items":[],"bundle_sell_ids":[],"exclude_global_add_ons":[],"addons":[],"acf":[],"_links":{"self":[{"href":"https:\/\/kraftwerk-shop.cc\/es\/wp-json\/wp\/v2\/product\/68256915","targetHints":{"allow":["GET"]}}],"collection":[{"href":"https:\/\/kraftwerk-shop.cc\/es\/wp-json\/wp\/v2\/product"}],"about":[{"href":"https:\/\/kraftwerk-shop.cc\/es\/wp-json\/wp\/v2\/types\/product"}],"replies":[{"embeddable":true,"href":"https:\/\/kraftwerk-shop.cc\/es\/wp-json\/wp\/v2\/comments?post=68256915"}],"version-history":[{"count":0,"href":"https:\/\/kraftwerk-shop.cc\/es\/wp-json\/wp\/v2\/product\/68256915\/revisions"}],"wp:featuredmedia":[{"embeddable":true,"href":"https:\/\/kraftwerk-shop.cc\/es\/wp-json\/wp\/v2\/media\/68278273"}],"wp:attachment":[{"href":"https:\/\/kraftwerk-shop.cc\/es\/wp-json\/wp\/v2\/media?parent=68256915"}],"wp:term":[{"taxonomy":"product_brand","embeddable":true,"href":"https:\/\/kraftwerk-shop.cc\/es\/wp-json\/wp\/v2\/product_brand?post=68256915"},{"taxonomy":"product_cat","embeddable":true,"href":"https:\/\/kraftwerk-shop.cc\/es\/wp-json\/wp\/v2\/product_cat?post=68256915"},{"taxonomy":"product_tag","embeddable":true,"href":"https:\/\/kraftwerk-shop.cc\/es\/wp-json\/wp\/v2\/product_tag?post=68256915"}],"curies":[{"name":"wp","href":"https:\/\/api.w.org\/{rel}","templated":true}]}}