{"id":68256932,"date":"2021-10-24T16:07:05","date_gmt":"2021-10-24T14:07:05","guid":{"rendered":"https:\/\/kraftwerk-gruppe.de\/?post_type=product&#038;p=68256932"},"modified":"2026-04-02T15:47:44","modified_gmt":"2026-04-02T13:47:44","slug":"mds-removal-57-hemi-kit-completo","status":"publish","type":"product","link":"https:\/\/kraftwerk-shop.cc\/es\/produkt\/mds-entfernung-57-hemi-komplettkit\/","title":{"rendered":"Extracci\u00f3n MDS 5.7 Hemi (kit completo)"},"content":{"rendered":"<h1>Kit de conversi\u00f3n para la eliminaci\u00f3n mec\u00e1nica de la desactivaci\u00f3n de cilindros para 300C, Challenger, Charger, Durango, Grand Cherokee y Commander<\/h1>\n<p>&nbsp;<\/p>\n<p>Desgraciadamente, los \u00e1rboles de levas desgastados y los taqu\u00e9s hidr\u00e1ulicos MDS defectuosos no son infrecuentes.<\/p>\n<p>La desactivaci\u00f3n de cilindros puede eliminarse completamente con este kit.<br \/>\nAdecuado para reparaci\u00f3n y prevenci\u00f3n.<\/p>\n<p>Adem\u00e1s, la desactivaci\u00f3n de cilindros debe desactivarse en la unidad de control del motor.<br \/>\nTambi\u00e9n podemos realizar esta programaci\u00f3n. P\u00f3ngase en contacto con nosotros.<\/p>\n<p>Ofrecemos el kit de conversi\u00f3n para la eliminaci\u00f3n de MDS en 2 versiones:<\/p>\n<p><strong><br \/>\nKit 1:<\/strong><\/p>\n<ul>\n<li>\u00e1rbol de levas original Mopar 5.7 sin propiedades MDS<\/li>\n<li>perno del \u00e1rbol de levas original Mopar<\/li>\n<li>taqu\u00e9s hidr\u00e1ulicos originales Mopar Hellcat (16 piezas)<\/li>\n<li>tap\u00f3n obturador original Mopar MDS (4 piezas)<\/li>\n<li>Juego de cadena de distribuci\u00f3n original Mopar<\/li>\n<\/ul>\n<p>&nbsp;<\/p>\n<p><strong>Kit 2:<\/strong><\/p>\n<ul>\n<li>\u00e1rbol de levas original Mopar 5.7 sin propiedades MDS<\/li>\n<li>perno del \u00e1rbol de levas original Mopar<\/li>\n<li>taqu\u00e9s hidr\u00e1ulicos originales Mopar Hellcat (16 piezas)<\/li>\n<li>tap\u00f3n obturador original Mopar MDS (4 piezas)<\/li>\n<li>Juego de cadena de distribuci\u00f3n original Mopar<\/li>\n<li>Ret\u00e9n delantero original Mopar<\/li>\n<li>Junta de la tapa delantera original Mopar<\/li>\n<li>Juntas de culata originales Mopar<\/li>\n<li>Tornillos de culata premium<\/li>\n<\/ul>\n<p>&nbsp;<\/p>\n<p><strong>Adecuado para:<\/strong><\/p>\n<table width=\"438\">\n<tbody>\n<tr>\n<td width=\"83\"><strong>Marca<\/strong><\/td>\n<td width=\"189\"><strong>Modelo<\/strong><\/td>\n<td width=\"83\"><strong>Motor<\/strong><\/td>\n<td width=\"83\"><strong>A\u00f1o de construcci\u00f3n<\/strong><\/td>\n<\/tr>\n<tr>\n<td width=\"83\">Chrysler<\/td>\n<td width=\"189\">300C<\/td>\n<td width=\"83\">5.7<\/td>\n<td width=\"83\">2009-2023<\/td>\n<\/tr>\n<tr>\n<td width=\"83\">Dodge<\/td>\n<td width=\"189\">Challenger<\/td>\n<td width=\"83\">5.7<\/td>\n<td width=\"83\">2009-2023<\/td>\n<\/tr>\n<tr>\n<td width=\"83\">Dodge<\/td>\n<td width=\"189\">Charger<\/td>\n<td width=\"83\">5.7<\/td>\n<td width=\"83\">2009-2023<\/td>\n<\/tr>\n<tr>\n<td width=\"83\">Dodge<\/td>\n<td width=\"189\">Durango<\/td>\n<td width=\"83\">5.7<\/td>\n<td width=\"83\">2009-2025<\/td>\n<\/tr>\n<tr>\n<td width=\"83\">Jeep<\/td>\n<td width=\"189\">Grand Cherokee<\/td>\n<td width=\"83\">5.7<\/td>\n<td width=\"83\">2009-2023<\/td>\n<\/tr>\n<tr>\n<td width=\"83\">Jeep<\/td>\n<td width=\"189\">Commander<\/td>\n<td width=\"83\">5.7<\/td>\n<td width=\"83\">2009-2010<\/td>\n<\/tr>\n<\/tbody>\n<\/table>","protected":false},"excerpt":{"rendered":"<p>Umbausatz zum mechanischen Entfernen der Zylinderabschaltung f\u00fcr 300C, Challenger, Charger, Durango, Grand Cherokee und Commander &nbsp; Eingelaufene Nockenwellen und defekte<\/p>","protected":false},"featured_media":68274741,"comment_status":"open","ping_status":"closed","template":"","meta":{"_acf_changed":false},"product_brand":[],"product_cat":[6708,6723,6728,6713,6733,6738,19348,6718,6743],"product_tag":[52,91,54,53,48,536,331,1158,1052,49,3853,3854,95,2475,119,2342,56,100,126,335,50,4425,222,2476,2477,333,328,2478,336,180,818,356,329],"class_list":{"0":"post-68256932","1":"product","2":"type-product","3":"status-publish","4":"has-post-thumbnail","6":"product_cat-300c-57-2005-2010-nockenwelle-ventiltrieb","7":"product_cat-300c-57-2011-2023-nockenwelle-ventiltrieb","8":"product_cat-challenger-57-nockenwelle-ventiltrieb","9":"product_cat-charger-57-nockenwelle-ventiltrieb","10":"product_cat-charger-57-2011-2023-nockenwelle-ventiltrieb","11":"product_cat-durango-57-nockenwelle-ventiltrieb","12":"product_cat-commander-57-nockenwelle-ventiltrieb","13":"product_cat-grand-cherokee-57-2005-2010-nockenwelle-ventiltrieb","14":"product_cat-grand-cherokee-57-2011-2021-nockenwelle-ventiltrieb","15":"product_tag-300c","16":"product_tag-5-7","17":"product_tag-challenger","18":"product_tag-charger","19":"product_tag-chrysler","20":"product_tag-chrysler-300c","21":"product_tag-deaktivieren","22":"product_tag-deaktivierung","23":"product_tag-delete","24":"product_tag-dodge","25":"product_tag-dodge-challenger","26":"product_tag-dodge-charger","27":"product_tag-durango","28":"product_tag-eingelaufen","29":"product_tag-entfernen","30":"product_tag-entfernung","31":"product_tag-grand-cherokee","32":"product_tag-hellcat","33":"product_tag-hemi","34":"product_tag-hydrostoessel","35":"product_tag-jeep","36":"product_tag-jeep-grand-cherokee","37":"product_tag-kit","38":"product_tag-komplett","39":"product_tag-komplettkit","40":"product_tag-lifter","41":"product_tag-mds","42":"product_tag-mdskit","43":"product_tag-nockenwelle","44":"product_tag-umbau","45":"product_tag-umbausatz","46":"product_tag-vvt","47":"product_tag-zylinderabschaltung","49":"first","50":"outofstock","51":"taxable","52":"shipping-taxable","53":"purchasable","54":"product-type-variable"},"bundled_by":[],"bundle_stock_status":"outofstock","bundle_stock_quantity":0,"bundle_virtual":false,"bundle_layout":"","bundle_add_to_cart_form_location":"","bundle_editable_in_cart":false,"bundle_sold_individually_context":"","bundle_item_grouping":"","bundle_min_size":"","bundle_max_size":"","bundle_price":[],"bundled_items":[],"bundle_sell_ids":[],"exclude_global_add_ons":[],"addons":[],"acf":[],"_links":{"self":[{"href":"https:\/\/kraftwerk-shop.cc\/es\/wp-json\/wp\/v2\/product\/68256932","targetHints":{"allow":["GET"]}}],"collection":[{"href":"https:\/\/kraftwerk-shop.cc\/es\/wp-json\/wp\/v2\/product"}],"about":[{"href":"https:\/\/kraftwerk-shop.cc\/es\/wp-json\/wp\/v2\/types\/product"}],"replies":[{"embeddable":true,"href":"https:\/\/kraftwerk-shop.cc\/es\/wp-json\/wp\/v2\/comments?post=68256932"}],"version-history":[{"count":0,"href":"https:\/\/kraftwerk-shop.cc\/es\/wp-json\/wp\/v2\/product\/68256932\/revisions"}],"wp:featuredmedia":[{"embeddable":true,"href":"https:\/\/kraftwerk-shop.cc\/es\/wp-json\/wp\/v2\/media\/68274741"}],"wp:attachment":[{"href":"https:\/\/kraftwerk-shop.cc\/es\/wp-json\/wp\/v2\/media?parent=68256932"}],"wp:term":[{"taxonomy":"product_brand","embeddable":true,"href":"https:\/\/kraftwerk-shop.cc\/es\/wp-json\/wp\/v2\/product_brand?post=68256932"},{"taxonomy":"product_cat","embeddable":true,"href":"https:\/\/kraftwerk-shop.cc\/es\/wp-json\/wp\/v2\/product_cat?post=68256932"},{"taxonomy":"product_tag","embeddable":true,"href":"https:\/\/kraftwerk-shop.cc\/es\/wp-json\/wp\/v2\/product_tag?post=68256932"}],"curies":[{"name":"wp","href":"https:\/\/api.w.org\/{rel}","templated":true}]}}