{"id":68257306,"date":"2021-11-07T14:31:40","date_gmt":"2021-11-07T13:31:40","guid":{"rendered":"https:\/\/kraftwerk-gruppe.de\/?post_type=product&#038;p=68257306"},"modified":"2026-02-15T00:50:00","modified_gmt":"2026-02-14T23:50:00","slug":"culatas-de-alto-rendimiento-ram-trx","status":"publish","type":"product","link":"https:\/\/kraftwerk-shop.cc\/es\/produkt\/performance-zylinderkoepfe-ram-trx\/","title":{"rendered":"Culatas de alto rendimiento RAM TRX"},"content":{"rendered":"<h2>Culatas RAM TRX modificadas y reforzadas<\/h2>\n<p>&nbsp;<\/p>\n<p><strong>N\u00fameros de comparaci\u00f3n Mopar:<\/strong> 68262324AA, 68225718AB, 68225718AC, 68225718AD, 68225718AE, 68225718AF, 68262325AA, 68225719AB, 68225719AC, 68225719AD, 68225719AE, 68225719AF<\/p>\n<p>&nbsp;<\/p>\n<p>Nuestras culatas portadas para el RAM 1500 TRX son la elecci\u00f3n ideal si desea sacar el m\u00e1ximo partido a su motor.<br \/>\nGracias al mecanizado preciso y a la optimizaci\u00f3n individual de los orificios de admisi\u00f3n y escape, nuestras culatas ofrecen aumentos medibles y perceptibles del rendimiento, ya sea en circuito o en carretera.<\/p>\n<p>&nbsp;<\/p>\n<p><strong>Propiedades:<\/strong><\/p>\n<ul>\n<li>Conductos de admisi\u00f3n y escape ampliados y de caudal optimizado: Para un caudal de aire m\u00e1ximo y una formaci\u00f3n \u00f3ptima de la mezcla.<\/li>\n<li>Asientos de v\u00e1lvula mecanizados: transiciones precisas para mejorar el flujo de gas y una gran resistencia t\u00e9rmica.<\/li>\n<li>Nuevas v\u00e1lvulas: de alta calidad y durabilidad, perfectamente adaptadas al sistema global.<\/li>\n<li>Nuevos muelles de v\u00e1lvula PSI 1511: Para las velocidades m\u00e1s altas y la m\u00e1xima fuerza del muelle: ideal para motores de alto rendimiento.<\/li>\n<li>Nuevas juntas de v\u00e1stago de v\u00e1lvula: Protecci\u00f3n fiable contra la p\u00e9rdida de aceite y la entrada de gases.<\/li>\n<li>Nuevos retenes de muelle de v\u00e1lvula de molibdeno: especialmente ligeros y extremadamente resistentes, para reducir las fuerzas de inercia en el tren de v\u00e1lvulas.<\/li>\n<li>Completamente listo para montar: sin trabajo de montaje adicional: desembalar, montar, conducir.<\/li>\n<\/ul>\n<p>&nbsp;<\/p>\n<p><strong>Ventajas:<\/strong><\/p>\n<ul>\n<li>M\u00e1s potencia y par: aumento notable en toda la gama de revoluciones.<\/li>\n<li>Respuesta m\u00e1s r\u00e1pida del acelerador: el flujo de aire optimizado garantiza reacciones m\u00e1s directas.<\/li>\n<li>Combusti\u00f3n m\u00e1s eficiente: mejor turbulencia de la mezcla para mayor eficiencia y potencia.<\/li>\n<li>Mayor estabilidad t\u00e9rmica: mayor vida \u00fatil incluso a plena carga.<\/li>\n<\/ul>\n<p>&nbsp;<\/p>\n<p>La culata Hellcat tiene un aspecto muy similar a la culata 392 Apache, pero s\u00f3lo se fabrica en cantidades muy peque\u00f1as y con herramientas especiales.<br \/>\nMientras que la culata Apache est\u00e1 fabricada en aluminio 319, Mopar utiliza aluminio 356-T6 especialmente tratado t\u00e9rmicamente para la variante Hellcat, lo que se traduce en una mejor conductividad t\u00e9rmica y ductilidad.<\/p>\n<p>Destacan las v\u00e1lvulas reforzadas utilizadas en nuestras culatas de alto rendimiento Hellcat.<br \/>\nLas v\u00e1lvulas de admisi\u00f3n son v\u00e1lvulas de v\u00e1stago hueco de acero inoxidable, las de escape son v\u00e1lvulas macizas de Inconel, que tambi\u00e9n se utilizan en niveles de potencia superiores a 1.500 CV.<\/p>\n<p>&nbsp;<\/p>\n<p>&nbsp;<\/p>\n<p><strong>Adecuado para:<\/strong><\/p>\n<table width=\"449\">\n<tbody>\n<tr>\n<td width=\"115\"><strong>Marca<\/strong><\/td>\n<td width=\"145\"><strong>Modelo<\/strong><\/td>\n<td width=\"106\"><strong>Motor<\/strong><\/td>\n<td width=\"83\"><strong>A\u00f1o de construcci\u00f3n<\/strong><\/td>\n<\/tr>\n<tr>\n<td>RAM<\/td>\n<td>1500<\/td>\n<td>6.2 TRX<\/td>\n<td>2021-2024<\/td>\n<\/tr>\n<\/tbody>\n<\/table>\n<p>&nbsp;<\/p>\n<p>Si tiene alguna duda, p\u00f3ngase en contacto con nosotros.<\/p>\n<p>&nbsp;<\/p>\n<p><strong>Volumen de suministro:<\/strong><\/p>\n<ul>\n<li>2 culatas<\/li>\n<\/ul>","protected":false},"excerpt":{"rendered":"<p>Culatas RAM TRX modificadas y reforzadas N\u00fameros de referencia Mopar: 68262324AA, 68225718AB, 68225718AC, 68225718AD, 68225718AE, 68225718AF, 68262325AA, 68225719AB, 68225719AC, 68225719AD, 68225719AE,<\/p>","protected":false},"featured_media":68274892,"comment_status":"open","ping_status":"closed","template":"","meta":{"_acf_changed":false},"product_brand":[],"product_cat":[3024,6676],"product_tag":[475,101,11122,11123,11124,11125,11126,11128,11129,11130,11131,11132,11121,11127,203,200,204,36,2455,202,186,201,86,2353,216,215,199],"class_list":{"0":"post-68257306","1":"product","2":"type-product","3":"status-publish","4":"has-post-thumbnail","6":"product_cat-nicht-nach-eu","7":"product_cat-trx-zylinderkopf","8":"product_tag-475","9":"product_tag-6-2","10":"product_tag-68225718ab","11":"product_tag-68225718ac","12":"product_tag-68225718ad","13":"product_tag-68225718ae","14":"product_tag-68225718af","15":"product_tag-68225719ab","16":"product_tag-68225719ac","17":"product_tag-68225719ad","18":"product_tag-68225719ae","19":"product_tag-68225719af","20":"product_tag-68262324aa","21":"product_tag-68262325aa","22":"product_tag-austausch","23":"product_tag-bearbeitet","24":"product_tag-ersatz","25":"product_tag-kraftwerk","26":"product_tag-mm5","27":"product_tag-optimiert","28":"product_tag-performance","29":"product_tag-ported","30":"product_tag-ram","31":"product_tag-trx","32":"product_tag-upgrade","33":"product_tag-ventile","34":"product_tag-zylinderkoepfe","35":"product_shipping_class-spedition-1","37":"first","38":"onbackorder","39":"taxable","40":"shipping-taxable","41":"purchasable","42":"product-type-simple"},"bundled_by":[],"bundle_stock_status":"onbackorder","bundle_stock_quantity":0,"bundle_virtual":false,"bundle_layout":"","bundle_add_to_cart_form_location":"","bundle_editable_in_cart":false,"bundle_sold_individually_context":"","bundle_item_grouping":"","bundle_min_size":"","bundle_max_size":"","bundle_price":[],"bundled_items":[],"bundle_sell_ids":[],"exclude_global_add_ons":[],"addons":[],"acf":[],"_links":{"self":[{"href":"https:\/\/kraftwerk-shop.cc\/es\/wp-json\/wp\/v2\/product\/68257306","targetHints":{"allow":["GET"]}}],"collection":[{"href":"https:\/\/kraftwerk-shop.cc\/es\/wp-json\/wp\/v2\/product"}],"about":[{"href":"https:\/\/kraftwerk-shop.cc\/es\/wp-json\/wp\/v2\/types\/product"}],"replies":[{"embeddable":true,"href":"https:\/\/kraftwerk-shop.cc\/es\/wp-json\/wp\/v2\/comments?post=68257306"}],"version-history":[{"count":0,"href":"https:\/\/kraftwerk-shop.cc\/es\/wp-json\/wp\/v2\/product\/68257306\/revisions"}],"wp:featuredmedia":[{"embeddable":true,"href":"https:\/\/kraftwerk-shop.cc\/es\/wp-json\/wp\/v2\/media\/68274892"}],"wp:attachment":[{"href":"https:\/\/kraftwerk-shop.cc\/es\/wp-json\/wp\/v2\/media?parent=68257306"}],"wp:term":[{"taxonomy":"product_brand","embeddable":true,"href":"https:\/\/kraftwerk-shop.cc\/es\/wp-json\/wp\/v2\/product_brand?post=68257306"},{"taxonomy":"product_cat","embeddable":true,"href":"https:\/\/kraftwerk-shop.cc\/es\/wp-json\/wp\/v2\/product_cat?post=68257306"},{"taxonomy":"product_tag","embeddable":true,"href":"https:\/\/kraftwerk-shop.cc\/es\/wp-json\/wp\/v2\/product_tag?post=68257306"}],"curies":[{"name":"wp","href":"https:\/\/api.w.org\/{rel}","templated":true}]}}