{"id":68257309,"date":"2021-11-07T14:41:59","date_gmt":"2021-11-07T13:41:59","guid":{"rendered":"https:\/\/kraftwerk-gruppe.de\/?post_type=product&#038;p=68257309"},"modified":"2026-02-15T00:55:22","modified_gmt":"2026-02-14T23:55:22","slug":"kit-arbol-de-levas-ram-trx-power-plant","status":"publish","type":"product","link":"https:\/\/kraftwerk-shop.cc\/es\/produkt\/ram-trx-kraftwerk-nockenwellen-kit\/","title":{"rendered":"RAM TRX Kraftwerk Kit de \u00e1rbol de levas"},"content":{"rendered":"<h1>RAM TRX Kraftwerk Kit de \u00e1rbol de levas<\/h1>\n<p>&nbsp;<\/p>\n<p>Nuestros kits de \u00e1rbol de levas HEMI se han desarrollado para que la selecci\u00f3n del \u00e1rbol de levas adecuado para su veh\u00edculo sea extremadamente f\u00e1cil.<br \/>\nPuede estar seguro de que est\u00e1 recibiendo piezas de la m\u00e1s alta calidad y el mejor dise\u00f1o de \u00e1rbol de levas, montados para usted por los t\u00e9cnicos m\u00e1s experimentados del sector.<\/p>\n<p>Este \u00e1rbol de levas est\u00e1 dise\u00f1ado para el m\u00e1ximo rendimiento y requiere mejoras adicionales.<\/p>\n<p>&nbsp;<\/p>\n<p><strong>Este kit incluye:<\/strong><\/p>\n<ul>\n<li>\u00c1rbol de levas Comp Cams RAM TRX Kraftwerk seg\u00fan nuestras especificaciones<\/li>\n<li>1516 Muelles de v\u00e1lvula reforzados Behieve<\/li>\n<li>Varillas de empuje premium reforzadas<\/li>\n<li>Limitador Cam Phaser<\/li>\n<li>Perno del \u00e1rbol de levas<\/li>\n<li>Lubricante de montaje<\/li>\n<\/ul>\n<p>&nbsp;<\/p>\n<p><strong>Adecuado para:<\/strong><\/p>\n<table width=\"437\">\n<tbody>\n<tr>\n<td width=\"83\"><strong>Marca<\/strong><\/td>\n<td width=\"122\"><strong>Modelo<\/strong><\/td>\n<td width=\"136\"><strong>Motor<\/strong><\/td>\n<td width=\"96\"><strong>A\u00f1o de construcci\u00f3n<\/strong><\/td>\n<\/tr>\n<tr>\n<td width=\"83\">RAM<\/td>\n<td width=\"122\">1500<\/td>\n<td width=\"136\">6.2 TRX<\/td>\n<td width=\"96\">2021-2023<\/td>\n<\/tr>\n<\/tbody>\n<\/table>\n<p>&nbsp;<\/p>\n<p>&nbsp;<\/p>\n<p>&nbsp;<\/p>\n<p>&nbsp;<\/p>\n<p>&nbsp;<\/p>","protected":false},"excerpt":{"rendered":"<p>RAM TRX Kraftwerk Nockenwellen Kit &nbsp; Unsere HEMI Nockenwellen-Kits wurden entwickelt, um die Auswahl der richtigen Nockenwelle f\u00fcr Ihr Fahrzeug<\/p>","protected":false},"featured_media":68275529,"comment_status":"open","ping_status":"closed","template":"","meta":{"_acf_changed":false},"product_brand":[19068],"product_cat":[6678],"product_tag":[344,365,340,339,341,2329,222,36,336,2449,86,96,1056,164,338,2353,180,818,819,319],"class_list":{"0":"post-68257309","1":"product","2":"type-product","3":"status-publish","4":"has-post-thumbnail","6":"product_brand-kraftwerk","7":"product_cat-trx-nockenwelle-ventiltrieb","8":"product_tag-blower","9":"product_tag-cam","10":"product_tag-cams","11":"product_tag-comp","12":"product_tag-compcam","13":"product_tag-compcams","14":"product_tag-kit","15":"product_tag-kraftwerk","16":"product_tag-nockenwelle","17":"product_tag-nockenwellenkit","18":"product_tag-ram","19":"product_tag-srt","20":"product_tag-srt-8","21":"product_tag-srt8","22":"product_tag-standgas","23":"product_tag-trx","24":"product_tag-umbau","25":"product_tag-umbausatz","26":"product_tag-unrund","27":"product_tag-ventilfedern","28":"product_shipping_class-deutschlandohne","30":"first","31":"onbackorder","32":"taxable","33":"shipping-taxable","34":"purchasable","35":"product-type-simple"},"bundled_by":[],"bundle_stock_status":"onbackorder","bundle_stock_quantity":0,"bundle_virtual":false,"bundle_layout":"","bundle_add_to_cart_form_location":"","bundle_editable_in_cart":false,"bundle_sold_individually_context":"","bundle_item_grouping":"","bundle_min_size":"","bundle_max_size":"","bundle_price":[],"bundled_items":[],"bundle_sell_ids":[],"exclude_global_add_ons":[],"addons":[],"acf":[],"_links":{"self":[{"href":"https:\/\/kraftwerk-shop.cc\/es\/wp-json\/wp\/v2\/product\/68257309","targetHints":{"allow":["GET"]}}],"collection":[{"href":"https:\/\/kraftwerk-shop.cc\/es\/wp-json\/wp\/v2\/product"}],"about":[{"href":"https:\/\/kraftwerk-shop.cc\/es\/wp-json\/wp\/v2\/types\/product"}],"replies":[{"embeddable":true,"href":"https:\/\/kraftwerk-shop.cc\/es\/wp-json\/wp\/v2\/comments?post=68257309"}],"version-history":[{"count":0,"href":"https:\/\/kraftwerk-shop.cc\/es\/wp-json\/wp\/v2\/product\/68257309\/revisions"}],"wp:featuredmedia":[{"embeddable":true,"href":"https:\/\/kraftwerk-shop.cc\/es\/wp-json\/wp\/v2\/media\/68275529"}],"wp:attachment":[{"href":"https:\/\/kraftwerk-shop.cc\/es\/wp-json\/wp\/v2\/media?parent=68257309"}],"wp:term":[{"taxonomy":"product_brand","embeddable":true,"href":"https:\/\/kraftwerk-shop.cc\/es\/wp-json\/wp\/v2\/product_brand?post=68257309"},{"taxonomy":"product_cat","embeddable":true,"href":"https:\/\/kraftwerk-shop.cc\/es\/wp-json\/wp\/v2\/product_cat?post=68257309"},{"taxonomy":"product_tag","embeddable":true,"href":"https:\/\/kraftwerk-shop.cc\/es\/wp-json\/wp\/v2\/product_tag?post=68257309"}],"curies":[{"name":"wp","href":"https:\/\/api.w.org\/{rel}","templated":true}]}}