{"id":68257616,"date":"2021-11-21T19:39:02","date_gmt":"2021-11-21T18:39:02","guid":{"rendered":"https:\/\/kraftwerk-gruppe.de\/?post_type=product&#038;p=68257616"},"modified":"2026-02-15T00:43:36","modified_gmt":"2026-02-14T23:43:36","slug":"muelle-recambio-muelle-escape-flaps-dodge-challenger-charger","status":"publish","type":"product","link":"https:\/\/kraftwerk-shop.cc\/es\/produkt\/feder-ersatzfeder-abgasklappen-dodge-challenger-charger\/","title":{"rendered":"Muelle de recambio Mopar para aletas de escape"},"content":{"rendered":"<h1>Muelle de recambio original Mopar para las aletas de escape del Active Exhaust de serie.<\/h1>\n<p>&nbsp;<\/p>\n<p>En los veh\u00edculos equipados con un sistema de escape activo, el muelle de una de las dos v\u00e1lvulas de escape suele romperse y la v\u00e1lvula deja de funcionar. En algunos casos, tambi\u00e9n se enciende el testigo del motor.<br \/>\nEn lugar de sustituir toda la trampilla de escape, tambi\u00e9n puede sustituir el muelle individualmente.<\/p>\n<p>&nbsp;<\/p>\n<p><strong>Adecuado para:<\/strong><\/p>\n<table width=\"605\">\n<tbody>\n<tr>\n<td width=\"123\">2015-2023<\/td>\n<td width=\"113\">Chrysler<\/td>\n<td width=\"101\">300C<\/td>\n<td width=\"134\">5.7,\u00a0 6.4<\/td>\n<td width=\"134\">con escape activo<\/td>\n<\/tr>\n<tr>\n<td>2015-2023<\/td>\n<td width=\"113\">Dodge<\/td>\n<td width=\"101\">Challenger<\/td>\n<td width=\"134\">5,7, 6,2 Hellcat, 6,4<\/td>\n<td>con escape activo<\/td>\n<\/tr>\n<tr>\n<td>2015-2023<\/td>\n<td width=\"113\">Dodge<\/td>\n<td width=\"101\">Charger<\/td>\n<td width=\"134\">5,7, 6,2 Hellcat, 6,4<\/td>\n<td>con escape activo<\/td>\n<\/tr>\n<\/tbody>\n<\/table>\n<p>&nbsp;<\/p>\n<p>Se adapta a la izquierda y a la derecha.<\/p>","protected":false},"excerpt":{"rendered":"<p>Pieza original Mopar<\/p>","protected":false},"featured_media":68278231,"comment_status":"open","ping_status":"closed","template":"","meta":{"_acf_changed":false},"product_brand":[16270],"product_cat":[6619,6584,6604,6595,6519,6607,6610,6598,6560],"product_tag":[52,217,91,93,2778,2782,2785,546,54,53,48,536,598,49,3853,3854,2787,692,2784,2786,2781,134,126,2779,2780,2783,133,31,8813,9424,16271,16273,16275,16272,16274,34,64,2789,96,164,600,2788],"class_list":{"0":"post-68257616","1":"product","2":"type-product","3":"status-publish","4":"has-post-thumbnail","6":"product_brand-mopar","7":"product_cat-300c-57-2011-2023-abgasanlage-dichtungen-hardware","8":"product_cat-300c-64-abgasanlage-dichtungen-hardware","9":"product_cat-challenger-57-abgasanlage-dichtungen-hardware","10":"product_cat-challenger-hellcat-abgasanlage-dichtungen-hardware","11":"product_cat-challenger-64-abgasanlage-dichtungen-hardware","12":"product_cat-charger-57-abgasanlage-dichtungen-hardware","13":"product_cat-charger-57-2011-2023-abgasanlage-dichtungen-hardware","14":"product_cat-charger-hellcat-abgasanlage-dichtungen-hardware","15":"product_cat-charger-64-abgasanlage-dichtungen-hardware","16":"product_tag-300c","17":"product_tag-217","18":"product_tag-5-7","19":"product_tag-6-4","20":"product_tag-68319331aa","21":"product_tag-abgasklappe","22":"product_tag-active","23":"product_tag-auspuff","24":"product_tag-challenger","25":"product_tag-charger","26":"product_tag-chrysler","27":"product_tag-chrysler-300c","28":"product_tag-defekt","29":"product_tag-dodge","30":"product_tag-dodge-challenger","31":"product_tag-dodge-charger","32":"product_tag-eev","33":"product_tag-ersatzteil","34":"product_tag-ersetzen","35":"product_tag-exhaust","36":"product_tag-feder","37":"product_tag-gebrochen","38":"product_tag-hemi","39":"product_tag-klappe","40":"product_tag-klappen","41":"product_tag-klappenauspuff","42":"product_tag-klemmt","43":"product_tag-mopar","44":"product_tag-mopar-autoteile","45":"product_tag-mopar-ersatzteile","46":"product_tag-mopar-ersatzteile-kaufen","47":"product_tag-mopar-performance-teile","48":"product_tag-mopar-teile-katalog","49":"product_tag-mopar-teile-online","50":"product_tag-mopar-tuningteile","51":"product_tag-original","52":"product_tag-reparatur","53":"product_tag-spring","54":"product_tag-srt","55":"product_tag-srt8","56":"product_tag-stellmotor","57":"product_tag-valve","59":"first","60":"instock","61":"taxable","62":"shipping-taxable","63":"purchasable","64":"product-type-simple"},"bundled_by":[],"bundle_stock_status":"instock","bundle_stock_quantity":4,"bundle_virtual":false,"bundle_layout":"","bundle_add_to_cart_form_location":"","bundle_editable_in_cart":false,"bundle_sold_individually_context":"","bundle_item_grouping":"","bundle_min_size":"","bundle_max_size":"","bundle_price":[],"bundled_items":[],"bundle_sell_ids":[],"exclude_global_add_ons":[],"addons":[],"acf":[],"_links":{"self":[{"href":"https:\/\/kraftwerk-shop.cc\/es\/wp-json\/wp\/v2\/product\/68257616","targetHints":{"allow":["GET"]}}],"collection":[{"href":"https:\/\/kraftwerk-shop.cc\/es\/wp-json\/wp\/v2\/product"}],"about":[{"href":"https:\/\/kraftwerk-shop.cc\/es\/wp-json\/wp\/v2\/types\/product"}],"replies":[{"embeddable":true,"href":"https:\/\/kraftwerk-shop.cc\/es\/wp-json\/wp\/v2\/comments?post=68257616"}],"version-history":[{"count":0,"href":"https:\/\/kraftwerk-shop.cc\/es\/wp-json\/wp\/v2\/product\/68257616\/revisions"}],"wp:featuredmedia":[{"embeddable":true,"href":"https:\/\/kraftwerk-shop.cc\/es\/wp-json\/wp\/v2\/media\/68278231"}],"wp:attachment":[{"href":"https:\/\/kraftwerk-shop.cc\/es\/wp-json\/wp\/v2\/media?parent=68257616"}],"wp:term":[{"taxonomy":"product_brand","embeddable":true,"href":"https:\/\/kraftwerk-shop.cc\/es\/wp-json\/wp\/v2\/product_brand?post=68257616"},{"taxonomy":"product_cat","embeddable":true,"href":"https:\/\/kraftwerk-shop.cc\/es\/wp-json\/wp\/v2\/product_cat?post=68257616"},{"taxonomy":"product_tag","embeddable":true,"href":"https:\/\/kraftwerk-shop.cc\/es\/wp-json\/wp\/v2\/product_tag?post=68257616"}],"curies":[{"name":"wp","href":"https:\/\/api.w.org\/{rel}","templated":true}]}}