{"id":68258205,"date":"2021-12-05T16:37:04","date_gmt":"2021-12-05T15:37:04","guid":{"rendered":"https:\/\/kraftwerk-gruppe.de\/?post_type=product&#038;p=68258205"},"modified":"2026-02-15T00:05:51","modified_gmt":"2026-02-14T23:05:51","slug":"kit-compresor-edelbrock-e-force-57-2015","status":"publish","type":"product","link":"https:\/\/kraftwerk-shop.cc\/es\/produkt\/edelbrock-e-force-kompressorkit-57-2015\/","title":{"rendered":"Kit compresor Edelbrock E-Force 5.7"},"content":{"rendered":"<h1>Kit compresor Edelbrock E-Force para Chrysler 300C, Dodge Challenger y Charger 5.7<\/h1>\n<p>&nbsp;<\/p>\n<p>El nuevo paquete de rotores TVS R2650 de 6\u00aa generaci\u00f3n de Eaton es un 15% m\u00e1s grande que la serie TVS R2300 utilizada anteriormente en los sistemas de compresores Edelbrock. El paquete de rotores R2650 m\u00e1s grande no afecta a las dimensiones totales del compresor, por lo que cabe bajo el cap\u00f3 sin necesidad de modificaciones.<\/p>\n<p>Estos sistemas tambi\u00e9n utilizan el exclusivo intercooler DP-3C de Edelbrock. El DP-3C ofrece un 45% m\u00e1s de superficie que el dise\u00f1o anterior, lo que permite a este sistema alcanzar temperaturas del aire de admisi\u00f3n m\u00e1s bajas para mejorar la entrega de potencia y m\u00e1s opciones de ajuste, como el avance del encendido. Juntos, el R2650 y el DP-3C son la combinaci\u00f3n definitiva para su veh\u00edculo de altas prestaciones.<\/p>\n<p>Los cojinetes m\u00e1s grandes y los engranajes de distribuci\u00f3n m\u00e1s gruesos para una mayor durabilidad, los orificios de alivio de presi\u00f3n en la placa de cojinetes para reducir la fricci\u00f3n y los elementos del compresor de 170 grados en comparaci\u00f3n con los 160 grados de la serie R2300 proporcionan un 25% m\u00e1s de caudal de aire a 18.000 rpm y una presi\u00f3n de sobrealimentaci\u00f3n de 14 psi en comparaci\u00f3n con la serie R2300.<\/p>\n<p>Los sistemas de compresores Edelbrock son conocidos por sus bajos niveles de ruido en contraste con otros proveedores.<\/p>\n<p>&nbsp;<\/p>\n<p><strong>Adecuado para:<\/strong><\/p>\n<table width=\"437\">\n<tbody>\n<tr>\n<td width=\"83\"><strong>Marca<\/strong><\/td>\n<td width=\"122\"><strong>Modelo<\/strong><\/td>\n<td width=\"136\"><strong>Motor<\/strong><\/td>\n<td width=\"96\"><strong>A\u00f1o de construcci\u00f3n<\/strong><\/td>\n<\/tr>\n<tr>\n<td>Chrysler<\/td>\n<td>300C<\/td>\n<td>5.7<\/td>\n<td width=\"96\">2015 - 2022<\/td>\n<\/tr>\n<tr>\n<td>Dodge<\/td>\n<td>Challenger<\/td>\n<td>5.7<\/td>\n<td width=\"96\">2015 - 2022<\/td>\n<\/tr>\n<tr>\n<td>Dodge<\/td>\n<td>Charger<\/td>\n<td>5.7<\/td>\n<td width=\"96\">2015 - 2022<\/td>\n<\/tr>\n<\/tbody>\n<\/table>\n<p>&nbsp;<\/p>\n<p>* Para los sistemas de compresores Chrysler \/ Dodge \/ Jeep \/ RAM a partir de 2015, no se incluye ning\u00fan dispositivo de programaci\u00f3n en el volumen de suministro.<\/p>","protected":false},"excerpt":{"rendered":"<p>2015 - 2022<\/p>","protected":false},"featured_media":68278723,"comment_status":"open","ping_status":"closed","template":"","meta":{"_acf_changed":false},"product_brand":[20091],"product_cat":[4979,2508,5158,3024],"product_tag":[52,91,54,53,48,536,49,3853,3854,2854,247,56,126,50,20273,242,244,20102,243,426,36,55,246,20103,233,245,216],"class_list":{"0":"post-68258205","1":"product","2":"type-product","3":"status-publish","4":"has-post-thumbnail","6":"product_brand-edelbrock","7":"product_cat-300c-57-2011-2023-kompressor","8":"product_cat-challenger-57-kompressor","9":"product_cat-charger-57-2011-2023-kompressor","10":"product_cat-nicht-nach-eu","11":"product_tag-300c","12":"product_tag-5-7","13":"product_tag-challenger","14":"product_tag-charger","15":"product_tag-chrysler","16":"product_tag-chrysler-300c","17":"product_tag-dodge","18":"product_tag-dodge-challenger","19":"product_tag-dodge-charger","20":"product_tag-e-force","21":"product_tag-edelbrock","22":"product_tag-grand-cherokee","23":"product_tag-hemi","24":"product_tag-jeep","25":"product_tag-keintuev","26":"product_tag-kompressor","27":"product_tag-kompressorkit","28":"product_tag-kompressorsystem","29":"product_tag-kompressorumbau","30":"product_tag-kompressorupgrade","31":"product_tag-kraftwerk","32":"product_tag-magnum","33":"product_tag-supercharger","34":"product_tag-supercharger-kit","35":"product_tag-tuning","36":"product_tag-umbaukit","37":"product_tag-upgrade","38":"product_shipping_class-spedition-1","40":"first","41":"onbackorder","42":"taxable","43":"shipping-taxable","44":"purchasable","45":"product-type-simple"},"bundled_by":[],"bundle_stock_status":"onbackorder","bundle_stock_quantity":0,"bundle_virtual":false,"bundle_layout":"","bundle_add_to_cart_form_location":"","bundle_editable_in_cart":false,"bundle_sold_individually_context":"","bundle_item_grouping":"","bundle_min_size":"","bundle_max_size":"","bundle_price":[],"bundled_items":[],"bundle_sell_ids":[],"exclude_global_add_ons":[],"addons":[],"acf":[],"_links":{"self":[{"href":"https:\/\/kraftwerk-shop.cc\/es\/wp-json\/wp\/v2\/product\/68258205","targetHints":{"allow":["GET"]}}],"collection":[{"href":"https:\/\/kraftwerk-shop.cc\/es\/wp-json\/wp\/v2\/product"}],"about":[{"href":"https:\/\/kraftwerk-shop.cc\/es\/wp-json\/wp\/v2\/types\/product"}],"replies":[{"embeddable":true,"href":"https:\/\/kraftwerk-shop.cc\/es\/wp-json\/wp\/v2\/comments?post=68258205"}],"version-history":[{"count":0,"href":"https:\/\/kraftwerk-shop.cc\/es\/wp-json\/wp\/v2\/product\/68258205\/revisions"}],"wp:featuredmedia":[{"embeddable":true,"href":"https:\/\/kraftwerk-shop.cc\/es\/wp-json\/wp\/v2\/media\/68278723"}],"wp:attachment":[{"href":"https:\/\/kraftwerk-shop.cc\/es\/wp-json\/wp\/v2\/media?parent=68258205"}],"wp:term":[{"taxonomy":"product_brand","embeddable":true,"href":"https:\/\/kraftwerk-shop.cc\/es\/wp-json\/wp\/v2\/product_brand?post=68258205"},{"taxonomy":"product_cat","embeddable":true,"href":"https:\/\/kraftwerk-shop.cc\/es\/wp-json\/wp\/v2\/product_cat?post=68258205"},{"taxonomy":"product_tag","embeddable":true,"href":"https:\/\/kraftwerk-shop.cc\/es\/wp-json\/wp\/v2\/product_tag?post=68258205"}],"curies":[{"name":"wp","href":"https:\/\/api.w.org\/{rel}","templated":true}]}}