{"id":68258503,"date":"2021-12-11T23:57:52","date_gmt":"2021-12-11T22:57:52","guid":{"rendered":"https:\/\/kraftwerk-gruppe.de\/?post_type=product&#038;p=68258503"},"modified":"2026-02-15T00:48:46","modified_gmt":"2026-02-14T23:48:46","slug":"afe-power-ram-trx-vulcan-series-sistema-de-escape-cat-back-de-acero-inoxidable-negro","status":"publish","type":"product","link":"https:\/\/kraftwerk-shop.cc\/es\/produkt\/afe-power-ram-trx-vulcan-series-edelstahl-cat-back-auspuffanlage-schwarz\/","title":{"rendered":"aFe POWER RAM TRX Vulcan Series sistema de escape cat-back de acero inoxidable con tubos de escape negros"},"content":{"rendered":"<h1>Sistema de escape cat-back de acero inoxidable aFe POWER Serie Vulcan con tubos de escape negros para RAM TRX<\/h1>\n<p>&nbsp;<\/p>\n<p>El exclusivo dise\u00f1o del tubo X\/H del Vulcan mejora el flujo del sistema de escape RAM TRX y no requiere silenciador. Proporciona m\u00e1s potencia y un sonido agresivo en toda la gama de revoluciones sin afectar a la audici\u00f3n del conductor ni de los pasajeros de la cabina.<\/p>\n<p>&nbsp;<\/p>\n<p><strong>Mejoras de rendimiento<\/strong><br \/>\nEste sistema ha logrado un aumento de las prestaciones de hasta +11 CV y +16 NM, medidos en el dinam\u00f3metro.<\/p>\n<p><strong>Tubo en X y dise\u00f1o de cruce integrados y cortados a inglete<\/strong><br \/>\nTanto el tubo en X cortado a inglete como el tubo equilibrador transversal sustituyen a los silenciadores para distribuir uniformemente los flujos de escape, maximizando el caudal, reduciendo el zumbido y mejorando el sonido.<\/p>\n<p><strong>Sonido agresivo sin concesiones<\/strong><br \/>\nAl acelerar, este sistema produce un sonido exterior agresivo y profundo que desata la potencia y el par motor. A reg\u00edmenes m\u00e1s bajos, el Vulcan mantiene la calidad del sonido en el habit\u00e1culo del veh\u00edculo.<\/p>\n<p><strong>Acero inoxidable 304 soldado MIG<\/strong><br \/>\nLos tubos de acero inoxidable 304 de 3 pulgadas de di\u00e1metro soldados mediante soldadura MIG se convierten en tubos de escape de 3-1\/2 pulgadas de di\u00e1metro para un escape de estilo \"gran di\u00e1metro\".<\/p>\n<p><strong>Tubos de escape dobles negros de 15 cm de di\u00e1metro<\/strong><br \/>\nDos tubos de escape de acero inoxidable 304 de gran di\u00e1metro (6 pulgadas) y acabado en negro mate con el logotipo aFe POWER grabado con l\u00e1ser garantizan un aspecto \u00fanico.<\/p>\n<p><strong>Montaje<\/strong><br \/>\nAl utilizar bridas y soportes dise\u00f1ados en f\u00e1brica, este sistema puede instalarse directamente, por lo que no es necesario realizar cortes ni modificaciones, lo que permite una instalaci\u00f3n sin complicaciones.<\/p>\n<p>&nbsp;<\/p>\n<p><strong>Adecuado para:<\/strong><\/p>\n<table width=\"483\">\n<tbody>\n<tr>\n<td width=\"79\"><strong>A\u00f1o de construcci\u00f3n<\/strong><\/td>\n<td width=\"122\"><strong>Marca<\/strong><\/td>\n<td width=\"83\"><strong>Modelo<\/strong><\/td>\n<td width=\"84\"><strong>Variante<\/strong><\/td>\n<td width=\"115\"><strong>Motor<\/strong><\/td>\n<\/tr>\n<tr>\n<td width=\"79\">2021-2024<\/td>\n<td width=\"122\">RAM<\/td>\n<td width=\"83\">1500 TRX<\/td>\n<td width=\"84\">HEMI<\/td>\n<td width=\"115\">V8 6.2L (sc)<\/td>\n<\/tr>\n<\/tbody>\n<\/table>\n<p>&nbsp;<\/p>\n<p><iframe loading=\"lazy\" title=\"Reproductor de v\u00eddeo YouTube\" src=\"https:\/\/www.youtube.com\/embed\/rfFQKdk_Ykw\" width=\"871\" height=\"490\" frameborder=\"0\" allowfullscreen=\"allowfullscreen\"><\/iframe><\/p>\n<p>&nbsp;<\/p>","protected":false},"excerpt":{"rendered":"<p>2021-2024<\/p>","protected":false},"featured_media":68277158,"comment_status":"open","ping_status":"closed","template":"","meta":{"_acf_changed":false},"product_brand":[16879],"product_cat":[3024,6635],"product_tag":[475,2066,2901,1035,1036,16880,2441,546,1047,2210,1052,2342,204,20273,1040,86,2435,2899,547,1034,1038,2353],"class_list":{"0":"post-68258503","1":"product","2":"type-product","3":"status-publish","4":"has-post-thumbnail","6":"product_brand-afe-power","7":"product_cat-nicht-nach-eu","8":"product_cat-trx-abgasanlage-catback","9":"product_tag-475","10":"product_tag-2066","11":"product_tag-49-32084-b","12":"product_tag-abgasanlage","13":"product_tag-abgassystem","14":"product_tag-advanced-flow-engineering","15":"product_tag-afe-power","16":"product_tag-auspuff","17":"product_tag-cat-back","18":"product_tag-catback","19":"product_tag-delete","20":"product_tag-entfernung","21":"product_tag-ersatz","22":"product_tag-keintuev","23":"product_tag-laut","24":"product_tag-ram","25":"product_tag-rohr","26":"product_tag-schalldaempfer","27":"product_tag-sportauspuff","28":"product_tag-sportauspuffanlage","29":"product_tag-sportendschalldaempfer","30":"product_tag-trx","31":"product_shipping_class-spedition-1","33":"first","34":"onbackorder","35":"taxable","36":"shipping-taxable","37":"purchasable","38":"product-type-simple"},"bundled_by":[],"bundle_stock_status":"onbackorder","bundle_stock_quantity":0,"bundle_virtual":false,"bundle_layout":"","bundle_add_to_cart_form_location":"","bundle_editable_in_cart":false,"bundle_sold_individually_context":"","bundle_item_grouping":"","bundle_min_size":"","bundle_max_size":"","bundle_price":[],"bundled_items":[],"bundle_sell_ids":[],"exclude_global_add_ons":[],"addons":[],"acf":[],"_links":{"self":[{"href":"https:\/\/kraftwerk-shop.cc\/es\/wp-json\/wp\/v2\/product\/68258503","targetHints":{"allow":["GET"]}}],"collection":[{"href":"https:\/\/kraftwerk-shop.cc\/es\/wp-json\/wp\/v2\/product"}],"about":[{"href":"https:\/\/kraftwerk-shop.cc\/es\/wp-json\/wp\/v2\/types\/product"}],"replies":[{"embeddable":true,"href":"https:\/\/kraftwerk-shop.cc\/es\/wp-json\/wp\/v2\/comments?post=68258503"}],"version-history":[{"count":0,"href":"https:\/\/kraftwerk-shop.cc\/es\/wp-json\/wp\/v2\/product\/68258503\/revisions"}],"wp:featuredmedia":[{"embeddable":true,"href":"https:\/\/kraftwerk-shop.cc\/es\/wp-json\/wp\/v2\/media\/68277158"}],"wp:attachment":[{"href":"https:\/\/kraftwerk-shop.cc\/es\/wp-json\/wp\/v2\/media?parent=68258503"}],"wp:term":[{"taxonomy":"product_brand","embeddable":true,"href":"https:\/\/kraftwerk-shop.cc\/es\/wp-json\/wp\/v2\/product_brand?post=68258503"},{"taxonomy":"product_cat","embeddable":true,"href":"https:\/\/kraftwerk-shop.cc\/es\/wp-json\/wp\/v2\/product_cat?post=68258503"},{"taxonomy":"product_tag","embeddable":true,"href":"https:\/\/kraftwerk-shop.cc\/es\/wp-json\/wp\/v2\/product_tag?post=68258503"}],"curies":[{"name":"wp","href":"https:\/\/api.w.org\/{rel}","templated":true}]}}