{"id":68258534,"date":"2021-12-12T13:23:15","date_gmt":"2021-12-12T12:23:15","guid":{"rendered":"https:\/\/kraftwerk-gruppe.de\/?post_type=product&#038;p=68258534"},"modified":"2026-02-15T00:45:52","modified_gmt":"2026-02-14T23:45:52","slug":"espaciador-del-cuerpo-del-acelerador-silver-bullet-hellcat-tackhawk-trx","status":"publish","type":"product","link":"https:\/\/kraftwerk-shop.cc\/es\/produkt\/silver-bullet-drosselklappen-spacer-hellcat-tackhawk-trx\/","title":{"rendered":"Silver Bullet espaciador del cuerpo del acelerador Hellcat, Tackhawk y TRX"},"content":{"rendered":"<p><strong>Dise\u00f1o sencillo<\/strong><br \/>\nEste espaciador del cuerpo del acelerador Silver Bullet est\u00e1 dise\u00f1ado con un interior liso mecanizado CNC para el mejor flujo de aire posible y un mayor volumen del colector de admisi\u00f3n. Los dos puertos son de f\u00e1cil acceso para su uso como puertos de vac\u00edo o para otros accesorios y se pueden tapar con los tapones incluidos 1\/8\u2033 NPT cuando no est\u00e9 en uso.<\/p>\n<p><strong>Construcci\u00f3n en aluminio billet 6061-T6<\/strong><br \/>\nEste espaciador de cuerpo de mariposa Silver Bullet est\u00e1 mecanizado con precisi\u00f3n a partir de aluminio billet 6061-T6 y se caracteriza por su bajo peso, alta resistencia y ajuste y acabado perfectos. La superficie anodizada incolora protege contra la corrosi\u00f3n y el logotipo grabado con l\u00e1ser a\u00f1ade el toque final.<\/p>\n<p><strong>El montaje es un juego de ni\u00f1os<\/strong><br \/>\nEste espaciador del cuerpo del acelerador Silver Bullet utiliza el patr\u00f3n de tornillos de f\u00e1brica para una instalaci\u00f3n sin problemas. Una junta incluida asegura un sellado perfecto.<\/p>\n<p>&nbsp;<\/p>\n<p><strong>Adecuado para:<\/strong><\/p>\n<table width=\"893\">\n<tbody>\n<tr>\n<td width=\"94\"><strong>A\u00f1o de construcci\u00f3n<\/strong><\/td>\n<td width=\"158\"><strong>Marca<\/strong><\/td>\n<td width=\"233\"><strong>Modelo<\/strong><\/td>\n<td width=\"112\"><strong>Variante<\/strong><\/td>\n<td width=\"296\"><strong>Motor<\/strong><\/td>\n<\/tr>\n<tr>\n<td width=\"94\">2015-2023<\/td>\n<td width=\"158\">Dodge<\/td>\n<td width=\"233\">Challenger SRT Hellcat<\/td>\n<td width=\"112\">HEMI<\/td>\n<td width=\"296\">V8 6.2L (sc)<\/td>\n<\/tr>\n<tr>\n<td width=\"94\">2015-2023<\/td>\n<td width=\"158\">Dodge<\/td>\n<td width=\"233\">Charger SRT Hellcat<\/td>\n<td width=\"112\">HEMI<\/td>\n<td width=\"296\">V8 6.2L (sc)<\/td>\n<\/tr>\n<tr>\n<td width=\"94\">2021-2025<\/td>\n<td width=\"158\">Dodge<\/td>\n<td width=\"233\">Durango SRT Hellcat<\/td>\n<td width=\"112\">HEMI<\/td>\n<td width=\"296\">V8 6.2L (sc)<\/td>\n<\/tr>\n<tr>\n<td width=\"94\">2018-2021<\/td>\n<td width=\"158\">Jeep<\/td>\n<td width=\"233\">Grand Cherokee Trackhawk<\/td>\n<td width=\"112\">HEMI<\/td>\n<td width=\"296\">V8 6.2L (sc)<\/td>\n<\/tr>\n<tr>\n<td width=\"94\">2021-2024<\/td>\n<td width=\"158\">RAM<\/td>\n<td width=\"233\">1500 TRX<\/td>\n<td width=\"112\">HEMI<\/td>\n<td width=\"296\">V8 6.2L (sc)<\/td>\n<\/tr>\n<\/tbody>\n<\/table>\n<p>&nbsp;<\/p>\n<p><strong>S\u00f3lo apto para v\u00e1lvulas de mariposa originales.<\/strong><\/p>","protected":false},"excerpt":{"rendered":"<p>Dise\u00f1o sencillo Este espaciador de cuerpo de mariposa Silver Bullet est\u00e1 dise\u00f1ado con un interior liso mecanizado CNC para el mejor flujo de aire posible y un mayor<\/p>","protected":false},"featured_media":68285896,"comment_status":"open","ping_status":"closed","template":"","meta":{"_acf_changed":false},"product_brand":[],"product_cat":[1790,2515,2711,2668,2700],"product_tag":[475,2905,498,2441,54,53,49,3853,3854,158,95,56,159,160,100,126,50,4425,4427,4426,36,186,86,741,102,2353],"class_list":{"0":"post-68258534","1":"product","2":"type-product","3":"status-publish","4":"has-post-thumbnail","6":"product_cat-challenger-hellcat-ansaugung","7":"product_cat-charger-hellcat-ansaugung","8":"product_cat-durango-hellcat-ansaugung","9":"product_cat-trackhawk-ansaugung","10":"product_cat-trx-ansaugung","11":"product_tag-475","12":"product_tag-46-32011","13":"product_tag-afe","14":"product_tag-afe-power","15":"product_tag-challenger","16":"product_tag-charger","17":"product_tag-dodge","18":"product_tag-dodge-challenger","19":"product_tag-dodge-charger","20":"product_tag-drosselklappe","21":"product_tag-durango","22":"product_tag-grand-cherokee","23":"product_tag-gross","24":"product_tag-groesser","25":"product_tag-hellcat","26":"product_tag-hemi","27":"product_tag-jeep","28":"product_tag-jeep-grand-cherokee","29":"product_tag-jeep-grand-cherokee-trackhawk","30":"product_tag-jeep-trackhawk","31":"product_tag-kraftwerk","32":"product_tag-performance","33":"product_tag-ram","34":"product_tag-spacer","35":"product_tag-trackhawk","36":"product_tag-trx","38":"first","39":"instock","40":"taxable","41":"shipping-taxable","42":"purchasable","43":"product-type-simple"},"bundled_by":[],"bundle_stock_status":"instock","bundle_stock_quantity":1,"bundle_virtual":false,"bundle_layout":"","bundle_add_to_cart_form_location":"","bundle_editable_in_cart":false,"bundle_sold_individually_context":"","bundle_item_grouping":"","bundle_min_size":"","bundle_max_size":"","bundle_price":[],"bundled_items":[],"bundle_sell_ids":[],"exclude_global_add_ons":[],"addons":[],"acf":[],"_links":{"self":[{"href":"https:\/\/kraftwerk-shop.cc\/es\/wp-json\/wp\/v2\/product\/68258534","targetHints":{"allow":["GET"]}}],"collection":[{"href":"https:\/\/kraftwerk-shop.cc\/es\/wp-json\/wp\/v2\/product"}],"about":[{"href":"https:\/\/kraftwerk-shop.cc\/es\/wp-json\/wp\/v2\/types\/product"}],"replies":[{"embeddable":true,"href":"https:\/\/kraftwerk-shop.cc\/es\/wp-json\/wp\/v2\/comments?post=68258534"}],"version-history":[{"count":0,"href":"https:\/\/kraftwerk-shop.cc\/es\/wp-json\/wp\/v2\/product\/68258534\/revisions"}],"wp:featuredmedia":[{"embeddable":true,"href":"https:\/\/kraftwerk-shop.cc\/es\/wp-json\/wp\/v2\/media\/68285896"}],"wp:attachment":[{"href":"https:\/\/kraftwerk-shop.cc\/es\/wp-json\/wp\/v2\/media?parent=68258534"}],"wp:term":[{"taxonomy":"product_brand","embeddable":true,"href":"https:\/\/kraftwerk-shop.cc\/es\/wp-json\/wp\/v2\/product_brand?post=68258534"},{"taxonomy":"product_cat","embeddable":true,"href":"https:\/\/kraftwerk-shop.cc\/es\/wp-json\/wp\/v2\/product_cat?post=68258534"},{"taxonomy":"product_tag","embeddable":true,"href":"https:\/\/kraftwerk-shop.cc\/es\/wp-json\/wp\/v2\/product_tag?post=68258534"}],"curies":[{"name":"wp","href":"https:\/\/api.w.org\/{rel}","templated":true}]}}