{"id":68258673,"date":"2021-12-15T11:24:44","date_gmt":"2021-12-15T10:24:44","guid":{"rendered":"https:\/\/kraftwerk-gruppe.de\/?post_type=product&#038;p=68258673"},"modified":"2026-02-15T00:50:31","modified_gmt":"2026-02-14T23:50:31","slug":"mbrp-sistema-de-escape-unico-ram-2500-3500","status":"publish","type":"product","link":"https:\/\/kraftwerk-shop.cc\/es\/produkt\/mbrp-single-exhaust-system-ram-2500-3500\/","title":{"rendered":"MBRP Street Profile Cat-Back Sistema de escape \u00fanico RAM 2500 \/ 3500 6.4"},"content":{"rendered":"<h1>MBRP Street Profile Cat-Back Sistema de escape simple para RAM 2500 \/ 3500 6.4<\/h1>\n<p>&nbsp;<\/p>\n<p>La serie Installer AL libera todo el potencial de potencia y par de su veh\u00edculo y garantiza que su RAM funcione m\u00e1s r\u00e1pido y de forma m\u00e1s eficiente.<\/p>\n<p>Cada sistema de escape MBRP Installer AL Series est\u00e1 ajustado y dise\u00f1ado para ofrecer el m\u00e1ximo rendimiento a su veh\u00edculo. Fabricado en acero aluminizado de alta resistencia. Cada secci\u00f3n de la tuber\u00eda se dobla de manera uniforme para aumentar el flujo de escape. El silenciador est\u00e1 dise\u00f1ado para dar a su veh\u00edculo un sonido \u00f3ptimo y minimizar la contrapresi\u00f3n. Como beneficio adicional, la mayor\u00eda de los escapes de la serie AL vienen con un tubo de escape de acero inoxidable T-304 para completar su kit.<\/p>\n<p>La instalaci\u00f3n del sistema de escape MBRP es simple y no requiere soldadura o perforaci\u00f3n en su veh\u00edculo. Cada sistema utiliza los puntos de montaje existentes.<\/p>\n<p>&nbsp;<\/p>\n<ul>\n<li>Construcci\u00f3n robusta de acero aluminizado<\/li>\n<li>Tubos curvados para aumentar el caudal de aire<\/li>\n<li>Ajuste especial para un sonido \u00f3ptimo<\/li>\n<li>Tubos de escape de acero inoxidable T-304<\/li>\n<li>Dise\u00f1o atornillado para facilitar la instalaci\u00f3n<\/li>\n<\/ul>\n<p>&nbsp;<\/p>\n<p>El sistema de escape MBRP S5149AL cat-back es adecuado para los siguientes modelos:<\/p>\n<table width=\"449\">\n<tbody>\n<tr>\n<td width=\"115\"><strong>Marca<\/strong><\/td>\n<td width=\"145\"><strong>Modelo<\/strong><\/td>\n<td width=\"106\"><strong>Motor<\/strong><\/td>\n<td width=\"83\"><strong>A\u00f1o de construcci\u00f3n<\/strong><\/td>\n<\/tr>\n<tr>\n<td>RAM<\/td>\n<td>2500<\/td>\n<td>6.4 L<\/td>\n<td>2014 - 2025<\/td>\n<\/tr>\n<tr>\n<td>RAM<\/td>\n<td>3500<\/td>\n<td>6.4 L<\/td>\n<td>2014 - 2025<\/td>\n<\/tr>\n<\/tbody>\n<\/table>\n<p>&nbsp;<\/p>\n<p><iframe loading=\"lazy\" title=\"Reproductor de v\u00eddeo YouTube\" src=\"https:\/\/www.youtube.com\/embed\/UlyiU1Or2CY\" width=\"882\" height=\"496\" frameborder=\"0\" allowfullscreen=\"allowfullscreen\"><\/iframe><\/p>\n<p>&nbsp;<\/p>","protected":false},"excerpt":{"rendered":"<p>2014-2025<\/p>","protected":false},"featured_media":68267023,"comment_status":"open","ping_status":"closed","template":"","meta":{"_acf_changed":false},"product_brand":[17169],"product_cat":[3024,2917],"product_tag":[248,249,250,251,252,419,420,2066,2373,93,1046,1035,1036,546,1037,1047,2210,429,49,662,1043,1039,1042,2786,2212,2934,532,529,441,20273,2211,2285,1040,2208,2286,2931,6924,328,1044,505,1181,86,2284,2932,1045,1041,547,1034,1038,2215,233,2139,2137],"class_list":{"0":"post-68258673","1":"product","2":"type-product","3":"status-publish","4":"has-post-thumbnail","6":"product_brand-mbrp","7":"product_cat-nicht-nach-eu","8":"product_cat-2500-3500-64-abgasanlage","9":"product_tag-248","10":"product_tag-249","11":"product_tag-250","12":"product_tag-251","13":"product_tag-252","14":"product_tag-419","15":"product_tag-420","16":"product_tag-2066","17":"product_tag-2373","18":"product_tag-6-4","19":"product_tag-abe","20":"product_tag-abgasanlage","21":"product_tag-abgassystem","22":"product_tag-auspuff","23":"product_tag-auspuffsystem","24":"product_tag-cat-back","25":"product_tag-catback","26":"product_tag-deutschland","27":"product_tag-dodge","28":"product_tag-edelstahl","29":"product_tag-endrohr","30":"product_tag-endschalldaempfer","31":"product_tag-endtopf","32":"product_tag-exhaust","33":"product_tag-gutachten","34":"product_tag-harder","35":"product_tag-kat","36":"product_tag-katalysator","37":"product_tag-kaufen","38":"product_tag-keintuev","39":"product_tag-klang","40":"product_tag-laramie","41":"product_tag-laut","42":"product_tag-lauter","43":"product_tag-limited","44":"product_tag-mbrp","45":"product_tag-mbrp10","46":"product_tag-mds","47":"product_tag-mittelschalldaempfer","48":"product_tag-powerwagon","49":"product_tag-race","50":"product_tag-ram","51":"product_tag-rebel","52":"product_tag-s5149al","53":"product_tag-sound","54":"product_tag-sport","55":"product_tag-sportauspuff","56":"product_tag-sportauspuffanlage","57":"product_tag-sportendschalldaempfer","58":"product_tag-street","59":"product_tag-tuning","60":"product_tag-tuev","61":"product_tag-zulassung","62":"product_shipping_class-spedition-1","64":"first","65":"onbackorder","66":"taxable","67":"shipping-taxable","68":"purchasable","69":"product-type-simple"},"bundled_by":[],"bundle_stock_status":"onbackorder","bundle_stock_quantity":0,"bundle_virtual":false,"bundle_layout":"","bundle_add_to_cart_form_location":"","bundle_editable_in_cart":false,"bundle_sold_individually_context":"","bundle_item_grouping":"","bundle_min_size":"","bundle_max_size":"","bundle_price":[],"bundled_items":[],"bundle_sell_ids":[],"exclude_global_add_ons":[],"addons":[],"acf":[],"_links":{"self":[{"href":"https:\/\/kraftwerk-shop.cc\/es\/wp-json\/wp\/v2\/product\/68258673","targetHints":{"allow":["GET"]}}],"collection":[{"href":"https:\/\/kraftwerk-shop.cc\/es\/wp-json\/wp\/v2\/product"}],"about":[{"href":"https:\/\/kraftwerk-shop.cc\/es\/wp-json\/wp\/v2\/types\/product"}],"replies":[{"embeddable":true,"href":"https:\/\/kraftwerk-shop.cc\/es\/wp-json\/wp\/v2\/comments?post=68258673"}],"version-history":[{"count":0,"href":"https:\/\/kraftwerk-shop.cc\/es\/wp-json\/wp\/v2\/product\/68258673\/revisions"}],"wp:featuredmedia":[{"embeddable":true,"href":"https:\/\/kraftwerk-shop.cc\/es\/wp-json\/wp\/v2\/media\/68267023"}],"wp:attachment":[{"href":"https:\/\/kraftwerk-shop.cc\/es\/wp-json\/wp\/v2\/media?parent=68258673"}],"wp:term":[{"taxonomy":"product_brand","embeddable":true,"href":"https:\/\/kraftwerk-shop.cc\/es\/wp-json\/wp\/v2\/product_brand?post=68258673"},{"taxonomy":"product_cat","embeddable":true,"href":"https:\/\/kraftwerk-shop.cc\/es\/wp-json\/wp\/v2\/product_cat?post=68258673"},{"taxonomy":"product_tag","embeddable":true,"href":"https:\/\/kraftwerk-shop.cc\/es\/wp-json\/wp\/v2\/product_tag?post=68258673"}],"curies":[{"name":"wp","href":"https:\/\/api.w.org\/{rel}","templated":true}]}}