{"id":68259067,"date":"2021-12-18T17:05:53","date_gmt":"2021-12-18T16:05:53","guid":{"rendered":"https:\/\/kraftwerk-gruppe.de\/?post_type=product&#038;p=68259067"},"modified":"2026-03-30T11:29:26","modified_gmt":"2026-03-30T09:29:26","slug":"botones-auxiliares-tazer-burnbox","status":"publish","type":"product","link":"https:\/\/kraftwerk-shop.cc\/es\/produkt\/aux-tasten-tazer-burnbox\/","title":{"rendered":"Botones AUX para Tazer \/ BurnBox"},"content":{"rendered":"<h1>Botones AUX para Tazer \/ BurnBox<\/h1>\n<p>&nbsp;<\/p>\n<p>Los botones AUX de Z Automotive\u00ae son una soluci\u00f3n sencilla para la activaci\u00f3n con un solo toque de muchas funciones Tazer \/ BurnBox.<br \/>\nSustituya la cubierta ficticia de los botones CRUISE de su volante sin desmontar el airbag ni el volante. Para ello, basta con retirar la cubierta ficticia e insertar estos tres botones funcionales.<br \/>\nUtiliza la funci\u00f3n \"Remap\" del Tazer o BurnBox para seleccionar qu\u00e9 funci\u00f3n debe tener cada uno de los tres botones. Puedes cambiar la asignaci\u00f3n en cualquier momento en un abrir y cerrar de ojos.<\/p>\n<p>&nbsp;<\/p>\n<p>Las funciones que se pueden realizar con los nuevos botones, dependiendo del a\u00f1o\/modelo, incluyen<\/p>\n<p><strong>Tazer<\/strong><\/p>\n<ul>\n<li>Espect\u00e1culo de luz personalizado<\/li>\n<li>Bloqueo de l\u00ednea<\/li>\n<li>Modo de lanzamiento<\/li>\n<li>Conmutaci\u00f3n de c\u00e1mara\/v\u00eddeo<\/li>\n<li>Tracci\u00f3n Kill<\/li>\n<li>Modo de conducci\u00f3n Sport \/ Track \/ Custom<\/li>\n<li>Fuerza RWD<\/li>\n<li>Enfriamiento<\/li>\n<\/ul>\n<p>&nbsp;<\/p>\n<p><strong>BurnBox Hellcat<\/strong><\/p>\n<ul>\n<li>Espect\u00e1culo de luz personalizado<\/li>\n<li>Bloqueo de l\u00ednea<\/li>\n<li>Enfriamiento<\/li>\n<\/ul>\n<p>&nbsp;<\/p>\n<p><strong>BurnBox G2<\/strong><\/p>\n<ul>\n<li>Espect\u00e1culo de luz personalizado<\/li>\n<li>Bloqueo de l\u00ednea<\/li>\n<\/ul>\n<p>&nbsp;<\/p>\n<p>Importante: existen 2 dise\u00f1os diferentes. Antes de realizar el pedido, aseg\u00farese de aclarar cu\u00e1l de las dos versiones est\u00e1 instalada en su veh\u00edculo. Compru\u00e9belo y no se f\u00ede de la matriculaci\u00f3n inicial de su veh\u00edculo.<\/p>\n<p><img decoding=\"async\" class=\"alignnone\" src=\"https:\/\/kraftwerk-shop.cc\/wp-content\/uploads\/2021\/12\/aux-buttons-unterschiede.png\" alt=\"\" width=\"624\" height=\"416\" data-wp-editing=\"1\" \/><\/p>\n<p>&nbsp;<\/p>\n<p><strong>Variante A:<\/strong><\/p>\n<table width=\"386\">\n<tbody>\n<tr>\n<td width=\"94\"><strong>Marca<\/strong><\/td>\n<td width=\"158\"><strong>Modelo<\/strong><\/td>\n<td width=\"134\"><strong>A\u00f1o de construcci\u00f3n<\/strong><\/td>\n<\/tr>\n<tr>\n<td width=\"94\">Chrysler<\/td>\n<td width=\"158\">300<\/td>\n<td width=\"134\">2015-2017<\/td>\n<\/tr>\n<tr>\n<td width=\"94\">Dodge<\/td>\n<td width=\"158\">Challenger<\/td>\n<td width=\"134\">2015-2017<\/td>\n<\/tr>\n<tr>\n<td width=\"94\">Dodge<\/td>\n<td width=\"158\">Charger<\/td>\n<td width=\"134\">2015-2017<\/td>\n<\/tr>\n<tr>\n<td width=\"94\">Dodge<\/td>\n<td width=\"158\">Durango<\/td>\n<td width=\"134\">2015-2017<\/td>\n<\/tr>\n<tr>\n<td width=\"94\">Jeep<\/td>\n<td width=\"158\">Grand Cherokee<\/td>\n<td width=\"134\">2015-2017<\/td>\n<\/tr>\n<\/tbody>\n<\/table>\n<p>&nbsp;<\/p>\n<p><strong>Variante B<\/strong><\/p>\n<table width=\"386\">\n<tbody>\n<tr>\n<td width=\"94\"><strong>Marca<\/strong><\/td>\n<td width=\"158\"><strong>Modelo<\/strong><\/td>\n<td width=\"134\"><strong>A\u00f1o de construcci\u00f3n<\/strong><\/td>\n<\/tr>\n<tr>\n<td width=\"94\">Chrysler<\/td>\n<td width=\"158\">300<\/td>\n<td width=\"134\">2017-2022<\/td>\n<\/tr>\n<tr>\n<td width=\"94\">Dodge<\/td>\n<td width=\"158\">Challenger<\/td>\n<td width=\"134\">2017-2022<\/td>\n<\/tr>\n<tr>\n<td width=\"94\">Dodge<\/td>\n<td width=\"158\">Charger<\/td>\n<td width=\"134\">2017-2022<\/td>\n<\/tr>\n<tr>\n<td width=\"94\">Dodge<\/td>\n<td width=\"158\">Durango<\/td>\n<td width=\"134\">2017-2022<\/td>\n<\/tr>\n<tr>\n<td width=\"94\">Jeep<\/td>\n<td width=\"158\">Grand Cherokee<\/td>\n<td width=\"134\">2017-2021<\/td>\n<\/tr>\n<\/tbody>\n<\/table>\n<p>&nbsp;<\/p>","protected":false},"excerpt":{"rendered":"<p>Extensi\u00f3n para Tazer \/ BurnBox<\/p>","protected":false},"featured_media":68278119,"comment_status":"open","ping_status":"closed","template":"","meta":{"_acf_changed":false},"product_brand":[17480],"product_cat":[1567,4986,1591,1672,1680,1696,1704,1607,5164,1631,1639,1648,1656,3002,1664,1744,1752,1768,1776],"product_tag":[249,250,251,252,419,420,2066,52,2997,3613,2996,2998,54,53,48,49,3853,3854,95,56,50,4425,3000,2999,442,470,3001,2991],"class_list":{"0":"post-68259067","1":"product","2":"type-product","3":"status-publish","4":"has-post-thumbnail","6":"product_brand-z-automotive","7":"product_cat-300c-36-zubehoer","8":"product_cat-300c-57-2011-2023-zubehoer","9":"product_cat-300c-64-zubehoer","10":"product_cat-challenger-36-zubehoer","11":"product_cat-challenger-57-zubehoer","12":"product_cat-challenger-hellcat-zubehoer","13":"product_cat-challenger-64-zubehoer","14":"product_cat-charger-36-zubehoer","15":"product_cat-dodge-charger-57-2011-2023-zubehoer","16":"product_cat-charger-hellcat-zubehoer","17":"product_cat-charger-64-zubehoer","18":"product_cat-durango-36-zubehoer","19":"product_cat-durango-57-zubehoer","20":"product_cat-durango-hellcat-zubehoer","21":"product_cat-durango-64-zubehoer","22":"product_cat-grand-cherokee-36-zubehoer","23":"product_cat-grand-cherokee-57-2011-2021-zubehoer","24":"product_cat-trackhawk-zubehoer","25":"product_cat-grand-cherokee-64-zubehoer","26":"product_tag-249","27":"product_tag-250","28":"product_tag-251","29":"product_tag-252","30":"product_tag-419","31":"product_tag-420","32":"product_tag-2066","33":"product_tag-300c","34":"product_tag-aux","35":"product_tag-aux-tasten","36":"product_tag-burnbox","37":"product_tag-buttons","38":"product_tag-challenger","39":"product_tag-charger","40":"product_tag-chrysler","41":"product_tag-dodge","42":"product_tag-dodge-challenger","43":"product_tag-dodge-charger","44":"product_tag-durango","45":"product_tag-grand-cherokee","46":"product_tag-jeep","47":"product_tag-jeep-grand-cherokee","48":"product_tag-knoepfe","49":"product_tag-tasten","50":"product_tag-tazer","51":"product_tag-z-auto","52":"product_tag-z-autotech","53":"product_tag-zauto","55":"first","56":"instock","57":"taxable","58":"shipping-taxable","59":"purchasable","60":"product-type-variable"},"bundled_by":[],"bundle_stock_status":"instock","bundle_stock_quantity":11,"bundle_virtual":false,"bundle_layout":"","bundle_add_to_cart_form_location":"","bundle_editable_in_cart":false,"bundle_sold_individually_context":"","bundle_item_grouping":"","bundle_min_size":"","bundle_max_size":"","bundle_price":[],"bundled_items":[],"bundle_sell_ids":[],"exclude_global_add_ons":[],"addons":[],"acf":[],"_links":{"self":[{"href":"https:\/\/kraftwerk-shop.cc\/es\/wp-json\/wp\/v2\/product\/68259067","targetHints":{"allow":["GET"]}}],"collection":[{"href":"https:\/\/kraftwerk-shop.cc\/es\/wp-json\/wp\/v2\/product"}],"about":[{"href":"https:\/\/kraftwerk-shop.cc\/es\/wp-json\/wp\/v2\/types\/product"}],"replies":[{"embeddable":true,"href":"https:\/\/kraftwerk-shop.cc\/es\/wp-json\/wp\/v2\/comments?post=68259067"}],"version-history":[{"count":0,"href":"https:\/\/kraftwerk-shop.cc\/es\/wp-json\/wp\/v2\/product\/68259067\/revisions"}],"wp:featuredmedia":[{"embeddable":true,"href":"https:\/\/kraftwerk-shop.cc\/es\/wp-json\/wp\/v2\/media\/68278119"}],"wp:attachment":[{"href":"https:\/\/kraftwerk-shop.cc\/es\/wp-json\/wp\/v2\/media?parent=68259067"}],"wp:term":[{"taxonomy":"product_brand","embeddable":true,"href":"https:\/\/kraftwerk-shop.cc\/es\/wp-json\/wp\/v2\/product_brand?post=68259067"},{"taxonomy":"product_cat","embeddable":true,"href":"https:\/\/kraftwerk-shop.cc\/es\/wp-json\/wp\/v2\/product_cat?post=68259067"},{"taxonomy":"product_tag","embeddable":true,"href":"https:\/\/kraftwerk-shop.cc\/es\/wp-json\/wp\/v2\/product_tag?post=68259067"}],"curies":[{"name":"wp","href":"https:\/\/api.w.org\/{rel}","templated":true}]}}