{"id":68259156,"date":"2021-12-18T23:45:58","date_gmt":"2021-12-18T22:45:58","guid":{"rendered":"https:\/\/kraftwerk-gruppe.de\/?post_type=product&#038;p=68259156"},"modified":"2026-02-15T00:43:39","modified_gmt":"2026-02-14T23:43:39","slug":"recipiente-de-aceite-jlt-jeep-wrangler-36","status":"publish","type":"product","link":"https:\/\/kraftwerk-shop.cc\/es\/produkt\/jlt-oil-catch-can-jeep-wrangler-36\/","title":{"rendered":"J&amp;L Oil Catch Can Jeep Wrangler 3,6"},"content":{"rendered":"<h1>J&amp;L Oil Catch Can para Jeep Wrangler JK 3.6<strong><br \/>\n<\/strong><\/h1>\n<p>&nbsp;<\/p>\n<ul>\n<li>Capacidad de 90 ml<\/li>\n<li>S\u00f3lido dise\u00f1o de tocho<\/li>\n<li>Conectores PCV de conexi\u00f3n r\u00e1pida estilo OEM<\/li>\n<li>Sistema de filtraci\u00f3n multietapa que captura los vapores m\u00e1s finos y los atrapa en el recipiente f\u00e1cilmente extra\u00edble, al tiempo que permite el paso de aire limpio al tracto de admisi\u00f3n.<\/li>\n<\/ul>\n<p>&nbsp;<\/p>\n<p><strong>\u00bfC\u00f3mo funciona el sistema?<\/strong><\/p>\n<p>Cuando la presi\u00f3n del c\u00e1rter se ventila a trav\u00e9s del conducto de admisi\u00f3n, grandes cantidades de aceite en forma de vapores se introducen en el colector de admisi\u00f3n y en los colectores de admisi\u00f3n e incluso diluyen la gasolina, haciendo que baje el octanaje.<br \/>\nEsto ocurre en todos los motores y es a\u00fan m\u00e1s pronunciado en los veh\u00edculos con carga forzada (sobrealimentadores y turbocompresores), ya que aumenta la presi\u00f3n del c\u00e1rter.<br \/>\nPara contrarrestarlo, se desarroll\u00f3 un separador de aceite con dise\u00f1o propio.<br \/>\nMecanizado a partir de aluminio billet macizo, es una pieza s\u00f3lida como una roca. Cuenta con una base de dep\u00f3sito moleteada que facilita el vaciado del aceite usado y una junta t\u00f3rica que evita las fugas.<\/p>\n<p>La filtraci\u00f3n consiste en un tamiz de malla fina de acero inoxidable que atrapa los vapores finos de aceite y los libera en cuanto pesan lo suficiente como para caer.<br \/>\nA continuaci\u00f3n, pasan por un filtro de panal de aluminio de 1\/2\u2033 de grosor y 1\/16\u2033, donde se hacen cada vez m\u00e1s grandes y finalmente caen al contenedor.<br \/>\nSi el aceite atraviesa el filtro, es demasiado pesado para pasar al tracto de admisi\u00f3n.<br \/>\nEl recipiente de recogida contiene 90 ml de l\u00edquido. Puede que no parezca mucho, pero no deber\u00eda encontrar tanto aceite en su sistema PCV.<\/p>\n<p>&nbsp;<\/p>\n<p><strong>Adecuado para:<\/strong><\/p>\n<table width=\"498\">\n<tbody>\n<tr>\n<td width=\"94\">Jeep<\/td>\n<td width=\"158\">Wrangler<\/td>\n<td width=\"134\">3.6<\/td>\n<td width=\"112\">2012-2017<\/td>\n<\/tr>\n<\/tbody>\n<\/table>\n<p>&nbsp;<\/p>\n<p><strong>Volumen de suministro<\/strong>:<\/p>\n<ul>\n<li>Oil Catch Can (negro)<\/li>\n<li>Soporte<\/li>\n<li>Mangueras<\/li>\n<li>Conexiones<\/li>\n<li>Instrucciones de uso en alem\u00e1n e ingl\u00e9s<\/li>\n<\/ul>\n<p>&nbsp;<\/p>\n<p><strong>Nota:<\/strong> Nota: Los JLT Oil Catch Can ahora tambi\u00e9n se venden bajo la marca J&amp;L Oil Separator Co (OSC).<br \/>\nDurante el periodo de transici\u00f3n, los Oil Catch Can est\u00e1n disponibles con ambas designaciones.<br \/>\nAmbos son el mismo producto.<\/p>","protected":false},"excerpt":{"rendered":"<p>2012-2017<\/p>","protected":false},"featured_media":68277548,"comment_status":"open","ping_status":"closed","template":"","meta":{"_acf_changed":false},"product_brand":[17171],"product_cat":[19726],"product_tag":[169,3018,3017,3245,50,903,1093,2444,36,84,82,85,3243,406,83,3242,170,3244,198,175],"class_list":{"0":"post-68259156","1":"product","2":"type-product","3":"status-publish","4":"has-post-thumbnail","6":"product_brand-jl","7":"product_cat-wrangler-36-jk-oil-catch-can","8":"product_tag-3-6","9":"product_tag-3064d","10":"product_tag-3064d-b","11":"product_tag-jl-oil-separator-co","12":"product_tag-jeep","13":"product_tag-jl","14":"product_tag-jlt","15":"product_tag-jlt-performance","16":"product_tag-kraftwerk","17":"product_tag-kurbelgehaeuseentlueftung","18":"product_tag-oil-catch-can","19":"product_tag-oil-catch-tank","20":"product_tag-oil-separator","21":"product_tag-oel","22":"product_tag-oelabscheider","23":"product_tag-osc","24":"product_tag-pentastar","25":"product_tag-separator","26":"product_tag-v6","27":"product_tag-wrangler","28":"product_shipping_class-deutschlandohne","30":"first","31":"instock","32":"taxable","33":"shipping-taxable","34":"purchasable","35":"product-type-simple"},"bundled_by":[],"bundle_stock_status":"instock","bundle_stock_quantity":1,"bundle_virtual":false,"bundle_layout":"","bundle_add_to_cart_form_location":"","bundle_editable_in_cart":false,"bundle_sold_individually_context":"","bundle_item_grouping":"","bundle_min_size":"","bundle_max_size":"","bundle_price":[],"bundled_items":[],"bundle_sell_ids":[],"exclude_global_add_ons":[],"addons":[],"acf":[],"_links":{"self":[{"href":"https:\/\/kraftwerk-shop.cc\/es\/wp-json\/wp\/v2\/product\/68259156","targetHints":{"allow":["GET"]}}],"collection":[{"href":"https:\/\/kraftwerk-shop.cc\/es\/wp-json\/wp\/v2\/product"}],"about":[{"href":"https:\/\/kraftwerk-shop.cc\/es\/wp-json\/wp\/v2\/types\/product"}],"replies":[{"embeddable":true,"href":"https:\/\/kraftwerk-shop.cc\/es\/wp-json\/wp\/v2\/comments?post=68259156"}],"version-history":[{"count":0,"href":"https:\/\/kraftwerk-shop.cc\/es\/wp-json\/wp\/v2\/product\/68259156\/revisions"}],"wp:featuredmedia":[{"embeddable":true,"href":"https:\/\/kraftwerk-shop.cc\/es\/wp-json\/wp\/v2\/media\/68277548"}],"wp:attachment":[{"href":"https:\/\/kraftwerk-shop.cc\/es\/wp-json\/wp\/v2\/media?parent=68259156"}],"wp:term":[{"taxonomy":"product_brand","embeddable":true,"href":"https:\/\/kraftwerk-shop.cc\/es\/wp-json\/wp\/v2\/product_brand?post=68259156"},{"taxonomy":"product_cat","embeddable":true,"href":"https:\/\/kraftwerk-shop.cc\/es\/wp-json\/wp\/v2\/product_cat?post=68259156"},{"taxonomy":"product_tag","embeddable":true,"href":"https:\/\/kraftwerk-shop.cc\/es\/wp-json\/wp\/v2\/product_tag?post=68259156"}],"curies":[{"name":"wp","href":"https:\/\/api.w.org\/{rel}","templated":true}]}}