{"id":68259377,"date":"2021-12-21T23:52:23","date_gmt":"2021-12-21T22:52:23","guid":{"rendered":"https:\/\/kraftwerk-gruppe.de\/?post_type=product&#038;p=68259377"},"modified":"2026-02-15T00:55:36","modified_gmt":"2026-02-14T23:55:36","slug":"sistema-de-escape-borla-s-type-dodge-durango-6-2-hellcat-2021","status":"publish","type":"product","link":"https:\/\/kraftwerk-shop.cc\/es\/produkt\/borla-s-type-auspuffanlage-dodge-durango-6-2-hellcat-2021\/","title":{"rendered":"Sistema de escape BORLA S-Type para Dodge Durango 6.2 Hellcat"},"content":{"rendered":"<h1>BORLA S-Type 140885 Sistema de escape de alto rendimiento para Dodge Durango 6.4 SRT 6.2 Hellcat 2021 - 2025<\/h1>\n<p>&nbsp;<\/p>\n<p>El sonido profundo y carnoso es m\u00e1s fuerte que el del sistema de escape de serie del Dodge Durango Hellcat y realza el car\u00e1cter del motor.<br \/>\nAunque no est\u00e1 autorizado, el sonido no es tan alto como para causar problemas.<\/p>\n<p><strong>El sistema de escape S-Type es la intermedia de las tres variantes de sonido Borla.<\/strong><\/p>\n<p>Durante el desarrollo de este sistema de escape, el dise\u00f1o aerodin\u00e1mico y gasodin\u00e1mico fue la primera prioridad, seguido de la ingenier\u00eda de sonido.<br \/>\nEste elaborado enfoque, que rara vez se practica en la industria, significa que la potencia y el par motor no se sacrifican por el sonido, sino que se armonizan entre s\u00ed.<br \/>\nEste es el logro especial de Borla. No siempre es reconocible a primera vista, pero eso es lo que marca la gran diferencia entre la mediocridad y la brillantez t\u00e9cnica.<\/p>\n<p>En muchos otros sistemas de escape, los costes de desarrollo se mantienen bajos y s\u00f3lo se presta atenci\u00f3n al sonido. Como resultado, estos sistemas a menudo suenan bien, pero provocan una p\u00e9rdida de potencia y, por tanto, no merecen realmente el calificativo de \"escape deportivo\".<\/p>\n<p>Debe ser consciente de ello. Con este conocimiento, usted puede tomar una decisi\u00f3n informada a favor o en contra de un sistema de escape deportivo en particular.<\/p>\n<p>Los sistemas de escape deportivos Borla se fabrican con acero inoxidable de alta aleaci\u00f3n de la serie T304 de acuerdo con la norma americana AISI.<\/p>\n<p>&nbsp;<\/p>\n<table border=\"0\" width=\"513\" cellspacing=\"0\" cellpadding=\"0\">\n<colgroup>\n<col \/>\n<col \/> <\/colgroup>\n<tbody>\n<tr>\n<td style=\"height: 21px; width: 223px;\" height=\"21\">Tipo de escape<\/td>\n<td style=\"width: 291px;\">Cat-Back<\/td>\n<\/tr>\n<tr>\n<td style=\"height: 21px; width: 223px;\" height=\"21\">Di\u00e1metro del tubo<\/td>\n<td style=\"width: 291px;\">3 pulgadas<\/td>\n<\/tr>\n<tr>\n<td style=\"height: 21px; width: 223px;\" height=\"21\">Tubo de escape<\/td>\n<td>Salida trasera de 4,5\u2033 Truck Single Split<\/td>\n<\/tr>\n<\/tbody>\n<\/table>\n<p>&nbsp;<\/p>\n<p>&nbsp;<\/p>","protected":false},"excerpt":{"rendered":"<p>2021-2025<\/p>","protected":false},"featured_media":68276610,"comment_status":"open","ping_status":"closed","template":"","meta":{"_acf_changed":false},"product_brand":[17170],"product_cat":[6599,3024],"product_tag":[3038,101,1046,1035,1036,546,1037,1032,2443,1047,429,49,95,1043,1039,1042,100,532,529,441,20273,1040,1044,1033,1045,1041,547,1034,1038,96,233],"class_list":{"0":"post-68259377","1":"product","2":"type-product","3":"status-publish","4":"has-post-thumbnail","6":"product_brand-borla","7":"product_cat-durango-hellcat-abgasanlage-catback","8":"product_cat-nicht-nach-eu","9":"product_tag-3038","10":"product_tag-6-2","11":"product_tag-abe","12":"product_tag-abgasanlage","13":"product_tag-abgassystem","14":"product_tag-auspuff","15":"product_tag-auspuffsystem","16":"product_tag-borla","17":"product_tag-borla-exhaust","18":"product_tag-cat-back","19":"product_tag-deutschland","20":"product_tag-dodge","21":"product_tag-durango","22":"product_tag-endrohr","23":"product_tag-endschalldaempfer","24":"product_tag-endtopf","25":"product_tag-hellcat","26":"product_tag-kat","27":"product_tag-katalysator","28":"product_tag-kaufen","29":"product_tag-keintuev","30":"product_tag-laut","31":"product_tag-mittelschalldaempfer","32":"product_tag-s-type","33":"product_tag-sound","34":"product_tag-sport","35":"product_tag-sportauspuff","36":"product_tag-sportauspuffanlage","37":"product_tag-sportendschalldaempfer","38":"product_tag-srt","39":"product_tag-tuning","40":"product_shipping_class-spedition-1","42":"first","43":"onbackorder","44":"taxable","45":"shipping-taxable","46":"purchasable","47":"product-type-simple"},"bundled_by":[],"bundle_stock_status":"onbackorder","bundle_stock_quantity":0,"bundle_virtual":false,"bundle_layout":"","bundle_add_to_cart_form_location":"","bundle_editable_in_cart":false,"bundle_sold_individually_context":"","bundle_item_grouping":"","bundle_min_size":"","bundle_max_size":"","bundle_price":[],"bundled_items":[],"bundle_sell_ids":[],"exclude_global_add_ons":[],"addons":[],"acf":[],"_links":{"self":[{"href":"https:\/\/kraftwerk-shop.cc\/es\/wp-json\/wp\/v2\/product\/68259377","targetHints":{"allow":["GET"]}}],"collection":[{"href":"https:\/\/kraftwerk-shop.cc\/es\/wp-json\/wp\/v2\/product"}],"about":[{"href":"https:\/\/kraftwerk-shop.cc\/es\/wp-json\/wp\/v2\/types\/product"}],"replies":[{"embeddable":true,"href":"https:\/\/kraftwerk-shop.cc\/es\/wp-json\/wp\/v2\/comments?post=68259377"}],"version-history":[{"count":0,"href":"https:\/\/kraftwerk-shop.cc\/es\/wp-json\/wp\/v2\/product\/68259377\/revisions"}],"wp:featuredmedia":[{"embeddable":true,"href":"https:\/\/kraftwerk-shop.cc\/es\/wp-json\/wp\/v2\/media\/68276610"}],"wp:attachment":[{"href":"https:\/\/kraftwerk-shop.cc\/es\/wp-json\/wp\/v2\/media?parent=68259377"}],"wp:term":[{"taxonomy":"product_brand","embeddable":true,"href":"https:\/\/kraftwerk-shop.cc\/es\/wp-json\/wp\/v2\/product_brand?post=68259377"},{"taxonomy":"product_cat","embeddable":true,"href":"https:\/\/kraftwerk-shop.cc\/es\/wp-json\/wp\/v2\/product_cat?post=68259377"},{"taxonomy":"product_tag","embeddable":true,"href":"https:\/\/kraftwerk-shop.cc\/es\/wp-json\/wp\/v2\/product_tag?post=68259377"}],"curies":[{"name":"wp","href":"https:\/\/api.w.org\/{rel}","templated":true}]}}