{"id":68259819,"date":"2021-12-26T13:35:27","date_gmt":"2021-12-26T12:35:27","guid":{"rendered":"https:\/\/kraftwerk-shop.cc\/?post_type=product&#038;p=68259819"},"modified":"2026-02-15T01:00:23","modified_gmt":"2026-02-15T00:00:23","slug":"stainless-works-sistema-de-escape-dodge-durango-srt","status":"publish","type":"product","link":"https:\/\/kraftwerk-shop.cc\/es\/produkt\/stainless-works-abgasanlage-dodge-durango-srt\/","title":{"rendered":"Stainless Works Sistema de escape para Dodge Durango SRT"},"content":{"rendered":"<h1>Stainless Works Sistema de escape para Dodge Durango SRT<\/h1>\n<p>&nbsp;<\/p>\n<p>Mejore el sonido y el rendimiento de su Dodge Durango SRT con este sistema de escape catback de Stainless Works.<br \/>\nStainless Works ha desarrollado un silenciador agresivo que no pita y que est\u00e1 espec\u00edficamente ajustado para el motor 6.4L.<br \/>\nEste sistema cuenta con dos silenciadores y dos tubos de escape de doble pared pulidos de 5 pulgadas. El sistema est\u00e1 dise\u00f1ado para adaptarse a los puntos de conexi\u00f3n de f\u00e1brica.<\/p>\n<p>En <strong>Legend<\/strong>-series se desarroll\u00f3 para crear un estruendo caracter\u00edstico, aumentar el volumen en comparaci\u00f3n con el sistema est\u00e1ndar y seguir garantizando un ambiente interior confortable.<br \/>\nLos sistemas Legend se desarrollaron para el conductor cotidiano: sonido mejorado a un volumen contenido. Un sistema que bombea la sangre pero permite una conducci\u00f3n c\u00f3moda.<\/p>\n<p>En <strong>Redline<\/strong>-La serie Redline se desarroll\u00f3 para obtener el sonido m\u00e1s agresivo de su veh\u00edculo. Los sistemas Redline maximizan el volumen y el sonido del motor a la vez que eliminan cualquier zumbido en el habit\u00e1culo.<\/p>\n<p>Este sistema est\u00e1 fabricado en acero inoxidable 304 resistente a la corrosi\u00f3n y soldado mediante TIG.<\/p>\n<p>&nbsp;<\/p>\n<p><strong>Caracter\u00edsticas:<\/strong><\/p>\n<ul>\n<li>Redline o Legend Sound<\/li>\n<li>Terminales de doble pared de 5 pulgadas de corte oblicuo en negro o pulido<\/li>\n<li>Las curvas suaves del tubo optimizan el flujo de gases de escape<\/li>\n<li>Totalmente soldado con TIG para mayor estabilidad y apariencia.<\/li>\n<\/ul>\n<p>&nbsp;<\/p>\n<p><strong>Adecuado para:<\/strong><\/p>\n<table width=\"733\">\n<tbody>\n<tr>\n<td width=\"94\"><strong>A\u00f1o de construcci\u00f3n<\/strong><\/td>\n<td width=\"97\"><strong>Marca<\/strong><\/td>\n<td width=\"134\"><strong>Modelo<\/strong><\/td>\n<td width=\"112\"><strong>Variante<\/strong><\/td>\n<td width=\"296\"><strong>Motor<\/strong><\/td>\n<\/tr>\n<tr>\n<td width=\"94\">2018-2024<\/td>\n<td width=\"97\">Dodge<\/td>\n<td width=\"134\">Durango<\/td>\n<td width=\"112\">SRT<\/td>\n<td width=\"296\">V8 6.4 L<\/td>\n<\/tr>\n<\/tbody>\n<\/table>\n<p>&nbsp;<\/p>","protected":false},"excerpt":{"rendered":"<p>2018-2024<\/p>","protected":false},"featured_media":68277336,"comment_status":"open","ping_status":"closed","template":"","meta":{"_acf_changed":false},"product_brand":[17173],"product_cat":[3024,6585],"product_tag":[217,93,1035,546,1047,2210,49,95,662,126,586,50,20273,36,1040,3055,547,96,3025,3026],"class_list":{"0":"post-68259819","1":"product","2":"type-product","3":"status-publish","4":"has-post-thumbnail","6":"product_brand-stainless-works","7":"product_cat-nicht-nach-eu","8":"product_cat-durango-64-abgasanlage-catback","9":"product_tag-217","10":"product_tag-6-4","11":"product_tag-abgasanlage","12":"product_tag-auspuff","13":"product_tag-cat-back","14":"product_tag-catback","15":"product_tag-dodge","16":"product_tag-durango","17":"product_tag-edelstahl","18":"product_tag-hemi","19":"product_tag-high-flow","20":"product_tag-jeep","21":"product_tag-keintuev","22":"product_tag-kraftwerk","23":"product_tag-laut","24":"product_tag-sportabgasanlage","25":"product_tag-sportauspuff","26":"product_tag-srt","27":"product_tag-stainless-works","28":"product_tag-stainlessworks","29":"product_shipping_class-spedition-1","31":"first","32":"onbackorder","33":"taxable","34":"shipping-taxable","35":"purchasable","36":"product-type-variable"},"bundled_by":[],"bundle_stock_status":"onbackorder","bundle_stock_quantity":0,"bundle_virtual":false,"bundle_layout":"","bundle_add_to_cart_form_location":"","bundle_editable_in_cart":false,"bundle_sold_individually_context":"","bundle_item_grouping":"","bundle_min_size":"","bundle_max_size":"","bundle_price":[],"bundled_items":[],"bundle_sell_ids":[],"exclude_global_add_ons":[],"addons":[],"acf":[],"_links":{"self":[{"href":"https:\/\/kraftwerk-shop.cc\/es\/wp-json\/wp\/v2\/product\/68259819","targetHints":{"allow":["GET"]}}],"collection":[{"href":"https:\/\/kraftwerk-shop.cc\/es\/wp-json\/wp\/v2\/product"}],"about":[{"href":"https:\/\/kraftwerk-shop.cc\/es\/wp-json\/wp\/v2\/types\/product"}],"replies":[{"embeddable":true,"href":"https:\/\/kraftwerk-shop.cc\/es\/wp-json\/wp\/v2\/comments?post=68259819"}],"version-history":[{"count":0,"href":"https:\/\/kraftwerk-shop.cc\/es\/wp-json\/wp\/v2\/product\/68259819\/revisions"}],"wp:featuredmedia":[{"embeddable":true,"href":"https:\/\/kraftwerk-shop.cc\/es\/wp-json\/wp\/v2\/media\/68277336"}],"wp:attachment":[{"href":"https:\/\/kraftwerk-shop.cc\/es\/wp-json\/wp\/v2\/media?parent=68259819"}],"wp:term":[{"taxonomy":"product_brand","embeddable":true,"href":"https:\/\/kraftwerk-shop.cc\/es\/wp-json\/wp\/v2\/product_brand?post=68259819"},{"taxonomy":"product_cat","embeddable":true,"href":"https:\/\/kraftwerk-shop.cc\/es\/wp-json\/wp\/v2\/product_cat?post=68259819"},{"taxonomy":"product_tag","embeddable":true,"href":"https:\/\/kraftwerk-shop.cc\/es\/wp-json\/wp\/v2\/product_tag?post=68259819"}],"curies":[{"name":"wp","href":"https:\/\/api.w.org\/{rel}","templated":true}]}}