{"id":68260022,"date":"2022-01-02T14:51:12","date_gmt":"2022-01-02T13:51:12","guid":{"rendered":"https:\/\/kraftwerk-shop.cc\/?post_type=product&#038;p=68260022"},"modified":"2026-02-15T00:45:52","modified_gmt":"2026-02-14T23:45:52","slug":"cuerpo-del-acelerador-camaro-lt1-corvette-c7","status":"publish","type":"product","link":"https:\/\/kraftwerk-shop.cc\/es\/produkt\/92-mm-drosselklappe-camaro-lt1-corvette-c7\/","title":{"rendered":"Cuerpo del acelerador BBK 92 mm Camaro LT1 &amp; Corvette C7"},"content":{"rendered":"<h1>Cuerpo del acelerador BBK 92 mm para Chevrolet Camaro LT1 &amp; Corvette C7<\/h1>\n<p>&nbsp;<\/p>\n<p><strong>Mejor respuesta del pedal del acelerador y m\u00e1s potencia<\/strong><br \/>\nAumenta la potencia y el par motor y mejora la respuesta del acelerador del SS Camaro 2016-2021 o LT1 Corvette 2014-2021 con este cuerpo del acelerador BBK de 92 mm. Esta cuerpo del acelerador genera m\u00e1s potencia y par motor con una respuesta del acelerador significativamente m\u00e1s r\u00e1pida. Los cuerpos del acelerador BBK funcionan tanto con sistemas de admisi\u00f3n OEM como con sistemas de admisi\u00f3n de aire fr\u00edo del mercado de accesorios para garantizar un ajuste perfecto y un rendimiento excepcional.<\/p>\n<p><strong>Componentes de alta calidad<\/strong><br \/>\nLos cuerpos de mariposa LT1 BBK de 92 mm est\u00e1n mecanizados mediante CNC a partir de aluminio fundido 356 de alta calidad para garantizar una calidad y un ajuste perfectos. Incorporan un nuevo motor de acelerador electr\u00f3nico y conjuntos de engranajes de pl\u00e1stico moldeados por inyecci\u00f3n para esta moderna aplicaci\u00f3n drive-by-wire.<\/p>\n<p><strong>Instalaci\u00f3n sencilla<\/strong><br \/>\nEste cuerpo del acelerador viene completo con todas las piezas necesarias y las instrucciones para una f\u00e1cil instalaci\u00f3n en su Camaro Gen6 o Corvette C7 con motor LT1. Todo lo que necesitas hacer es quitar el cuerpo del acelerador de f\u00e1brica e instalar el cuerpo del acelerador BBK en su lugar.<\/p>\n<p><strong>Votar<\/strong><br \/>\nLos ingenieros de BBK han desarrollado esta cuerpo del acelerador electr\u00f3nica para que funcione en la mayor\u00eda de los casos con el reglaje de f\u00e1brica. Sin embargo, dependiendo de otras modificaciones y de la sensibilidad de la unidad de control del motor, a veces se recomienda el tuning.<br \/>\nEsto tambi\u00e9n se aplica a la mayor\u00eda de los cuerpos de mariposa de otras marcas en el mercado de accesorios.<br \/>\nAunque no suele ser necesario, una puesta a punto no s\u00f3lo permitir\u00e1 utilizar el veh\u00edculo con determinados accesorios, sino que tambi\u00e9n mejorar\u00e1 el rendimiento general de cualquier modificaci\u00f3n.<\/p>\n<p>&nbsp;<\/p>\n<ul>\n<li>10-15 CV m\u00e1s de potencia del motor Plug &amp; Play<\/li>\n<li>Mejor comportamiento de respuesta del pedal del acelerador<\/li>\n<li>92 mm de di\u00e1metro<\/li>\n<li>Duradera carcasa de aluminio fresado CNC<\/li>\n<li>Funciona con los sistemas de filtro de aire OEM y aftermarket<\/li>\n<\/ul>\n<p>&nbsp;<\/p>\n<p><strong>Adecuado para:<\/strong><\/p>\n<table width=\"408\">\n<tbody>\n<tr>\n<td width=\"126\"><strong>A\u00f1o de construcci\u00f3n<\/strong><\/td>\n<td width=\"116\"><strong>Marca<\/strong><\/td>\n<td width=\"102\"><strong>Modelo<\/strong><\/td>\n<td width=\"64\"><strong>Motor<\/strong><\/td>\n<\/tr>\n<tr>\n<td>2016-2023<\/td>\n<td>Chevrolet<\/td>\n<td>Camaro<\/td>\n<td>6.2 LT1<\/td>\n<\/tr>\n<tr>\n<td>2014-2019<\/td>\n<td>Chevrolet<\/td>\n<td>Corvette<\/td>\n<td>6.2 LT1<\/td>\n<\/tr>\n<\/tbody>\n<\/table>\n<p>NO encaja Corvette Z06 o ZR1 sobrealimentado debido a la superposici\u00f3n con la polea del supercargador<\/p>","protected":false},"excerpt":{"rendered":"<p>Cuerpo de mariposa BBK de 92 mm para Chevrolet Camaro LT1 &amp; Corvette C7 Mejor respuesta de la mariposa y mayor aumento de potencia<\/p>","protected":false},"featured_media":68278103,"comment_status":"open","ping_status":"closed","template":"","meta":{"_acf_changed":false},"product_brand":[17174],"product_cat":[3074,3126],"product_tag":[3085,3086,1388,3365,3087,191,189,190,281,49,3854,158,1050,159,160,898],"class_list":{"0":"post-68260022","1":"product","2":"type-product","3":"status-publish","4":"has-post-thumbnail","6":"product_brand-bbk","7":"product_cat-camaro-62-2016-ansaugung","8":"product_cat-corvette-c7-ansaugung","9":"product_tag-3085","10":"product_tag-92-mm","11":"product_tag-bbk","12":"product_tag-bbkdk","13":"product_tag-c7","14":"product_tag-camaro","15":"product_tag-chevrolet","16":"product_tag-chevy","17":"product_tag-corvette","18":"product_tag-dodge","19":"product_tag-dodge-charger","20":"product_tag-drosselklappe","21":"product_tag-gen6","22":"product_tag-gross","23":"product_tag-groesser","24":"product_tag-lt1","26":"first","27":"onbackorder","28":"taxable","29":"shipping-taxable","30":"purchasable","31":"product-type-simple"},"bundled_by":[],"bundle_stock_status":"onbackorder","bundle_stock_quantity":0,"bundle_virtual":false,"bundle_layout":"","bundle_add_to_cart_form_location":"","bundle_editable_in_cart":false,"bundle_sold_individually_context":"","bundle_item_grouping":"","bundle_min_size":"","bundle_max_size":"","bundle_price":[],"bundled_items":[],"bundle_sell_ids":[],"exclude_global_add_ons":[],"addons":[],"acf":[],"_links":{"self":[{"href":"https:\/\/kraftwerk-shop.cc\/es\/wp-json\/wp\/v2\/product\/68260022","targetHints":{"allow":["GET"]}}],"collection":[{"href":"https:\/\/kraftwerk-shop.cc\/es\/wp-json\/wp\/v2\/product"}],"about":[{"href":"https:\/\/kraftwerk-shop.cc\/es\/wp-json\/wp\/v2\/types\/product"}],"replies":[{"embeddable":true,"href":"https:\/\/kraftwerk-shop.cc\/es\/wp-json\/wp\/v2\/comments?post=68260022"}],"version-history":[{"count":0,"href":"https:\/\/kraftwerk-shop.cc\/es\/wp-json\/wp\/v2\/product\/68260022\/revisions"}],"wp:featuredmedia":[{"embeddable":true,"href":"https:\/\/kraftwerk-shop.cc\/es\/wp-json\/wp\/v2\/media\/68278103"}],"wp:attachment":[{"href":"https:\/\/kraftwerk-shop.cc\/es\/wp-json\/wp\/v2\/media?parent=68260022"}],"wp:term":[{"taxonomy":"product_brand","embeddable":true,"href":"https:\/\/kraftwerk-shop.cc\/es\/wp-json\/wp\/v2\/product_brand?post=68260022"},{"taxonomy":"product_cat","embeddable":true,"href":"https:\/\/kraftwerk-shop.cc\/es\/wp-json\/wp\/v2\/product_cat?post=68260022"},{"taxonomy":"product_tag","embeddable":true,"href":"https:\/\/kraftwerk-shop.cc\/es\/wp-json\/wp\/v2\/product_tag?post=68260022"}],"curies":[{"name":"wp","href":"https:\/\/api.w.org\/{rel}","templated":true}]}}