{"id":68260174,"date":"2022-01-06T13:12:42","date_gmt":"2022-01-06T12:12:42","guid":{"rendered":"https:\/\/kraftwerk-shop.cc\/?post_type=product&#038;p=68260174"},"modified":"2026-02-15T00:44:57","modified_gmt":"2026-02-14T23:44:57","slug":"discos-de-freno-ebc-turbo-groove-sport-gd7285","status":"publish","type":"product","link":"https:\/\/kraftwerk-shop.cc\/es\/produkt\/ebc-turbo-groove-sportbremsscheiben-gd7285\/","title":{"rendered":"Discos de freno deportivos EBC Turbo Groove GD7285"},"content":{"rendered":"<h1>Discos de freno EBC Turbo Groove para Jeep Commander y Jeep Grand Cherokee 3.0 CRD, 3.7, 4.7 y 5.7 Hemi de 2005 a 2010 (eje delantero)<\/h1>\n<p>&nbsp;<\/p>\n<p>La superficie de fricci\u00f3n del disco de freno deportivo Turbo Groove es estriada y ranurada.<\/p>\n<p>Las ranuras de estos discos de freno est\u00e1n fresadas hasta el borde exterior.<br \/>\nDe este modo, los gases de frenado, la abrasi\u00f3n, la suciedad y el agua pueden eliminarse casi por completo de la superficie de fricci\u00f3n de los discos de freno.<\/p>\n<p>Adem\u00e1s, se suministra aire \"m\u00e1s fr\u00edo\" a trav\u00e9s de las ranuras para contrarrestar de forma \u00f3ptima el sobrecalentamiento de las pastillas y los discos de freno.<\/p>\n<p>Las ranuras adicionales en los pelda\u00f1os mejoran considerablemente esta propiedad.<br \/>\nDe este modo se consiguen todas las ventajas de un disco de freno deportivo taladrado, pero sin el riesgo de las conocidas fisuras por calor asociadas a los discos de freno totalmente taladrados.<\/p>\n<p>Gracias al ranurado, las pastillas de freno se desgastan uniformemente y en paralelo durante toda su vida \u00fatil.<\/p>\n<p>El recubrimiento de polvo negro de los discos Black Dash proporciona la mejor protecci\u00f3n posible contra la corrosi\u00f3n y es especialmente adecuado para veh\u00edculos con un dise\u00f1o de llanta abierta.<\/p>\n<p>&nbsp;<\/p>\n<p><strong>Ventajas e inconvenientes de un vistazo:<\/strong><\/p>\n<p>+ La mejor refrigeraci\u00f3n posible a trav\u00e9s de ranuras y hendiduras<br \/>\n+ La mejor eliminaci\u00f3n posible de gases, suciedad, agua, etc.<br \/>\n+ Protecci\u00f3n contra la corrosi\u00f3n gracias al revestimiento dorado<br \/>\n+ Sin riesgo de grietas por calor al no estar perforado<br \/>\n+ Desgaste uniforme de las pastillas de freno durante toda la vida \u00fatil<\/p>\n<p>- Mayor nivel de ruido que los discos de freno Black Dash<\/p>\n<p>&nbsp;<\/p>\n<p><strong>Caracter\u00edsticas del producto:<\/strong><\/p>\n<p><span class=\"text1\">327x30mm \/ altura: 53mm \/ n\u00famero de agujeros: 5 \/ c\u00edrculo de pernos: 126.8mm \/ ventilado \/ montado: frontal<\/span><strong><br \/>\n<\/strong>Autorizaci\u00f3n: en preparaci\u00f3n<\/p>\n<p>N\u00famero OE (s\u00f3lo a efectos de comparaci\u00f3n): 52089269AB<\/p>\n<p>&nbsp;<\/p>\n<p><strong>Adecuado para:<\/strong><\/p>\n<table width=\"0\">\n<tbody>\n<tr>\n<td width=\"64\">Jeep<\/td>\n<td width=\"117\">Commander<\/td>\n<td width=\"147\">3,0 CRD, 3,7, 4,7, 5,7<\/td>\n<td width=\"208\">2005-2010<\/td>\n<\/tr>\n<tr>\n<td width=\"64\">Jeep<\/td>\n<td width=\"117\">Grand Cherokee<\/td>\n<td width=\"147\">3,0 CRD, 3,7, 4,7, 5,7<\/td>\n<td width=\"208\">2005-2010<\/td>\n<\/tr>\n<\/tbody>\n<\/table>\n<p>&nbsp;<\/p>\n<p><strong>Volumen de suministro: <\/strong><\/p>\n<p>- 2 discos de freno EBC Turbo Groove (GD7285) para el eje delantero<\/p>","protected":false},"excerpt":{"rendered":"<p>2005-2010<\/p>","protected":false},"featured_media":68274106,"comment_status":"open","ping_status":"closed","template":"","meta":{"_acf_changed":false},"product_brand":[16875],"product_cat":[5185,17938,17948],"product_tag":[17582,572,91,3181,795,796,94,90,964,2442,16877,16876,16878,692,3177,942,2111,941,56,126,50,4425,36,797,2110,216,842,841,673],"class_list":{"0":"post-68260174","1":"product","2":"type-product","3":"status-publish","4":"has-post-thumbnail","6":"product_brand-ebc-brakes","7":"product_cat-commander-bremsen-vorne","8":"product_cat-grand-cherokee-30-diesel-bremsscheiben-vorne","9":"product_cat-grand-cherokee-57-2005-2010-bremsscheiben-vorne","10":"product_tag-052089269ab","11":"product_tag-3-0-crd","12":"product_tag-5-7","13":"product_tag-52089269ab","14":"product_tag-bremse","15":"product_tag-bremsscheibe","16":"product_tag-commander","17":"product_tag-crd","18":"product_tag-ebc","19":"product_tag-ebc-brakes","20":"product_tag-ebc-bremsbelaege","21":"product_tag-ebc-bremsen","22":"product_tag-ebc-bremsscheiben","23":"product_tag-ersatzteil","24":"product_tag-gd7285","25":"product_tag-gelocht","26":"product_tag-genutet","27":"product_tag-geschlitzt","28":"product_tag-grand-cherokee","29":"product_tag-hemi","30":"product_tag-jeep","31":"product_tag-jeep-grand-cherokee","32":"product_tag-kraftwerk","33":"product_tag-sportbremsscheibe","34":"product_tag-turbo-groove","35":"product_tag-upgrade","36":"product_tag-vorderachse","37":"product_tag-vorne","38":"product_tag-zubehoer","40":"first","41":"onbackorder","42":"taxable","43":"shipping-taxable","44":"purchasable","45":"product-type-simple"},"bundled_by":[],"bundle_stock_status":"onbackorder","bundle_stock_quantity":0,"bundle_virtual":false,"bundle_layout":"","bundle_add_to_cart_form_location":"","bundle_editable_in_cart":false,"bundle_sold_individually_context":"","bundle_item_grouping":"","bundle_min_size":"","bundle_max_size":"","bundle_price":[],"bundled_items":[],"bundle_sell_ids":[],"exclude_global_add_ons":[],"addons":[],"acf":[],"_links":{"self":[{"href":"https:\/\/kraftwerk-shop.cc\/es\/wp-json\/wp\/v2\/product\/68260174","targetHints":{"allow":["GET"]}}],"collection":[{"href":"https:\/\/kraftwerk-shop.cc\/es\/wp-json\/wp\/v2\/product"}],"about":[{"href":"https:\/\/kraftwerk-shop.cc\/es\/wp-json\/wp\/v2\/types\/product"}],"replies":[{"embeddable":true,"href":"https:\/\/kraftwerk-shop.cc\/es\/wp-json\/wp\/v2\/comments?post=68260174"}],"version-history":[{"count":0,"href":"https:\/\/kraftwerk-shop.cc\/es\/wp-json\/wp\/v2\/product\/68260174\/revisions"}],"wp:featuredmedia":[{"embeddable":true,"href":"https:\/\/kraftwerk-shop.cc\/es\/wp-json\/wp\/v2\/media\/68274106"}],"wp:attachment":[{"href":"https:\/\/kraftwerk-shop.cc\/es\/wp-json\/wp\/v2\/media?parent=68260174"}],"wp:term":[{"taxonomy":"product_brand","embeddable":true,"href":"https:\/\/kraftwerk-shop.cc\/es\/wp-json\/wp\/v2\/product_brand?post=68260174"},{"taxonomy":"product_cat","embeddable":true,"href":"https:\/\/kraftwerk-shop.cc\/es\/wp-json\/wp\/v2\/product_cat?post=68260174"},{"taxonomy":"product_tag","embeddable":true,"href":"https:\/\/kraftwerk-shop.cc\/es\/wp-json\/wp\/v2\/product_tag?post=68260174"}],"curies":[{"name":"wp","href":"https:\/\/api.w.org\/{rel}","templated":true}]}}