{"id":68260176,"date":"2022-01-06T13:13:20","date_gmt":"2022-01-06T12:13:20","guid":{"rendered":"https:\/\/kraftwerk-shop.cc\/?post_type=product&#038;p=68260176"},"modified":"2026-02-15T00:45:22","modified_gmt":"2026-02-14T23:45:22","slug":"discos-de-freno-ebc-premium-d7442","status":"publish","type":"product","link":"https:\/\/kraftwerk-shop.cc\/es\/produkt\/ebc-premium-bremsscheiben-d7442\/","title":{"rendered":"Discos de Freno EBC Premium D7442"},"content":{"rendered":"<h1>Discos de freno EBC Premium para Dodge Journey 2.0 CRD, 2.4, 2.7 y 3.5 (eje delantero)<\/h1>\n<p>&nbsp;<\/p>\n<p>EBC ofrece los mejores discos de freno como recambios de equipo original. EBC tambi\u00e9n concede gran importancia a la fabricaci\u00f3n de productos de alta calidad en el sector de los recambios de equipo original para garantizar su seguridad.<\/p>\n<p>Todos los discos de freno EBC Premium est\u00e1n fabricados en fundici\u00f3n gris y tienen una resistencia a la tracci\u00f3n de 150N\/m2 con una desviaci\u00f3n en la dureza superficial de m\u00e1x. 20HB.<\/p>\n<p>Los discos de freno EBC Premium se fresan mediante CNC con una tolerancia de superficie de 0,01 mm.<\/p>\n<p>Por lo tanto, no se trata de un producto barato importado, sino de una pieza de recambio de equipo original de alta calidad que no tiene nada que envidiar a la calidad de los discos de freno originales.<\/p>\n<p>El recubrimiento en polvo negro de los discos de freno proporciona la mejor protecci\u00f3n posible contra la corrosi\u00f3n y es especialmente adecuado para veh\u00edculos con dise\u00f1o de llanta abierta.<\/p>\n<p>&nbsp;<\/p>\n<p><strong>Caracter\u00edsticas del producto:<\/strong><\/p>\n<p>302x28mm \/ altura: 38mm \/ n\u00famero de agujeros: 5 \/ c\u00edrculo de pernos: 127mm \/ ventilado \/ montado: delantero<strong><br \/>\n<\/strong>Homologaci\u00f3n: libre de registro<\/p>\n<p>N\u00famero OE (s\u00f3lo a efectos comparativos):  04721995AA , 7B0615301B , 68032944A , 4721933AB<\/p>\n<p><strong>Adecuado para:<\/strong><\/p>\n<table width=\"558\">\n<tbody>\n<tr>\n<td width=\"64\">Dodge<\/td>\n<td width=\"167\">Journey<\/td>\n<td width=\"140\">2.0 CRD<\/td>\n<td width=\"177\">2008 \u2013<\/td>\n<\/tr>\n<tr>\n<td width=\"64\">Dodge<\/td>\n<td width=\"167\">Journey<\/td>\n<td width=\"140\">2.4 16V<\/td>\n<td width=\"177\">2008 \u2013<\/td>\n<\/tr>\n<tr>\n<td width=\"64\">Dodge<\/td>\n<td width=\"167\">Journey<\/td>\n<td width=\"140\">2.7 V6<\/td>\n<td width=\"177\">2008 \u2013<\/td>\n<\/tr>\n<tr>\n<td width=\"64\">Dodge<\/td>\n<td width=\"167\">Journey<\/td>\n<td width=\"140\">3.5 V6<\/td>\n<td width=\"177\">2008 \u2013<\/td>\n<\/tr>\n<\/tbody>\n<\/table>\n<p><strong><br \/>\nVolumen de suministro: <\/strong><\/p>\n<p>- 2 discos de freno EBC Premium (D7442) para el eje delantero<\/p>","protected":false},"excerpt":{"rendered":"<p>EBC Premium Bremsscheiben f\u00fcr Dodge Journey 2.0 CRD, 2.4, 2.7 und 3.5 (Vorderachse) &nbsp; Die Premium Bremsscheiben bietet EBC als<\/p>","protected":false},"featured_media":68274200,"comment_status":"open","ping_status":"closed","template":"","meta":{"_acf_changed":false},"product_brand":[16875],"product_cat":[3158],"product_tag":[18248,3145,2365,1105,87,88,3148,18247,3147,3146,795,796,3149,49,964,2442,16877,16876,16878,692,2934,126,678,36,877,794,797,216,842,841,673],"class_list":{"0":"post-68260176","1":"product","2":"type-product","3":"status-publish","4":"has-post-thumbnail","6":"product_brand-ebc-brakes","7":"product_cat-dodge-journey-bremsen-vorne","8":"product_tag-04721933ab","9":"product_tag-04721995aa","10":"product_tag-2-0-crd","11":"product_tag-2-4","12":"product_tag-2-7","13":"product_tag-3-5","14":"product_tag-4721933ab","15":"product_tag-4721995aa","16":"product_tag-68032944a","17":"product_tag-7b0615301b","18":"product_tag-bremse","19":"product_tag-bremsscheibe","20":"product_tag-d7442","21":"product_tag-dodge","22":"product_tag-ebc","23":"product_tag-ebc-brakes","24":"product_tag-ebc-bremsbelaege","25":"product_tag-ebc-bremsen","26":"product_tag-ebc-bremsscheiben","27":"product_tag-ersatzteil","28":"product_tag-harder","29":"product_tag-hemi","30":"product_tag-journey","31":"product_tag-kraftwerk","32":"product_tag-multijet","33":"product_tag-premium","34":"product_tag-sportbremsscheibe","35":"product_tag-upgrade","36":"product_tag-vorderachse","37":"product_tag-vorne","38":"product_tag-zubehoer","39":"product_shipping_class-deutschlandohne","41":"first","42":"onbackorder","43":"taxable","44":"shipping-taxable","45":"purchasable","46":"product-type-simple"},"bundled_by":[],"bundle_stock_status":"onbackorder","bundle_stock_quantity":0,"bundle_virtual":false,"bundle_layout":"","bundle_add_to_cart_form_location":"","bundle_editable_in_cart":false,"bundle_sold_individually_context":"","bundle_item_grouping":"","bundle_min_size":"","bundle_max_size":"","bundle_price":[],"bundled_items":[],"bundle_sell_ids":[],"exclude_global_add_ons":[],"addons":[],"acf":[],"_links":{"self":[{"href":"https:\/\/kraftwerk-shop.cc\/es\/wp-json\/wp\/v2\/product\/68260176","targetHints":{"allow":["GET"]}}],"collection":[{"href":"https:\/\/kraftwerk-shop.cc\/es\/wp-json\/wp\/v2\/product"}],"about":[{"href":"https:\/\/kraftwerk-shop.cc\/es\/wp-json\/wp\/v2\/types\/product"}],"replies":[{"embeddable":true,"href":"https:\/\/kraftwerk-shop.cc\/es\/wp-json\/wp\/v2\/comments?post=68260176"}],"version-history":[{"count":0,"href":"https:\/\/kraftwerk-shop.cc\/es\/wp-json\/wp\/v2\/product\/68260176\/revisions"}],"wp:featuredmedia":[{"embeddable":true,"href":"https:\/\/kraftwerk-shop.cc\/es\/wp-json\/wp\/v2\/media\/68274200"}],"wp:attachment":[{"href":"https:\/\/kraftwerk-shop.cc\/es\/wp-json\/wp\/v2\/media?parent=68260176"}],"wp:term":[{"taxonomy":"product_brand","embeddable":true,"href":"https:\/\/kraftwerk-shop.cc\/es\/wp-json\/wp\/v2\/product_brand?post=68260176"},{"taxonomy":"product_cat","embeddable":true,"href":"https:\/\/kraftwerk-shop.cc\/es\/wp-json\/wp\/v2\/product_cat?post=68260176"},{"taxonomy":"product_tag","embeddable":true,"href":"https:\/\/kraftwerk-shop.cc\/es\/wp-json\/wp\/v2\/product_tag?post=68260176"}],"curies":[{"name":"wp","href":"https:\/\/api.w.org\/{rel}","templated":true}]}}