{"id":68261129,"date":"2022-01-24T18:59:20","date_gmt":"2022-01-24T17:59:20","guid":{"rendered":"https:\/\/kraftwerk-shop.cc\/?post_type=product&#038;p=68261129"},"modified":"2026-02-15T00:45:22","modified_gmt":"2026-02-14T23:45:22","slug":"magnaflow-16929-jeep-grand-cherokee","status":"publish","type":"product","link":"https:\/\/kraftwerk-shop.cc\/es\/produkt\/magnaflow-16929-jeep-grand-cherokee\/","title":{"rendered":"Sistema de escape cat-back MagnaFlow Street Series Jeep Grand Cherokee 3.6 \/ 5.7"},"content":{"rendered":"<h1>Sistema de escape cat-back MagnaFlow Street Series para Jeep Grand Cherokee 3.6 \/ 5.7<\/h1>\n<p>&nbsp;<\/p>\n<p>El compromiso de MagnaFlow de dise\u00f1ar y fabricar los mejores sistemas de escape deportivos garantiza un sonido y una experiencia de conducci\u00f3n superiores. Fabricados con materiales de alta calidad, dise\u00f1ados para un ajuste y rendimiento \u00f3ptimos.<\/p>\n<p>El sistema de escape de alto rendimiento Street Series de acero inoxidable proporciona un aumento de rendimiento probado en banco de potencia con un sonido agradable en el interior y un sonido potente en el exterior.<\/p>\n<p><img decoding=\"async\" class=\"alignnone size-medium wp-image-68261131\" src=\"https:\/\/kraftwerk-shop.cc\/wp-content\/uploads\/2022\/01\/16929_Jeep_Street-300x132.jpg\" alt=\"Sonido Magnaflow 16929 Jeep Grand Cherokee\" width=\"300\" height=\"132\" \/><\/p>\n<p>El MagnaFlow Street Series 16929 se adapta a los siguientes modelos:<\/p>\n<table id=\"Jeep-compatible-vehicles-table\" class=\"table mf-compatible-vehicles-table\">\n<tbody>\n<tr class=\"clickable-row\" data-url=\"\/collections\/2021-jeep-grand-cherokee-exhaust-systems\">\n<td width=\"20%\">2021<\/td>\n<td width=\"20%\">Grand Cherokee<\/td>\n<td width=\"20%\">Trailhawk<\/td>\n<td width=\"20%\">V8 5.7L<\/td>\n<\/tr>\n<tr class=\"clickable-row\" data-url=\"\/collections\/2021-jeep-grand-cherokee-exhaust-systems\">\n<td width=\"20%\">2021<\/td>\n<td width=\"20%\">Grand Cherokee<\/td>\n<td width=\"20%\">Trailhawk<\/td>\n<td width=\"20%\">V6 3.6L<\/td>\n<\/tr>\n<tr class=\"clickable-row\" data-url=\"\/collections\/2021-jeep-grand-cherokee-exhaust-systems\">\n<td width=\"20%\">2021<\/td>\n<td width=\"20%\">Grand Cherokee<\/td>\n<td width=\"20%\">Overland<\/td>\n<td width=\"20%\">V8 5.7L<\/td>\n<\/tr>\n<tr class=\"clickable-row\" data-url=\"\/collections\/2021-jeep-grand-cherokee-exhaust-systems\">\n<td width=\"20%\">2021<\/td>\n<td width=\"20%\">Grand Cherokee<\/td>\n<td width=\"20%\">Overland<\/td>\n<td width=\"20%\">V6 3.6L<\/td>\n<\/tr>\n<tr class=\"clickable-row\" data-url=\"\/collections\/2021-jeep-grand-cherokee-exhaust-systems\">\n<td width=\"20%\">2021<\/td>\n<td width=\"20%\">Grand Cherokee<\/td>\n<td width=\"20%\">Limited<\/td>\n<td width=\"20%\">V8 5.7L<\/td>\n<\/tr>\n<tr class=\"clickable-row\" data-url=\"\/collections\/2021-jeep-grand-cherokee-exhaust-systems\">\n<td width=\"20%\">2021<\/td>\n<td width=\"20%\">Grand Cherokee<\/td>\n<td width=\"20%\">Limited<\/td>\n<td width=\"20%\">V6 3.6L<\/td>\n<\/tr>\n<tr class=\"clickable-row\" data-url=\"\/collections\/2021-jeep-grand-cherokee-exhaust-systems\">\n<td width=\"20%\">2021<\/td>\n<td width=\"20%\">Grand Cherokee<\/td>\n<td width=\"20%\">Laredo<\/td>\n<td width=\"20%\">V6 3.6L<\/td>\n<\/tr>\n<tr class=\"clickable-row\" data-url=\"\/collections\/2021-jeep-grand-cherokee-exhaust-systems\">\n<td width=\"20%\">2021<\/td>\n<td width=\"20%\">Grand Cherokee<\/td>\n<td width=\"20%\">Laredo X<\/td>\n<td width=\"20%\">V6 3.6L<\/td>\n<\/tr>\n<tr class=\"clickable-row\" data-url=\"\/collections\/2021-jeep-grand-cherokee-exhaust-systems\">\n<td width=\"20%\">2021<\/td>\n<td width=\"20%\">Grand Cherokee<\/td>\n<td width=\"20%\">Laredo E<\/td>\n<td width=\"20%\">V6 3.6L<\/td>\n<\/tr>\n<tr class=\"clickable-row\" data-url=\"\/collections\/2020-jeep-grand-cherokee-exhaust-systems\">\n<td width=\"20%\">2020<\/td>\n<td width=\"20%\">Grand Cherokee<\/td>\n<td width=\"20%\">Trailhawk<\/td>\n<td width=\"20%\">V8 5.7L<\/td>\n<\/tr>\n<tr class=\"clickable-row\" data-url=\"\/collections\/2020-jeep-grand-cherokee-exhaust-systems\">\n<td width=\"20%\">2020<\/td>\n<td width=\"20%\">Grand Cherokee<\/td>\n<td width=\"20%\">Trailhawk<\/td>\n<td width=\"20%\">V6 3.6L<\/td>\n<\/tr>\n<tr class=\"clickable-row\" data-url=\"\/collections\/2020-jeep-grand-cherokee-exhaust-systems\">\n<td width=\"20%\">2020<\/td>\n<td width=\"20%\">Grand Cherokee<\/td>\n<td width=\"20%\">Overland<\/td>\n<td width=\"20%\">V8 5.7L<\/td>\n<\/tr>\n<tr class=\"clickable-row\" data-url=\"\/collections\/2020-jeep-grand-cherokee-exhaust-systems\">\n<td width=\"20%\">2020<\/td>\n<td width=\"20%\">Grand Cherokee<\/td>\n<td width=\"20%\">Overland<\/td>\n<td width=\"20%\">V6 3.6L<\/td>\n<\/tr>\n<tr class=\"clickable-row\" data-url=\"\/collections\/2020-jeep-grand-cherokee-exhaust-systems\">\n<td width=\"20%\">2020<\/td>\n<td width=\"20%\">Grand Cherokee<\/td>\n<td width=\"20%\">Limited<\/td>\n<td width=\"20%\">V8 5.7L<\/td>\n<\/tr>\n<tr class=\"clickable-row\" data-url=\"\/collections\/2020-jeep-grand-cherokee-exhaust-systems\">\n<td width=\"20%\">2020<\/td>\n<td width=\"20%\">Grand Cherokee<\/td>\n<td width=\"20%\">Limited<\/td>\n<td width=\"20%\">V6 3.6L<\/td>\n<\/tr>\n<tr class=\"clickable-row\" data-url=\"\/collections\/2020-jeep-grand-cherokee-exhaust-systems\">\n<td width=\"20%\">2020<\/td>\n<td width=\"20%\">Grand Cherokee<\/td>\n<td width=\"20%\">Laredo<\/td>\n<td width=\"20%\">V6 3.6L<\/td>\n<\/tr>\n<tr class=\"clickable-row\" data-url=\"\/collections\/2019-jeep-grand-cherokee-exhaust-systems\">\n<td width=\"20%\">2019<\/td>\n<td width=\"20%\">Grand Cherokee<\/td>\n<td width=\"20%\">Trailhawk<\/td>\n<td width=\"20%\">V8 5.7L<\/td>\n<\/tr>\n<tr class=\"clickable-row\" data-url=\"\/collections\/2019-jeep-grand-cherokee-exhaust-systems\">\n<td width=\"20%\">2019<\/td>\n<td width=\"20%\">Grand Cherokee<\/td>\n<td width=\"20%\">Trailhawk<\/td>\n<td width=\"20%\">V6 3.6L<\/td>\n<\/tr>\n<tr class=\"clickable-row\" data-url=\"\/collections\/2019-jeep-grand-cherokee-exhaust-systems\">\n<td width=\"20%\">2019<\/td>\n<td width=\"20%\">Grand Cherokee<\/td>\n<td width=\"20%\">Overland<\/td>\n<td width=\"20%\">V8 5.7L<\/td>\n<\/tr>\n<tr class=\"clickable-row\" data-url=\"\/collections\/2019-jeep-grand-cherokee-exhaust-systems\">\n<td width=\"20%\">2019<\/td>\n<td width=\"20%\">Grand Cherokee<\/td>\n<td width=\"20%\">Overland<\/td>\n<td width=\"20%\">V6 3.6L<\/td>\n<\/tr>\n<tr class=\"clickable-row\" data-url=\"\/collections\/2019-jeep-grand-cherokee-exhaust-systems\">\n<td width=\"20%\">2019<\/td>\n<td width=\"20%\">Grand Cherokee<\/td>\n<td width=\"20%\">Limited<\/td>\n<td width=\"20%\">V8 5.7L<\/td>\n<\/tr>\n<tr class=\"clickable-row\" data-url=\"\/collections\/2019-jeep-grand-cherokee-exhaust-systems\">\n<td width=\"20%\">2019<\/td>\n<td width=\"20%\">Grand Cherokee<\/td>\n<td width=\"20%\">Limited<\/td>\n<td width=\"20%\">V6 3.6L<\/td>\n<\/tr>\n<tr class=\"clickable-row\" data-url=\"\/collections\/2019-jeep-grand-cherokee-exhaust-systems\">\n<td width=\"20%\">2019<\/td>\n<td width=\"20%\">Grand Cherokee<\/td>\n<td width=\"20%\">Laredo<\/td>\n<td width=\"20%\">V6 3.6L<\/td>\n<\/tr>\n<tr class=\"clickable-row\" data-url=\"\/collections\/2018-jeep-grand-cherokee-exhaust-systems\">\n<td width=\"20%\">2018<\/td>\n<td width=\"20%\">Grand Cherokee<\/td>\n<td width=\"20%\">Trailhawk<\/td>\n<td width=\"20%\">V8 5.7L<\/td>\n<\/tr>\n<tr class=\"clickable-row\" data-url=\"\/collections\/2018-jeep-grand-cherokee-exhaust-systems\">\n<td width=\"20%\">2018<\/td>\n<td width=\"20%\">Grand Cherokee<\/td>\n<td width=\"20%\">Trailhawk<\/td>\n<td width=\"20%\">V6 3.6L<\/td>\n<\/tr>\n<tr class=\"clickable-row\" data-url=\"\/collections\/2018-jeep-grand-cherokee-exhaust-systems\">\n<td width=\"20%\">2018<\/td>\n<td width=\"20%\">Grand Cherokee<\/td>\n<td width=\"20%\">Overland<\/td>\n<td width=\"20%\">V8 5.7L<\/td>\n<\/tr>\n<tr class=\"clickable-row\" data-url=\"\/collections\/2018-jeep-grand-cherokee-exhaust-systems\">\n<td width=\"20%\">2018<\/td>\n<td width=\"20%\">Grand Cherokee<\/td>\n<td width=\"20%\">Overland<\/td>\n<td width=\"20%\">V6 3.6L<\/td>\n<\/tr>\n<tr class=\"clickable-row\" data-url=\"\/collections\/2018-jeep-grand-cherokee-exhaust-systems\">\n<td width=\"20%\">2018<\/td>\n<td width=\"20%\">Grand Cherokee<\/td>\n<td width=\"20%\">Limited<\/td>\n<td width=\"20%\">V8 5.7L<\/td>\n<\/tr>\n<tr class=\"clickable-row\" data-url=\"\/collections\/2018-jeep-grand-cherokee-exhaust-systems\">\n<td width=\"20%\">2018<\/td>\n<td width=\"20%\">Grand Cherokee<\/td>\n<td width=\"20%\">Limited<\/td>\n<td width=\"20%\">V6 3.6L<\/td>\n<\/tr>\n<tr class=\"clickable-row\" data-url=\"\/collections\/2018-jeep-grand-cherokee-exhaust-systems\">\n<td width=\"20%\">2018<\/td>\n<td width=\"20%\">Grand Cherokee<\/td>\n<td width=\"20%\">Laredo<\/td>\n<td width=\"20%\">V6 3.6L<\/td>\n<\/tr>\n<tr class=\"clickable-row\" data-url=\"\/collections\/2017-jeep-grand-cherokee-exhaust-systems\">\n<td width=\"20%\">2017<\/td>\n<td width=\"20%\">Grand Cherokee<\/td>\n<td width=\"20%\">Trailhawk<\/td>\n<td width=\"20%\">V8 5.7L<\/td>\n<\/tr>\n<tr class=\"clickable-row\" data-url=\"\/collections\/2017-jeep-grand-cherokee-exhaust-systems\">\n<td width=\"20%\">2017<\/td>\n<td width=\"20%\">Grand Cherokee<\/td>\n<td width=\"20%\">Trailhawk<\/td>\n<td width=\"20%\">V6 3.6L<\/td>\n<\/tr>\n<tr class=\"clickable-row\" data-url=\"\/collections\/2017-jeep-grand-cherokee-exhaust-systems\">\n<td width=\"20%\">2017<\/td>\n<td width=\"20%\">Grand Cherokee<\/td>\n<td width=\"20%\">Overland<\/td>\n<td width=\"20%\">V8 5.7L<\/td>\n<\/tr>\n<tr class=\"clickable-row\" data-url=\"\/collections\/2017-jeep-grand-cherokee-exhaust-systems\">\n<td width=\"20%\">2017<\/td>\n<td width=\"20%\">Grand Cherokee<\/td>\n<td width=\"20%\">Overland<\/td>\n<td width=\"20%\">V6 3.6L<\/td>\n<\/tr>\n<tr class=\"clickable-row\" data-url=\"\/collections\/2017-jeep-grand-cherokee-exhaust-systems\">\n<td width=\"20%\">2017<\/td>\n<td width=\"20%\">Grand Cherokee<\/td>\n<td width=\"20%\">Limited<\/td>\n<td width=\"20%\">V8 5.7L<\/td>\n<\/tr>\n<tr class=\"clickable-row\" data-url=\"\/collections\/2017-jeep-grand-cherokee-exhaust-systems\">\n<td width=\"20%\">2017<\/td>\n<td width=\"20%\">Grand Cherokee<\/td>\n<td width=\"20%\">Limited<\/td>\n<td width=\"20%\">V6 3.6L<\/td>\n<\/tr>\n<tr class=\"clickable-row\" data-url=\"\/collections\/2017-jeep-grand-cherokee-exhaust-systems\">\n<td width=\"20%\">2017<\/td>\n<td width=\"20%\">Grand Cherokee<\/td>\n<td width=\"20%\">Laredo<\/td>\n<td width=\"20%\">V6 3.6L<\/td>\n<\/tr>\n<tr class=\"clickable-row\" data-url=\"\/collections\/2016-jeep-grand-cherokee-exhaust-systems\">\n<td width=\"20%\">2016<\/td>\n<td width=\"20%\">Grand Cherokee<\/td>\n<td width=\"20%\">Overland<\/td>\n<td width=\"20%\">V8 5.7L<\/td>\n<\/tr>\n<tr class=\"clickable-row\" data-url=\"\/collections\/2016-jeep-grand-cherokee-exhaust-systems\">\n<td width=\"20%\">2016<\/td>\n<td width=\"20%\">Grand Cherokee<\/td>\n<td width=\"20%\">Overland<\/td>\n<td width=\"20%\">V6 3.6L<\/td>\n<\/tr>\n<tr class=\"clickable-row\" data-url=\"\/collections\/2016-jeep-grand-cherokee-exhaust-systems\">\n<td width=\"20%\">2016<\/td>\n<td width=\"20%\">Grand Cherokee<\/td>\n<td width=\"20%\">Limited<\/td>\n<td width=\"20%\">V8 5.7L<\/td>\n<\/tr>\n<tr class=\"clickable-row\" data-url=\"\/collections\/2016-jeep-grand-cherokee-exhaust-systems\">\n<td width=\"20%\">2016<\/td>\n<td width=\"20%\">Grand Cherokee<\/td>\n<td width=\"20%\">Limited<\/td>\n<td width=\"20%\">V6 3.6L<\/td>\n<\/tr>\n<tr class=\"clickable-row\" data-url=\"\/collections\/2016-jeep-grand-cherokee-exhaust-systems\">\n<td width=\"20%\">2016<\/td>\n<td width=\"20%\">Grand Cherokee<\/td>\n<td width=\"20%\">Laredo<\/td>\n<td width=\"20%\">V6 3.6L<\/td>\n<\/tr>\n<tr class=\"clickable-row\" data-url=\"\/collections\/2015-jeep-grand-cherokee-exhaust-systems\">\n<td width=\"20%\">2015<\/td>\n<td width=\"20%\">Grand Cherokee<\/td>\n<td width=\"20%\">Overland<\/td>\n<td width=\"20%\">V8 5.7L<\/td>\n<\/tr>\n<tr class=\"clickable-row\" data-url=\"\/collections\/2015-jeep-grand-cherokee-exhaust-systems\">\n<td width=\"20%\">2015<\/td>\n<td width=\"20%\">Grand Cherokee<\/td>\n<td width=\"20%\">Overland<\/td>\n<td width=\"20%\">V6 3.6L<\/td>\n<\/tr>\n<tr class=\"clickable-row\" data-url=\"\/collections\/2015-jeep-grand-cherokee-exhaust-systems\">\n<td width=\"20%\">2015<\/td>\n<td width=\"20%\">Grand Cherokee<\/td>\n<td width=\"20%\">Limited<\/td>\n<td width=\"20%\">V8 5.7L<\/td>\n<\/tr>\n<tr class=\"clickable-row\" data-url=\"\/collections\/2015-jeep-grand-cherokee-exhaust-systems\">\n<td width=\"20%\">2015<\/td>\n<td width=\"20%\">Grand Cherokee<\/td>\n<td width=\"20%\">Limited<\/td>\n<td width=\"20%\">V6 3.6L<\/td>\n<\/tr>\n<tr class=\"clickable-row\" data-url=\"\/collections\/2015-jeep-grand-cherokee-exhaust-systems\">\n<td width=\"20%\">2015<\/td>\n<td width=\"20%\">Grand Cherokee<\/td>\n<td width=\"20%\">Laredo<\/td>\n<td width=\"20%\">V6 3.6L<\/td>\n<\/tr>\n<tr class=\"clickable-row\" data-url=\"\/collections\/2014-jeep-grand-cherokee-exhaust-systems\">\n<td width=\"20%\">2014<\/td>\n<td width=\"20%\">Grand Cherokee<\/td>\n<td width=\"20%\">Overland<\/td>\n<td width=\"20%\">V8 5.7L<\/td>\n<\/tr>\n<tr class=\"clickable-row\" data-url=\"\/collections\/2014-jeep-grand-cherokee-exhaust-systems\">\n<td width=\"20%\">2014<\/td>\n<td width=\"20%\">Grand Cherokee<\/td>\n<td width=\"20%\">Overland<\/td>\n<td width=\"20%\">V6 3.6L<\/td>\n<\/tr>\n<tr class=\"clickable-row\" data-url=\"\/collections\/2014-jeep-grand-cherokee-exhaust-systems\">\n<td width=\"20%\">2014<\/td>\n<td width=\"20%\">Grand Cherokee<\/td>\n<td width=\"20%\">Limited<\/td>\n<td width=\"20%\">V8 5.7L<\/td>\n<\/tr>\n<tr class=\"clickable-row\" data-url=\"\/collections\/2014-jeep-grand-cherokee-exhaust-systems\">\n<td width=\"20%\">2014<\/td>\n<td width=\"20%\">Grand Cherokee<\/td>\n<td width=\"20%\">Limited<\/td>\n<td width=\"20%\">V6 3.6L<\/td>\n<\/tr>\n<tr class=\"clickable-row\" data-url=\"\/collections\/2014-jeep-grand-cherokee-exhaust-systems\">\n<td width=\"20%\">2014<\/td>\n<td width=\"20%\">Grand Cherokee<\/td>\n<td width=\"20%\">Laredo<\/td>\n<td width=\"20%\">V6 3.6L<\/td>\n<\/tr>\n<tr class=\"clickable-row\" data-url=\"\/collections\/2013-jeep-grand-cherokee-exhaust-systems\">\n<td width=\"20%\">2013<\/td>\n<td width=\"20%\">Grand Cherokee<\/td>\n<td width=\"20%\"><\/td>\n<td width=\"20%\">V8 5.7L<\/td>\n<\/tr>\n<tr class=\"clickable-row\" data-url=\"\/collections\/2012-jeep-grand-cherokee-exhaust-systems\">\n<td width=\"20%\">2012<\/td>\n<td width=\"20%\">Grand Cherokee<\/td>\n<td width=\"20%\"><\/td>\n<td width=\"20%\">V8 5.7L<\/td>\n<\/tr>\n<tr class=\"clickable-row\" data-url=\"\/collections\/2011-jeep-grand-cherokee-exhaust-systems\">\n<td width=\"20%\">2011<\/td>\n<td width=\"20%\">Grand Cherokee<\/td>\n<td width=\"20%\"><\/td>\n<td width=\"20%\">V8 5.7L<\/td>\n<\/tr>\n<\/tbody>\n<\/table>\n<p><iframe loading=\"lazy\" title=\"Reproductor de v\u00eddeo YouTube\" src=\"https:\/\/www.youtube.com\/embed\/BjIAPx8ItZs\" width=\"744\" height=\"496\" frameborder=\"0\" allowfullscreen=\"allowfullscreen\"><\/iframe><\/p>\n<p><strong>Nota importante para veh\u00edculos con desactivaci\u00f3n de cilindros:<\/strong><\/p>\n<p>Debido a la desactivaci\u00f3n de cilindros, el sonido en el modo de 4 cilindros junto con un escape deportivo (independientemente del fabricante) suele percibirse como \"inadecuado\".<br \/>\nPodemos remediarlo desactivando electr\u00f3nicamente la desactivaci\u00f3n de cilindros.<br \/>\nEl veh\u00edculo siempre funciona con los 8 cilindros y siempre tiene el sonido V8 deseado.<\/p>\n<p>Para los clientes que nos compren este sistema de escape MagnaFlow, ofrecemos la desactivaci\u00f3n de la desactivaci\u00f3n de cilindros para este modelo a un precio especial de 179 euros (en lugar de 279 euros) IVA incluido.<\/p>","protected":false},"excerpt":{"rendered":"<p>2011-2021<\/p>","protected":false},"featured_media":68267043,"comment_status":"open","ping_status":"closed","template":"","meta":{"_acf_changed":false},"product_brand":[18925],"product_cat":[2664,6629,3024],"product_tag":[3344,176,177,165,248,249,250,251,252,419,420,169,91,1046,1035,1036,546,1037,1047,2210,676,429,662,1043,1039,1042,56,2212,2934,50,4425,532,529,20273,1040,2062,1044,783,787,1045,1041,547,1034,1038,2215,233,2139,2137],"class_list":{"0":"post-68261129","1":"product","2":"type-product","3":"status-publish","4":"has-post-thumbnail","6":"product_brand-magnaflow","7":"product_cat-grand-cherokee-36-abgasanlage","8":"product_cat-grand-cherokee-57-2011-2021-abgasanlage-catback","9":"product_cat-nicht-nach-eu","10":"product_tag-3344","11":"product_tag-176","12":"product_tag-177","13":"product_tag-165","14":"product_tag-248","15":"product_tag-249","16":"product_tag-250","17":"product_tag-251","18":"product_tag-252","19":"product_tag-419","20":"product_tag-420","21":"product_tag-3-6","22":"product_tag-5-7","23":"product_tag-abe","24":"product_tag-abgasanlage","25":"product_tag-abgassystem","26":"product_tag-auspuff","27":"product_tag-auspuffsystem","28":"product_tag-cat-back","29":"product_tag-catback","30":"product_tag-cherokee","31":"product_tag-deutschland","32":"product_tag-edelstahl","33":"product_tag-endrohr","34":"product_tag-endschalldaempfer","35":"product_tag-endtopf","36":"product_tag-grand-cherokee","37":"product_tag-gutachten","38":"product_tag-harder","39":"product_tag-jeep","40":"product_tag-jeep-grand-cherokee","41":"product_tag-kat","42":"product_tag-katalysator","43":"product_tag-keintuev","44":"product_tag-laut","45":"product_tag-magnaflow","46":"product_tag-mittelschalldaempfer","47":"product_tag-r-t","48":"product_tag-rt","49":"product_tag-sound","50":"product_tag-sport","51":"product_tag-sportauspuff","52":"product_tag-sportauspuffanlage","53":"product_tag-sportendschalldaempfer","54":"product_tag-street","55":"product_tag-tuning","56":"product_tag-tuev","57":"product_tag-zulassung","58":"product_shipping_class-spedition-1","60":"first","61":"onbackorder","62":"taxable","63":"shipping-taxable","64":"purchasable","65":"product-type-simple"},"bundled_by":[],"bundle_stock_status":"onbackorder","bundle_stock_quantity":0,"bundle_virtual":false,"bundle_layout":"","bundle_add_to_cart_form_location":"","bundle_editable_in_cart":false,"bundle_sold_individually_context":"","bundle_item_grouping":"","bundle_min_size":"","bundle_max_size":"","bundle_price":[],"bundled_items":[],"bundle_sell_ids":[],"exclude_global_add_ons":[],"addons":[],"acf":[],"_links":{"self":[{"href":"https:\/\/kraftwerk-shop.cc\/es\/wp-json\/wp\/v2\/product\/68261129","targetHints":{"allow":["GET"]}}],"collection":[{"href":"https:\/\/kraftwerk-shop.cc\/es\/wp-json\/wp\/v2\/product"}],"about":[{"href":"https:\/\/kraftwerk-shop.cc\/es\/wp-json\/wp\/v2\/types\/product"}],"replies":[{"embeddable":true,"href":"https:\/\/kraftwerk-shop.cc\/es\/wp-json\/wp\/v2\/comments?post=68261129"}],"version-history":[{"count":0,"href":"https:\/\/kraftwerk-shop.cc\/es\/wp-json\/wp\/v2\/product\/68261129\/revisions"}],"wp:featuredmedia":[{"embeddable":true,"href":"https:\/\/kraftwerk-shop.cc\/es\/wp-json\/wp\/v2\/media\/68267043"}],"wp:attachment":[{"href":"https:\/\/kraftwerk-shop.cc\/es\/wp-json\/wp\/v2\/media?parent=68261129"}],"wp:term":[{"taxonomy":"product_brand","embeddable":true,"href":"https:\/\/kraftwerk-shop.cc\/es\/wp-json\/wp\/v2\/product_brand?post=68261129"},{"taxonomy":"product_cat","embeddable":true,"href":"https:\/\/kraftwerk-shop.cc\/es\/wp-json\/wp\/v2\/product_cat?post=68261129"},{"taxonomy":"product_tag","embeddable":true,"href":"https:\/\/kraftwerk-shop.cc\/es\/wp-json\/wp\/v2\/product_tag?post=68261129"}],"curies":[{"name":"wp","href":"https:\/\/api.w.org\/{rel}","templated":true}]}}