{"id":68261320,"date":"2022-01-29T15:22:44","date_gmt":"2022-01-29T14:22:44","guid":{"rendered":"https:\/\/kraftwerk-shop.cc\/?post_type=product&#038;p=68261320"},"modified":"2026-02-15T00:03:39","modified_gmt":"2026-02-14T23:03:39","slug":"bbk-colectores-300c-charger-challenger","status":"publish","type":"product","link":"https:\/\/kraftwerk-shop.cc\/es\/produkt\/bbk-shorty-kruemmer-hemi-chrysler-300c-dodge-charger-challenger\/","title":{"rendered":"Colector BBK 1-3\/4 Shorty 300C, Challenger &amp; Charger 5.7 Hemi (recubrimiento cer\u00e1mico plateado)"},"content":{"rendered":"<h1>Colector BBK 1-3\/4 Shorty 40280 para Chrysler 300C, Dodge Challenger &amp; Charger 5.7 Hemi (recubrimiento cer\u00e1mico plateado)<\/h1>\n<p>&nbsp;<\/p>\n<ul>\n<li>Hasta 20 CV m\u00e1s de potencia del motor<\/li>\n<li>Mayor caudal de gases de escape para m\u00e1s potencia<\/li>\n<li>Tubos primarios de 1-3\/4\u2033 para un caudal m\u00e1ximo<\/li>\n<li>Bridas de 3\/8\u2033 de espesor<\/li>\n<li>Conexi\u00f3n directa por tornillo para facilitar la instalaci\u00f3n<\/li>\n<li>Para uso con catalizadores de f\u00e1brica o accesorios<\/li>\n<li>Incluidas las juntas y el material de fijaci\u00f3n<\/li>\n<li>Revestimiento cer\u00e1mico plateado duradero<\/li>\n<\/ul>\n<p>&nbsp;<\/p>\n<p><strong>Mayor caudal de gases de escape para m\u00e1s potencia<\/strong><br \/>\nMejore el rendimiento y el sonido de su 2009-2023 Dodge Charger, Challenger o Chrysler 300C 5.7 Hemi con estos BBK Performance Shorty Headers con recubrimiento cer\u00e1mico.<br \/>\nLos colectores BBK Performance Shorty aumentan la potencia del motor, el par motor y dan a su Mustang un sonido de escape gutural. El duradero revestimiento cer\u00e1mico retiene el calor, reduce las temperaturas bajo el cap\u00f3 y aumenta el rendimiento.<\/p>\n<p><strong>Construcci\u00f3n de alta calidad<\/strong><br \/>\nLos colectores BBK Performance est\u00e1n fabricados con tubos curvados mecanizados CNC de 1-5\/8\u2033 con bridas estampadas de 3\/8\u2033 de grosor. El gran di\u00e1metro del tubo primario asegura un flujo de escape sin obstrucciones para las ganancias de rendimiento del motor final. Estos colectores son probados a presi\u00f3n para asegurar un rendimiento impecable.<\/p>\n<p><strong>Instalaci\u00f3n<\/strong><br \/>\nEstos colectores cortos 5.7 Hemi est\u00e1n dise\u00f1ados para la conexi\u00f3n directa. Para su uso con tubos centrales de f\u00e1brica o del mercado de accesorios. El kit incluye nuevas juntas y torniller\u00eda de montaje.<\/p>\n<p>&nbsp;<\/p>\n<p><strong>Adecuado para:<\/strong><\/p>\n<table width=\"437\">\n<tbody>\n<tr>\n<td width=\"83\"><strong>Marca<\/strong><\/td>\n<td width=\"122\"><strong>Modelo<\/strong><\/td>\n<td width=\"136\"><strong>Motor<\/strong><\/td>\n<td width=\"96\"><strong>A\u00f1o de construcci\u00f3n<\/strong><\/td>\n<\/tr>\n<tr>\n<td>Chrysler<\/td>\n<td>300C<\/td>\n<td>5.7<\/td>\n<td width=\"96\">2009-2023<\/td>\n<\/tr>\n<tr>\n<td>Dodge<\/td>\n<td>Challenger<\/td>\n<td>5.7<\/td>\n<td width=\"96\">2009-2023<\/td>\n<\/tr>\n<tr>\n<td>Dodge<\/td>\n<td>Charger<\/td>\n<td>5.7<\/td>\n<td width=\"96\">2009-2023<\/td>\n<\/tr>\n<\/tbody>\n<\/table>\n<p>&nbsp;<\/p>\n<p><strong>Nota:<\/strong> BBK excluye expresamente de la garant\u00eda del producto los recubrimientos superficiales y el \u00f3xido.<\/p>","protected":false},"excerpt":{"rendered":"<p>2009-2023<\/p>","protected":false},"featured_media":68278017,"comment_status":"open","ping_status":"closed","template":"","meta":{"_acf_changed":false},"product_brand":[17174],"product_cat":[6615,6618,6603,6606,6609],"product_tag":[52,3371,91,1035,546,1388,7224,3367,54,53,48,536,49,3853,3854,692,543,549,100,126,532,20273,550,34,186,783,787,3369,3368,3340,3055,547],"class_list":{"0":"post-68261320","1":"product","2":"type-product","3":"status-publish","4":"has-post-thumbnail","6":"product_brand-bbk","7":"product_cat-300c-57-2005-2010-abgaskruemmer-katalysatoren","8":"product_cat-300c-57-2011-2023-abgaskruemmer-katalysatoren","9":"product_cat-challenger-57-abgaskruemmer-katalysatoren","10":"product_cat-charger-57-abgaskruemmer-katalysatoren","11":"product_cat-charger-57-2011-2023-abgaskruemmer-katalysatoren","12":"product_tag-300c","13":"product_tag-3371","14":"product_tag-5-7","15":"product_tag-abgasanlage","16":"product_tag-auspuff","17":"product_tag-bbk","18":"product_tag-bbk-exhaust","19":"product_tag-bbk-performance","20":"product_tag-challenger","21":"product_tag-charger","22":"product_tag-chrysler","23":"product_tag-chrysler-300c","24":"product_tag-dodge","25":"product_tag-dodge-challenger","26":"product_tag-dodge-charger","27":"product_tag-ersatzteil","28":"product_tag-faecherkruemmer","29":"product_tag-header","30":"product_tag-hellcat","31":"product_tag-hemi","32":"product_tag-kat","33":"product_tag-keintuev","34":"product_tag-kruemmer","35":"product_tag-original","36":"product_tag-performance","37":"product_tag-r-t","38":"product_tag-rt","39":"product_tag-short-tube","40":"product_tag-shorties","41":"product_tag-shorty","42":"product_tag-sportabgasanlage","43":"product_tag-sportauspuff","44":"product_shipping_class-paket-l","46":"first","47":"outofstock","48":"taxable","49":"shipping-taxable","50":"purchasable","51":"product-type-simple"},"bundled_by":[],"bundle_stock_status":"outofstock","bundle_stock_quantity":0,"bundle_virtual":false,"bundle_layout":"","bundle_add_to_cart_form_location":"","bundle_editable_in_cart":false,"bundle_sold_individually_context":"","bundle_item_grouping":"","bundle_min_size":"","bundle_max_size":"","bundle_price":[],"bundled_items":[],"bundle_sell_ids":[],"exclude_global_add_ons":[],"addons":[],"acf":[],"_links":{"self":[{"href":"https:\/\/kraftwerk-shop.cc\/es\/wp-json\/wp\/v2\/product\/68261320","targetHints":{"allow":["GET"]}}],"collection":[{"href":"https:\/\/kraftwerk-shop.cc\/es\/wp-json\/wp\/v2\/product"}],"about":[{"href":"https:\/\/kraftwerk-shop.cc\/es\/wp-json\/wp\/v2\/types\/product"}],"replies":[{"embeddable":true,"href":"https:\/\/kraftwerk-shop.cc\/es\/wp-json\/wp\/v2\/comments?post=68261320"}],"version-history":[{"count":0,"href":"https:\/\/kraftwerk-shop.cc\/es\/wp-json\/wp\/v2\/product\/68261320\/revisions"}],"wp:featuredmedia":[{"embeddable":true,"href":"https:\/\/kraftwerk-shop.cc\/es\/wp-json\/wp\/v2\/media\/68278017"}],"wp:attachment":[{"href":"https:\/\/kraftwerk-shop.cc\/es\/wp-json\/wp\/v2\/media?parent=68261320"}],"wp:term":[{"taxonomy":"product_brand","embeddable":true,"href":"https:\/\/kraftwerk-shop.cc\/es\/wp-json\/wp\/v2\/product_brand?post=68261320"},{"taxonomy":"product_cat","embeddable":true,"href":"https:\/\/kraftwerk-shop.cc\/es\/wp-json\/wp\/v2\/product_cat?post=68261320"},{"taxonomy":"product_tag","embeddable":true,"href":"https:\/\/kraftwerk-shop.cc\/es\/wp-json\/wp\/v2\/product_tag?post=68261320"}],"curies":[{"name":"wp","href":"https:\/\/api.w.org\/{rel}","templated":true}]}}