{"id":68261758,"date":"2022-02-04T23:53:36","date_gmt":"2022-02-04T22:53:36","guid":{"rendered":"https:\/\/kraftwerk-shop.cc\/?post_type=product&#038;p=68261758"},"modified":"2026-02-15T00:50:54","modified_gmt":"2026-02-14T23:50:54","slug":"juntas-de-culata-cometic-de-4-capas-hellcat-trackhawk-trx-040","status":"publish","type":"product","link":"https:\/\/kraftwerk-shop.cc\/es\/produkt\/cometic-4-schichtige-zylinderkopfdichtungen-hellcat-trackhawk-trx-040\/","title":{"rendered":"Cometic Juntas de culata de 4 capas 6.2 Hellcat, Trackhawk &amp; TRX"},"content":{"rendered":"<h1>Cometic Juntas de culata de 4 capas para Dodge Challenger, Charger y Durango Hellcat, Jeep Trackhawk y RAM TRX<\/h1>\n<p>&nbsp;<\/p>\n<p>Las juntas Cometic MLX est\u00e1n formadas por varias capas de acero inoxidable, ya que \u00e9ste tiene mayor resistencia, elasticidad y resistencia a la corrosi\u00f3n.<br \/>\nLas capas exteriores de las juntas est\u00e1n estampadas y recubiertas por ambas caras con Viton, un material a base de caucho fluoroelast\u00f3mero resistente al calor hasta 250 \u00b0C. El Viton est\u00e1 dise\u00f1ado para cumplir los requisitos de una amplia gama de entornos de sellado, condiciones de carga y acabados superficiales dif\u00edciles.<br \/>\nLa capa central o intermedia es una capa de acero inoxidable sin revestimiento que se pliega sobre s\u00ed misma para formar la parte de bloqueo de la junta del orificio.<\/p>\n<p>&nbsp;<\/p>\n<p><strong>Volumen de suministro:<\/strong><\/p>\n<ul>\n<li>2 juntas de culata, espesor de junta de 0,040\u2033.<\/li>\n<\/ul>\n<p>&nbsp;<\/p>\n<p><strong>Adecuado para:<\/strong><\/p>\n<table width=\"449\">\n<tbody>\n<tr>\n<td width=\"115\"><strong>Marca<\/strong><\/td>\n<td width=\"145\"><strong>Modelo<\/strong><\/td>\n<td width=\"106\"><strong>Motor<\/strong><\/td>\n<td width=\"83\"><strong>A\u00f1o de construcci\u00f3n<\/strong><\/td>\n<\/tr>\n<tr>\n<td width=\"115\">Dodge<\/td>\n<td width=\"145\">Charger<\/td>\n<td width=\"106\">6.2 Hellcat<\/td>\n<td width=\"83\">2015-2023<\/td>\n<\/tr>\n<tr>\n<td width=\"115\">Dodge<\/td>\n<td width=\"145\">Challenger<\/td>\n<td width=\"106\">6.2 Hellcat<\/td>\n<td width=\"83\">2015-2023<\/td>\n<\/tr>\n<tr>\n<td width=\"115\">Dodge<\/td>\n<td width=\"145\">Durango<\/td>\n<td width=\"106\">6.2 Hellcat<\/td>\n<td width=\"83\">2021-2025<\/td>\n<\/tr>\n<tr>\n<td width=\"115\">Jeep<\/td>\n<td width=\"145\">Grand Cherokee<\/td>\n<td width=\"106\">6,2 Trackhawk<\/td>\n<td width=\"83\">2018-2021<\/td>\n<\/tr>\n<tr>\n<td width=\"115\">RAM<\/td>\n<td width=\"145\">1500<\/td>\n<td width=\"106\">TRX<\/td>\n<td width=\"83\">2021-2024<\/td>\n<\/tr>\n<\/tbody>\n<\/table>\n<p>&nbsp;<\/p>\n<p><strong>NOTA:<\/strong> Recomendamos encarecidamente el uso de tornillos de culata ARP para instalar estas juntas de culata multicapa.<\/p>","protected":false},"excerpt":{"rendered":"<p>0,040\u2033 Grosor de la junta<\/p>","protected":false},"featured_media":68278184,"comment_status":"open","ping_status":"closed","template":"","meta":{"_acf_changed":false},"product_brand":[19063],"product_cat":[6660,6656,6665,6661,6670,6666,6675,6671,6680,6676],"product_tag":[3443,475,54,53,3446,604,7222,571,49,3853,3854,95,56,100,50,4425,4427,4426,608,36,382,55,3432,3433,86,102,2353,391,607,609,610],"class_list":{"0":"post-68261758","1":"product","2":"type-product","3":"status-publish","4":"has-post-thumbnail","6":"product_brand-cometic","7":"product_cat-challenger-hellcat-dichtungen-hardware","8":"product_cat-challenger-hellcat-zylinderkopf","9":"product_cat-charger-hellcat-dichtungen-hardware","10":"product_cat-charger-hellcat-zylinderkopf","11":"product_cat-durango-hellcat-dichtungen-hardware","12":"product_cat-durango-hellcat-zylinderkopf","13":"product_cat-trackhawk-dichtungen-hardware","14":"product_cat-trackhawk-zylinderkopf","15":"product_cat-trx-dichtungen-hardware","16":"product_cat-trx-zylinderkopf","17":"product_tag-0-040","18":"product_tag-475","19":"product_tag-challenger","20":"product_tag-charger","21":"product_tag-cmt-hcmlx-040","22":"product_tag-cometic","23":"product_tag-cometic10","24":"product_tag-dichtung","25":"product_tag-dodge","26":"product_tag-dodge-challenger","27":"product_tag-dodge-charger","28":"product_tag-durango","29":"product_tag-grand-cherokee","30":"product_tag-hellcat","31":"product_tag-jeep","32":"product_tag-jeep-grand-cherokee","33":"product_tag-jeep-grand-cherokee-trackhawk","34":"product_tag-jeep-trackhawk","35":"product_tag-kopf","36":"product_tag-kraftwerk","37":"product_tag-ladedruck","38":"product_tag-magnum","39":"product_tag-mehrschichtig","40":"product_tag-metalldichtung","41":"product_tag-ram","42":"product_tag-trackhawk","43":"product_tag-trx","44":"product_tag-verstaerkt","45":"product_tag-zylinder","46":"product_tag-zylinderkopf","47":"product_tag-zylinderkopfdichtung","49":"first","50":"instock","51":"taxable","52":"shipping-taxable","53":"purchasable","54":"product-type-simple"},"bundled_by":[],"bundle_stock_status":"instock","bundle_stock_quantity":1,"bundle_virtual":false,"bundle_layout":"","bundle_add_to_cart_form_location":"","bundle_editable_in_cart":false,"bundle_sold_individually_context":"","bundle_item_grouping":"","bundle_min_size":"","bundle_max_size":"","bundle_price":[],"bundled_items":[],"bundle_sell_ids":[],"exclude_global_add_ons":[],"addons":[],"acf":[],"_links":{"self":[{"href":"https:\/\/kraftwerk-shop.cc\/es\/wp-json\/wp\/v2\/product\/68261758","targetHints":{"allow":["GET"]}}],"collection":[{"href":"https:\/\/kraftwerk-shop.cc\/es\/wp-json\/wp\/v2\/product"}],"about":[{"href":"https:\/\/kraftwerk-shop.cc\/es\/wp-json\/wp\/v2\/types\/product"}],"replies":[{"embeddable":true,"href":"https:\/\/kraftwerk-shop.cc\/es\/wp-json\/wp\/v2\/comments?post=68261758"}],"version-history":[{"count":0,"href":"https:\/\/kraftwerk-shop.cc\/es\/wp-json\/wp\/v2\/product\/68261758\/revisions"}],"wp:featuredmedia":[{"embeddable":true,"href":"https:\/\/kraftwerk-shop.cc\/es\/wp-json\/wp\/v2\/media\/68278184"}],"wp:attachment":[{"href":"https:\/\/kraftwerk-shop.cc\/es\/wp-json\/wp\/v2\/media?parent=68261758"}],"wp:term":[{"taxonomy":"product_brand","embeddable":true,"href":"https:\/\/kraftwerk-shop.cc\/es\/wp-json\/wp\/v2\/product_brand?post=68261758"},{"taxonomy":"product_cat","embeddable":true,"href":"https:\/\/kraftwerk-shop.cc\/es\/wp-json\/wp\/v2\/product_cat?post=68261758"},{"taxonomy":"product_tag","embeddable":true,"href":"https:\/\/kraftwerk-shop.cc\/es\/wp-json\/wp\/v2\/product_tag?post=68261758"}],"curies":[{"name":"wp","href":"https:\/\/api.w.org\/{rel}","templated":true}]}}