{"id":68261827,"date":"2022-02-05T22:24:12","date_gmt":"2022-02-05T21:24:12","guid":{"rendered":"https:\/\/kraftwerk-shop.cc\/?post_type=product&#038;p=68261827"},"modified":"2026-02-15T00:45:23","modified_gmt":"2026-02-14T23:45:23","slug":"jk-blaster-jeep-wrangler","status":"publish","type":"product","link":"https:\/\/kraftwerk-shop.cc\/es\/produkt\/jk-blaster-jeep-wrangler\/","title":{"rendered":"Programador Tazer JK Blaster para Jeep Wrangler"},"content":{"rendered":"<h1>Tazer JK Blaster programador OBD2 para Jeep Wrangler JK de 2007 a 2018<\/h1>\n<p>El dispositivo\/app se comunica a trav\u00e9s de un punto WiFi para modificar las calibraciones del veh\u00edculo, llamar funciones en directo y leer y borrar la memoria de aver\u00edas.<\/p>\n<p>&nbsp;<\/p>\n<p><img decoding=\"async\" class=\"alignnone size-medium wp-image-68261832\" src=\"https:\/\/kraftwerk-shop.cc\/wp-content\/uploads\/2022\/02\/Tazer_Blaster_JK_Jeep_Wrangler_2-300x279.png\" alt=\"Dispositivo de programaci\u00f3n JK Blaster para Jeep Wrangler JK\" width=\"300\" height=\"279\" \/><\/p>\n<p>&nbsp;<\/p>\n<p><strong>Ajustes del veh\u00edculo<\/strong><\/p>\n<ul>\n<li>Relaci\u00f3n del eje diferencial<\/li>\n<li>Caja de transferencia 4 Low Ratio<\/li>\n<li>Circunferencia de rodadura del neum\u00e1tico<\/li>\n<li>Umbral TPMS delantero \/ trasero<\/li>\n<li>Ajustes TPMS<\/li>\n<li>Ajustes AUX<\/li>\n<li>Ajustes de iluminaci\u00f3n<\/li>\n<\/ul>\n<p>&nbsp;<\/p>\n<p><strong>Funciones en directo<\/strong><\/p>\n<ul>\n<li>Espect\u00e1culos de luz<\/li>\n<li>Bloqueo de l\u00ednea<\/li>\n<li>Ajustes todoterreno<\/li>\n<li>Ajustes del modo de cabrestante<\/li>\n<\/ul>\n<p>&nbsp;<\/p>\n<p><strong>Memoria de fallos<\/strong><\/p>\n<ul>\n<li>Leer<\/li>\n<li>Borrar<\/li>\n<li>C\u00f3digo de error Descripciones<\/li>\n<\/ul>\n<h3>Somos un distribuidor autorizado de Z-Automotive.<\/h3>","protected":false},"excerpt":{"rendered":"<p>2007-2018<\/p>","protected":false},"featured_media":68277933,"comment_status":"open","ping_status":"closed","template":"","meta":{"_acf_changed":false},"product_brand":[17480],"product_cat":[19753,19727],"product_tag":[3474,455,456,460,452,3475,3476,3471,3470,431,462,3481,429,49,3472,476,461,447,115,454,453,50,748,441,36,450,451,457,445,438,449,448,444,459,3477,517,1154,86,3473,3479,3480,446,463,443,442,3478,3482,3483,464,175,470,2991,440,458],"class_list":{"0":"post-68261827","1":"product","2":"type-product","3":"status-publish","4":"has-post-thumbnail","6":"product_brand-z-automotive","7":"product_cat-wrangler-28-crd-programmiergeraete","8":"product_cat-wrangler-36-jk-programmiergeraete","9":"product_tag-achsuebersetzung","10":"product_tag-adaption","11":"product_tag-adaptionswerte","12":"product_tag-aktivieren","13":"product_tag-allrad","14":"product_tag-anpassen","15":"product_tag-anpassung","16":"product_tag-app","17":"product_tag-blaster","18":"product_tag-burnout","19":"product_tag-codieren","20":"product_tag-codierung","21":"product_tag-deutschland","22":"product_tag-dodge","23":"product_tag-download","24":"product_tag-dt","25":"product_tag-einschalten","26":"product_tag-evic","27":"product_tag-getriebe","28":"product_tag-getriebesteuerung","29":"product_tag-heckantrieb","30":"product_tag-jeep","31":"product_tag-jk","32":"product_tag-kaufen","33":"product_tag-kraftwerk","34":"product_tag-lenkradschaltung","35":"product_tag-line-lock","36":"product_tag-loeschen","37":"product_tag-nebelleuchten","38":"product_tag-obd","39":"product_tag-paddle-shifter","40":"product_tag-paddles","41":"product_tag-performance-pages","42":"product_tag-programmieren","43":"product_tag-programmierer","44":"product_tag-programmiergeraet","45":"product_tag-programmierung","46":"product_tag-ram","47":"product_tag-reifenabrollumfang","48":"product_tag-reifendruck","49":"product_tag-reifendrucksensoren","50":"product_tag-rueckfahrkamera","51":"product_tag-shop","52":"product_tag-sport-modus","53":"product_tag-tazer","54":"product_tag-tpms","55":"product_tag-umcodieren","56":"product_tag-umcodierung","57":"product_tag-webshop","58":"product_tag-wrangler","59":"product_tag-z-auto","60":"product_tag-zauto","61":"product_tag-zautotech","62":"product_tag-zuruecksetzen","64":"first","65":"instock","66":"taxable","67":"shipping-taxable","68":"purchasable","69":"product-type-simple"},"bundled_by":[],"bundle_stock_status":"instock","bundle_stock_quantity":1,"bundle_virtual":false,"bundle_layout":"","bundle_add_to_cart_form_location":"","bundle_editable_in_cart":false,"bundle_sold_individually_context":"","bundle_item_grouping":"","bundle_min_size":"","bundle_max_size":"","bundle_price":[],"bundled_items":[],"bundle_sell_ids":[],"exclude_global_add_ons":[],"addons":[],"acf":[],"_links":{"self":[{"href":"https:\/\/kraftwerk-shop.cc\/es\/wp-json\/wp\/v2\/product\/68261827","targetHints":{"allow":["GET"]}}],"collection":[{"href":"https:\/\/kraftwerk-shop.cc\/es\/wp-json\/wp\/v2\/product"}],"about":[{"href":"https:\/\/kraftwerk-shop.cc\/es\/wp-json\/wp\/v2\/types\/product"}],"replies":[{"embeddable":true,"href":"https:\/\/kraftwerk-shop.cc\/es\/wp-json\/wp\/v2\/comments?post=68261827"}],"version-history":[{"count":0,"href":"https:\/\/kraftwerk-shop.cc\/es\/wp-json\/wp\/v2\/product\/68261827\/revisions"}],"wp:featuredmedia":[{"embeddable":true,"href":"https:\/\/kraftwerk-shop.cc\/es\/wp-json\/wp\/v2\/media\/68277933"}],"wp:attachment":[{"href":"https:\/\/kraftwerk-shop.cc\/es\/wp-json\/wp\/v2\/media?parent=68261827"}],"wp:term":[{"taxonomy":"product_brand","embeddable":true,"href":"https:\/\/kraftwerk-shop.cc\/es\/wp-json\/wp\/v2\/product_brand?post=68261827"},{"taxonomy":"product_cat","embeddable":true,"href":"https:\/\/kraftwerk-shop.cc\/es\/wp-json\/wp\/v2\/product_cat?post=68261827"},{"taxonomy":"product_tag","embeddable":true,"href":"https:\/\/kraftwerk-shop.cc\/es\/wp-json\/wp\/v2\/product_tag?post=68261827"}],"curies":[{"name":"wp","href":"https:\/\/api.w.org\/{rel}","templated":true}]}}