{"id":68261984,"date":"2022-02-06T22:42:39","date_gmt":"2022-02-06T21:42:39","guid":{"rendered":"https:\/\/kraftwerk-shop.cc\/?post_type=product&#038;p=68261984"},"modified":"2026-03-14T17:48:08","modified_gmt":"2026-03-14T16:48:08","slug":"rugged-ridge-amfib-snorkel-intake-jeep-wrangler-gladiator","status":"publish","type":"product","link":"https:\/\/kraftwerk-shop.cc\/es\/produkt\/rugged-ridge-amfib-schnorchel-ansaugung-jeep-wrangler-gladiator\/","title":{"rendered":"Sistema de snorkel Rugged Ridge AmFib para Jeep Wrangler JL y Gladiator JT"},"content":{"rendered":"<p>Un vistazo al sistema de esn\u00f3rquel Rugged Ridge AmFib para los modelos Wrangler JL y Gladiator JT y sabr\u00e1 que no se trata de un esn\u00f3rquel cualquiera.<\/p>\n<p>Rugged Ridge dise\u00f1\u00f3 el esn\u00f3rquel de montaje bajo para que fuera una maravilla visual mediante el desarrollo de una base que se integra perfectamente en el cap\u00f3 de f\u00e1brica y luego lo remata con un sistema de admisi\u00f3n bajo que se convierte instant\u00e1neamente en el punto focal del que no podr\u00e1 apartar la vista.<\/p>\n<p>Aunque un esn\u00f3rquel como \u00e9ste atrae todas las miradas, la b\u00fasqueda de un esn\u00f3rquel superior fue mucho m\u00e1s all\u00e1 de la apariencia. Rugged Ridge dise\u00f1\u00f3 todo el snorkel AmFib dentro del Jeep para que fuera menos invasivo, funcionara mejor y fuera m\u00e1s f\u00e1cil de instalar que cualquier otro sistema de admisi\u00f3n con snorkel fabricado hasta la fecha.<\/p>\n<p>Todo el sistema y sus componentes parecen formar parte del dise\u00f1o original del Jeep.<\/p>\n<p>&nbsp;<\/p>\n<ul>\n<li>Sistema de snorkel de alta calidad para los modelos Wrangler JL y Gladiator JT<\/li>\n<li>La funcionalidad modular convierte el esn\u00f3rquel de una versi\u00f3n baja a una alta en cuesti\u00f3n de minutos<\/li>\n<li>Dise\u00f1o exclusivo que combina a la perfecci\u00f3n con el aspecto de la serie<\/li>\n<li>Dise\u00f1o innovador para proteger el motor al conducir por el agua<\/li>\n<li>Instalaci\u00f3n r\u00e1pida y sencilla sin taladrar<\/li>\n<\/ul>\n<p>&nbsp;<\/p>\n<p><strong>Adecuado para:<\/strong><\/p>\n<table width=\"567\">\n<tbody>\n<tr>\n<td width=\"140\"><strong>Fabricante<\/strong><\/td>\n<td width=\"98\"><strong>Modelo<\/strong><\/td>\n<td width=\"114\"><strong>A\u00f1o de construcci\u00f3n<\/strong><\/td>\n<td width=\"215\"><strong>Motor<\/strong><\/td>\n<\/tr>\n<tr>\n<td>Jeep<\/td>\n<td>Wrangler<\/td>\n<td>2018-2026<\/td>\n<td>2.0<\/td>\n<\/tr>\n<tr>\n<td>Jeep<\/td>\n<td>Wrangler<\/td>\n<td>2018-2026<\/td>\n<td>3.6<\/td>\n<\/tr>\n<tr>\n<td>Jeep<\/td>\n<td>Wrangler<\/td>\n<td>2022 - 2026<\/td>\n<td>2.0 Turbo + H\u00edbrido<\/td>\n<\/tr>\n<tr>\n<td>Jeep<\/td>\n<td>Gladiator<\/td>\n<td>2020-2026<\/td>\n<td>3.6 (no Mojave)<\/td>\n<\/tr>\n<\/tbody>\n<\/table>\n<p>&nbsp;<\/p>","protected":false},"excerpt":{"rendered":"<p>Ein Blick auf das Rugged Ridge AmFib Schnorchelsystem f\u00fcr Wrangler JL &amp; Gladiator JT Modelle gen\u00fcgt und Sie wissen, dass<\/p>","protected":false},"featured_media":68261994,"comment_status":"open","ping_status":"closed","template":"","meta":{"_acf_changed":false},"product_brand":[],"product_cat":[3008,2939,2946],"product_tag":[3502,3501,619,169,3500,2741,826,2217,3499,1094,50,903,2218,57,3497,3496,3503,3504,2227,3498,258,175],"class_list":{"0":"post-68261984","1":"product","2":"type-product","3":"status-publish","4":"has-post-thumbnail","6":"product_cat-gladiator-36-ansaugung","7":"product_cat-wrangler-20-turbo-ansaugung","8":"product_cat-wrangler-36-ansaugung","9":"product_tag-17756-31","10":"product_tag-17756-35","11":"product_tag-2-0","12":"product_tag-3-6","13":"product_tag-amfib","14":"product_tag-ansaugsystem","15":"product_tag-ansaugung","16":"product_tag-gladiator","17":"product_tag-hybrid","18":"product_tag-intake","19":"product_tag-jeep","20":"product_tag-jl","21":"product_tag-jt","22":"product_tag-luftfilter","23":"product_tag-ridge","24":"product_tag-rugged","25":"product_tag-rugged-ridge","26":"product_tag-ruggedridge","27":"product_tag-schnorchel","28":"product_tag-snorkel","29":"product_tag-turbo","30":"product_tag-wrangler","32":"first","33":"onbackorder","34":"taxable","35":"shipping-taxable","36":"purchasable","37":"product-type-variable"},"bundled_by":[],"bundle_stock_status":"onbackorder","bundle_stock_quantity":0,"bundle_virtual":false,"bundle_layout":"","bundle_add_to_cart_form_location":"","bundle_editable_in_cart":false,"bundle_sold_individually_context":"","bundle_item_grouping":"","bundle_min_size":"","bundle_max_size":"","bundle_price":[],"bundled_items":[],"bundle_sell_ids":[],"exclude_global_add_ons":[],"addons":[],"acf":[],"_links":{"self":[{"href":"https:\/\/kraftwerk-shop.cc\/es\/wp-json\/wp\/v2\/product\/68261984","targetHints":{"allow":["GET"]}}],"collection":[{"href":"https:\/\/kraftwerk-shop.cc\/es\/wp-json\/wp\/v2\/product"}],"about":[{"href":"https:\/\/kraftwerk-shop.cc\/es\/wp-json\/wp\/v2\/types\/product"}],"replies":[{"embeddable":true,"href":"https:\/\/kraftwerk-shop.cc\/es\/wp-json\/wp\/v2\/comments?post=68261984"}],"version-history":[{"count":0,"href":"https:\/\/kraftwerk-shop.cc\/es\/wp-json\/wp\/v2\/product\/68261984\/revisions"}],"wp:featuredmedia":[{"embeddable":true,"href":"https:\/\/kraftwerk-shop.cc\/es\/wp-json\/wp\/v2\/media\/68261994"}],"wp:attachment":[{"href":"https:\/\/kraftwerk-shop.cc\/es\/wp-json\/wp\/v2\/media?parent=68261984"}],"wp:term":[{"taxonomy":"product_brand","embeddable":true,"href":"https:\/\/kraftwerk-shop.cc\/es\/wp-json\/wp\/v2\/product_brand?post=68261984"},{"taxonomy":"product_cat","embeddable":true,"href":"https:\/\/kraftwerk-shop.cc\/es\/wp-json\/wp\/v2\/product_cat?post=68261984"},{"taxonomy":"product_tag","embeddable":true,"href":"https:\/\/kraftwerk-shop.cc\/es\/wp-json\/wp\/v2\/product_tag?post=68261984"}],"curies":[{"name":"wp","href":"https:\/\/api.w.org\/{rel}","templated":true}]}}