{"id":68262131,"date":"2022-02-10T13:57:36","date_gmt":"2022-02-10T12:57:36","guid":{"rendered":"https:\/\/kraftwerk-shop.cc\/?post_type=product&#038;p=68262131"},"modified":"2026-03-30T02:25:24","modified_gmt":"2026-03-30T00:25:24","slug":"discos-de-freno-ebc-black-dash-sport-usr7105","status":"publish","type":"product","link":"https:\/\/kraftwerk-shop.cc\/es\/produkt\/ebc-black-dash-sportbremsscheiben-usr7105\/","title":{"rendered":"Discos de freno deportivos EBC Black Dash USR7105 RAM"},"content":{"rendered":"<h1>Discos de freno EBC Black Dash para RAM 1500 3.0 Ecodiesel, 3.6 y 5.7 de 2006 a 2018 y RAM Classic a partir de 2019 (eje delantero)<\/h1>\n<p>&nbsp;<\/p>\n<p>La superficie de fricci\u00f3n del disco de freno Black Dash es ranurada.<\/p>\n<p>La ranura adicional se omiti\u00f3 para poder ofrecer un disco de freno deportivo con caracter\u00edsticas de funcionamiento silencioso.<\/p>\n<p>Las ranuras fresadas permiten eliminar casi por completo los gases de frenado, la abrasi\u00f3n, la suciedad y el agua de la superficie de fricci\u00f3n de los discos de freno.<\/p>\n<p>Las ranuras tambi\u00e9n garantizan un desgaste uniforme y paralelo de las pastillas de freno durante toda su vida \u00fatil.<\/p>\n<p>El recubrimiento de polvo negro de los discos Black Dash proporciona la mejor protecci\u00f3n posible contra la corrosi\u00f3n y es especialmente adecuado para veh\u00edculos con un dise\u00f1o de llanta abierta.<\/p>\n<p>&nbsp;<\/p>\n<p><strong>Ventajas e inconvenientes de un vistazo:<br \/>\n<\/strong><br \/>\n+ Muy buena refrigeraci\u00f3n gracias a las ranuras fresadas<br \/>\n+ Muy buena eliminaci\u00f3n de gases, suciedad, agua, etc.<br \/>\n+ La mejor protecci\u00f3n posible contra la corrosi\u00f3n gracias al recubrimiento en polvo<br \/>\n+ Sin riesgo de grietas por calor, ya que no est\u00e1 perforado<br \/>\n+ Desgaste uniforme de las pastillas de freno durante toda la vida \u00fatil<br \/>\n+ Menor nivel de ruido<\/p>\n<p>- Menos refrigeraci\u00f3n que el Turbo Groove Disc, ya que no est\u00e1 ranurado<\/p>\n<p>&nbsp;<\/p>\n<p><strong>Caracter\u00edsticas del producto:<\/strong><\/p>\n<p><span class=\"text1\">336x28mm \/ altura: 67mm \/ n\u00famero de agujeros: 5 \/ c\u00edrculo de pernos: 140mm \/ ventilado \/ montado: delantero<\/span><strong><br \/>\n<\/strong>Autorizaci\u00f3n: s\u00ed<\/p>\n<p>N\u00famero OE (s\u00f3lo a efectos comparativos): 52010080AE, 52010080AB, 52010080AC, 52010080AI<\/p>\n<p>&nbsp;<\/p>\n<p><strong>Adecuado para:<br \/>\n<\/strong><\/p>\n<table width=\"498\">\n<tbody>\n<tr>\n<td width=\"114\"><strong>Marca<\/strong><\/td>\n<td width=\"121\"><strong>Modelo<\/strong><\/td>\n<td width=\"122\"><strong>Motor<\/strong><\/td>\n<td width=\"141\"><strong>A\u00f1o de construcci\u00f3n<\/strong><\/td>\n<\/tr>\n<tr>\n<td width=\"114\">RAM<\/td>\n<td width=\"121\">1500<\/td>\n<td width=\"122\">3.0 EcoDiesel<\/td>\n<td width=\"141\">2014-2018<\/td>\n<\/tr>\n<tr>\n<td width=\"114\">RAM<\/td>\n<td>1500 Classic<\/td>\n<td width=\"122\">3.0 EcoDiesel<\/td>\n<td>2019<\/td>\n<\/tr>\n<tr>\n<td width=\"114\">RAM<\/td>\n<td width=\"121\">1500<\/td>\n<td width=\"122\">3.6<\/td>\n<td width=\"141\">2013-2018<\/td>\n<\/tr>\n<tr>\n<td width=\"114\">RAM<\/td>\n<td>1500 Classic<\/td>\n<td width=\"122\">3.6<\/td>\n<td>2019-2024<\/td>\n<\/tr>\n<tr>\n<td width=\"114\">RAM<\/td>\n<td width=\"121\">1500<\/td>\n<td width=\"122\">5.7<\/td>\n<td width=\"141\">2006-2018<\/td>\n<\/tr>\n<tr>\n<td width=\"114\">RAM<\/td>\n<td>1500 Classic<\/td>\n<td width=\"122\">5.7<\/td>\n<td>2019-2024<\/td>\n<\/tr>\n<\/tbody>\n<\/table>\n<p><strong><br \/>\nVolumen de suministro: <\/strong><\/p>\n<p>- 2 discos de freno EBC Black Dash (USR7105) para el eje delantero<\/p>\n<p>&nbsp;<\/p>\n<p>&nbsp;<\/p>","protected":false},"excerpt":{"rendered":"<div class=\"eael-product-excerpt\">\n<p>2006 - 2018 &amp; Cl\u00e1sica 2019 - 2024<\/p>\n<\/div>","protected":false},"featured_media":68274080,"comment_status":"open","ping_status":"closed","template":"","meta":{"_acf_changed":false},"product_brand":[16875],"product_cat":[3515,4237,4754,7753],"product_tag":[18275,18276,18277,475,3523,7780,3522,3524,2125,795,796,2219,964,2442,16877,16876,16878,692,941,2934,36,86,3507,797,216,3529,842,841,673],"class_list":{"0":"post-68262131","1":"product","2":"type-product","3":"status-publish","4":"has-post-thumbnail","6":"product_brand-ebc-brakes","7":"product_cat-1500-57-2009-2018-classic-bremsen-vorne","8":"product_cat-1500-ecodiesel-bremsen-vorne","9":"product_cat-1500-36-bremsen-vorne","10":"product_cat-1500-57-2003-2008-bremsen-vorne","11":"product_tag-052010080ab","12":"product_tag-052010080ae","13":"product_tag-052010080ai","14":"product_tag-475","15":"product_tag-52010080ab","16":"product_tag-52010080ac","17":"product_tag-52010080ae","18":"product_tag-52010080ai","19":"product_tag-black-dash","20":"product_tag-bremse","21":"product_tag-bremsscheibe","22":"product_tag-classic","23":"product_tag-ebc","24":"product_tag-ebc-brakes","25":"product_tag-ebc-bremsbelaege","26":"product_tag-ebc-bremsen","27":"product_tag-ebc-bremsscheiben","28":"product_tag-ersatzteil","29":"product_tag-geschlitzt","30":"product_tag-harder","31":"product_tag-kraftwerk","32":"product_tag-ram","33":"product_tag-ram1500","34":"product_tag-sportbremsscheibe","35":"product_tag-upgrade","36":"product_tag-usr7105","37":"product_tag-vorderachse","38":"product_tag-vorne","39":"product_tag-zubehoer","41":"first","42":"onbackorder","43":"taxable","44":"shipping-taxable","45":"purchasable","46":"product-type-simple"},"bundled_by":[],"bundle_stock_status":"onbackorder","bundle_stock_quantity":0,"bundle_virtual":false,"bundle_layout":"","bundle_add_to_cart_form_location":"","bundle_editable_in_cart":false,"bundle_sold_individually_context":"","bundle_item_grouping":"","bundle_min_size":"","bundle_max_size":"","bundle_price":[],"bundled_items":[],"bundle_sell_ids":[],"exclude_global_add_ons":[],"addons":[],"acf":[],"_links":{"self":[{"href":"https:\/\/kraftwerk-shop.cc\/es\/wp-json\/wp\/v2\/product\/68262131","targetHints":{"allow":["GET"]}}],"collection":[{"href":"https:\/\/kraftwerk-shop.cc\/es\/wp-json\/wp\/v2\/product"}],"about":[{"href":"https:\/\/kraftwerk-shop.cc\/es\/wp-json\/wp\/v2\/types\/product"}],"replies":[{"embeddable":true,"href":"https:\/\/kraftwerk-shop.cc\/es\/wp-json\/wp\/v2\/comments?post=68262131"}],"version-history":[{"count":0,"href":"https:\/\/kraftwerk-shop.cc\/es\/wp-json\/wp\/v2\/product\/68262131\/revisions"}],"wp:featuredmedia":[{"embeddable":true,"href":"https:\/\/kraftwerk-shop.cc\/es\/wp-json\/wp\/v2\/media\/68274080"}],"wp:attachment":[{"href":"https:\/\/kraftwerk-shop.cc\/es\/wp-json\/wp\/v2\/media?parent=68262131"}],"wp:term":[{"taxonomy":"product_brand","embeddable":true,"href":"https:\/\/kraftwerk-shop.cc\/es\/wp-json\/wp\/v2\/product_brand?post=68262131"},{"taxonomy":"product_cat","embeddable":true,"href":"https:\/\/kraftwerk-shop.cc\/es\/wp-json\/wp\/v2\/product_cat?post=68262131"},{"taxonomy":"product_tag","embeddable":true,"href":"https:\/\/kraftwerk-shop.cc\/es\/wp-json\/wp\/v2\/product_tag?post=68262131"}],"curies":[{"name":"wp","href":"https:\/\/api.w.org\/{rel}","templated":true}]}}