{"id":68262446,"date":"2022-02-13T11:30:19","date_gmt":"2022-02-13T10:30:19","guid":{"rendered":"https:\/\/kraftwerk-shop.cc\/?post_type=product&#038;p=68262446"},"modified":"2026-02-15T00:47:48","modified_gmt":"2026-02-14T23:47:48","slug":"arbol-de-levas-ram-2500-64","status":"publish","type":"product","link":"https:\/\/kraftwerk-shop.cc\/es\/produkt\/ram-2500-64-drop-in-nockenwelle\/","title":{"rendered":"\u00c1rbol de levas drop-in RAM 6.4"},"content":{"rendered":"<h1>\u00c1rbol de levas drop-in RAM 6.4: no es necesario personalizar el software<\/h1>\n<p>&nbsp;<\/p>\n<p>Este \u00e1rbol de levas fue desarrollado como un reemplazo 1:1 para el \u00e1rbol de levas original en el RAM 6.4.<\/p>\n<ul>\n<li>No es necesario adaptar la unidad de control del motor<\/li>\n<li>No se necesitan otros muelles de v\u00e1lvula<\/li>\n<li>No necesita limitador phaser<\/li>\n<li>No es necesario mejorar la varilla de empuje<\/li>\n<li>El MDS permanece intacto<\/li>\n<li>No es necesario desmontar las culatas para su instalaci\u00f3n<\/li>\n<\/ul>\n<p>&nbsp;<\/p>\n<p>Este \u00e1rbol de levas s\u00f3lo se puede utilizar con taqu\u00e9s hidr\u00e1ulicos MDS, no es compatible con taqu\u00e9s hidr\u00e1ulicos que no sean MDS (taqu\u00e9s Hellcat, etc.).<\/p>\n<p>Aut\u00e9ntica soluci\u00f3n \"drop-in\", no es necesario ajustar la unidad de control del motor.<\/p>\n<p>El \u00e1rbol de levas fue dise\u00f1ado espec\u00edficamente para el propietario HEMI que quiere realizar un cambio de \u00e1rbol de levas sin quitar las cabezas, la instalaci\u00f3n de muelles de v\u00e1lvulas accesorio, la eliminaci\u00f3n de la MDS, la reprogramaci\u00f3n de la unidad de control del motor o la instalaci\u00f3n de otras piezas de actualizaci\u00f3n necesarias para un cambio de \u00e1rbol de levas.<\/p>\n<p>Funciona con los muelles de v\u00e1lvula de f\u00e1brica, varillas de empuje y taqu\u00e9s MDS y no requiere un limitador de fase.<br \/>\nHemos invertido incontables horas de investigaci\u00f3n y desarrollo perfeccionando este \u00e1rbol de levas y haci\u00e9ndolo compatible con todos los componentes de f\u00e1brica.<\/p>\n<p>El \u00e1rbol de levas aumenta la potencia del Ram 2500 6.4 2021 en 25 CV y mejora notablemente la respuesta del acelerador.<br \/>\nSe ha dise\u00f1ado de forma que no sea necesario realizar cambios en la unidad de control del motor.<\/p>\n<p>Este \u00e1rbol de levas s\u00f3lo puede utilizarse con los taqu\u00e9s hidr\u00e1ulicos MDS montados de f\u00e1brica.<br \/>\nTiene dos perfiles diferentes en las levas MDS y en las levas no MDS, que se han desarrollado especialmente para trabajar con los taqu\u00e9s hidr\u00e1ulicos MDS.<\/p>\n<p>&nbsp;<\/p>\n<p>&nbsp;<\/p>\n<p><strong>Adecuado para:<\/strong><\/p>\n<table width=\"761\">\n<tbody>\n<tr>\n<td width=\"136\"><strong>A\u00f1o de construcci\u00f3n<\/strong><\/td>\n<td width=\"230\"><strong>Marca<\/strong><\/td>\n<td width=\"196\"><strong>Modelo<\/strong><\/td>\n<td width=\"84\"><strong>Variante<\/strong><\/td>\n<td width=\"115\"><strong>Motor<\/strong><\/td>\n<\/tr>\n<tr>\n<td width=\"136\">2014-2021<\/td>\n<td width=\"230\">RAM<\/td>\n<td width=\"196\">2500<\/td>\n<td width=\"84\">HEMI<\/td>\n<td width=\"115\">V8 6.4L<\/td>\n<\/tr>\n<tr>\n<td width=\"136\">2014-2021<\/td>\n<td width=\"230\">RAM<\/td>\n<td width=\"196\">2500 Power Wagon<\/td>\n<td width=\"84\">HEMI<\/td>\n<td width=\"115\">V8 6.4L<\/td>\n<\/tr>\n<tr>\n<td width=\"136\">2014-2021<\/td>\n<td width=\"230\">RAM<\/td>\n<td width=\"196\">3500<\/td>\n<td width=\"84\">HEMI<\/td>\n<td width=\"115\">V8 6.4L<\/td>\n<\/tr>\n<\/tbody>\n<\/table>\n<p>&nbsp;<\/p>\n<p><strong>Volumen de suministro:<\/strong><\/p>\n<ul>\n<li>\u00c1rbol de levas Comp Cams RAM 6.4 Kraftwerk seg\u00fan nuestras especificaciones<\/li>\n<\/ul>\n<p>&nbsp;<\/p>\n<p>&nbsp;<\/p>\n<p>&nbsp;<\/p>\n<p>&nbsp;<\/p>","protected":false},"excerpt":{"rendered":"<p>\u00c1rbol de levas drop-in RAM 6.4 - no requiere personalizaci\u00f3n de software Este \u00e1rbol de levas fue desarrollado como un reemplazo 1:1 para el \u00e1rbol de levas original en el<\/p>","protected":false},"featured_media":68277875,"comment_status":"open","ping_status":"closed","template":"","meta":{"_acf_changed":false},"product_brand":[],"product_cat":[19353],"product_tag":[506,507,93,3578,365,340,339,341,2329,738,3579,3581,222,36,2455,3580,336,2449,552,86,338,233,180,818,319],"class_list":{"0":"post-68262446","1":"product","2":"type-product","3":"status-publish","4":"has-post-thumbnail","6":"product_cat-2500-3500-64-nockenwelle-ventiltrieb","7":"product_tag-506","8":"product_tag-507","9":"product_tag-6-4","10":"product_tag-big-gas","11":"product_tag-cam","12":"product_tag-cams","13":"product_tag-comp","14":"product_tag-compcam","15":"product_tag-compcams","16":"product_tag-hd","17":"product_tag-heavy-duty","18":"product_tag-kein","19":"product_tag-kit","20":"product_tag-kraftwerk","21":"product_tag-mm5","22":"product_tag-no-tune","23":"product_tag-nockenwelle","24":"product_tag-nockenwellenkit","25":"product_tag-ohne","26":"product_tag-ram","27":"product_tag-standgas","28":"product_tag-tuning","29":"product_tag-umbau","30":"product_tag-umbausatz","31":"product_tag-ventilfedern","33":"first","34":"onbackorder","35":"taxable","36":"shipping-taxable","37":"purchasable","38":"product-type-simple"},"bundled_by":[],"bundle_stock_status":"onbackorder","bundle_stock_quantity":0,"bundle_virtual":false,"bundle_layout":"","bundle_add_to_cart_form_location":"","bundle_editable_in_cart":false,"bundle_sold_individually_context":"","bundle_item_grouping":"","bundle_min_size":"","bundle_max_size":"","bundle_price":[],"bundled_items":[],"bundle_sell_ids":[],"exclude_global_add_ons":[],"addons":[],"acf":[],"_links":{"self":[{"href":"https:\/\/kraftwerk-shop.cc\/es\/wp-json\/wp\/v2\/product\/68262446","targetHints":{"allow":["GET"]}}],"collection":[{"href":"https:\/\/kraftwerk-shop.cc\/es\/wp-json\/wp\/v2\/product"}],"about":[{"href":"https:\/\/kraftwerk-shop.cc\/es\/wp-json\/wp\/v2\/types\/product"}],"replies":[{"embeddable":true,"href":"https:\/\/kraftwerk-shop.cc\/es\/wp-json\/wp\/v2\/comments?post=68262446"}],"version-history":[{"count":0,"href":"https:\/\/kraftwerk-shop.cc\/es\/wp-json\/wp\/v2\/product\/68262446\/revisions"}],"wp:featuredmedia":[{"embeddable":true,"href":"https:\/\/kraftwerk-shop.cc\/es\/wp-json\/wp\/v2\/media\/68277875"}],"wp:attachment":[{"href":"https:\/\/kraftwerk-shop.cc\/es\/wp-json\/wp\/v2\/media?parent=68262446"}],"wp:term":[{"taxonomy":"product_brand","embeddable":true,"href":"https:\/\/kraftwerk-shop.cc\/es\/wp-json\/wp\/v2\/product_brand?post=68262446"},{"taxonomy":"product_cat","embeddable":true,"href":"https:\/\/kraftwerk-shop.cc\/es\/wp-json\/wp\/v2\/product_cat?post=68262446"},{"taxonomy":"product_tag","embeddable":true,"href":"https:\/\/kraftwerk-shop.cc\/es\/wp-json\/wp\/v2\/product_tag?post=68262446"}],"curies":[{"name":"wp","href":"https:\/\/api.w.org\/{rel}","templated":true}]}}