{"id":68265397,"date":"2022-03-15T18:49:20","date_gmt":"2022-03-15T17:49:20","guid":{"rendered":"https:\/\/kraftwerk-shop.cc\/?post_type=product&#038;p=68265397"},"modified":"2026-02-15T00:43:47","modified_gmt":"2026-02-14T23:43:47","slug":"afe-power-54-12022-magnum-force-stage-2-cold-pro-5r-cold-air-intake-camaro-36","status":"publish","type":"product","link":"https:\/\/kraftwerk-shop.cc\/es\/produkt\/afe-power-54-12022-magnum-force-stage-2-cold-pro-5r-cold-air-intake-camaro-36\/","title":{"rendered":"aFe Magnum FORCE Stage-2 Admisi\u00f3n de aire fr\u00edo \/ Filtro de aire deportivo Camaro 3.6"},"content":{"rendered":"<h1>aFe POWER 54-12022 Magnum Sistema de admisi\u00f3n de aire fr\u00edo FORCE Stage-2 Pro 5R para Chevrolet Camaro 3.6<\/h1>\n<p>&nbsp;<\/p>\n<p><strong>Dise\u00f1o de sujeci\u00f3n de la brida del filtro<\/strong><br \/>\nEl filtro de aire cuenta con un exclusivo dise\u00f1o de montaje de brida pendiente de patente que no requiere elementos de fijaci\u00f3n para montar el filtro en el escudo para una instalaci\u00f3n r\u00e1pida y sin complicaciones con un m\u00ednimo de elementos de fijaci\u00f3n.<\/p>\n<p><strong>Colector de admisi\u00f3n<\/strong><br \/>\nEste sistema utiliza un colector de admisi\u00f3n dise\u00f1ado en CAD, desarrollado en el banco de pruebas y fabricado mediante un proceso rotativo, para garantizar el mayor aumento posible del rendimiento con un ajuste perfecto.<\/p>\n<p><strong>Filtro de aire grande de 5 capas<\/strong><br \/>\nEl sistema de admisi\u00f3n Magnum FORCE se ha dise\u00f1ado en torno al filtro de aire m\u00e1s grande posible para maximizar la eficacia de filtraci\u00f3n y el rendimiento.<br \/>\nEste filtro de aire de flujo radial de 360 grados y 8\u2033 de altura cuenta con medios Pro 5R previamente engrasados con cinco capas de gasa de algod\u00f3n progresivamente m\u00e1s fina para obtener el m\u00e1ximo rendimiento.<br \/>\nProporciona a su motor la mayor cantidad de aire de flujo optimizado y, en la mayor\u00eda de los casos, ofrece las mayores ganancias de rendimiento. Este medio filtrante lavable es perfecto para uso en carretera y\/o circuito.<\/p>\n<p><strong>Material de instalaci\u00f3n de alta calidad<\/strong><br \/>\nLas abrazaderas de tornillo sin fin de acero inoxidable y la manguera de silicona reforzada garantizan estabilidad y durabilidad, as\u00ed como una instalaci\u00f3n segura y sencilla. Los sistemas de admisi\u00f3n Momentum est\u00e1n dise\u00f1ados con el menor n\u00famero posible de piezas individuales para garantizar una instalaci\u00f3n r\u00e1pida y sencilla.<\/p>\n<p>&nbsp;<\/p>\n<p><strong>detalles<\/strong><\/p>\n<p>- + 14 CV, + 27 NM de aumento de potencia m\u00e1xima<br \/>\n- 21% m\u00e1s caudal que el filtro de aire est\u00e1ndar<br \/>\n- Colector de admisi\u00f3n desarrollado en CAD<br \/>\n- El dise\u00f1o abierto acent\u00faa el filtro de aire y garantiza un ruido de admisi\u00f3n agresivo<br \/>\n- Filtro de aire Pro 10R preengrasado, lavable y reutilizable para un rendimiento m\u00e1ximo<br \/>\n- Dise\u00f1o exclusivo de la carcasa del filtro<br \/>\n- Ajuste perfecto, no es necesario taladrar ni cortar las piezas originales<\/p>\n<p>&nbsp;<\/p>\n<p><strong>Adecuado para:<\/strong><\/p>\n<table width=\"646\">\n<tbody>\n<tr>\n<td width=\"136\"><strong>A\u00f1o de construcci\u00f3n<\/strong><\/td>\n<td width=\"230\"><strong>Marca<\/strong><\/td>\n<td width=\"196\"><strong>Modelo<\/strong><\/td>\n<td width=\"84\"><strong>Motor<\/strong><\/td>\n<\/tr>\n<tr>\n<td width=\"136\">2012-2015<\/td>\n<td width=\"230\">Chevrolet<\/td>\n<td width=\"196\">Camaro<\/td>\n<td width=\"84\">V6 3.6L<\/td>\n<\/tr>\n<\/tbody>\n<\/table>","protected":false},"excerpt":{"rendered":"<p>2012-2015<\/p>","protected":false},"featured_media":68265399,"comment_status":"open","ping_status":"closed","template":"","meta":{"_acf_changed":false},"product_brand":[16879],"product_cat":[3336],"product_tag":[19217,169,3619,16880,498,2441,826,824,191,189,190,825,3494,20273,57,55,859,230,198],"class_list":{"0":"post-68265397","1":"product","2":"type-product","3":"status-publish","4":"has-post-thumbnail","6":"product_brand-afe-power","7":"product_cat-camaro-36-2010-2015-ansaugung","8":"product_tag-28-10103","9":"product_tag-3-6","10":"product_tag-54-12022","11":"product_tag-advanced-flow-engineering","12":"product_tag-afe","13":"product_tag-afe-power","14":"product_tag-ansaugung","15":"product_tag-cai","16":"product_tag-camaro","17":"product_tag-chevrolet","18":"product_tag-chevy","19":"product_tag-cold-air-intake","20":"product_tag-force","21":"product_tag-keintuev","22":"product_tag-luftfilter","23":"product_tag-magnum","24":"product_tag-magnum-force","25":"product_tag-stage-2","26":"product_tag-v6","27":"product_shipping_class-deutschlandohne","29":"first","30":"onbackorder","31":"taxable","32":"shipping-taxable","33":"purchasable","34":"product-type-simple"},"bundled_by":[],"bundle_stock_status":"onbackorder","bundle_stock_quantity":0,"bundle_virtual":false,"bundle_layout":"","bundle_add_to_cart_form_location":"","bundle_editable_in_cart":false,"bundle_sold_individually_context":"","bundle_item_grouping":"","bundle_min_size":"","bundle_max_size":"","bundle_price":[],"bundled_items":[],"bundle_sell_ids":[],"exclude_global_add_ons":[],"addons":[],"acf":[],"_links":{"self":[{"href":"https:\/\/kraftwerk-shop.cc\/es\/wp-json\/wp\/v2\/product\/68265397","targetHints":{"allow":["GET"]}}],"collection":[{"href":"https:\/\/kraftwerk-shop.cc\/es\/wp-json\/wp\/v2\/product"}],"about":[{"href":"https:\/\/kraftwerk-shop.cc\/es\/wp-json\/wp\/v2\/types\/product"}],"replies":[{"embeddable":true,"href":"https:\/\/kraftwerk-shop.cc\/es\/wp-json\/wp\/v2\/comments?post=68265397"}],"version-history":[{"count":0,"href":"https:\/\/kraftwerk-shop.cc\/es\/wp-json\/wp\/v2\/product\/68265397\/revisions"}],"wp:featuredmedia":[{"embeddable":true,"href":"https:\/\/kraftwerk-shop.cc\/es\/wp-json\/wp\/v2\/media\/68265399"}],"wp:attachment":[{"href":"https:\/\/kraftwerk-shop.cc\/es\/wp-json\/wp\/v2\/media?parent=68265397"}],"wp:term":[{"taxonomy":"product_brand","embeddable":true,"href":"https:\/\/kraftwerk-shop.cc\/es\/wp-json\/wp\/v2\/product_brand?post=68265397"},{"taxonomy":"product_cat","embeddable":true,"href":"https:\/\/kraftwerk-shop.cc\/es\/wp-json\/wp\/v2\/product_cat?post=68265397"},{"taxonomy":"product_tag","embeddable":true,"href":"https:\/\/kraftwerk-shop.cc\/es\/wp-json\/wp\/v2\/product_tag?post=68265397"}],"curies":[{"name":"wp","href":"https:\/\/api.w.org\/{rel}","templated":true}]}}