{"id":68265447,"date":"2022-03-17T20:57:38","date_gmt":"2022-03-17T19:57:38","guid":{"rendered":"https:\/\/kraftwerk-shop.cc\/?post_type=product&#038;p=68265447"},"modified":"2026-02-15T00:59:47","modified_gmt":"2026-02-14T23:59:47","slug":"jba-colectores-300c-challenger-charger-hemi","status":"publish","type":"product","link":"https:\/\/kraftwerk-shop.cc\/es\/produkt\/jba-shorty-300c-challenger-charger-hemi\/","title":{"rendered":"JBA Shorty colector para 300C, Challenger y Charger 5.7"},"content":{"rendered":"<h1>Colector corto JBA para Chrysler 300C, Dodge Challenger y Charger 5.7<\/h1>\n<p>&nbsp;<\/p>\n<p>Los colectores JBA Shorty son una de las mejores mejoras de rendimiento disponibles para su veh\u00edculo.<br \/>\nLos colectores JBA Shorty son significativamente menos restrictivos que los colectores est\u00e1ndar de su veh\u00edculo y aumentan el rendimiento y la eficiencia del motor.<br \/>\nEl dise\u00f1o shorty original de JBA es una evoluci\u00f3n del antiguo colector longtube.<br \/>\nLos nuevos colectores cortos proporcionan los aumentos de alto rendimiento que otros fabricantes s\u00f3lo consiguen con colectores de tubo largo.<br \/>\nEst\u00e1n fabricados en robusto acero inoxidable y pueden soportar tanto las tensiones de las carreras como las de la conducci\u00f3n diaria.<\/p>\n<p>Con gran capacidad de carga y tecnolog\u00eda innovadora, como el colector JBA Firecone, los colectores Shorty de JBA son capaces de producir m\u00e1s potencia que cualquier otro colector Shorty del mercado.<\/p>\n<p>Cada sistema incluye materiales de fijaci\u00f3n de alta calidad e instrucciones detalladas para una instalaci\u00f3n profesional sin fugas.<\/p>\n<p>&nbsp;<\/p>\n<ul>\n<li>Tubos primarios curvados de acero inoxidable de 1 3\/4<br \/>\n- mejor flujo, durabilidad, mejor comportamiento de respuesta<\/li>\n<li>Innovador colector JBA Firecone<br \/>\n- Tecnolog\u00eda probada en competici\u00f3n para obtener el m\u00e1ximo rendimiento<\/li>\n<li>Conexiones de f\u00e1brica<br \/>\n- Instalaci\u00f3n m\u00e1s sencilla<\/li>\n<li>C\u00fapulas de colector extragruesas<br \/>\n- Sin alabeos como con los colectores de calidad inferior, sin fugas<\/li>\n<li>Insignia JBA<br \/>\n- aut\u00e9ntica calidad JBA<\/li>\n<li>Bridas mecanizadas de 3\/8\u2033 de grosor<br \/>\n- Resiste la deformaci\u00f3n, evita las fugas y facilita la instalaci\u00f3n<\/li>\n<li>Aperturas de escape sobredimensionadas<br \/>\n- Mayor caudal, permite ajustar la apertura de la culata<\/li>\n<li>Disponible con dos revestimientos opcionales<br \/>\n- Metal-cer\u00e1mica pulida, titanio-cer\u00e1mica: mayor protecci\u00f3n contra la corrosi\u00f3n, barrera t\u00e9rmica para temperaturas m\u00e1s bajas bajo el cap\u00f3.<\/li>\n<\/ul>\n<p>&nbsp;<\/p>\n<p><strong>Adecuado para:<\/strong><\/p>\n<table width=\"437\">\n<tbody>\n<tr>\n<td width=\"83\"><strong>Marca<\/strong><\/td>\n<td width=\"122\"><strong>Modelo<\/strong><\/td>\n<td width=\"136\"><strong>Motor<\/strong><\/td>\n<td width=\"96\"><strong>A\u00f1o de construcci\u00f3n<\/strong><\/td>\n<\/tr>\n<tr>\n<td>Chrysler<\/td>\n<td>300C<\/td>\n<td>5.7<\/td>\n<td width=\"96\">2009-2023<\/td>\n<\/tr>\n<tr>\n<td>Dodge<\/td>\n<td>Challenger<\/td>\n<td>5.7<\/td>\n<td width=\"96\">2009-2023<\/td>\n<\/tr>\n<tr>\n<td>Dodge<\/td>\n<td>Charger<\/td>\n<td>5.7<\/td>\n<td width=\"96\">2009-2023<\/td>\n<\/tr>\n<\/tbody>\n<\/table>","protected":false},"excerpt":{"rendered":"<p>2009-2023<\/p>","protected":false},"featured_media":68265458,"comment_status":"open","ping_status":"closed","template":"","meta":{"_acf_changed":false},"product_brand":[17175],"product_cat":[6615,6618,6603,6606,6609],"product_tag":[3627,3628,3629,1132,52,91,1035,546,3626,54,53,48,536,49,3853,3854,2786,543,126,3625,3630,20273,550,186,783,787,3368,3340,547],"class_list":{"0":"post-68265447","1":"product","2":"type-product","3":"status-publish","4":"has-post-thumbnail","6":"product_brand-jba","7":"product_cat-300c-57-2005-2010-abgaskruemmer-katalysatoren","8":"product_cat-300c-57-2011-2023-abgaskruemmer-katalysatoren","9":"product_cat-challenger-57-abgaskruemmer-katalysatoren","10":"product_cat-charger-57-abgaskruemmer-katalysatoren","11":"product_cat-charger-57-2011-2023-abgaskruemmer-katalysatoren","12":"product_tag-1964s-1","13":"product_tag-1964s-1js","14":"product_tag-1964s-1jt","15":"product_tag-1132","16":"product_tag-300c","17":"product_tag-5-7","18":"product_tag-abgasanlage","19":"product_tag-auspuff","20":"product_tag-cat4ward","21":"product_tag-challenger","22":"product_tag-charger","23":"product_tag-chrysler","24":"product_tag-chrysler-300c","25":"product_tag-dodge","26":"product_tag-dodge-challenger","27":"product_tag-dodge-charger","28":"product_tag-exhaust","29":"product_tag-faecherkruemmer","30":"product_tag-hemi","31":"product_tag-jba","32":"product_tag-jbaperformance","33":"product_tag-keintuev","34":"product_tag-kruemmer","35":"product_tag-performance","36":"product_tag-r-t","37":"product_tag-rt","38":"product_tag-shorties","39":"product_tag-shorty","40":"product_tag-sportauspuff","41":"product_shipping_class-paket-l","43":"first","44":"onbackorder","45":"taxable","46":"shipping-taxable","47":"purchasable","48":"product-type-variable"},"bundled_by":[],"bundle_stock_status":"onbackorder","bundle_stock_quantity":0,"bundle_virtual":false,"bundle_layout":"","bundle_add_to_cart_form_location":"","bundle_editable_in_cart":false,"bundle_sold_individually_context":"","bundle_item_grouping":"","bundle_min_size":"","bundle_max_size":"","bundle_price":[],"bundled_items":[],"bundle_sell_ids":[],"exclude_global_add_ons":[],"addons":[],"acf":[],"_links":{"self":[{"href":"https:\/\/kraftwerk-shop.cc\/es\/wp-json\/wp\/v2\/product\/68265447","targetHints":{"allow":["GET"]}}],"collection":[{"href":"https:\/\/kraftwerk-shop.cc\/es\/wp-json\/wp\/v2\/product"}],"about":[{"href":"https:\/\/kraftwerk-shop.cc\/es\/wp-json\/wp\/v2\/types\/product"}],"replies":[{"embeddable":true,"href":"https:\/\/kraftwerk-shop.cc\/es\/wp-json\/wp\/v2\/comments?post=68265447"}],"version-history":[{"count":0,"href":"https:\/\/kraftwerk-shop.cc\/es\/wp-json\/wp\/v2\/product\/68265447\/revisions"}],"wp:featuredmedia":[{"embeddable":true,"href":"https:\/\/kraftwerk-shop.cc\/es\/wp-json\/wp\/v2\/media\/68265458"}],"wp:attachment":[{"href":"https:\/\/kraftwerk-shop.cc\/es\/wp-json\/wp\/v2\/media?parent=68265447"}],"wp:term":[{"taxonomy":"product_brand","embeddable":true,"href":"https:\/\/kraftwerk-shop.cc\/es\/wp-json\/wp\/v2\/product_brand?post=68265447"},{"taxonomy":"product_cat","embeddable":true,"href":"https:\/\/kraftwerk-shop.cc\/es\/wp-json\/wp\/v2\/product_cat?post=68265447"},{"taxonomy":"product_tag","embeddable":true,"href":"https:\/\/kraftwerk-shop.cc\/es\/wp-json\/wp\/v2\/product_tag?post=68265447"}],"curies":[{"name":"wp","href":"https:\/\/api.w.org\/{rel}","templated":true}]}}