{"id":68265511,"date":"2022-03-26T16:29:21","date_gmt":"2022-03-26T15:29:21","guid":{"rendered":"https:\/\/kraftwerk-shop.cc\/?post_type=product&#038;p=68265511"},"modified":"2026-03-03T13:18:13","modified_gmt":"2026-03-03T12:18:13","slug":"discos-de-freno-ebc-turbo-groove-sport-gd7242","status":"publish","type":"product","link":"https:\/\/kraftwerk-shop.cc\/es\/produkt\/ebc-turbo-groove-sportbremsscheiben-gd7242\/","title":{"rendered":"Discos de freno deportivos EBC Turbo Groove GD7242"},"content":{"rendered":"<h1>Discos de freno EBC Turbo Groove para Chrysler 300C, Dodge Challenger, Charger, Magnum y Lancia Thema 3.0 CRD, 3.5, 3.6 y 5.7 (eje trasero)<\/h1>\n<p>&nbsp;<\/p>\n<p>La superficie de fricci\u00f3n del disco de freno deportivo Turbo Groove es estriada y ranurada.<\/p>\n<p>Las ranuras de estos discos de freno est\u00e1n fresadas hasta el borde exterior.<br \/>\nDe este modo, los gases de frenado, la abrasi\u00f3n, la suciedad y el agua pueden eliminarse casi por completo de la superficie de fricci\u00f3n de los discos de freno.<\/p>\n<p>Adem\u00e1s, se suministra aire \"m\u00e1s fr\u00edo\" a trav\u00e9s de las ranuras para contrarrestar de forma \u00f3ptima el sobrecalentamiento de las pastillas y los discos de freno.<\/p>\n<p>Las ranuras adicionales en los pelda\u00f1os mejoran considerablemente esta propiedad.<br \/>\nDe este modo se consiguen todas las ventajas de un disco de freno deportivo taladrado, pero sin el riesgo de las conocidas fisuras por calor asociadas a los discos de freno totalmente taladrados.<\/p>\n<p>Gracias al ranurado, las pastillas de freno se desgastan uniformemente y en paralelo durante toda su vida \u00fatil.<\/p>\n<p>El recubrimiento de polvo negro de los discos Black Dash proporciona la mejor protecci\u00f3n posible contra la corrosi\u00f3n y es especialmente adecuado para veh\u00edculos con un dise\u00f1o de llanta abierta.<\/p>\n<p>&nbsp;<\/p>\n<p><strong>Ventajas e inconvenientes de un vistazo:<\/strong><\/p>\n<p>+ La mejor refrigeraci\u00f3n posible a trav\u00e9s de ranuras y hendiduras<br \/>\n+ La mejor eliminaci\u00f3n posible de gases, suciedad, agua, etc.<br \/>\n+ Protecci\u00f3n contra la corrosi\u00f3n gracias al revestimiento dorado<br \/>\n+ Sin riesgo de grietas por calor al no estar perforado<br \/>\n+ Desgaste uniforme de las pastillas de freno durante toda la vida \u00fatil<\/p>\n<p>- Mayor nivel de ruido que los discos de freno Black Dash<\/p>\n<p>&nbsp;<\/p>\n<p><strong>Caracter\u00edsticas del producto:<\/strong><\/p>\n<p>320x10mm \/ altura: 67mm \/ n\u00famero de agujeros: 5 \/ c\u00edrculo de pernos: 114.3mm \/ no ventilado \/ montado: trasero<br \/>\nAutorizaci\u00f3n: en preparaci\u00f3n<\/p>\n<p>N\u00famero de equipo original (s\u00f3lo a efectos comparativos): <span class=\"text1\">4779208AA<\/span>, <span class=\"text1\">4779208AB, 4779208AC, 4779208AD, 4779208AE, 4779208AF, 4779208AG, 4779208AH, 68368070AA\u00a0<\/span><\/p>\n<p>&nbsp;<\/p>\n<p><strong>Adecuado para:<\/strong><\/p>\n<table width=\"0\">\n<tbody>\n<tr>\n<td width=\"64\">Chrysler<\/td>\n<td width=\"100\">300C<\/td>\n<td width=\"163\">3.0 CRD, 3.5, 3.6, 5.7<\/td>\n<td width=\"305\">Todos los modelos con discos de freno no ventilados<\/td>\n<\/tr>\n<tr>\n<td width=\"64\">Dodge<\/td>\n<td width=\"100\">Challenger<\/td>\n<td width=\"163\">3.5, 3.6, 5.7<\/td>\n<td width=\"305\">Todos los modelos con discos de freno no ventilados<\/td>\n<\/tr>\n<tr>\n<td width=\"64\">Dodge<\/td>\n<td width=\"100\">Charger<\/td>\n<td width=\"163\">3.5, 3.6, 5.7<\/td>\n<td width=\"305\">Todos los modelos con discos de freno no ventilados<\/td>\n<\/tr>\n<tr>\n<td width=\"64\">Dodge<\/td>\n<td width=\"100\">Magnum<\/td>\n<td width=\"163\">3.5, 5.7<\/td>\n<td width=\"305\">Todos los modelos con discos de freno no ventilados<\/td>\n<\/tr>\n<tr>\n<td width=\"64\">Lancia<\/td>\n<td width=\"100\">Tema<\/td>\n<td width=\"163\">3.0 MultiJet, 3.6<\/td>\n<td width=\"305\">Todos los modelos con discos de freno no ventilados<\/td>\n<\/tr>\n<\/tbody>\n<\/table>\n<p><strong><br \/>\nVolumen de suministro: <\/strong><\/p>\n<p>- 2 discos de freno EBC Turbo Groove (GD7242) para el eje trasero<\/p>\n<p>&nbsp;<\/p>\n<p><strong>Nota:<\/strong><\/p>\n<p>Antes de realizar el pedido, compruebe si su veh\u00edculo est\u00e1 equipado con discos de freno ventilados o no ventilados.<br \/>\nS\u00f3lo muy pocos veh\u00edculos tienen discos de freno no ventilados en la parte trasera. Estos veh\u00edculos suelen tener los peque\u00f1os discos de freno de 320 mm en el eje delantero.<\/p>","protected":false},"excerpt":{"rendered":"<p>Discos de freno no ventilados<\/p>","protected":false},"featured_media":68274060,"comment_status":"open","ping_status":"closed","template":"","meta":{"_acf_changed":false},"product_brand":[16875],"product_cat":[17713,17718,17722,17726,17730,17708,17706,17700,17742,17746,17750,17754,17770,17774],"product_tag":[18261,18262,18263,18264,18265,18266,18267,18268,87,572,88,52,3632,3633,3634,3635,3636,3637,3638,3639,91,3640,795,796,54,53,48,536,49,3853,3854,964,2442,16877,16876,16878,692,3642,942,2111,941,126,36,173,55,797,174,2110,216,842,841,673],"class_list":{"0":"post-68265511","1":"product","2":"type-product","3":"status-publish","4":"has-post-thumbnail","6":"product_brand-ebc-brakes","7":"product_cat-300c-30-diesel-bremsscheiben-hinten","8":"product_cat-300c-35-bremsscheiben-hinten","9":"product_cat-300c-36-bremsscheiben-hinten","10":"product_cat-300c-57-2005-2010-bremsscheiben-hinten","11":"product_cat-300c-57-2011-2023-bremsscheiben-hinten","12":"product_cat-challenger-35-bremsscheiben-hinten","13":"product_cat-challenger-36-bremsscheiben-hinten","14":"product_cat-challenger-57-bremsscheiben-hinten","15":"product_cat-charger-35-bremsscheiben-hinten","16":"product_cat-charger-36-bremsscheiben-hinten","17":"product_cat-charger-57-bremsscheiben-hinten","18":"product_cat-charger-57-2011-2023-bremsscheiben-hinten","19":"product_cat-magnum-35-bremsscheiben-hinten","20":"product_cat-magnum-57-bremsscheiben-hinten","21":"product_tag-04779208aa","22":"product_tag-04779208ab","23":"product_tag-04779208ac","24":"product_tag-04779208ad","25":"product_tag-04779208ae","26":"product_tag-04779208af","27":"product_tag-04779208ag","28":"product_tag-04779208ah","29":"product_tag-2-7","30":"product_tag-3-0-crd","31":"product_tag-3-5","32":"product_tag-300c","33":"product_tag-4779208aa","34":"product_tag-4779208ab","35":"product_tag-4779208ac","36":"product_tag-4779208ad","37":"product_tag-4779208ae","38":"product_tag-4779208af","39":"product_tag-4779208ag","40":"product_tag-4779208ah","41":"product_tag-5-7","42":"product_tag-68368070aa","43":"product_tag-bremse","44":"product_tag-bremsscheibe","45":"product_tag-challenger","46":"product_tag-charger","47":"product_tag-chrysler","48":"product_tag-chrysler-300c","49":"product_tag-dodge","50":"product_tag-dodge-challenger","51":"product_tag-dodge-charger","52":"product_tag-ebc","53":"product_tag-ebc-brakes","54":"product_tag-ebc-bremsbelaege","55":"product_tag-ebc-bremsen","56":"product_tag-ebc-bremsscheiben","57":"product_tag-ersatzteil","58":"product_tag-gd7242","59":"product_tag-gelocht","60":"product_tag-genutet","61":"product_tag-geschlitzt","62":"product_tag-hemi","63":"product_tag-kraftwerk","64":"product_tag-lancia","65":"product_tag-magnum","66":"product_tag-sportbremsscheibe","67":"product_tag-thema","68":"product_tag-turbo-groove","69":"product_tag-upgrade","70":"product_tag-vorderachse","71":"product_tag-vorne","72":"product_tag-zubehoer","73":"product_shipping_class-deutschlandohne","75":"first","76":"onbackorder","77":"taxable","78":"shipping-taxable","79":"purchasable","80":"product-type-simple"},"bundled_by":[],"bundle_stock_status":"onbackorder","bundle_stock_quantity":0,"bundle_virtual":false,"bundle_layout":"","bundle_add_to_cart_form_location":"","bundle_editable_in_cart":false,"bundle_sold_individually_context":"","bundle_item_grouping":"","bundle_min_size":"","bundle_max_size":"","bundle_price":[],"bundled_items":[],"bundle_sell_ids":[],"exclude_global_add_ons":[],"addons":[],"acf":[],"_links":{"self":[{"href":"https:\/\/kraftwerk-shop.cc\/es\/wp-json\/wp\/v2\/product\/68265511","targetHints":{"allow":["GET"]}}],"collection":[{"href":"https:\/\/kraftwerk-shop.cc\/es\/wp-json\/wp\/v2\/product"}],"about":[{"href":"https:\/\/kraftwerk-shop.cc\/es\/wp-json\/wp\/v2\/types\/product"}],"replies":[{"embeddable":true,"href":"https:\/\/kraftwerk-shop.cc\/es\/wp-json\/wp\/v2\/comments?post=68265511"}],"version-history":[{"count":0,"href":"https:\/\/kraftwerk-shop.cc\/es\/wp-json\/wp\/v2\/product\/68265511\/revisions"}],"wp:featuredmedia":[{"embeddable":true,"href":"https:\/\/kraftwerk-shop.cc\/es\/wp-json\/wp\/v2\/media\/68274060"}],"wp:attachment":[{"href":"https:\/\/kraftwerk-shop.cc\/es\/wp-json\/wp\/v2\/media?parent=68265511"}],"wp:term":[{"taxonomy":"product_brand","embeddable":true,"href":"https:\/\/kraftwerk-shop.cc\/es\/wp-json\/wp\/v2\/product_brand?post=68265511"},{"taxonomy":"product_cat","embeddable":true,"href":"https:\/\/kraftwerk-shop.cc\/es\/wp-json\/wp\/v2\/product_cat?post=68265511"},{"taxonomy":"product_tag","embeddable":true,"href":"https:\/\/kraftwerk-shop.cc\/es\/wp-json\/wp\/v2\/product_tag?post=68265511"}],"curies":[{"name":"wp","href":"https:\/\/api.w.org\/{rel}","templated":true}]}}