{"id":68265815,"date":"2022-04-12T13:27:23","date_gmt":"2022-04-12T11:27:23","guid":{"rendered":"https:\/\/kraftwerk-shop.cc\/?post_type=product&#038;p=68265815"},"modified":"2026-02-15T00:43:47","modified_gmt":"2026-02-14T23:43:47","slug":"magnaflow-19177-cadillac-escalade","status":"publish","type":"product","link":"https:\/\/kraftwerk-shop.cc\/es\/produkt\/magnaflow-19177-cadillac-escalade\/","title":{"rendered":"Sistema de escape cat-back MagnaFlow Street Series Cadillac Escalade V8 6.2"},"content":{"rendered":"<p>El compromiso de MagnaFlow de dise\u00f1ar y fabricar los mejores sistemas de escape deportivos garantiza un sonido y una experiencia de conducci\u00f3n superiores. Fabricados con materiales de alta calidad, dise\u00f1ados para un ajuste y rendimiento \u00f3ptimos.<\/p>\n<p>El sistema de escape de alto rendimiento Street Series de acero inoxidable proporciona un aumento de rendimiento probado en banco de potencia con un sonido agradable en el interior y un sonido potente en el exterior.<\/p>\n<p><img decoding=\"async\" class=\"alignnone size-medium wp-image-68265818\" src=\"https:\/\/kraftwerk-shop.cc\/wp-content\/uploads\/2022\/04\/19177_MagnaFlow_Sound-300x130.jpg\" alt=\"MagnaFlow #19177 Sonido\" width=\"300\" height=\"130\" \/><\/p>\n<p>El MagnaFlow Street Series 19177 se adapta a los siguientes modelos:<\/p>\n<p>2020 Escalade V8 6.2L<br \/>\n2019 Escalade V8 6.2L<br \/>\n2018 Escalade V8 6.2L<br \/>\n2017 Escalade V8 6.2L<br \/>\n2016 Escalade V8 6.2L<br \/>\n2015 Escalade V8 6.2L<\/p>\n<p><strong>Nota importante para veh\u00edculos con desactivaci\u00f3n de cilindros:<\/strong><\/p>\n<p>Debido a la desactivaci\u00f3n de cilindros, el sonido en el modo de 4 cilindros junto con un escape deportivo (independientemente del fabricante) suele percibirse como \"inadecuado\".<br \/>\nPodemos remediarlo desactivando electr\u00f3nicamente la desactivaci\u00f3n de cilindros.<br \/>\nEl veh\u00edculo siempre funciona con los 8 cilindros y siempre tiene el sonido V8 deseado.<\/p>\n<p>Para los clientes que nos compren este sistema de escape MagnaFlow, ofrecemos la desactivaci\u00f3n de la desactivaci\u00f3n de cilindros para este modelo a un precio especial de 179 euros (en lugar de 279 euros) IVA incluido.<\/p>","protected":false},"excerpt":{"rendered":"<p>2015-2020<\/p>","protected":false},"featured_media":68265844,"comment_status":"open","ping_status":"closed","template":"","meta":{"_acf_changed":false},"product_brand":[18925],"product_cat":[3024,3648],"product_tag":[249,250,251,252,419,420,101,1046,1035,1036,546,1037,278,1047,2210,662,1043,1039,1042,288,2212,2934,532,529,20273,1040,2062,1044,1045,1041,547,1034,1038,2215,233,2139,2137],"class_list":{"0":"post-68265815","1":"product","2":"type-product","3":"status-publish","4":"has-post-thumbnail","6":"product_brand-magnaflow","7":"product_cat-nicht-nach-eu","8":"product_cat-escalade-abgasanlage","9":"product_tag-249","10":"product_tag-250","11":"product_tag-251","12":"product_tag-252","13":"product_tag-419","14":"product_tag-420","15":"product_tag-6-2","16":"product_tag-abe","17":"product_tag-abgasanlage","18":"product_tag-abgassystem","19":"product_tag-auspuff","20":"product_tag-auspuffsystem","21":"product_tag-cadillac","22":"product_tag-cat-back","23":"product_tag-catback","24":"product_tag-edelstahl","25":"product_tag-endrohr","26":"product_tag-endschalldaempfer","27":"product_tag-endtopf","28":"product_tag-escalade","29":"product_tag-gutachten","30":"product_tag-harder","31":"product_tag-kat","32":"product_tag-katalysator","33":"product_tag-keintuev","34":"product_tag-laut","35":"product_tag-magnaflow","36":"product_tag-mittelschalldaempfer","37":"product_tag-sound","38":"product_tag-sport","39":"product_tag-sportauspuff","40":"product_tag-sportauspuffanlage","41":"product_tag-sportendschalldaempfer","42":"product_tag-street","43":"product_tag-tuning","44":"product_tag-tuev","45":"product_tag-zulassung","46":"product_shipping_class-spedition-1","48":"first","49":"onbackorder","50":"taxable","51":"shipping-taxable","52":"purchasable","53":"product-type-simple"},"bundled_by":[],"bundle_stock_status":"onbackorder","bundle_stock_quantity":0,"bundle_virtual":false,"bundle_layout":"","bundle_add_to_cart_form_location":"","bundle_editable_in_cart":false,"bundle_sold_individually_context":"","bundle_item_grouping":"","bundle_min_size":"","bundle_max_size":"","bundle_price":[],"bundled_items":[],"bundle_sell_ids":[],"exclude_global_add_ons":[],"addons":[],"acf":[],"_links":{"self":[{"href":"https:\/\/kraftwerk-shop.cc\/es\/wp-json\/wp\/v2\/product\/68265815","targetHints":{"allow":["GET"]}}],"collection":[{"href":"https:\/\/kraftwerk-shop.cc\/es\/wp-json\/wp\/v2\/product"}],"about":[{"href":"https:\/\/kraftwerk-shop.cc\/es\/wp-json\/wp\/v2\/types\/product"}],"replies":[{"embeddable":true,"href":"https:\/\/kraftwerk-shop.cc\/es\/wp-json\/wp\/v2\/comments?post=68265815"}],"version-history":[{"count":0,"href":"https:\/\/kraftwerk-shop.cc\/es\/wp-json\/wp\/v2\/product\/68265815\/revisions"}],"wp:featuredmedia":[{"embeddable":true,"href":"https:\/\/kraftwerk-shop.cc\/es\/wp-json\/wp\/v2\/media\/68265844"}],"wp:attachment":[{"href":"https:\/\/kraftwerk-shop.cc\/es\/wp-json\/wp\/v2\/media?parent=68265815"}],"wp:term":[{"taxonomy":"product_brand","embeddable":true,"href":"https:\/\/kraftwerk-shop.cc\/es\/wp-json\/wp\/v2\/product_brand?post=68265815"},{"taxonomy":"product_cat","embeddable":true,"href":"https:\/\/kraftwerk-shop.cc\/es\/wp-json\/wp\/v2\/product_cat?post=68265815"},{"taxonomy":"product_tag","embeddable":true,"href":"https:\/\/kraftwerk-shop.cc\/es\/wp-json\/wp\/v2\/product_tag?post=68265815"}],"curies":[{"name":"wp","href":"https:\/\/api.w.org\/{rel}","templated":true}]}}