{"id":68265864,"date":"2022-04-13T19:00:42","date_gmt":"2022-04-13T17:00:42","guid":{"rendered":"https:\/\/kraftwerk-shop.cc\/?post_type=product&#038;p=68265864"},"modified":"2026-02-15T00:49:27","modified_gmt":"2026-02-14T23:49:27","slug":"sistema-de-escape-borla-touring-cadillac-escalade-esv-gmc-yukon-denali-xl","status":"publish","type":"product","link":"https:\/\/kraftwerk-shop.cc\/es\/produkt\/borla-touring-auspuffanlage-cadillac-escalade-esv-gmc-yukon-denali-xl\/","title":{"rendered":"Sistema de escape BORLA Touring para Cadillac Escalade ESV &amp; GMC Yukon Denali XL"},"content":{"rendered":"<h1>BORLA Touring 140560 Sistema de escape de alto rendimiento para Cadillac Escalade ESV y GMC Yukon Denali XL 2015 - 2020<\/h1>\n<p>&nbsp;<\/p>\n<p>El sonido profundo y gutural es apenas m\u00e1s alto que el de serie y acent\u00faa el car\u00e1cter del motor sin el molesto zumbido que se produce con muchos sistemas posventa. Ideal para el uso diario, incluso los pasajeros m\u00e1s sensibles apreciar\u00e1n el sonido.<\/p>\n<p><strong>Desarrollado especialmente para el exigente motorista de largas distancias, el Touring es el m\u00e1s silencioso de las tres variantes de sonido Borla.<\/strong><\/p>\n<p>Durante el desarrollo de este sistema de escape, el dise\u00f1o aerodin\u00e1mico y gasodin\u00e1mico fue la primera prioridad, seguido de la ingenier\u00eda de sonido.<br \/>\nEste elaborado enfoque, que rara vez se practica en la industria, significa que la potencia y el par motor no se sacrifican por el sonido, sino que se armonizan entre s\u00ed.<\/p>\n<p>Este es el logro especial de Borla. No siempre es reconocible a primera vista, pero eso es lo que marca la gran diferencia entre la mediocridad y la brillantez t\u00e9cnica.<\/p>\n<p>En muchos otros sistemas de escape, los costes de desarrollo se mantienen bajos y s\u00f3lo se presta atenci\u00f3n al sonido. Como resultado, estos sistemas a menudo suenan bien, pero provocan una p\u00e9rdida de potencia y, por tanto, no merecen realmente el calificativo de \"escape deportivo\".<\/p>\n<p>Debe ser consciente de ello. Con este conocimiento, usted puede tomar una decisi\u00f3n informada a favor o en contra de un sistema de escape deportivo en particular.<\/p>\n<p>Los sistemas de escape deportivos Borla se fabrican con acero inoxidable de alta aleaci\u00f3n de la serie T304 de acuerdo con la norma americana AISI.<\/p>\n<p>&nbsp;<\/p>\n<table border=\"0\" width=\"335\" cellspacing=\"0\" cellpadding=\"0\">\n<colgroup>\n<col \/>\n<col \/> <\/colgroup>\n<tbody>\n<tr>\n<td style=\"height: 20px; width: 149px;\" height=\"20\">Tipo de escape<\/td>\n<td style=\"width: 187px;\">Cat-Back<\/td>\n<\/tr>\n<tr>\n<td style=\"height: 40px; width: 149px;\" height=\"40\">Di\u00e1metro del tubo<\/td>\n<td>3 pulgadas a 2,25 pulgadas<\/td>\n<\/tr>\n<tr>\n<td style=\"height: 80px; width: 149px;\" height=\"80\">Tubo de escape<\/td>\n<td style=\"width: 187px;\">Salida lateral de 4 pulgadas, doble \u00e1ngulo de corte redondeado largo<\/td>\n<\/tr>\n<\/tbody>\n<\/table>\n<p>El sistema est\u00e1 equipado con una v\u00e1lvula adaptativa.<\/p>","protected":false},"excerpt":{"rendered":"<p>2015-2020<\/p>","protected":false},"featured_media":68265867,"comment_status":"open","ping_status":"closed","template":"","meta":{"_acf_changed":false},"product_brand":[17170],"product_cat":[3024,3648],"product_tag":[3665,1046,1035,1036,546,1037,1032,2443,278,1047,3663,429,1043,1039,1042,288,3091,1201,532,529,441,20273,1040,1044,1045,1041,547,1034,1038,1057,233,1217],"class_list":{"0":"post-68265864","1":"product","2":"type-product","3":"status-publish","4":"has-post-thumbnail","6":"product_brand-borla","7":"product_cat-nicht-nach-eu","8":"product_cat-escalade-abgasanlage","9":"product_tag-3665","10":"product_tag-abe","11":"product_tag-abgasanlage","12":"product_tag-abgassystem","13":"product_tag-auspuff","14":"product_tag-auspuffsystem","15":"product_tag-borla","16":"product_tag-borla-exhaust","17":"product_tag-cadillac","18":"product_tag-cat-back","19":"product_tag-denali","20":"product_tag-deutschland","21":"product_tag-endrohr","22":"product_tag-endschalldaempfer","23":"product_tag-endtopf","24":"product_tag-escalade","25":"product_tag-esv","26":"product_tag-gmc","27":"product_tag-kat","28":"product_tag-katalysator","29":"product_tag-kaufen","30":"product_tag-keintuev","31":"product_tag-laut","32":"product_tag-mittelschalldaempfer","33":"product_tag-sound","34":"product_tag-sport","35":"product_tag-sportauspuff","36":"product_tag-sportauspuffanlage","37":"product_tag-sportendschalldaempfer","38":"product_tag-touring","39":"product_tag-tuning","40":"product_tag-yukon","41":"product_shipping_class-spedition-1","43":"first","44":"onbackorder","45":"taxable","46":"shipping-taxable","47":"purchasable","48":"product-type-simple"},"bundled_by":[],"bundle_stock_status":"onbackorder","bundle_stock_quantity":0,"bundle_virtual":false,"bundle_layout":"","bundle_add_to_cart_form_location":"","bundle_editable_in_cart":false,"bundle_sold_individually_context":"","bundle_item_grouping":"","bundle_min_size":"","bundle_max_size":"","bundle_price":[],"bundled_items":[],"bundle_sell_ids":[],"exclude_global_add_ons":[],"addons":[],"acf":[],"_links":{"self":[{"href":"https:\/\/kraftwerk-shop.cc\/es\/wp-json\/wp\/v2\/product\/68265864","targetHints":{"allow":["GET"]}}],"collection":[{"href":"https:\/\/kraftwerk-shop.cc\/es\/wp-json\/wp\/v2\/product"}],"about":[{"href":"https:\/\/kraftwerk-shop.cc\/es\/wp-json\/wp\/v2\/types\/product"}],"replies":[{"embeddable":true,"href":"https:\/\/kraftwerk-shop.cc\/es\/wp-json\/wp\/v2\/comments?post=68265864"}],"version-history":[{"count":0,"href":"https:\/\/kraftwerk-shop.cc\/es\/wp-json\/wp\/v2\/product\/68265864\/revisions"}],"wp:featuredmedia":[{"embeddable":true,"href":"https:\/\/kraftwerk-shop.cc\/es\/wp-json\/wp\/v2\/media\/68265867"}],"wp:attachment":[{"href":"https:\/\/kraftwerk-shop.cc\/es\/wp-json\/wp\/v2\/media?parent=68265864"}],"wp:term":[{"taxonomy":"product_brand","embeddable":true,"href":"https:\/\/kraftwerk-shop.cc\/es\/wp-json\/wp\/v2\/product_brand?post=68265864"},{"taxonomy":"product_cat","embeddable":true,"href":"https:\/\/kraftwerk-shop.cc\/es\/wp-json\/wp\/v2\/product_cat?post=68265864"},{"taxonomy":"product_tag","embeddable":true,"href":"https:\/\/kraftwerk-shop.cc\/es\/wp-json\/wp\/v2\/product_tag?post=68265864"}],"curies":[{"name":"wp","href":"https:\/\/api.w.org\/{rel}","templated":true}]}}