{"id":68265897,"date":"2022-04-14T18:28:48","date_gmt":"2022-04-14T16:28:48","guid":{"rendered":"https:\/\/kraftwerk-shop.cc\/?post_type=product&#038;p=68265897"},"modified":"2026-02-15T00:50:55","modified_gmt":"2026-02-14T23:50:55","slug":"pastillas-de-freno-ebc-yellowstuff-dp41830r","status":"publish","type":"product","link":"https:\/\/kraftwerk-shop.cc\/es\/produkt\/ebc-yellowstuff-bremsbelaege-dp41830r\/","title":{"rendered":"EBC Yellowstuff pastillas de freno DP41830R"},"content":{"rendered":"<h1>EBC Yellowstuff pastillas de freno para Cadillac Escalde, Chevrolet Avalanche, Silverado, Suburban, Tahoe, GMC Savana, Sierra y Yukon (eje delantero)<\/h1>\n<p>&nbsp;<\/p>\n<p>Yellowstuff es la 3\u00aa categor\u00eda de pastillas de freno deportivas EBC.<\/p>\n<p>Este compuesto para pastillas de freno se basa en fibras de aramida.<br \/>\nEl enorme rango de funcionamiento (hasta 900 \u00b0C) permite su uso tanto en el tr\u00e1fico rodado como en los circuitos de carreras.<br \/>\nGracias a sus propiedades, esta superficie tambi\u00e9n es ideal para veh\u00edculos muy pesados o que circulan con cargas adicionales (por ejemplo, remolques).<\/p>\n<p>Esta pastilla de freno ofrece excelentes valores de deceleraci\u00f3n incluso cuando los frenos est\u00e1n fr\u00edos.<br \/>\nSin embargo, a medida que aumenta la temperatura, la \"mordida\" de esta pastilla de freno deportiva se vuelve significativamente m\u00e1s agresiva, lo que se traduce en unos valores de deceleraci\u00f3n a\u00fan mejores.<br \/>\nGracias al compuesto \"blando\" de las pastillas, las pastillas de freno deportivas Yellowstuff se pueden rodar r\u00e1pidamente y son extremadamente cuidadosas con los discos de freno.<\/p>\n<p>A pesar de su larga vida \u00fatil, esta pastilla de freno deportiva produce un alto nivel de polvo de freno, pero como con todas las pastillas de freno EBC, no se produce polvo de freno agresivo.<\/p>\n<p>Como todas las pastillas de freno EBC del sector de la automoci\u00f3n, todas las pastillas de freno deportivas EBC Greenstuff tienen un revestimiento de rodaje, bordes rotos, una ranura t\u00e9rmica y un revestimiento en polvo.<\/p>\n<p>&nbsp;<\/p>\n<div id=\"attachment_68256022\" style=\"width: 460px\" class=\"wp-caption alignnone\"><img decoding=\"async\" aria-describedby=\"caption-attachment-68256022\" class=\"wp-image-68256022\" src=\"https:\/\/kraftwerk-shop.cc\/wp-content\/uploads\/2021\/09\/EBC_Yellowstuff_Info-300x229.jpg\" alt=\"EBC Yellowstuff Chrysler, Dodge, Jeep\" width=\"450\" height=\"343\" \/><p id=\"caption-attachment-68256022\" class=\"wp-caption-text\">Caracter\u00edsticas de las pastillas de freno EBC Yellowstuff<\/p><\/div>\n<p>&nbsp;<\/p>\n<p>N\u00famero OE (s\u00f3lo para fines de comparaci\u00f3n): -<br \/>\nAutorizaci\u00f3n: -<\/p>\n<p>Lugar de montaje: Eje delantero<\/p>\n<p>&nbsp;<\/p>\n<p><strong>Adecuado para:<\/strong><\/p>\n<table class=\"table table-striped table-condensed\">\n<thead>\n<tr>\n<th>Marca<\/th>\n<th class=\"hidden-xs\">Modelo<\/th>\n<th class=\"hidden-xs\">Variante<\/th>\n<th class=\"hidden-xs\">A\u00f1o de construcci\u00f3n<\/th>\n<th>Motor<\/th>\n<th><\/th>\n<\/tr>\n<\/thead>\n<tbody>\n<tr>\n<td>Cadillac<\/td>\n<td class=\"hidden-xs\">Escalade<\/td>\n<td class=\"hidden-xs\"><\/td>\n<td class=\"hidden-xs\">2008-2019<\/td>\n<td>6,2 litros<\/td>\n<td><\/td>\n<\/tr>\n<tr>\n<td>Cadillac<\/td>\n<td class=\"hidden-xs\">Escalade<\/td>\n<td class=\"hidden-xs\">H\u00edbrido<\/td>\n<td class=\"hidden-xs\">2009-2013<\/td>\n<td>6,0 litros<\/td>\n<td><\/td>\n<\/tr>\n<tr>\n<td>Cadillac<\/td>\n<td class=\"hidden-xs\">Escalade ESV<\/td>\n<td class=\"hidden-xs\"><\/td>\n<td class=\"hidden-xs\">2008-2019<\/td>\n<td>6,2 litros<\/td>\n<td><\/td>\n<\/tr>\n<tr>\n<td>Chevrolet<\/td>\n<td class=\"hidden-xs\">Avalanche<\/td>\n<td class=\"hidden-xs\"><\/td>\n<td class=\"hidden-xs\">2008-2013<\/td>\n<td>5,3 litros<\/td>\n<td><\/td>\n<\/tr>\n<tr>\n<td>Chevrolet<\/td>\n<td class=\"hidden-xs\">Avalanche<\/td>\n<td class=\"hidden-xs\"><\/td>\n<td class=\"hidden-xs\">2008-2009<\/td>\n<td>6,0 litros<\/td>\n<td><\/td>\n<\/tr>\n<tr>\n<td>Chevrolet<\/td>\n<td class=\"hidden-xs\">Express 1500<\/td>\n<td class=\"hidden-xs\"><\/td>\n<td class=\"hidden-xs\">2009-2014<\/td>\n<td><\/td>\n<td><\/td>\n<\/tr>\n<tr>\n<td>Chevrolet<\/td>\n<td class=\"hidden-xs\">Silverado 1500<\/td>\n<td class=\"hidden-xs\"><\/td>\n<td class=\"hidden-xs\">2014-2019<\/td>\n<td><\/td>\n<td><\/td>\n<\/tr>\n<tr>\n<td>Chevrolet<\/td>\n<td class=\"hidden-xs\">Silverado 1500<\/td>\n<td class=\"hidden-xs\"><\/td>\n<td class=\"hidden-xs\">2008-2013<\/td>\n<td><\/td>\n<td><\/td>\n<\/tr>\n<tr>\n<td>Chevrolet<\/td>\n<td class=\"hidden-xs\">Silverado 1500<\/td>\n<td class=\"hidden-xs\"><\/td>\n<td class=\"hidden-xs\">2008-2013<\/td>\n<td><\/td>\n<td><\/td>\n<\/tr>\n<tr>\n<td>Chevrolet<\/td>\n<td class=\"hidden-xs\">Suburban 1500<\/td>\n<td class=\"hidden-xs\"><\/td>\n<td class=\"hidden-xs\">2008-2014<\/td>\n<td>5,3 litros<\/td>\n<td><\/td>\n<\/tr>\n<tr>\n<td>Chevrolet<\/td>\n<td class=\"hidden-xs\">Suburban 1500<\/td>\n<td class=\"hidden-xs\"><\/td>\n<td class=\"hidden-xs\">2008-2013<\/td>\n<td>6,0 litros<\/td>\n<td><\/td>\n<\/tr>\n<tr>\n<td>Chevrolet<\/td>\n<td class=\"hidden-xs\">Tahoe<\/td>\n<td class=\"hidden-xs\"><\/td>\n<td class=\"hidden-xs\">2008-2019<\/td>\n<td><\/td>\n<td><\/td>\n<\/tr>\n<tr>\n<td>Chevrolet<\/td>\n<td class=\"hidden-xs\">Tahoe<\/td>\n<td class=\"hidden-xs\">H\u00edbrido<\/td>\n<td class=\"hidden-xs\">2008-2013<\/td>\n<td>6,0 litros<\/td>\n<td><\/td>\n<\/tr>\n<tr>\n<td>GMC<\/td>\n<td class=\"hidden-xs\">Savana 1500<\/td>\n<td class=\"hidden-xs\"><\/td>\n<td class=\"hidden-xs\">2010-2012, 2014<\/td>\n<td>4,3 litros<\/td>\n<td><\/td>\n<\/tr>\n<tr>\n<td>GMC<\/td>\n<td class=\"hidden-xs\">Savana 1500<\/td>\n<td class=\"hidden-xs\"><\/td>\n<td class=\"hidden-xs\">2010-2014<\/td>\n<td>5,3 litros<\/td>\n<td><\/td>\n<\/tr>\n<tr>\n<td>GMC<\/td>\n<td class=\"hidden-xs\">Sierra 1500<\/td>\n<td class=\"hidden-xs\">1\/2 tono<\/td>\n<td class=\"hidden-xs\">2014-2019<\/td>\n<td><\/td>\n<td><\/td>\n<\/tr>\n<tr>\n<td>GMC<\/td>\n<td class=\"hidden-xs\">Sierra 1500<\/td>\n<td class=\"hidden-xs\"><\/td>\n<td class=\"hidden-xs\">2008-2013<\/td>\n<td><\/td>\n<td><\/td>\n<\/tr>\n<tr>\n<td>GMC<\/td>\n<td class=\"hidden-xs\">Sierra 1500<\/td>\n<td class=\"hidden-xs\"><\/td>\n<td class=\"hidden-xs\">2008-2013<\/td>\n<td><\/td>\n<td><\/td>\n<\/tr>\n<tr>\n<td>GMC<\/td>\n<td class=\"hidden-xs\">Yukon<\/td>\n<td class=\"hidden-xs\"><\/td>\n<td class=\"hidden-xs\">2008-2019<\/td>\n<td><\/td>\n<td><\/td>\n<\/tr>\n<tr>\n<td>GMC<\/td>\n<td class=\"hidden-xs\">Yukon<\/td>\n<td class=\"hidden-xs\">H\u00edbrido<\/td>\n<td class=\"hidden-xs\">2008-2013<\/td>\n<td>6,0 litros<\/td>\n<td><\/td>\n<\/tr>\n<tr>\n<td>GMC<\/td>\n<td class=\"hidden-xs\">Yukon XL 1500<\/td>\n<td class=\"hidden-xs\"><\/td>\n<td class=\"hidden-xs\">2008-2014<\/td>\n<td><\/td>\n<td><\/td>\n<\/tr>\n<\/tbody>\n<\/table>\n<p>&nbsp;<\/p>\n<p><strong>Volumen de suministro: <\/strong><\/p>\n<p>- 1 juego de pastillas de freno EBC Yellowstuff (DP41830R) para el eje delantero<\/p>","protected":false},"excerpt":{"rendered":"<p>EBC Yellowstuff pastillas de freno para Cadillac Escalde, Chevrolet Avalanche, Silverado, Suburban, Tahoe, GMC Savana, Sierra y Yukon (eje delantero) Yellowstuff es<\/p>","protected":false},"featured_media":68274394,"comment_status":"open","ping_status":"closed","template":"","meta":{"_acf_changed":false},"product_brand":[16875],"product_cat":[3668,3685,3693,3710,3702],"product_tag":[1046,590,795,840,278,189,3672,964,2442,16877,16876,16878,288,36,2138,3518,970,592,293,2139,842,841,974,673,2135,2137],"class_list":{"0":"post-68265897","1":"product","2":"type-product","3":"status-publish","4":"has-post-thumbnail","6":"product_brand-ebc-brakes","7":"product_cat-escalade-bremsen-vorne","8":"product_cat-avalanche-bremsen-vorne","9":"product_cat-silverado-bremsen-vorne","10":"product_cat-suburban-bremsen-vorne","11":"product_cat-tahoe-bremsen-vorne","12":"product_tag-abe","13":"product_tag-bremsbelaege","14":"product_tag-bremse","15":"product_tag-bremskloetze","16":"product_tag-cadillac","17":"product_tag-chevrolet","18":"product_tag-dp41830r","19":"product_tag-ebc","20":"product_tag-ebc-brakes","21":"product_tag-ebc-bremsbelaege","22":"product_tag-ebc-bremsen","23":"product_tag-ebc-bremsscheiben","24":"product_tag-escalade","25":"product_tag-kraftwerk","26":"product_tag-reg90","27":"product_tag-sportbremsbelag","28":"product_tag-sportbremsbelaege","29":"product_tag-sportbremse","30":"product_tag-tahoe","31":"product_tag-tuev","32":"product_tag-vorderachse","33":"product_tag-vorne","34":"product_tag-yellowstuff","35":"product_tag-zubehoer","36":"product_tag-zubehoerbremsbelaege","37":"product_tag-zulassung","39":"first","40":"onbackorder","41":"taxable","42":"shipping-taxable","43":"purchasable","44":"product-type-simple"},"bundled_by":[],"bundle_stock_status":"onbackorder","bundle_stock_quantity":0,"bundle_virtual":false,"bundle_layout":"","bundle_add_to_cart_form_location":"","bundle_editable_in_cart":false,"bundle_sold_individually_context":"","bundle_item_grouping":"","bundle_min_size":"","bundle_max_size":"","bundle_price":[],"bundled_items":[],"bundle_sell_ids":[],"exclude_global_add_ons":[],"addons":[],"acf":[],"_links":{"self":[{"href":"https:\/\/kraftwerk-shop.cc\/es\/wp-json\/wp\/v2\/product\/68265897","targetHints":{"allow":["GET"]}}],"collection":[{"href":"https:\/\/kraftwerk-shop.cc\/es\/wp-json\/wp\/v2\/product"}],"about":[{"href":"https:\/\/kraftwerk-shop.cc\/es\/wp-json\/wp\/v2\/types\/product"}],"replies":[{"embeddable":true,"href":"https:\/\/kraftwerk-shop.cc\/es\/wp-json\/wp\/v2\/comments?post=68265897"}],"version-history":[{"count":0,"href":"https:\/\/kraftwerk-shop.cc\/es\/wp-json\/wp\/v2\/product\/68265897\/revisions"}],"wp:featuredmedia":[{"embeddable":true,"href":"https:\/\/kraftwerk-shop.cc\/es\/wp-json\/wp\/v2\/media\/68274394"}],"wp:attachment":[{"href":"https:\/\/kraftwerk-shop.cc\/es\/wp-json\/wp\/v2\/media?parent=68265897"}],"wp:term":[{"taxonomy":"product_brand","embeddable":true,"href":"https:\/\/kraftwerk-shop.cc\/es\/wp-json\/wp\/v2\/product_brand?post=68265897"},{"taxonomy":"product_cat","embeddable":true,"href":"https:\/\/kraftwerk-shop.cc\/es\/wp-json\/wp\/v2\/product_cat?post=68265897"},{"taxonomy":"product_tag","embeddable":true,"href":"https:\/\/kraftwerk-shop.cc\/es\/wp-json\/wp\/v2\/product_tag?post=68265897"}],"curies":[{"name":"wp","href":"https:\/\/api.w.org\/{rel}","templated":true}]}}