{"id":68265903,"date":"2022-04-14T18:29:48","date_gmt":"2022-04-14T16:29:48","guid":{"rendered":"https:\/\/kraftwerk-shop.cc\/?post_type=product&#038;p=68265903"},"modified":"2026-02-15T00:46:37","modified_gmt":"2026-02-14T23:46:37","slug":"discos-de-freno-ebc-premium-d7373","status":"publish","type":"product","link":"https:\/\/kraftwerk-shop.cc\/es\/produkt\/ebc-premium-bremsscheiben-d7373\/","title":{"rendered":"Discos de Freno EBC Premium D7373"},"content":{"rendered":"<h1>Discos de freno EBC Premium para Cadillac Escalde, Chevrolet Avalanche, Silverado, Suburban, Tahoe, GMC Savana, Sierra y Yukon<\/h1>\n<p>&nbsp;<\/p>\n<p>EBC ofrece los mejores discos de freno como recambios de equipo original. EBC tambi\u00e9n concede gran importancia a la fabricaci\u00f3n de productos de alta calidad en el sector de los recambios de equipo original para garantizar su seguridad.<\/p>\n<p>Todos los discos de freno EBC Premium est\u00e1n fabricados en fundici\u00f3n gris y tienen una resistencia a la tracci\u00f3n de 150N\/m2 con una desviaci\u00f3n en la dureza superficial de m\u00e1x. 20HB.<\/p>\n<p>Los discos de freno EBC Premium se fresan mediante CNC con una tolerancia de superficie de 0,01 mm.<\/p>\n<p>Por lo tanto, no se trata de un producto barato importado, sino de una pieza de recambio de equipo original de alta calidad que no tiene nada que envidiar a la calidad de los discos de freno originales.<\/p>\n<p>El recubrimiento en polvo negro de los discos de freno proporciona la mejor protecci\u00f3n posible contra la corrosi\u00f3n y es especialmente adecuado para veh\u00edculos con dise\u00f1o de llanta abierta.<\/p>\n<p>&nbsp;<\/p>\n<p><strong>Caracter\u00edsticas del producto:<\/strong><\/p>\n<p><span class=\"text1\">345x20mm \/ altura: 85mm \/ n\u00famero de agujeros: 6 \/ c\u00edrculo de pernos: 139.7mm \/ ventilado \/ montado: trasero<\/span><strong><br \/>\n<\/strong>Autorizaci\u00f3n: -<\/p>\n<p>N\u00famero OE (s\u00f3lo para fines de comparaci\u00f3n): -<\/p>\n<p>&nbsp;<\/p>\n<p><strong>Adecuado para:<\/strong><\/p>\n<table class=\"table table-striped table-condensed\">\n<thead>\n<tr>\n<th style=\"text-align: left;\"><span class=\"hidden-xs\">Marca<\/span><\/th>\n<th class=\"hidden-xs\" style=\"text-align: left;\">Modelo<\/th>\n<th class=\"hidden-xs\" style=\"text-align: left;\">Versi\u00f3n<\/th>\n<th class=\"hidden-xs\" style=\"text-align: left;\">A\u00f1o de construcci\u00f3n<\/th>\n<th style=\"text-align: left;\">Motor<\/th>\n<th style=\"text-align: left;\">Sugerencia<\/th>\n<\/tr>\n<\/thead>\n<tbody>\n<tr>\n<td>Cadillac<\/td>\n<td class=\"hidden-xs\">Escalade<\/td>\n<td class=\"hidden-xs\"><\/td>\n<td class=\"hidden-xs\">2007-2020<\/td>\n<td>6,2 litros<\/td>\n<td><\/td>\n<\/tr>\n<tr>\n<td>Cadillac<\/td>\n<td class=\"hidden-xs\">Escalade<\/td>\n<td class=\"hidden-xs\"><\/td>\n<td class=\"hidden-xs\">2016-2020<\/td>\n<td>6,2 litros<\/td>\n<td>Brembo<\/td>\n<\/tr>\n<tr>\n<td>Cadillac<\/td>\n<td class=\"hidden-xs\">Escalade<\/td>\n<td class=\"hidden-xs\">H\u00edbrido<\/td>\n<td class=\"hidden-xs\">2009-2013<\/td>\n<td>6,0 litros<\/td>\n<td><\/td>\n<\/tr>\n<tr>\n<td>Cadillac<\/td>\n<td class=\"hidden-xs\">Escalade ESV<\/td>\n<td class=\"hidden-xs\"><\/td>\n<td class=\"hidden-xs\">2008-2020<\/td>\n<td>6,2 litros<\/td>\n<td><\/td>\n<\/tr>\n<tr>\n<td>Chevrolet<\/td>\n<td class=\"hidden-xs\">Avalanche<\/td>\n<td class=\"hidden-xs\"><\/td>\n<td class=\"hidden-xs\">2007-2013<\/td>\n<td>5,3 litros<\/td>\n<td><\/td>\n<\/tr>\n<tr>\n<td>Chevrolet<\/td>\n<td class=\"hidden-xs\">Avalanche<\/td>\n<td class=\"hidden-xs\"><\/td>\n<td class=\"hidden-xs\">2007-2009<\/td>\n<td>6,0 litros<\/td>\n<td><\/td>\n<\/tr>\n<tr>\n<td>Chevrolet<\/td>\n<td class=\"hidden-xs\">Silverado 1500<\/td>\n<td class=\"hidden-xs\"><\/td>\n<td class=\"hidden-xs\">2014-2019<\/td>\n<td><\/td>\n<td><\/td>\n<\/tr>\n<tr>\n<td>Chevrolet<\/td>\n<td class=\"hidden-xs\">Silverado 1500<\/td>\n<td class=\"hidden-xs\"><\/td>\n<td class=\"hidden-xs\">2007-2013<\/td>\n<td><\/td>\n<td>con frenos de disco traseros<\/td>\n<\/tr>\n<tr>\n<td>Chevrolet<\/td>\n<td class=\"hidden-xs\">Suburban 1500<\/td>\n<td class=\"hidden-xs\"><\/td>\n<td class=\"hidden-xs\">2007-2014<\/td>\n<td>5,3 litros<\/td>\n<td><\/td>\n<\/tr>\n<tr>\n<td>Chevrolet<\/td>\n<td class=\"hidden-xs\">Suburban 1500<\/td>\n<td class=\"hidden-xs\"><\/td>\n<td class=\"hidden-xs\">2008-2013<\/td>\n<td>6,0 litros<\/td>\n<td><\/td>\n<\/tr>\n<tr>\n<td>Chevrolet<\/td>\n<td class=\"hidden-xs\">Tahoe<\/td>\n<td class=\"hidden-xs\"><\/td>\n<td class=\"hidden-xs\">2007-2019<\/td>\n<td><\/td>\n<td><\/td>\n<\/tr>\n<tr>\n<td>Chevrolet<\/td>\n<td class=\"hidden-xs\">Tahoe<\/td>\n<td class=\"hidden-xs\">H\u00edbrido<\/td>\n<td class=\"hidden-xs\">2008-2013<\/td>\n<td>6,0 litros<\/td>\n<td><\/td>\n<\/tr>\n<tr>\n<td>GMC<\/td>\n<td class=\"hidden-xs\">Sierra 1500<\/td>\n<td class=\"hidden-xs\"><\/td>\n<td class=\"hidden-xs\">2014-2019<\/td>\n<td><\/td>\n<td>\n<ul>\n<li>1\/2 tono<\/li>\n<\/ul>\n<\/td>\n<\/tr>\n<tr>\n<td>GMC<\/td>\n<td class=\"hidden-xs\">Sierra 1500<\/td>\n<td class=\"hidden-xs\"><\/td>\n<td class=\"hidden-xs\">2007-2013<\/td>\n<td><\/td>\n<td>con frenos de disco traseros<\/td>\n<\/tr>\n<tr>\n<td>GMC<\/td>\n<td class=\"hidden-xs\">Yukon<\/td>\n<td class=\"hidden-xs\"><\/td>\n<td class=\"hidden-xs\">2007-2019<\/td>\n<td><\/td>\n<td><\/td>\n<\/tr>\n<tr>\n<td>GMC<\/td>\n<td class=\"hidden-xs\">Yukon<\/td>\n<td class=\"hidden-xs\">H\u00edbrido<\/td>\n<td class=\"hidden-xs\">2008-2013<\/td>\n<td>6,0 litros<\/td>\n<td><\/td>\n<\/tr>\n<tr>\n<td>GMC<\/td>\n<td class=\"hidden-xs\">Yukon XL 1500<\/td>\n<td class=\"hidden-xs\"><\/td>\n<td class=\"hidden-xs\">2007-2014<\/td>\n<td><\/td>\n<\/tr>\n<\/tbody>\n<\/table>\n<p><strong>\u00a0<\/strong><\/p>\n<p><strong><br \/>\nVolumen de suministro: <\/strong><\/p>\n<p>- 2 discos de freno para el eje trasero<\/p>","protected":false},"excerpt":{"rendered":"<p>EBC Premium Bremsscheiben f\u00fcr Cadillac Escalde, Chevrolet Avalanche, Silverado, Suburban, Tahoe, GMC Savana, Sierra und Yukon &nbsp; Die Premium Bremsscheiben<\/p>","protected":false},"featured_media":68274055,"comment_status":"open","ping_status":"closed","template":"","meta":{"_acf_changed":false},"product_brand":[16875],"product_cat":[3669,3686,3694,3711,3703],"product_tag":[1205,795,796,278,189,3679,964,2442,16877,16876,16878,692,288,3091,1201,798,799,36,794,1216,299,797,298,293,216,1217,673],"class_list":{"0":"post-68265903","1":"product","2":"type-product","3":"status-publish","4":"has-post-thumbnail","6":"product_brand-ebc-brakes","7":"product_cat-escalade-bremsen-hinten","8":"product_cat-avalanche-bremsen-hinten","9":"product_cat-silverado-bremsen-hinten","10":"product_cat-suburban-bremsen-hinten","11":"product_cat-tahoe-bremsen-hinten","12":"product_tag-avalanche","13":"product_tag-bremse","14":"product_tag-bremsscheibe","15":"product_tag-cadillac","16":"product_tag-chevrolet","17":"product_tag-d7373","18":"product_tag-ebc","19":"product_tag-ebc-brakes","20":"product_tag-ebc-bremsbelaege","21":"product_tag-ebc-bremsen","22":"product_tag-ebc-bremsscheiben","23":"product_tag-ersatzteil","24":"product_tag-escalade","25":"product_tag-esv","26":"product_tag-gmc","27":"product_tag-hinten","28":"product_tag-hinterachse","29":"product_tag-kraftwerk","30":"product_tag-premium","31":"product_tag-sierra","32":"product_tag-silverado","33":"product_tag-sportbremsscheibe","34":"product_tag-suburban","35":"product_tag-tahoe","36":"product_tag-upgrade","37":"product_tag-yukon","38":"product_tag-zubehoer","39":"product_shipping_class-deutschlandohne","41":"first","42":"onbackorder","43":"taxable","44":"shipping-taxable","45":"purchasable","46":"product-type-simple"},"bundled_by":[],"bundle_stock_status":"onbackorder","bundle_stock_quantity":0,"bundle_virtual":false,"bundle_layout":"","bundle_add_to_cart_form_location":"","bundle_editable_in_cart":false,"bundle_sold_individually_context":"","bundle_item_grouping":"","bundle_min_size":"","bundle_max_size":"","bundle_price":[],"bundled_items":[],"bundle_sell_ids":[],"exclude_global_add_ons":[],"addons":[],"acf":[],"_links":{"self":[{"href":"https:\/\/kraftwerk-shop.cc\/es\/wp-json\/wp\/v2\/product\/68265903","targetHints":{"allow":["GET"]}}],"collection":[{"href":"https:\/\/kraftwerk-shop.cc\/es\/wp-json\/wp\/v2\/product"}],"about":[{"href":"https:\/\/kraftwerk-shop.cc\/es\/wp-json\/wp\/v2\/types\/product"}],"replies":[{"embeddable":true,"href":"https:\/\/kraftwerk-shop.cc\/es\/wp-json\/wp\/v2\/comments?post=68265903"}],"version-history":[{"count":0,"href":"https:\/\/kraftwerk-shop.cc\/es\/wp-json\/wp\/v2\/product\/68265903\/revisions"}],"wp:featuredmedia":[{"embeddable":true,"href":"https:\/\/kraftwerk-shop.cc\/es\/wp-json\/wp\/v2\/media\/68274055"}],"wp:attachment":[{"href":"https:\/\/kraftwerk-shop.cc\/es\/wp-json\/wp\/v2\/media?parent=68265903"}],"wp:term":[{"taxonomy":"product_brand","embeddable":true,"href":"https:\/\/kraftwerk-shop.cc\/es\/wp-json\/wp\/v2\/product_brand?post=68265903"},{"taxonomy":"product_cat","embeddable":true,"href":"https:\/\/kraftwerk-shop.cc\/es\/wp-json\/wp\/v2\/product_cat?post=68265903"},{"taxonomy":"product_tag","embeddable":true,"href":"https:\/\/kraftwerk-shop.cc\/es\/wp-json\/wp\/v2\/product_tag?post=68265903"}],"curies":[{"name":"wp","href":"https:\/\/api.w.org\/{rel}","templated":true}]}}