{"id":68265909,"date":"2022-04-14T18:30:16","date_gmt":"2022-04-14T16:30:16","guid":{"rendered":"https:\/\/kraftwerk-shop.cc\/?post_type=product&#038;p=68265909"},"modified":"2026-02-15T00:43:48","modified_gmt":"2026-02-14T23:43:48","slug":"discos-de-freno-ebc-turbo-groove-sport-gd7372","status":"publish","type":"product","link":"https:\/\/kraftwerk-shop.cc\/es\/produkt\/ebc-turbo-groove-sportbremsscheiben-gd7372\/","title":{"rendered":"Discos de freno deportivos EBC Turbo Groove GD7372"},"content":{"rendered":"<h1>Discos de freno EBC Turbo Groove para Cadillac Escalde, Chevrolet Avalanche, Silverado, Suburban, Tahoe, GMC Savana, Sierra y Yukon (eje delantero)<\/h1>\n<p>&nbsp;<\/p>\n<p>La superficie de fricci\u00f3n del disco de freno deportivo Turbo Groove es estriada y ranurada.<\/p>\n<p>Las ranuras de estos discos de freno est\u00e1n fresadas hasta el borde exterior.<br \/>\nDe este modo, los gases de frenado, la abrasi\u00f3n, la suciedad y el agua pueden eliminarse casi por completo de la superficie de fricci\u00f3n de los discos de freno.<\/p>\n<p>Adem\u00e1s, se suministra aire \"m\u00e1s fr\u00edo\" a trav\u00e9s de las ranuras para contrarrestar de forma \u00f3ptima el sobrecalentamiento de las pastillas y los discos de freno.<\/p>\n<p>Las ranuras adicionales en los pelda\u00f1os mejoran considerablemente esta propiedad.<br \/>\nDe este modo se consiguen todas las ventajas de un disco de freno deportivo taladrado, pero sin el riesgo de las conocidas fisuras por calor asociadas a los discos de freno totalmente taladrados.<\/p>\n<p>Gracias al ranurado, las pastillas de freno se desgastan uniformemente y en paralelo durante toda su vida \u00fatil.<\/p>\n<p>El recubrimiento de polvo negro de los discos Black Dash proporciona la mejor protecci\u00f3n posible contra la corrosi\u00f3n y es especialmente adecuado para veh\u00edculos con un dise\u00f1o de llanta abierta.<\/p>\n<p>&nbsp;<\/p>\n<p><strong>Ventajas e inconvenientes de un vistazo:<\/strong><\/p>\n<p>+ La mejor refrigeraci\u00f3n posible a trav\u00e9s de ranuras y hendiduras<br \/>\n+ La mejor eliminaci\u00f3n posible de gases, suciedad, agua, etc.<br \/>\n+ Protecci\u00f3n contra la corrosi\u00f3n gracias al revestimiento dorado<br \/>\n+ Sin riesgo de grietas por calor al no estar perforado<br \/>\n+ Desgaste uniforme de las pastillas de freno durante toda la vida \u00fatil<\/p>\n<p>- Mayor nivel de ruido que los discos de freno Black Dash<\/p>\n<p>&nbsp;<\/p>\n<p><strong>Caracter\u00edsticas del producto:<\/strong><\/p>\n<p><span class=\"text1\">330x30mm \/ altura: 55mm \/ n\u00famero de agujeros: 6 \/ c\u00edrculo de pernos: 140mm \/ ventilado \/ montado: frontal<\/span><strong><br \/>\n<\/strong>Autorizaci\u00f3n: no<\/p>\n<p>N\u00famero OE (s\u00f3lo para fines de comparaci\u00f3n):  -<\/p>\n<p>&nbsp;<\/p>\n<p><strong>Adecuado para:<\/strong><\/p>\n<table class=\"table table-striped table-condensed\">\n<thead>\n<tr>\n<th><span class=\"hidden-xs\">Marca<\/span><\/th>\n<th class=\"hidden-xs\">Modelo<\/th>\n<th class=\"hidden-xs\">Versi\u00f3n<\/th>\n<th class=\"hidden-xs\">A\u00f1o de construcci\u00f3n<\/th>\n<th>Motor<\/th>\n<th>Sugerencia<\/th>\n<\/tr>\n<\/thead>\n<tbody>\n<tr>\n<td>Cadillac<\/td>\n<td class=\"hidden-xs\">Escalade<\/td>\n<td class=\"hidden-xs\"><\/td>\n<td class=\"hidden-xs\">2007-2020<\/td>\n<td>6,2 litros<\/td>\n<td><\/td>\n<\/tr>\n<tr>\n<td>Cadillac<\/td>\n<td class=\"hidden-xs\">Escalade<\/td>\n<td class=\"hidden-xs\">H\u00edbrido<\/td>\n<td class=\"hidden-xs\">2009-2013<\/td>\n<td>6,0 litros<\/td>\n<td><\/td>\n<\/tr>\n<tr>\n<td>Cadillac<\/td>\n<td class=\"hidden-xs\">Escalade ESV<\/td>\n<td class=\"hidden-xs\"><\/td>\n<td class=\"hidden-xs\">2008-2020<\/td>\n<td>6,2 litros<\/td>\n<td><\/td>\n<\/tr>\n<tr>\n<td>Chevrolet<\/td>\n<td class=\"hidden-xs\">Avalanche<\/td>\n<td class=\"hidden-xs\"><\/td>\n<td class=\"hidden-xs\">2007-2013<\/td>\n<td>5,3 litros<\/td>\n<td><\/td>\n<\/tr>\n<tr>\n<td>Chevrolet<\/td>\n<td class=\"hidden-xs\">Avalanche<\/td>\n<td class=\"hidden-xs\"><\/td>\n<td class=\"hidden-xs\">2007-2009<\/td>\n<td>6,0 litros<\/td>\n<td><\/td>\n<\/tr>\n<tr>\n<td>Chevrolet<\/td>\n<td class=\"hidden-xs\">Express 1500<\/td>\n<td class=\"hidden-xs\"><\/td>\n<td class=\"hidden-xs\">2009-2014<\/td>\n<td><\/td>\n<td><\/td>\n<\/tr>\n<tr>\n<td>Chevrolet<\/td>\n<td class=\"hidden-xs\">Silverado 1500<\/td>\n<td class=\"hidden-xs\"><\/td>\n<td class=\"hidden-xs\">2014-2019<\/td>\n<td><\/td>\n<td><\/td>\n<\/tr>\n<tr>\n<td>Chevrolet<\/td>\n<td class=\"hidden-xs\">Silverado 1500<\/td>\n<td class=\"hidden-xs\"><\/td>\n<td class=\"hidden-xs\">2007-2013<\/td>\n<td><\/td>\n<td>con freno de tambor trasero<\/td>\n<\/tr>\n<tr>\n<td>Chevrolet<\/td>\n<td class=\"hidden-xs\">Silverado 1500<\/td>\n<td class=\"hidden-xs\"><\/td>\n<td class=\"hidden-xs\">2007-2013<\/td>\n<td><\/td>\n<td>con freno de disco trasero<\/td>\n<\/tr>\n<tr>\n<td>Chevrolet<\/td>\n<td class=\"hidden-xs\">Silverado 1500<\/td>\n<td class=\"hidden-xs\"><\/td>\n<td class=\"hidden-xs\">2006<\/td>\n<td><\/td>\n<td>Reg y Ext Cabina con freno de tambor trasero 6400lb eje trasero<\/td>\n<\/tr>\n<tr>\n<td>Chevrolet<\/td>\n<td class=\"hidden-xs\">Silverado 1500<\/td>\n<td class=\"hidden-xs\"><\/td>\n<td class=\"hidden-xs\">2006<\/td>\n<td><\/td>\n<td>Ext y Crew Cabina con freno de tambor trasero 7000lb eje trasero<\/td>\n<\/tr>\n<tr>\n<td>Chevrolet<\/td>\n<td class=\"hidden-xs\">Silverado 1500<\/td>\n<td class=\"hidden-xs\"><\/td>\n<td class=\"hidden-xs\">2005<\/td>\n<td><\/td>\n<td>Reg y Ext Cab con freno de tambor trasero<\/td>\n<\/tr>\n<tr>\n<td>Chevrolet<\/td>\n<td class=\"hidden-xs\">Silverado 1500<\/td>\n<td class=\"hidden-xs\"><\/td>\n<td class=\"hidden-xs\">2005<\/td>\n<td><\/td>\n<td>Crew Cabina con freno de tambor trasero<\/td>\n<\/tr>\n<tr>\n<td>Chevrolet<\/td>\n<td class=\"hidden-xs\">Suburban 1500<\/td>\n<td class=\"hidden-xs\"><\/td>\n<td class=\"hidden-xs\">2007-2014<\/td>\n<td>5,3 litros<\/td>\n<td><\/td>\n<\/tr>\n<tr>\n<td>Chevrolet<\/td>\n<td class=\"hidden-xs\">Suburban 1500<\/td>\n<td class=\"hidden-xs\"><\/td>\n<td class=\"hidden-xs\">2008-2013<\/td>\n<td>6,0 litros<\/td>\n<td><\/td>\n<\/tr>\n<tr>\n<td>Chevrolet<\/td>\n<td class=\"hidden-xs\">Tahoe<\/td>\n<td class=\"hidden-xs\"><\/td>\n<td class=\"hidden-xs\">2007-2019<\/td>\n<td><\/td>\n<td><\/td>\n<\/tr>\n<tr>\n<td>Chevrolet<\/td>\n<td class=\"hidden-xs\">Tahoe<\/td>\n<td class=\"hidden-xs\">H\u00edbrido<\/td>\n<td class=\"hidden-xs\">2008-2013<\/td>\n<td>6,0 litros<\/td>\n<td><\/td>\n<\/tr>\n<tr>\n<td>GMC<\/td>\n<td class=\"hidden-xs\">Savana 1500<\/td>\n<td class=\"hidden-xs\"><\/td>\n<td class=\"hidden-xs\">2010-2012, 2014<\/td>\n<td>4,3 litros<\/td>\n<td><\/td>\n<\/tr>\n<tr>\n<td>GMC<\/td>\n<td class=\"hidden-xs\">Savana 1500<\/td>\n<td class=\"hidden-xs\"><\/td>\n<td class=\"hidden-xs\">2010-2014<\/td>\n<td>5,3 litros<\/td>\n<td><\/td>\n<\/tr>\n<tr>\n<td>GMC<\/td>\n<td class=\"hidden-xs\">Sierra 1500<\/td>\n<td class=\"hidden-xs\"><\/td>\n<td class=\"hidden-xs\">2014-2019<\/td>\n<td><\/td>\n<td>\n<ul>\n<li>1\/2 tono<\/li>\n<\/ul>\n<\/td>\n<\/tr>\n<tr>\n<td>GMC<\/td>\n<td class=\"hidden-xs\">Sierra 1500<\/td>\n<td class=\"hidden-xs\"><\/td>\n<td class=\"hidden-xs\">2007-2013<\/td>\n<td><\/td>\n<td>con freno de tambor trasero<\/td>\n<\/tr>\n<tr>\n<td>GMC<\/td>\n<td class=\"hidden-xs\">Sierra 1500<\/td>\n<td class=\"hidden-xs\"><\/td>\n<td class=\"hidden-xs\">2007-2013<\/td>\n<td><\/td>\n<td>con freno de disco trasero<\/td>\n<\/tr>\n<tr>\n<td>GMC<\/td>\n<td class=\"hidden-xs\">Sierra 1500<\/td>\n<td class=\"hidden-xs\"><\/td>\n<td class=\"hidden-xs\">2005-2006<\/td>\n<td><\/td>\n<td>con freno de tambor trasero<\/td>\n<\/tr>\n<tr>\n<td>GMC<\/td>\n<td class=\"hidden-xs\">Yukon<\/td>\n<td class=\"hidden-xs\"><\/td>\n<td class=\"hidden-xs\">2007-2019<\/td>\n<td><\/td>\n<td><\/td>\n<\/tr>\n<tr>\n<td>GMC<\/td>\n<td class=\"hidden-xs\">Yukon<\/td>\n<td class=\"hidden-xs\">H\u00edbrido<\/td>\n<td class=\"hidden-xs\">2008-2013<\/td>\n<td>6,0 litros<\/td>\n<td><\/td>\n<\/tr>\n<tr>\n<td>GMC<\/td>\n<td class=\"hidden-xs\">Yukon XL 1500<\/td>\n<td class=\"hidden-xs\"><\/td>\n<td class=\"hidden-xs\">2007-2014<\/td>\n<td><\/td>\n<\/tr>\n<\/tbody>\n<\/table>\n<p>&nbsp;<\/p>\n<p><strong>Volumen de suministro: <\/strong><\/p>\n<p>- 2 discos de freno EBC Turbo Groove (GD7372) para el eje delantero<\/p>\n<p>&nbsp;<\/p>","protected":false},"excerpt":{"rendered":"<p>Discos de freno EBC Turbo Groove para Cadillac Escalde, Chevrolet Avalanche, Silverado, Suburban, Tahoe, GMC Savana, Sierra y Yukon (eje delantero) El<\/p>","protected":false},"featured_media":68274041,"comment_status":"open","ping_status":"closed","template":"","meta":{"_acf_changed":false},"product_brand":[16875],"product_cat":[3668,3685,3693,3710,3702],"product_tag":[1205,795,796,278,189,964,2442,16877,16876,16878,692,288,3091,3653,3678,942,2111,941,1201,126,50,36,1216,299,797,298,293,2110,216,842,841,1217,673],"class_list":{"0":"post-68265909","1":"product","2":"type-product","3":"status-publish","4":"has-post-thumbnail","6":"product_brand-ebc-brakes","7":"product_cat-escalade-bremsen-vorne","8":"product_cat-avalanche-bremsen-vorne","9":"product_cat-silverado-bremsen-vorne","10":"product_cat-suburban-bremsen-vorne","11":"product_cat-tahoe-bremsen-vorne","12":"product_tag-avalanche","13":"product_tag-bremse","14":"product_tag-bremsscheibe","15":"product_tag-cadillac","16":"product_tag-chevrolet","17":"product_tag-ebc","18":"product_tag-ebc-brakes","19":"product_tag-ebc-bremsbelaege","20":"product_tag-ebc-bremsen","21":"product_tag-ebc-bremsscheiben","22":"product_tag-ersatzteil","23":"product_tag-escalade","24":"product_tag-esv","25":"product_tag-express","26":"product_tag-gd7372","27":"product_tag-gelocht","28":"product_tag-genutet","29":"product_tag-geschlitzt","30":"product_tag-gmc","31":"product_tag-hemi","32":"product_tag-jeep","33":"product_tag-kraftwerk","34":"product_tag-sierra","35":"product_tag-silverado","36":"product_tag-sportbremsscheibe","37":"product_tag-suburban","38":"product_tag-tahoe","39":"product_tag-turbo-groove","40":"product_tag-upgrade","41":"product_tag-vorderachse","42":"product_tag-vorne","43":"product_tag-yukon","44":"product_tag-zubehoer","46":"first","47":"onbackorder","48":"taxable","49":"shipping-taxable","50":"purchasable","51":"product-type-simple"},"bundled_by":[],"bundle_stock_status":"onbackorder","bundle_stock_quantity":0,"bundle_virtual":false,"bundle_layout":"","bundle_add_to_cart_form_location":"","bundle_editable_in_cart":false,"bundle_sold_individually_context":"","bundle_item_grouping":"","bundle_min_size":"","bundle_max_size":"","bundle_price":[],"bundled_items":[],"bundle_sell_ids":[],"exclude_global_add_ons":[],"addons":[],"acf":[],"_links":{"self":[{"href":"https:\/\/kraftwerk-shop.cc\/es\/wp-json\/wp\/v2\/product\/68265909","targetHints":{"allow":["GET"]}}],"collection":[{"href":"https:\/\/kraftwerk-shop.cc\/es\/wp-json\/wp\/v2\/product"}],"about":[{"href":"https:\/\/kraftwerk-shop.cc\/es\/wp-json\/wp\/v2\/types\/product"}],"replies":[{"embeddable":true,"href":"https:\/\/kraftwerk-shop.cc\/es\/wp-json\/wp\/v2\/comments?post=68265909"}],"version-history":[{"count":0,"href":"https:\/\/kraftwerk-shop.cc\/es\/wp-json\/wp\/v2\/product\/68265909\/revisions"}],"wp:featuredmedia":[{"embeddable":true,"href":"https:\/\/kraftwerk-shop.cc\/es\/wp-json\/wp\/v2\/media\/68274041"}],"wp:attachment":[{"href":"https:\/\/kraftwerk-shop.cc\/es\/wp-json\/wp\/v2\/media?parent=68265909"}],"wp:term":[{"taxonomy":"product_brand","embeddable":true,"href":"https:\/\/kraftwerk-shop.cc\/es\/wp-json\/wp\/v2\/product_brand?post=68265909"},{"taxonomy":"product_cat","embeddable":true,"href":"https:\/\/kraftwerk-shop.cc\/es\/wp-json\/wp\/v2\/product_cat?post=68265909"},{"taxonomy":"product_tag","embeddable":true,"href":"https:\/\/kraftwerk-shop.cc\/es\/wp-json\/wp\/v2\/product_tag?post=68265909"}],"curies":[{"name":"wp","href":"https:\/\/api.w.org\/{rel}","templated":true}]}}