{"id":68266270,"date":"2022-04-24T15:51:26","date_gmt":"2022-04-24T13:51:26","guid":{"rendered":"https:\/\/kraftwerk-shop.cc\/?post_type=product&#038;p=68266270"},"modified":"2026-02-15T00:43:48","modified_gmt":"2026-02-14T23:43:48","slug":"discos-de-freno-grand-cherokee-trackhawk-durango-hellcat-68305562ab","status":"publish","type":"product","link":"https:\/\/kraftwerk-shop.cc\/es\/produkt\/girodisc-bremsscheiben-grand-cherokee-trackhawk-durango-hellcat-68305562ab\/","title":{"rendered":"Discos de freno GiroDisc Grand Cherokee Trackhawk &amp; Durango Hellcat"},"content":{"rendered":"<h1>Discos de freno de alto rendimiento GiroDisc 400 mm para Jeep Grand Cherokee 6.2 Trackhawk y Dodge Durango 6.2 Hellcat<\/h1>\n<p>&nbsp;<\/p>\n<p>Los discos de freno GiroDisc \"Demon Performance\" de 400 mm son un recambio directo para los discos de freno delanteros originales de Jeep Grand Cherokee Trackhawk y Durango Hellcat.<br \/>\nNo es necesario ning\u00fan cambio.<br \/>\nLos discos de freno delanteros pesan cada uno unos 3 kg menos que los originales.<br \/>\nEsta reducci\u00f3n del peso rotativo y no suspendido en unos 2 kg por rueda permite una aceleraci\u00f3n m\u00e1s r\u00e1pida y una mejor respuesta del chasis.<\/p>\n<p>La secci\u00f3n central del disco de freno est\u00e1 fabricada en aluminio aeron\u00e1utico 6061-T6, procedente exclusivamente de EE.UU.<br \/>\nEl disco est\u00e1 hecho de hierro fundido, fundido en los EE.UU. y mecanizado de principio a fin espec\u00edficamente para GiroDisc.<br \/>\nLos discos de freno tienen un dise\u00f1o de ala curva que se desarroll\u00f3 en competici\u00f3n y act\u00faa como una bomba centr\u00edfuga para impulsar el aire de refrigeraci\u00f3n a trav\u00e9s de los discos.<\/p>\n<p>Los anillos de fricci\u00f3n y la cazoleta est\u00e1n montados sobre cojinetes flotantes utilizando 12 pernos roscados de alta resistencia que han sido cadmiados para ofrecer una resistencia duradera a la corrosi\u00f3n. Estos pernos soportan la carga de las operaciones de frenado al tiempo que mantienen la holgura axial y radial entre la copa y el anillo de fricci\u00f3n.<br \/>\nLos tornillos se fijan con pernos de grado 12 y arandelas endurecidas. Para evitar que los discos de freno hagan ruido cuando est\u00e1n fr\u00edos, est\u00e1n equipados con arandelas el\u00e1sticas amortiguadoras del ruido en el lado del rotor, que permiten que el disco de freno se expanda cuando se calienta, pero evitan el traqueteo y el ruido asociados a los discos de freno flotantes. Este cojinete flotante tambi\u00e9n permite que el disco de freno se centre entre las pastillas.<\/p>\n<p>Si es necesario sustituir los discos de freno GiroDisc debido al desgaste, no es necesario cambiarlos por completo.<br \/>\nBasta con sustituir el anillo de fricci\u00f3n, que puede adquirirse por separado. Esto reduce el coste del desgaste de los frenos a largo plazo.<\/p>\n<p>&nbsp;<\/p>\n<p>Referencia Mopar a efectos comparativos: 68305562AB<br \/>\nN\u00famero de pieza antiguo 68305562AA<\/p>\n<p>Di\u00e1metro 400 mm.<\/p>\n<p>&nbsp;<\/p>\n<p><strong>Adecuado para:<\/strong><\/p>\n<table width=\"403\">\n<tbody>\n<tr>\n<td width=\"67\">Dodge<\/td>\n<td width=\"116\">Durango<\/td>\n<td width=\"123\">6.2 Hellcat<\/td>\n<td width=\"97\">2021-2026<\/td>\n<\/tr>\n<tr>\n<td width=\"67\">Jeep<\/td>\n<td width=\"116\">Grand Cherokee<\/td>\n<td width=\"123\">6,2 Trackhawk<\/td>\n<td width=\"97\">2018-2021<\/td>\n<\/tr>\n<\/tbody>\n<\/table>\n<p>&nbsp;<\/p>\n<p>El precio se refiere a un juego compuesto por 2 discos (izquierdo y derecho) para el eje delantero.<\/p>","protected":false},"excerpt":{"rendered":"<p>Discos de freno de 2 piezas (1 par)<\/p>","protected":false},"featured_media":68266274,"comment_status":"open","ping_status":"closed","template":"","meta":{"_acf_changed":false},"product_brand":[],"product_cat":[17930,17963],"product_tag":[2330,2758,2759,2757,2756,795,796,10807,152,3743,3739,49,95,692,3738,3740,3741,3742,56,50,4425,4427,4426,36,31,34,2425,186,797,96,842,841,673],"class_list":{"0":"post-68266270","1":"product","2":"type-product","3":"status-publish","4":"has-post-thumbnail","6":"product_cat-durango-hellcat-bremsscheiben-vorne","7":"product_cat-trackhawk-bremsscheiben-vorne","8":"product_tag-2-teilig","9":"product_tag-400-mm","10":"product_tag-400mm","11":"product_tag-68305562aa","12":"product_tag-68305562ab","13":"product_tag-bremse","14":"product_tag-bremsscheibe","15":"product_tag-bremsscheiben-fuer-jeep-trackhawk","16":"product_tag-demon","17":"product_tag-demon-performance","18":"product_tag-disc","19":"product_tag-dodge","20":"product_tag-durango","21":"product_tag-ersatzteil","22":"product_tag-giro","23":"product_tag-giro-disc","24":"product_tag-girodisc","25":"product_tag-girodisc-brakes","26":"product_tag-grand-cherokee","27":"product_tag-jeep","28":"product_tag-jeep-grand-cherokee","29":"product_tag-jeep-grand-cherokee-trackhawk","30":"product_tag-jeep-trackhawk","31":"product_tag-kraftwerk","32":"product_tag-mopar","33":"product_tag-original","34":"product_tag-originalteil","35":"product_tag-performance","36":"product_tag-sportbremsscheibe","37":"product_tag-srt","38":"product_tag-vorderachse","39":"product_tag-vorne","40":"product_tag-zubehoer","42":"first","43":"onbackorder","44":"taxable","45":"shipping-taxable","46":"purchasable","47":"product-type-simple"},"bundled_by":[],"bundle_stock_status":"onbackorder","bundle_stock_quantity":0,"bundle_virtual":false,"bundle_layout":"","bundle_add_to_cart_form_location":"","bundle_editable_in_cart":false,"bundle_sold_individually_context":"","bundle_item_grouping":"","bundle_min_size":"","bundle_max_size":"","bundle_price":[],"bundled_items":[],"bundle_sell_ids":[],"exclude_global_add_ons":[],"addons":[],"acf":[],"_links":{"self":[{"href":"https:\/\/kraftwerk-shop.cc\/es\/wp-json\/wp\/v2\/product\/68266270","targetHints":{"allow":["GET"]}}],"collection":[{"href":"https:\/\/kraftwerk-shop.cc\/es\/wp-json\/wp\/v2\/product"}],"about":[{"href":"https:\/\/kraftwerk-shop.cc\/es\/wp-json\/wp\/v2\/types\/product"}],"replies":[{"embeddable":true,"href":"https:\/\/kraftwerk-shop.cc\/es\/wp-json\/wp\/v2\/comments?post=68266270"}],"version-history":[{"count":0,"href":"https:\/\/kraftwerk-shop.cc\/es\/wp-json\/wp\/v2\/product\/68266270\/revisions"}],"wp:featuredmedia":[{"embeddable":true,"href":"https:\/\/kraftwerk-shop.cc\/es\/wp-json\/wp\/v2\/media\/68266274"}],"wp:attachment":[{"href":"https:\/\/kraftwerk-shop.cc\/es\/wp-json\/wp\/v2\/media?parent=68266270"}],"wp:term":[{"taxonomy":"product_brand","embeddable":true,"href":"https:\/\/kraftwerk-shop.cc\/es\/wp-json\/wp\/v2\/product_brand?post=68266270"},{"taxonomy":"product_cat","embeddable":true,"href":"https:\/\/kraftwerk-shop.cc\/es\/wp-json\/wp\/v2\/product_cat?post=68266270"},{"taxonomy":"product_tag","embeddable":true,"href":"https:\/\/kraftwerk-shop.cc\/es\/wp-json\/wp\/v2\/product_tag?post=68266270"}],"curies":[{"name":"wp","href":"https:\/\/api.w.org\/{rel}","templated":true}]}}